{"id":6793,"date":"2025-05-19T08:51:25","date_gmt":"2025-05-19T08:51:25","guid":{"rendered":"https:\/\/stem-eshop.gr\/product\/ngs-%ce%bc%ce%bf%ce%bd%cf%84%ce%ad%ce%bb%ce%bf-%ce%b1%ce%bd%ce%b8%cf%81%cf%8e%cf%80%ce%b9%ce%bd%cf%89%ce%bd-%ce%bf%cf%81%ce%b3%ce%ac%ce%bd%cf%89%ce%bd\/"},"modified":"2025-05-22T07:41:05","modified_gmt":"2025-05-22T07:41:05","slug":"ngs-%ce%bc%ce%bf%ce%bd%cf%84%ce%ad%ce%bb%ce%bf-%ce%b1%ce%bd%ce%b8%cf%81%cf%8e%cf%80%ce%b9%ce%bd%cf%89%ce%bd-%ce%bf%cf%81%ce%b3%ce%ac%ce%bd%cf%89%ce%bd","status":"publish","type":"product","link":"https:\/\/stem-eshop.gr\/tr\/urun\/ngs-%ce%bc%ce%bf%ce%bd%cf%84%ce%ad%ce%bb%ce%bf-%ce%b1%ce%bd%ce%b8%cf%81%cf%8e%cf%80%ce%b9%ce%bd%cf%89%ce%bd-%ce%bf%cf%81%ce%b3%ce%ac%ce%bd%cf%89%ce%bd\/","title":{"rendered":"NGS insan organ modeli"},"content":{"rendered":"<p>\u00d6\u011frenmeyi oyunla birle\u015ftirir, mant\u0131ksal d\u00fc\u015f\u00fcnme becerilerini ve fiziksel sa\u011fl\u0131k hakk\u0131ndaki bilgilerini geli\u015ftirmelerine yard\u0131mc\u0131 olur.<\/p>","protected":false},"excerpt":{"rendered":"<p>NGS \u0130nsan Organ Modeli, \u00e7ocuklar\u0131n insan v\u00fccudunun temel anatomisini ve hayati organlar\u0131n i\u015flevini \u00f6\u011frenmelerine yard\u0131mc\u0131 olan etkile\u015fimli bir yap\u0131d\u0131r.<\/p>\n<p>Plastikten yap\u0131lm\u0131\u015f olup v\u00fccudun \u00e7e\u015fitli organlar\u0131n\u0131 temsil eden \u00e7\u0131kar\u0131labilir par\u00e7alardan olu\u015fuyor.<\/p>","protected":false},"featured_media":4756,"comment_status":"open","ping_status":"closed","template":"","meta":{"site-sidebar-layout":"default","site-content-layout":"","ast-site-content-layout":"default","site-content-style":"default","site-sidebar-style":"default","ast-global-header-display":"","ast-banner-title-visibility":"","ast-main-header-display":"","ast-hfb-above-header-display":"","ast-hfb-below-header-display":"","ast-hfb-mobile-header-display":"","site-post-title":"","ast-breadcrumbs-content":"","ast-featured-img":"","footer-sml-layout":"","ast-disable-related-posts":"","theme-transparent-header-meta":"","adv-header-id-meta":"","stick-header-meta":"","header-above-stick-meta":"","header-main-stick-meta":"","header-below-stick-meta":"","astra-migrate-meta-layouts":"default","ast-page-background-enabled":"default","ast-page-background-meta":{"desktop":{"background-color":"var(--ast-global-color-5)","background-image":"","background-repeat":"repeat","background-position":"center center","background-size":"auto","background-attachment":"scroll","background-type":"","background-media":"","overlay-type":"","overlay-color":"","overlay-opacity":"","overlay-gradient":""},"tablet":{"background-color":"","background-image":"","background-repeat":"repeat","background-position":"center center","background-size":"auto","background-attachment":"scroll","background-type":"","background-media":"","overlay-type":"","overlay-color":"","overlay-opacity":"","overlay-gradient":""},"mobile":{"background-color":"","background-image":"","background-repeat":"repeat","background-position":"center center","background-size":"auto","background-attachment":"scroll","background-type":"","background-media":"","overlay-type":"","overlay-color":"","overlay-opacity":"","overlay-gradient":""}},"ast-content-background-meta":{"desktop":{"background-color":"var(--ast-global-color-4)","background-image":"","background-repeat":"repeat","background-position":"center center","background-size":"auto","background-attachment":"scroll","background-type":"","background-media":"","overlay-type":"","overlay-color":"","overlay-opacity":"","overlay-gradient":""},"tablet":{"background-color":"var(--ast-global-color-4)","background-image":"","background-repeat":"repeat","background-position":"center center","background-size":"auto","background-attachment":"scroll","background-type":"","background-media":"","overlay-type":"","overlay-color":"","overlay-opacity":"","overlay-gradient":""},"mobile":{"background-color":"var(--ast-global-color-4)","background-image":"","background-repeat":"repeat","background-position":"center center","background-size":"auto","background-attachment":"scroll","background-type":"","background-media":"","overlay-type":"","overlay-color":"","overlay-opacity":"","overlay-gradient":""}}},"product_brand":[107],"product_cat":[126,53,39,38,29,56,30],"product_tag":[],"class_list":{"0":"post-6793","1":"product","2":"type-product","3":"status-publish","4":"has-post-thumbnail","6":"product_brand-ngs","7":"product_cat-126","8":"product_cat-53","9":"product_cat-39","10":"product_cat-38","11":"product_cat-29","12":"product_cat-56","13":"product_cat--6-9-","14":"desktop-align-left","15":"tablet-align-left","16":"mobile-align-left","18":"first","19":"instock","20":"taxable","21":"shipping-taxable","22":"purchasable","23":"product-type-simple"},"_links":{"self":[{"href":"https:\/\/stem-eshop.gr\/tr\/wp-json\/wp\/v2\/product\/6793","targetHints":{"allow":["GET"]}}],"collection":[{"href":"https:\/\/stem-eshop.gr\/tr\/wp-json\/wp\/v2\/product"}],"about":[{"href":"https:\/\/stem-eshop.gr\/tr\/wp-json\/wp\/v2\/types\/product"}],"replies":[{"embeddable":true,"href":"https:\/\/stem-eshop.gr\/tr\/wp-json\/wp\/v2\/comments?post=6793"}],"wp:featuredmedia":[{"embeddable":true,"href":"https:\/\/stem-eshop.gr\/tr\/wp-json\/wp\/v2\/media\/4756"}],"wp:attachment":[{"href":"https:\/\/stem-eshop.gr\/tr\/wp-json\/wp\/v2\/media?parent=6793"}],"wp:term":[{"taxonomy":"product_brand","embeddable":true,"href":"https:\/\/stem-eshop.gr\/tr\/wp-json\/wp\/v2\/product_brand?post=6793"},{"taxonomy":"product_cat","embeddable":true,"href":"https:\/\/stem-eshop.gr\/tr\/wp-json\/wp\/v2\/product_cat?post=6793"},{"taxonomy":"product_tag","embeddable":true,"href":"https:\/\/stem-eshop.gr\/tr\/wp-json\/wp\/v2\/product_tag?post=6793"}],"curies":[{"name":"wp","href":"https:\/\/api.w.org\/{rel}","templated":true}]}}