{"id":6776,"date":"2025-05-19T08:50:44","date_gmt":"2025-05-19T08:50:44","guid":{"rendered":"https:\/\/stem-eshop.gr\/product\/50-50-games-%ce%b8%ce%b7%cf%83%ce%b5%ce%b1%cf%83-%ce%bc%ce%b9%ce%bd%cf%89%cf%84%ce%b1%cf%85%cf%81%ce%bf%cf%83-%ce%bf-%ce%bc%cf%85%ce%b8%ce%bf%cf%83-%cf%84%ce%bf%cf%85-%ce%bb%ce%b1%ce%b2\/"},"modified":"2025-10-23T12:50:58","modified_gmt":"2025-10-23T09:50:58","slug":"50-50-games-%ce%b8%ce%b7%cf%83%ce%b5%ce%b1%cf%83-%ce%bc%ce%b9%ce%bd%cf%89%cf%84%ce%b1%cf%85%cf%81%ce%bf%cf%83-%ce%bf-%ce%bc%cf%85%ce%b8%ce%bf%cf%83-%cf%84%ce%bf%cf%85-%ce%bb%ce%b1%ce%b2","status":"publish","type":"product","link":"https:\/\/stem-eshop.gr\/tr\/urun\/50-50-games-%ce%b8%ce%b7%cf%83%ce%b5%ce%b1%cf%83-%ce%bc%ce%b9%ce%bd%cf%89%cf%84%ce%b1%cf%85%cf%81%ce%bf%cf%83-%ce%bf-%ce%bc%cf%85%ce%b8%ce%bf%cf%83-%cf%84%ce%bf%cf%85-%ce%bb%ce%b1%ce%b2\/","title":{"rendered":"50\/50 Games: THESEUS &amp; THE MINOTAURO \u2013 LAB\u0130RENT M\u0130TES\u0130 MASA OYUNU"},"content":{"rendered":"<p style=\"margin: 0px 0px 10px;padding: 0px;font-family: 'Open Sans', sans-serif;font-size: 15px;line-height: 1.3;letter-spacing: 0.7px;background-color: #ffffff\">Bir ba\u015far\u0131ya ula\u015ft\u0131\u011f\u0131n\u0131zda, sembol\u00fcn\u00fcz\u00fc yerle\u015ftirerek tamamlamak i\u00e7in bir soru kart\u0131n\u0131 do\u011fru cevaplaman\u0131z gerekecek. Ancak se\u00e7ti\u011finiz yol zorlu olacak! K\u00f6t\u00fc adamlarla, insans\u0131 varl\u0131klarla ve t\u00fcrl\u00fc tehlikeyle kar\u015f\u0131la\u015facaks\u0131n\u0131z! M\u00fcmk\u00fcn oldu\u011funca \u00e7ok ba\u015far\u0131ya ula\u015f\u0131n ve kahraman Theseus&#039;un de\u011ferli bir yolda\u015f\u0131 olun!<\/p>\n<p style=\"margin: 0px 0px 10px;padding: 0px;font-family: 'Open Sans', sans-serif;font-size: 15px;line-height: 1.3;letter-spacing: 0.7px;background-color: #ffffff\">\u0130\u00e7indekiler:<\/p>\n<p style=\"margin: 0px 0px 10px;padding: 0px;font-family: 'Open Sans', sans-serif;font-size: 15px;line-height: 1.3;letter-spacing: 0.7px;background-color: #ffffff\">1 g\u00f6sterge paneli<\/p>\n<p style=\"margin: 0px 0px 10px;padding: 0px;font-family: 'Open Sans', sans-serif;font-size: 15px;line-height: 1.3;letter-spacing: 0.7px;background-color: #ffffff\">1 zar + talimat sayfas\u0131<\/p>\n<p style=\"margin: 0px 0px 10px;padding: 0px;font-family: 'Open Sans', sans-serif;font-size: 15px;line-height: 1.3;letter-spacing: 0.7px;background-color: #ffffff\">40 soru kart\u0131<\/p>\n<p style=\"margin: 0px 0px 10px;padding: 0px;font-family: 'Open Sans', sans-serif;font-size: 15px;line-height: 1.3;letter-spacing: 0.7px;background-color: #ffffff\">20 g\u00f6rev kart\u0131<\/p>\n<p style=\"margin: 0px 0px 10px;padding: 0px;font-family: 'Open Sans', sans-serif;font-size: 15px;line-height: 1.3;letter-spacing: 0.7px;background-color: #ffffff\">48 &quot;ba\u015far\u0131 sembol\u00fc&quot;<\/p>\n<p style=\"margin: 0px 0px 10px;padding: 0px;font-family: 'Open Sans', sans-serif;font-size: 15px;line-height: 1.3;letter-spacing: 0.7px;background-color: #ffffff\">4 piyon ve tabanlar\u0131<\/p>","protected":false},"excerpt":{"rendered":"<p><span style=\"font-family: 'Open Sans', sans-serif;font-size: 15px;letter-spacing: 0.7px;background-color: #ffffff\">Attika&#039;n\u0131n b\u00fcy\u00fck kahraman\u0131 Theseus, sizi efsaneler ve tarihsel ger\u00e7eklik aras\u0131nda kendisiyle birlikte dola\u015fmaya davet ediyor. Maceralar\u0131nda ona e\u015flik edin. Atina yolunda haydutlar\u0131 \u00f6ld\u00fcr\u00fcn, Atinal\u0131lar\u0131 korkun\u00e7 Minotaur&#039;dan kurtar\u0131n ve macera ve bilgi dolu b\u00fcy\u00fcl\u00fc bir oyunda sava\u015f\u00e7\u0131 Amazonlarla y\u00fczle\u015fin!<\/span><\/p>","protected":false},"featured_media":4694,"comment_status":"open","ping_status":"closed","template":"","meta":{"site-sidebar-layout":"default","site-content-layout":"","ast-site-content-layout":"default","site-content-style":"default","site-sidebar-style":"default","ast-global-header-display":"","ast-banner-title-visibility":"","ast-main-header-display":"","ast-hfb-above-header-display":"","ast-hfb-below-header-display":"","ast-hfb-mobile-header-display":"","site-post-title":"","ast-breadcrumbs-content":"","ast-featured-img":"","footer-sml-layout":"","ast-disable-related-posts":"","theme-transparent-header-meta":"default","adv-header-id-meta":"","stick-header-meta":"","header-above-stick-meta":"","header-main-stick-meta":"","header-below-stick-meta":"","astra-migrate-meta-layouts":"set","ast-page-background-enabled":"default","ast-page-background-meta":{"desktop":{"background-color":"var(--ast-global-color-5)","background-image":"","background-repeat":"repeat","background-position":"center center","background-size":"auto","background-attachment":"scroll","background-type":"","background-media":"","overlay-type":"","overlay-color":"","overlay-opacity":"","overlay-gradient":""},"tablet":{"background-color":"","background-image":"","background-repeat":"repeat","background-position":"center center","background-size":"auto","background-attachment":"scroll","background-type":"","background-media":"","overlay-type":"","overlay-color":"","overlay-opacity":"","overlay-gradient":""},"mobile":{"background-color":"","background-image":"","background-repeat":"repeat","background-position":"center center","background-size":"auto","background-attachment":"scroll","background-type":"","background-media":"","overlay-type":"","overlay-color":"","overlay-opacity":"","overlay-gradient":""}},"ast-content-background-meta":{"desktop":{"background-color":"var(--ast-global-color-4)","background-image":"","background-repeat":"repeat","background-position":"center center","background-size":"auto","background-attachment":"scroll","background-type":"","background-media":"","overlay-type":"","overlay-color":"","overlay-opacity":"","overlay-gradient":""},"tablet":{"background-color":"var(--ast-global-color-4)","background-image":"","background-repeat":"repeat","background-position":"center center","background-size":"auto","background-attachment":"scroll","background-type":"","background-media":"","overlay-type":"","overlay-color":"","overlay-opacity":"","overlay-gradient":""},"mobile":{"background-color":"var(--ast-global-color-4)","background-image":"","background-repeat":"repeat","background-position":"center center","background-size":"auto","background-attachment":"scroll","background-type":"","background-media":"","overlay-type":"","overlay-color":"","overlay-opacity":"","overlay-gradient":""}}},"product_brand":[97],"product_cat":[43,49,38,56,47,35,40,30],"product_tag":[],"class_list":{"0":"post-6776","1":"product","2":"type-product","3":"status-publish","4":"has-post-thumbnail","6":"product_brand-97","7":"product_cat-43","8":"product_cat-49","9":"product_cat-38","10":"product_cat-56","11":"product_cat-47","12":"product_cat--10-12-","13":"product_cat--12-","14":"product_cat--6-9-","15":"desktop-align-left","16":"tablet-align-left","17":"mobile-align-left","19":"first","20":"instock","21":"taxable","22":"shipping-taxable","23":"purchasable","24":"product-type-simple"},"_links":{"self":[{"href":"https:\/\/stem-eshop.gr\/tr\/wp-json\/wp\/v2\/product\/6776","targetHints":{"allow":["GET"]}}],"collection":[{"href":"https:\/\/stem-eshop.gr\/tr\/wp-json\/wp\/v2\/product"}],"about":[{"href":"https:\/\/stem-eshop.gr\/tr\/wp-json\/wp\/v2\/types\/product"}],"replies":[{"embeddable":true,"href":"https:\/\/stem-eshop.gr\/tr\/wp-json\/wp\/v2\/comments?post=6776"}],"wp:featuredmedia":[{"embeddable":true,"href":"https:\/\/stem-eshop.gr\/tr\/wp-json\/wp\/v2\/media\/4694"}],"wp:attachment":[{"href":"https:\/\/stem-eshop.gr\/tr\/wp-json\/wp\/v2\/media?parent=6776"}],"wp:term":[{"taxonomy":"product_brand","embeddable":true,"href":"https:\/\/stem-eshop.gr\/tr\/wp-json\/wp\/v2\/product_brand?post=6776"},{"taxonomy":"product_cat","embeddable":true,"href":"https:\/\/stem-eshop.gr\/tr\/wp-json\/wp\/v2\/product_cat?post=6776"},{"taxonomy":"product_tag","embeddable":true,"href":"https:\/\/stem-eshop.gr\/tr\/wp-json\/wp\/v2\/product_tag?post=6776"}],"curies":[{"name":"wp","href":"https:\/\/api.w.org\/{rel}","templated":true}]}}