{"id":6769,"date":"2025-05-19T08:35:46","date_gmt":"2025-05-19T08:35:46","guid":{"rendered":"https:\/\/stem-eshop.gr\/product\/%cf%80%cf%89%cf%82-%ce%bb%ce%b5%ce%b9%cf%84%ce%bf%cf%85%cf%81%ce%b3%ce%b5%ce%af-%ce%b7-%ce%b1%ce%b4%cf%81%ce%ac%ce%bd%ce%b5%ce%b9%ce%b1\/"},"modified":"2026-02-24T14:12:37","modified_gmt":"2026-02-24T11:12:37","slug":"%cf%80%cf%89%cf%82-%ce%bb%ce%b5%ce%b9%cf%84%ce%bf%cf%85%cf%81%ce%b3%ce%b5%ce%af-%ce%b7-%ce%b1%ce%b4%cf%81%ce%ac%ce%bd%ce%b5%ce%b9%ce%b1","status":"publish","type":"product","link":"https:\/\/stem-eshop.gr\/tr\/urun\/%cf%80%cf%89%cf%82-%ce%bb%ce%b5%ce%b9%cf%84%ce%bf%cf%85%cf%81%ce%b3%ce%b5%ce%af-%ce%b7-%ce%b1%ce%b4%cf%81%ce%ac%ce%bd%ce%b5%ce%b9%ce%b1\/","title":{"rendered":"Eylemsizlik nas\u0131l \u00e7al\u0131\u015f\u0131r?"},"content":{"rendered":"<p>\u00c7ocuklar deneylerini tamamlad\u0131klar\u0131nda \u015fapkalar\u0131n\u0131 \u00e7\u0131kar\u0131p renkli kalemlerini al\u0131p kendi \u00e7\u0131t\u00e7\u0131tl\u0131 k\u0131l\u0131flar\u0131n\u0131 s\u00fcsleyebilirler.<\/p>\n<p>Ayr\u0131ca gen\u00e7 \u00f6\u011frencilere, i\u00e7inde \u015fu bilgilerin yer ald\u0131\u011f\u0131 renkli bir kitap\u00e7\u0131k verilecektir:<\/p>\n<p>Newton yasalar\u0131n\u0131n ve bunlar\u0131n ard\u0131ndaki teorinin k\u0131sa bir tarihi<\/p>\n<p>Kendi \u00e7arp\u0131\u015fma testi d\u00fczenekleriyle e\u011flenceli STEM deneyleri<\/p>\n<p>Temel STEM kavramlar\u0131na ili\u015fkin bilgilerini test etmek i\u00e7in bir s\u0131nav<\/p>\n<p>Kolay yap\u0131m talimatlar\u0131<\/p>\n<p>Tasar\u0131m becerilerini geli\u015ftirmek i\u00e7in yazd\u0131r\u0131labilir g\u00f6r\u00fcn\u00fcmler<\/p>\n<p>\u0130lhama m\u0131 ihtiyac\u0131n\u0131z var? Bilgisayar\u0131n\u0131zda etkile\u015fimli 3B uygulamam\u0131z\u0131 kullan\u0131n ve sanal ger\u00e7eklikte in\u015fa edin!<\/p>\n<p>Engino&#039;nun STEAM e\u011fitim oyuncaklar\u0131, gen\u00e7 \u00f6\u011frencileri ya\u015fam boyu s\u00fcrecek bilimsel ke\u015fiflere haz\u0131rlamak i\u00e7in tasarlanm\u0131\u015f eksiksiz STEAM \u00f6\u011frenme ara\u00e7lar\u0131d\u0131r.<\/p>","protected":false},"excerpt":{"rendered":"<p>\u00c7ocuklar ataletin nas\u0131l \u00e7al\u0131\u015ft\u0131\u011f\u0131n\u0131 ve g\u00fcnl\u00fck hayat\u0131m\u0131z\u0131 nas\u0131l etkiledi\u011fini \u00f6\u011freniyor, 20. y\u00fczy\u0131l\u0131n en \u00f6nemli icatlar\u0131ndan biri olan emniyet kemerinin arkas\u0131ndaki mekanizmay\u0131 ke\u015ffediyorlar.<\/p>","protected":false},"featured_media":6770,"comment_status":"open","ping_status":"closed","template":"","meta":{"site-sidebar-layout":"default","site-content-layout":"","ast-site-content-layout":"default","site-content-style":"default","site-sidebar-style":"default","ast-global-header-display":"","ast-banner-title-visibility":"","ast-main-header-display":"","ast-hfb-above-header-display":"","ast-hfb-below-header-display":"","ast-hfb-mobile-header-display":"","site-post-title":"","ast-breadcrumbs-content":"","ast-featured-img":"","footer-sml-layout":"","ast-disable-related-posts":"","theme-transparent-header-meta":"default","adv-header-id-meta":"","stick-header-meta":"","header-above-stick-meta":"","header-main-stick-meta":"","header-below-stick-meta":"","astra-migrate-meta-layouts":"set","ast-page-background-enabled":"default","ast-page-background-meta":{"desktop":{"background-color":"var(--ast-global-color-5)","background-image":"","background-repeat":"repeat","background-position":"center center","background-size":"auto","background-attachment":"scroll","background-type":"","background-media":"","overlay-type":"","overlay-color":"","overlay-opacity":"","overlay-gradient":""},"tablet":{"background-color":"","background-image":"","background-repeat":"repeat","background-position":"center center","background-size":"auto","background-attachment":"scroll","background-type":"","background-media":"","overlay-type":"","overlay-color":"","overlay-opacity":"","overlay-gradient":""},"mobile":{"background-color":"","background-image":"","background-repeat":"repeat","background-position":"center center","background-size":"auto","background-attachment":"scroll","background-type":"","background-media":"","overlay-type":"","overlay-color":"","overlay-opacity":"","overlay-gradient":""}},"ast-content-background-meta":{"desktop":{"background-color":"var(--ast-global-color-4)","background-image":"","background-repeat":"repeat","background-position":"center center","background-size":"auto","background-attachment":"scroll","background-type":"","background-media":"","overlay-type":"","overlay-color":"","overlay-opacity":"","overlay-gradient":""},"tablet":{"background-color":"var(--ast-global-color-4)","background-image":"","background-repeat":"repeat","background-position":"center center","background-size":"auto","background-attachment":"scroll","background-type":"","background-media":"","overlay-type":"","overlay-color":"","overlay-opacity":"","overlay-gradient":""},"mobile":{"background-color":"var(--ast-global-color-4)","background-image":"","background-repeat":"repeat","background-position":"center center","background-size":"auto","background-attachment":"scroll","background-type":"","background-media":"","overlay-type":"","overlay-color":"","overlay-opacity":"","overlay-gradient":""}}},"product_brand":[95],"product_cat":[39,52,38,56,37,35,30,59,58],"product_tag":[],"class_list":{"0":"post-6769","1":"product","2":"type-product","3":"status-publish","4":"has-post-thumbnail","6":"product_brand-engino","7":"product_cat-39","8":"product_cat-52","9":"product_cat-38","10":"product_cat-56","11":"product_cat-37","12":"product_cat--10-12-","13":"product_cat--6-9-","14":"product_cat-59","15":"product_cat-58","16":"desktop-align-left","17":"tablet-align-left","18":"mobile-align-left","20":"first","21":"instock","22":"taxable","23":"shipping-taxable","24":"purchasable","25":"product-type-simple"},"_links":{"self":[{"href":"https:\/\/stem-eshop.gr\/tr\/wp-json\/wp\/v2\/product\/6769","targetHints":{"allow":["GET"]}}],"collection":[{"href":"https:\/\/stem-eshop.gr\/tr\/wp-json\/wp\/v2\/product"}],"about":[{"href":"https:\/\/stem-eshop.gr\/tr\/wp-json\/wp\/v2\/types\/product"}],"replies":[{"embeddable":true,"href":"https:\/\/stem-eshop.gr\/tr\/wp-json\/wp\/v2\/comments?post=6769"}],"wp:featuredmedia":[{"embeddable":true,"href":"https:\/\/stem-eshop.gr\/tr\/wp-json\/wp\/v2\/media\/6770"}],"wp:attachment":[{"href":"https:\/\/stem-eshop.gr\/tr\/wp-json\/wp\/v2\/media?parent=6769"}],"wp:term":[{"taxonomy":"product_brand","embeddable":true,"href":"https:\/\/stem-eshop.gr\/tr\/wp-json\/wp\/v2\/product_brand?post=6769"},{"taxonomy":"product_cat","embeddable":true,"href":"https:\/\/stem-eshop.gr\/tr\/wp-json\/wp\/v2\/product_cat?post=6769"},{"taxonomy":"product_tag","embeddable":true,"href":"https:\/\/stem-eshop.gr\/tr\/wp-json\/wp\/v2\/product_tag?post=6769"}],"curies":[{"name":"wp","href":"https:\/\/api.w.org\/{rel}","templated":true}]}}