{"id":6749,"date":"2025-05-19T08:35:07","date_gmt":"2025-05-19T08:35:07","guid":{"rendered":"https:\/\/stem-eshop.gr\/product\/4m-toys-%ce%b5%cf%80%ce%b9%cf%83%cf%84%ce%ae%ce%bc%ce%b7-%ce%bc%ce%b1%ce%b8%ce%b7%ce%bc%ce%b1%cf%84%ce%b9%ce%ba%ce%b7-%ce%bc%ce%b1%ce%b3%ce%b5%ce%b9%ce%b1\/"},"modified":"2025-12-21T15:23:05","modified_gmt":"2025-12-21T12:23:05","slug":"4m-toys-%ce%b5%cf%80%ce%b9%cf%83%cf%84%ce%ae%ce%bc%ce%b7-%ce%bc%ce%b1%ce%b8%ce%b7%ce%bc%ce%b1%cf%84%ce%b9%ce%ba%ce%b7-%ce%bc%ce%b1%ce%b3%ce%b5%ce%b9%ce%b1","status":"publish","type":"product","link":"https:\/\/stem-eshop.gr\/tr\/urun\/4m-toys-%ce%b5%cf%80%ce%b9%cf%83%cf%84%ce%ae%ce%bc%ce%b7-%ce%bc%ce%b1%ce%b8%ce%b7%ce%bc%ce%b1%cf%84%ce%b9%ce%ba%ce%b7-%ce%bc%ce%b1%ce%b3%ce%b5%ce%b9%ce%b1\/","title":{"rendered":"4M Oyuncaklar\u0131 \u2013 Bilim: MATEMAT\u0130KSEL B\u00dcY\u00dc"},"content":{"rendered":"<p style=\"margin:0px 0px 10px;padding:0px;font-family:'Open Sans', sans-serif;font-size:15px;line-height:1.3;letter-spacing:0.7px;background-color:#ffffff\">\u03a0\u0395\u03a1\u0399\u0395\u03a7\u039f\u039c\u0395\u039d\u0391: \u0391\u03c1\u03b9\u03b8\u03bc\u03bf\u03bc\u03b7\u03c7\u03b1\u03bd\u03ae x1, \u0396\u03ac\u03c1\u03b9\u03b1 x2, \u03c3\u03b5\u03c4 \u03ba\u03b1\u03c1\u03c4\u03ce\u03bd \u03b3\u03b9\u03b1 \u0394\u03b9\u03ac\u03b2\u03b1\u03c3\u03bc\u03b1 \u03a3\u03ba\u03ad\u03c8\u03b7\u03c2 (6\u03c4\u03b5\u03bc) x1, \u039a\u03ac\u03c1\u03c4\u03b1 \u03bc\u03b5 \u039c\u03b1\u03b3\u03b9\u03ba\u03ac \u03a4\u03b5\u03c4\u03c1\u03ac\u03b3\u03c9\u03bd\u03b1 x1, \u03a3\u03bf\u03cd\u03c0\u03b5\u03c1 \u039c\u03b1\u03b3\u03b9\u03ba\u03cc \u03a4\u03b5\u03c4\u03c1\u03ac\u03b3\u03c9\u03bd\u03bf x1, \u03c3\u03b5\u03c4 \u03ba\u03b1\u03c1\u03c4\u03ce\u03bd \u03bc\u03b5 \u03b1\u03c1\u03b9\u03b8\u03bc\u03bf\u03cd\u03c2 &#8220;\u0397 \u039f\u03bc\u03bf\u03c1\u03c6\u03b9\u03ac \u03c4\u03c9\u03bd \u039c\u03b1\u03b8\u03b7\u03bc\u03b1\u03c4\u03b9\u03ba\u03ce\u03bd&#8221; (4 \u03c4\u03b5\u03bc) x1, K\u03ac\u03c1\u03c4\u03b5\u03c2 \u039c\u03b1\u03b8\u03b7\u03bc\u03b1\u03c4\u03b9\u03ba\u03ae\u03c2 \u00a0\u039c\u03bd\u03ae\u03bc\u03b7\u03c2 x 40, \u039c\u03b1\u03ba\u03ad\u03c4\u03b5\u03c2 \u03b3\u03b9\u03b1 \u03a0\u03b1\u03b6\u03bb \u03a0\u03bb\u03ad\u03b3\u03bc\u03b1\u03c4\u03bf\u03c2, \u039c\u03b1\u03b3\u03b9\u03ba\u03ac \u03a0\u03b1\u03c4\u03c1\u03cc\u03bd \u03a0\u03b1\u03b6\u03bb \u0391\u03bd\u03b1\u03c0\u03bf\u03b4\u03bf\u03b3\u03c5\u03c1\u03af\u03c3\u03bc\u03b1\u03c4\u03bf\u03c2 x2, \u03a7\u03b1\u03c1\u03c4\u03af \u03b4\u03b9\u03b1\u03c6\u03c5\u03b3\u03ae\u03c2 \u03bc\u03b5 \u03c4\u03c5\u03c0\u03c9\u03bc\u03ad\u03bd\u03b5\u03c2 \u03b3\u03c1\u03b1\u03bc\u03bc\u03ad\u03c2 x 1.<\/p>\n<p style=\"margin:0px 0px 10px;padding:0px;font-family:'Open Sans', sans-serif;font-size:15px;line-height:1.3;letter-spacing:0.7px;background-color:#ffffff\">","protected":false},"excerpt":{"rendered":"<p><span style=\"font-family:'Open Sans', sans-serif;font-size:15px;letter-spacing:0.7px;background-color:#ffffff\">\u039a\u03b1\u03c4\u03ac\u03c0\u03bb\u03b7\u03be\u03b5 \u03c4\u03bf\u03c5\u03c2 \u03c6\u03af\u03bb\u03bf\u03c5\u03c2 \u03c3\u03bf\u03c5 \u03bc\u03b5 \u03c4\u03b1 \u03bc\u03b1\u03b3\u03b9\u03ba\u03ac \u03ba\u03cc\u03bb\u03c0\u03b1 \u03bc\u03b5 \u03b1\u03c1\u03b9\u03b8\u03bc\u03bf\u03cd\u03c2. \u03a0\u03b5\u03c1\u03b9\u03ad\u03c7\u03b5\u03b9 \u03c0\u03ac\u03bd\u03c9 \u03b1\u03c0\u03cc 15 \u03bc\u03b1\u03b8\u03b7\u03bc\u03b1\u03c4\u03b9\u03ba\u03ac \u03ba\u03cc\u03bb\u03c0\u03b1, \u03c0\u03b1\u03b9\u03c7\u03bd\u03af\u03b4\u03b9\u03b1 \u03ba\u03b1\u03b9 \u03c0\u03ac\u03b6\u03bb. \u039c\u03ac\u03b8\u03b5 \u03c0\u03ce\u03c2 \u03bd\u03b1 \u03b4\u03b9\u03b1\u03b2\u03ac\u03b6\u03b5\u03b9\u03c2 \u03c4\u03bf \u03bc\u03c5\u03b1\u03bb\u03cc \u03c4\u03c9\u03bd \u03c6\u03af\u03bb\u03c9\u03bd \u03c3\u03bf\u03c5 \u03ba\u03b1\u03b9 \u03be\u03b5\u03c4\u03c1\u03ad\u03bb\u03b1\u03bd\u03ad \u03c4\u03bf\u03c5\u03c2 \u03bc\u03b5 \u03c4\u03bf\u03c5\u03c2 \u03b3\u03c1\u03ae\u03b3\u03bf\u03c1\u03bf\u03c5\u03c2 \u03bc\u03b1\u03b8\u03b7\u03bc\u03b1\u03c4\u03b9\u03ba\u03bf\u03cd\u03c2 \u03c5\u03c0\u03bf\u03bb\u03bf\u03b3\u03b9\u03c3\u03bc\u03bf\u03cd\u03c2 \u03c3\u03bf\u03c5. \u0394\u03b9\u03ac\u03b2\u03b1\u03c3\u03b5 \u03c4\u03b1 \u03c8\u03c5\u03c7\u03b1\u03b3\u03c9\u03b3\u03b9\u03ba\u03ac \u03c3\u03c4\u03bf\u03b9\u03c7\u03b5\u03af\u03b1 \u03c0\u03bf\u03c5 \u03c0\u03b5\u03c1\u03b9\u03bb\u03b1\u03bc\u03b2\u03ac\u03bd\u03bf\u03bd\u03c4\u03b1\u03b9 \u03c3\u03c4\u03b9\u03c2 \u03bf\u03b4\u03b7\u03b3\u03af\u03b5\u03c2 \u03ba\u03b1\u03b9 \u03bc\u03ac\u03b8\u03b5 \u03b5\u03bd\u03b4\u03b9\u03b1\u03c6\u03ad\u03c1\u03bf\u03c5\u03c3\u03b5\u03c2 \u03bc\u03b1\u03b8\u03b7\u03bc\u03b1\u03c4\u03b9\u03ba\u03ad\u03c2 \u03c0\u03bb\u03b7\u03c1\u03bf\u03c6\u03bf\u03c1\u03af\u03b5\u03c2.<\/span><\/p>","protected":false},"featured_media":6750,"comment_status":"open","ping_status":"closed","template":"","meta":{"site-sidebar-layout":"default","site-content-layout":"","ast-site-content-layout":"default","site-content-style":"default","site-sidebar-style":"default","ast-global-header-display":"","ast-banner-title-visibility":"","ast-main-header-display":"","ast-hfb-above-header-display":"","ast-hfb-below-header-display":"","ast-hfb-mobile-header-display":"","site-post-title":"","ast-breadcrumbs-content":"","ast-featured-img":"","footer-sml-layout":"","ast-disable-related-posts":"","theme-transparent-header-meta":"","adv-header-id-meta":"","stick-header-meta":"","header-above-stick-meta":"","header-main-stick-meta":"","header-below-stick-meta":"","astra-migrate-meta-layouts":"default","ast-page-background-enabled":"default","ast-page-background-meta":{"desktop":{"background-color":"var(--ast-global-color-5)","background-image":"","background-repeat":"repeat","background-position":"center center","background-size":"auto","background-attachment":"scroll","background-type":"","background-media":"","overlay-type":"","overlay-color":"","overlay-opacity":"","overlay-gradient":""},"tablet":{"background-color":"","background-image":"","background-repeat":"repeat","background-position":"center center","background-size":"auto","background-attachment":"scroll","background-type":"","background-media":"","overlay-type":"","overlay-color":"","overlay-opacity":"","overlay-gradient":""},"mobile":{"background-color":"","background-image":"","background-repeat":"repeat","background-position":"center center","background-size":"auto","background-attachment":"scroll","background-type":"","background-media":"","overlay-type":"","overlay-color":"","overlay-opacity":"","overlay-gradient":""}},"ast-content-background-meta":{"desktop":{"background-color":"var(--ast-global-color-4)","background-image":"","background-repeat":"repeat","background-position":"center center","background-size":"auto","background-attachment":"scroll","background-type":"","background-media":"","overlay-type":"","overlay-color":"","overlay-opacity":"","overlay-gradient":""},"tablet":{"background-color":"var(--ast-global-color-4)","background-image":"","background-repeat":"repeat","background-position":"center center","background-size":"auto","background-attachment":"scroll","background-type":"","background-media":"","overlay-type":"","overlay-color":"","overlay-opacity":"","overlay-gradient":""},"mobile":{"background-color":"var(--ast-global-color-4)","background-image":"","background-repeat":"repeat","background-position":"center center","background-size":"auto","background-attachment":"scroll","background-type":"","background-media":"","overlay-type":"","overlay-color":"","overlay-opacity":"","overlay-gradient":""}}},"product_brand":[96],"product_cat":[126,50,56,47,37,35,40,30],"product_tag":[],"class_list":{"0":"post-6749","1":"product","2":"type-product","3":"status-publish","4":"has-post-thumbnail","6":"product_brand-4m","7":"product_cat-126","8":"product_cat-50","9":"product_cat-56","10":"product_cat-47","11":"product_cat-37","12":"product_cat--10-12-","13":"product_cat--12-","14":"product_cat--6-9-","15":"desktop-align-left","16":"tablet-align-left","17":"mobile-align-left","19":"first","20":"outofstock","21":"taxable","22":"shipping-taxable","23":"purchasable","24":"product-type-simple"},"_links":{"self":[{"href":"https:\/\/stem-eshop.gr\/tr\/wp-json\/wp\/v2\/product\/6749","targetHints":{"allow":["GET"]}}],"collection":[{"href":"https:\/\/stem-eshop.gr\/tr\/wp-json\/wp\/v2\/product"}],"about":[{"href":"https:\/\/stem-eshop.gr\/tr\/wp-json\/wp\/v2\/types\/product"}],"replies":[{"embeddable":true,"href":"https:\/\/stem-eshop.gr\/tr\/wp-json\/wp\/v2\/comments?post=6749"}],"wp:featuredmedia":[{"embeddable":true,"href":"https:\/\/stem-eshop.gr\/tr\/wp-json\/wp\/v2\/media\/6750"}],"wp:attachment":[{"href":"https:\/\/stem-eshop.gr\/tr\/wp-json\/wp\/v2\/media?parent=6749"}],"wp:term":[{"taxonomy":"product_brand","embeddable":true,"href":"https:\/\/stem-eshop.gr\/tr\/wp-json\/wp\/v2\/product_brand?post=6749"},{"taxonomy":"product_cat","embeddable":true,"href":"https:\/\/stem-eshop.gr\/tr\/wp-json\/wp\/v2\/product_cat?post=6749"},{"taxonomy":"product_tag","embeddable":true,"href":"https:\/\/stem-eshop.gr\/tr\/wp-json\/wp\/v2\/product_tag?post=6749"}],"curies":[{"name":"wp","href":"https:\/\/api.w.org\/{rel}","templated":true}]}}