{"id":6747,"date":"2025-05-19T08:35:05","date_gmt":"2025-05-19T08:35:05","guid":{"rendered":"https:\/\/stem-eshop.gr\/product\/50-50-games-%ce%bc%ce%b1%ce%b8%ce%b1%ce%b9%ce%bd%cf%89-%cf%84%ce%b7%ce%bd-%cf%89%cf%81%ce%b1\/"},"modified":"2026-04-05T19:49:17","modified_gmt":"2026-04-05T16:49:17","slug":"50-50-games-%ce%bc%ce%b1%ce%b8%ce%b1%ce%b9%ce%bd%cf%89-%cf%84%ce%b7%ce%bd-%cf%89%cf%81%ce%b1","status":"publish","type":"product","link":"https:\/\/stem-eshop.gr\/tr\/urun\/50-50-games-%ce%bc%ce%b1%ce%b8%ce%b1%ce%b9%ce%bd%cf%89-%cf%84%ce%b7%ce%bd-%cf%89%cf%81%ce%b1\/","title":{"rendered":"50\/50 Oyunlar\u0131: ZAMANI \u00d6\u011eREN\u0130YORUM"},"content":{"rendered":"<p><span style=\"font-family: 'Open Sans', sans-serif;font-size: 15px;letter-spacing: 0.7px;background-color: #ffffff\">Anaokulu ve ilkokul \u00e7ocuklar\u0131 i\u00e7in orijinal bir oyuncak. 40 adet m\u0131knat\u0131s i\u00e7erir.<\/span><\/p>","protected":false},"excerpt":{"rendered":"<p><span style=\"font-family: 'Open Sans', sans-serif;font-size: 15px;letter-spacing: 0.7px;background-color: #ffffff\">Bu etkile\u015fimli manyetik e\u011fitim tahtas\u0131yla, okul \u00f6ncesi \u00e7ocuklar oynarken saati \u00f6\u011frenebilirler. Manyetik bile\u015fenleri ve akrep ve yelkovan\u0131 kullanarak saati, dakikay\u0131, &quot;bu\u00e7uk&quot; ve &quot;on be\u015f&quot;in anlam\u0131n\u0131 \u00f6\u011frenirler!\u00a0<\/span><\/p>","protected":false},"featured_media":6748,"comment_status":"open","ping_status":"closed","template":"","meta":{"site-sidebar-layout":"default","site-content-layout":"","ast-site-content-layout":"default","site-content-style":"default","site-sidebar-style":"default","ast-global-header-display":"","ast-banner-title-visibility":"","ast-main-header-display":"","ast-hfb-above-header-display":"","ast-hfb-below-header-display":"","ast-hfb-mobile-header-display":"","site-post-title":"","ast-breadcrumbs-content":"","ast-featured-img":"","footer-sml-layout":"","ast-disable-related-posts":"","theme-transparent-header-meta":"default","adv-header-id-meta":"","stick-header-meta":"","header-above-stick-meta":"","header-main-stick-meta":"","header-below-stick-meta":"","astra-migrate-meta-layouts":"set","ast-page-background-enabled":"default","ast-page-background-meta":{"desktop":{"background-color":"var(--ast-global-color-5)","background-image":"","background-repeat":"repeat","background-position":"center center","background-size":"auto","background-attachment":"scroll","background-type":"","background-media":"","overlay-type":"","overlay-color":"","overlay-opacity":"","overlay-gradient":""},"tablet":{"background-color":"","background-image":"","background-repeat":"repeat","background-position":"center center","background-size":"auto","background-attachment":"scroll","background-type":"","background-media":"","overlay-type":"","overlay-color":"","overlay-opacity":"","overlay-gradient":""},"mobile":{"background-color":"","background-image":"","background-repeat":"repeat","background-position":"center center","background-size":"auto","background-attachment":"scroll","background-type":"","background-media":"","overlay-type":"","overlay-color":"","overlay-opacity":"","overlay-gradient":""}},"ast-content-background-meta":{"desktop":{"background-color":"var(--ast-global-color-4)","background-image":"","background-repeat":"repeat","background-position":"center center","background-size":"auto","background-attachment":"scroll","background-type":"","background-media":"","overlay-type":"","overlay-color":"","overlay-opacity":"","overlay-gradient":""},"tablet":{"background-color":"var(--ast-global-color-4)","background-image":"","background-repeat":"repeat","background-position":"center center","background-size":"auto","background-attachment":"scroll","background-type":"","background-media":"","overlay-type":"","overlay-color":"","overlay-opacity":"","overlay-gradient":""},"mobile":{"background-color":"var(--ast-global-color-4)","background-image":"","background-repeat":"repeat","background-position":"center center","background-size":"auto","background-attachment":"scroll","background-type":"","background-media":"","overlay-type":"","overlay-color":"","overlay-opacity":"","overlay-gradient":""}}},"product_brand":[97],"product_cat":[126,39,50,37,30,26],"product_tag":[],"class_list":{"0":"post-6747","1":"product","2":"type-product","3":"status-publish","4":"has-post-thumbnail","6":"product_brand-97","7":"product_cat-126","8":"product_cat-39","9":"product_cat-50","10":"product_cat-37","11":"product_cat--6-9-","12":"product_cat-26","13":"desktop-align-left","14":"tablet-align-left","15":"mobile-align-left","17":"first","18":"instock","19":"taxable","20":"shipping-taxable","21":"purchasable","22":"product-type-simple"},"_links":{"self":[{"href":"https:\/\/stem-eshop.gr\/tr\/wp-json\/wp\/v2\/product\/6747","targetHints":{"allow":["GET"]}}],"collection":[{"href":"https:\/\/stem-eshop.gr\/tr\/wp-json\/wp\/v2\/product"}],"about":[{"href":"https:\/\/stem-eshop.gr\/tr\/wp-json\/wp\/v2\/types\/product"}],"replies":[{"embeddable":true,"href":"https:\/\/stem-eshop.gr\/tr\/wp-json\/wp\/v2\/comments?post=6747"}],"wp:featuredmedia":[{"embeddable":true,"href":"https:\/\/stem-eshop.gr\/tr\/wp-json\/wp\/v2\/media\/6748"}],"wp:attachment":[{"href":"https:\/\/stem-eshop.gr\/tr\/wp-json\/wp\/v2\/media?parent=6747"}],"wp:term":[{"taxonomy":"product_brand","embeddable":true,"href":"https:\/\/stem-eshop.gr\/tr\/wp-json\/wp\/v2\/product_brand?post=6747"},{"taxonomy":"product_cat","embeddable":true,"href":"https:\/\/stem-eshop.gr\/tr\/wp-json\/wp\/v2\/product_cat?post=6747"},{"taxonomy":"product_tag","embeddable":true,"href":"https:\/\/stem-eshop.gr\/tr\/wp-json\/wp\/v2\/product_tag?post=6747"}],"curies":[{"name":"wp","href":"https:\/\/api.w.org\/{rel}","templated":true}]}}