{"id":6721,"date":"2025-05-19T08:34:16","date_gmt":"2025-05-19T08:34:16","guid":{"rendered":"https:\/\/stem-eshop.gr\/product\/montessori-%ce%b5%ce%ba%cf%80%ce%b1%ce%b9%ce%b4%ce%b5%cf%85%cf%84%ce%b9%ce%ba%cf%8c-%cf%80%ce%b1%ce%b9%cf%87%ce%bd%ce%af%ce%b4%ce%b9-%ce%b1%cf%85%cf%84%cf%8c-%ce%b5%ce%b4%cf%8e-%ce%b1%cf%85%cf%84\/"},"modified":"2026-02-27T01:12:16","modified_gmt":"2026-02-26T22:12:16","slug":"montessori-%ce%b5%ce%ba%cf%80%ce%b1%ce%b9%ce%b4%ce%b5%cf%85%cf%84%ce%b9%ce%ba%cf%8c-%cf%80%ce%b1%ce%b9%cf%87%ce%bd%ce%af%ce%b4%ce%b9-%ce%b1%cf%85%cf%84%cf%8c-%ce%b5%ce%b4%cf%8e-%ce%b1%cf%85%cf%84","status":"publish","type":"product","link":"https:\/\/stem-eshop.gr\/tr\/urun\/montessori-%ce%b5%ce%ba%cf%80%ce%b1%ce%b9%ce%b4%ce%b5%cf%85%cf%84%ce%b9%ce%ba%cf%8c-%cf%80%ce%b1%ce%b9%cf%87%ce%bd%ce%af%ce%b4%ce%b9-%ce%b1%cf%85%cf%84%cf%8c-%ce%b5%ce%b4%cf%8e-%ce%b1%cf%85%cf%84\/","title":{"rendered":"3-6 Ya\u015f Aras\u0131 \u00c7ocuklar \u0130\u00e7in Montessori E\u011fitim Oyunca\u011f\u0131: Bu Burada, Bu Orada"},"content":{"rendered":"<p class=\"MsoNormal\" style=\"text-align: justify\">Paket \u015funlar\u0131 i\u00e7erir:<\/p>\n<p>3 \u015feffaf bardak<\/p>\n<p>1 torba ponpon<\/p>\n<p>36 \u00e7\u0131kar\u0131labilir k\u00f6p\u00fck nesne<\/p>\n<p>1 \u00e7ift c\u0131mb\u0131z<\/p>\n<p>6 karton ay\u0131rma tepsisi<\/p>\n<p>Bardaklar i\u00e7in 3 karton ek par\u00e7a (filtre)<\/p>\n<p>3 farkl\u0131 ortam\u0131n yer ald\u0131\u011f\u0131 3 b\u00fcy\u00fck karton resim kart\u0131<\/p>\n<p>Oyun \u00f6nerileri i\u00e7eren talimatlar<\/p>\n<p class=\"MsoNormal\" style=\"text-align: justify\">\u0130talya&#039;da \u00fcretildi<\/p>\n<p class=\"MsoNormal\" style=\"text-align: justify\">Montessori-Clementoni serisi, Montessori y\u00f6nteminden ilham alan oyuncak ve kitaplar sunarak, \u00e7ocuklar\u0131n pratik, duyusal ve bili\u015fsel aktivitelere kat\u0131l\u0131mlar\u0131 yoluyla psikomotor becerilerini geli\u015ftirmeyi ama\u00e7lamaktad\u0131r. \u00c7ocuklar\u0131n ba\u011f\u0131ms\u0131zl\u0131klar\u0131n\u0131 ve do\u011fal yeteneklerine sayg\u0131 duymalar\u0131n\u0131 geli\u015ftiren, onlara bask\u0131 yapmadan yeteneklerini geli\u015ftiren bir e\u011fitim yakla\u015f\u0131m\u0131d\u0131r.<\/p>\n<p class=\"MsoNormal\" style=\"text-align: justify\">Maria Montessori, mutlu \u00e7ocuklar yeti\u015ftirmeyi ve onlara yeteneklerini ke\u015ffetmeleri i\u00e7in do\u011fru yolu g\u00f6stermeyi hayal ediyordu.<\/p>","protected":false},"excerpt":{"rendered":"<p>Yerle\u015ftirme ve s\u0131ralama, Montessori&#039;nin ele ald\u0131\u011f\u0131 en \u00f6nemli iki etkinliktir. Bu oyunda c\u0131mb\u0131z kullan\u0131larak \u00e7ocu\u011fun el becerilerini geli\u015ftirmesi ve farkl\u0131 \u015fekil ve renklerdeki nesneleri ay\u0131rmas\u0131 te\u015fvik edilir.<\/p>","protected":false},"featured_media":6722,"comment_status":"open","ping_status":"closed","template":"","meta":{"site-sidebar-layout":"default","site-content-layout":"","ast-site-content-layout":"default","site-content-style":"default","site-sidebar-style":"default","ast-global-header-display":"","ast-banner-title-visibility":"","ast-main-header-display":"","ast-hfb-above-header-display":"","ast-hfb-below-header-display":"","ast-hfb-mobile-header-display":"","site-post-title":"","ast-breadcrumbs-content":"","ast-featured-img":"","footer-sml-layout":"","ast-disable-related-posts":"","theme-transparent-header-meta":"default","adv-header-id-meta":"","stick-header-meta":"","header-above-stick-meta":"","header-main-stick-meta":"","header-below-stick-meta":"","astra-migrate-meta-layouts":"set","ast-page-background-enabled":"default","ast-page-background-meta":{"desktop":{"background-color":"var(--ast-global-color-5)","background-image":"","background-repeat":"repeat","background-position":"center center","background-size":"auto","background-attachment":"scroll","background-type":"","background-media":"","overlay-type":"","overlay-color":"","overlay-opacity":"","overlay-gradient":""},"tablet":{"background-color":"","background-image":"","background-repeat":"repeat","background-position":"center center","background-size":"auto","background-attachment":"scroll","background-type":"","background-media":"","overlay-type":"","overlay-color":"","overlay-opacity":"","overlay-gradient":""},"mobile":{"background-color":"","background-image":"","background-repeat":"repeat","background-position":"center center","background-size":"auto","background-attachment":"scroll","background-type":"","background-media":"","overlay-type":"","overlay-color":"","overlay-opacity":"","overlay-gradient":""}},"ast-content-background-meta":{"desktop":{"background-color":"var(--ast-global-color-4)","background-image":"","background-repeat":"repeat","background-position":"center center","background-size":"auto","background-attachment":"scroll","background-type":"","background-media":"","overlay-type":"","overlay-color":"","overlay-opacity":"","overlay-gradient":""},"tablet":{"background-color":"var(--ast-global-color-4)","background-image":"","background-repeat":"repeat","background-position":"center center","background-size":"auto","background-attachment":"scroll","background-type":"","background-media":"","overlay-type":"","overlay-color":"","overlay-opacity":"","overlay-gradient":""},"mobile":{"background-color":"var(--ast-global-color-4)","background-image":"","background-repeat":"repeat","background-position":"center center","background-size":"auto","background-attachment":"scroll","background-type":"","background-media":"","overlay-type":"","overlay-color":"","overlay-opacity":"","overlay-gradient":""}}},"product_brand":[102],"product_cat":[126,42,43,39,38,29,37,30,26],"product_tag":[],"class_list":{"0":"post-6721","1":"product","2":"type-product","3":"status-publish","4":"has-post-thumbnail","6":"product_brand-clementoni","7":"product_cat-126","8":"product_cat-42","9":"product_cat-43","10":"product_cat-39","11":"product_cat-38","12":"product_cat-29","13":"product_cat-37","14":"product_cat--6-9-","15":"product_cat-26","16":"desktop-align-left","17":"tablet-align-left","18":"mobile-align-left","20":"first","21":"instock","22":"taxable","23":"shipping-taxable","24":"purchasable","25":"product-type-simple"},"_links":{"self":[{"href":"https:\/\/stem-eshop.gr\/tr\/wp-json\/wp\/v2\/product\/6721","targetHints":{"allow":["GET"]}}],"collection":[{"href":"https:\/\/stem-eshop.gr\/tr\/wp-json\/wp\/v2\/product"}],"about":[{"href":"https:\/\/stem-eshop.gr\/tr\/wp-json\/wp\/v2\/types\/product"}],"replies":[{"embeddable":true,"href":"https:\/\/stem-eshop.gr\/tr\/wp-json\/wp\/v2\/comments?post=6721"}],"wp:featuredmedia":[{"embeddable":true,"href":"https:\/\/stem-eshop.gr\/tr\/wp-json\/wp\/v2\/media\/6722"}],"wp:attachment":[{"href":"https:\/\/stem-eshop.gr\/tr\/wp-json\/wp\/v2\/media?parent=6721"}],"wp:term":[{"taxonomy":"product_brand","embeddable":true,"href":"https:\/\/stem-eshop.gr\/tr\/wp-json\/wp\/v2\/product_brand?post=6721"},{"taxonomy":"product_cat","embeddable":true,"href":"https:\/\/stem-eshop.gr\/tr\/wp-json\/wp\/v2\/product_cat?post=6721"},{"taxonomy":"product_tag","embeddable":true,"href":"https:\/\/stem-eshop.gr\/tr\/wp-json\/wp\/v2\/product_tag?post=6721"}],"curies":[{"name":"wp","href":"https:\/\/api.w.org\/{rel}","templated":true}]}}