{"id":6695,"date":"2025-05-19T08:33:27","date_gmt":"2025-05-19T08:33:27","guid":{"rendered":"https:\/\/stem-eshop.gr\/product\/funduino-starter-kit-uno-r3-ultimate-education-%ce%b3%ce%b9%ce%b1-arduino-%ce%bc%ce%b5-%ce%b2%ce%b9%ce%b2%ce%bb%ce%af%ce%bf-%ce%b5%cf%81%ce%b3%ce%b1%cf%83%ce%af%ce%b1%cf%82\/"},"modified":"2025-12-24T10:46:43","modified_gmt":"2025-12-24T07:46:43","slug":"funduino-starter-kit-uno-r3-ultimate-education-%ce%b3%ce%b9%ce%b1-arduino-%ce%bc%ce%b5-%ce%b2%ce%b9%ce%b2%ce%bb%ce%af%ce%bf-%ce%b5%cf%81%ce%b3%ce%b1%cf%83%ce%af%ce%b1%cf%82","status":"publish","type":"product","link":"https:\/\/stem-eshop.gr\/tr\/urun\/funduino-starter-kit-uno-r3-ultimate-education-%ce%b3%ce%b9%ce%b1-arduino-%ce%bc%ce%b5-%ce%b2%ce%b9%ce%b2%ce%bb%ce%af%ce%bf-%ce%b5%cf%81%ce%b3%ce%b1%cf%83%ce%af%ce%b1%cf%82\/","title":{"rendered":"Funduino Ba\u015flang\u0131\u00e7 Seti-UNO R3-\u00c7al\u0131\u015fma kitab\u0131yla Arduino i\u00e7in en \u00fcst d\u00fczey e\u011fitim"},"content":{"rendered":"<p class=\"MsoNormal\">E\u015flik eden kitap\u00e7\u0131k\/\u00e7al\u0131\u015fma kitab\u0131 dahildir (130+ sayfa, 29 proje)<\/p>\n<p class=\"MsoNormal\">\u00c7e\u015fitli projelerin \u00f6rneklerini i\u00e7erir, \u00f6rne\u011fin LED kontrol\u00fc, s\u0131cakl\u0131k \u00f6l\u00e7\u00fcmleri ve motor kontrol\u00fc<\/p>\n<p class=\"MsoNormal\">T\u00fcm bile\u015fenlerin ba\u011flanmas\u0131 ve kullan\u0131lmas\u0131 kolayd\u0131r (tak ve \u00e7al\u0131\u015ft\u0131r)<\/p>\n<p class=\"MsoNormal\">Dayan\u0131kl\u0131 plastik ay\u0131rma kutusu ile kullan\u0131mda \u00f6zellikle s\u00fcrd\u00fcr\u00fclebilir hale gelir<\/p>\n<p>Funduino Ba\u015flang\u0131\u00e7 Seti ile Arduino i\u00e7in herkes programlamay\u0131 \u00f6\u011frenebilir<\/p>\n<p>Arduino Ba\u015flang\u0131\u00e7 Setimiz herhangi bir \u00f6n bilgiye ihtiya\u00e7 duymaz ve \u00f6zellikle yeni ba\u015flayanlar i\u00e7in tasarlanm\u0131\u015ft\u0131r.<\/p>\n<p>Ba\u015flang\u0131\u00e7tan itibaren mikroelektroni\u011fin temellerini birlikte \u00f6\u011freniyoruz ve giderek geli\u015fiyoruz!<\/p>\n<p>Funduino, Arduino Ba\u015flang\u0131\u00e7 Setini olu\u015ftururken iki temel hedefe sahipti:<\/p>\n<p>Funduino, rastgele se\u00e7ilmi\u015f elektronik bile\u015fenler yerine, harika projeler olu\u015fturmak i\u00e7in birbirleriyle birle\u015ftirilebilen m\u00fckemmel bir \u015fekilde koordine edilmi\u015f bir bile\u015fen se\u00e7imine dayan\u0131r. Bu nedenle, ba\u015flang\u0131\u00e7 setinde i\u015fe yaramaz bile\u015fenler de\u011fil, yaln\u0131zca kullan\u0131\u015fl\u0131 ve heyecan verici bile\u015fenler bulacaks\u0131n\u0131z!<\/p>\n<p>Benzersiz \u00f6zelli\u011fi: Her kit, &quot;ARDUINO lernen \u2013 Arduino Entwicklungsumgebung \u00c7al\u0131\u015fma Kitab\u0131&quot;n\u0131n bir kopyas\u0131yla birlikte gelir. 130&#039;dan fazla sayfa ve 29 projede, kitin t\u00fcm elektronik bile\u015fenleri ayr\u0131nt\u0131l\u0131 olarak a\u00e7\u0131klanmaktad\u0131r. Bile\u015fenler hakk\u0131nda bilgi vermenin yan\u0131 s\u0131ra, malzeme listesi, devre \u015femalar\u0131 ve \u00f6rnek programlar da i\u00e7erir.<\/p>\n<\/p>\n<p class=\"MsoNormal\">\u0388\u03ba\u03b4\u03bf\u03c3\u03b7 &#8220;Ultimate Education&#8221;<\/p>\n<\/p>\n<p class=\"MsoNormal\">\u038c\u03bb\u03b1 \u03c4\u03b1 \u03ad\u03c1\u03b3\u03b1 \u03c4\u03c9\u03bd \u03b5\u03ba\u03b4\u03cc\u03c3\u03b5\u03c9\u03bd &#8220;Basic&#8221; \u03ba\u03b1\u03b9 &#8220;Education&#8221;<\/p>\n<\/p>\n<p class=\"MsoNormal\">\u039c\u03ad\u03c4\u03c1\u03b7\u03c3\u03b7 \u03b8\u03b5\u03c1\u03bc\u03bf\u03ba\u03c1\u03b1\u03c3\u03af\u03b1\u03c2 \u03c0\u03b5\u03c1\u03b9\u03b2\u03ac\u03bb\u03bb\u03bf\u03bd\u03c4\u03bf\u03c2 \u03bc\u03b5 \u03b1\u03b9\u03c3\u03b8\u03b7\u03c4\u03ae\u03c1\u03b1 TMP36<\/p>\n<\/p>\n<p class=\"MsoNormal\">\u03a7\u03c1\u03ae\u03c3\u03b7 joystick<\/p>\n<\/p>\n<p class=\"MsoNormal\">\u03a0\u03bf\u03bb\u03cd\u03c7\u03c1\u03c9\u03bc\u03b1 \u03c6\u03ce\u03c4\u03b1 &#8211; LED WS2812B<\/p>\n<\/p>\n<p class=\"MsoNormal\">\u03a0\u03c1\u03bf\u03c3\u03b4\u03b9\u03bf\u03c1\u03b9\u03c3\u03bc\u03cc\u03c2 \u03b8\u03ad\u03c3\u03b7\u03c2 \u03bc\u03b5 \u03b3\u03c5\u03c1\u03bf\u03c3\u03ba\u03cc\u03c0\u03b9\u03bf \u03ba\u03b1\u03b9 \u03b1\u03b9\u03c3\u03b8\u03b7\u03c4\u03ae\u03c1\u03b1 \u03b5\u03c0\u03b9\u03c4\u03ac\u03c7\u03c5\u03bd\u03c3\u03b7\u03c2<\/p>\n<\/p>\n<p class=\"MsoNormal\">\u03a6\u03c9\u03c4\u03bf\u03b7\u03bb\u03b5\u03ba\u03c4\u03c1\u03b9\u03ba\u03cc\u03c2 \u03b1\u03b9\u03c3\u03b8\u03b7\u03c4\u03ae\u03c1\u03b1\u03c2 (light barrier)<\/p>\n<\/p>\n<p class=\"MsoNormal\">\u03a4\u03c1\u03b1\u03bd\u03b6\u03af\u03c3\u03c4\u03bf\u03c1 \u03ba\u03b1\u03b9 \u03b7\u03bb\u03b5\u03ba\u03c4\u03c1\u03b9\u03ba\u03bf\u03af \u03ba\u03b9\u03bd\u03b7\u03c4\u03ae\u03c1\u03b5\u03c2<\/p>\n<\/p>\n<p class=\"MsoNormal\">\u0388\u03bb\u03b5\u03b3\u03c7\u03bf\u03c2 \u03b1\u03bd\u03b5\u03bc\u03b9\u03c3\u03c4\u03ae\u03c1\u03b1 \u03bc\u03b5 \u03c4\u03c1\u03b1\u03bd\u03b6\u03af\u03c3\u03c4\u03bf\u03c1<\/p><\/p>","protected":false},"excerpt":{"rendered":"<p class=\"MsoNormal\">Mikroelektronik d\u00fcnyas\u0131na giri\u015finiz!!!<\/p>\n<p class=\"MsoNormal\">Arduino mikrodenetleyicileri i\u00e7in en \u00f6nemli elektronik bile\u015fenleri i\u00e7eren ba\u015flang\u0131\u00e7 seti<\/p>\n<p class=\"MsoNormal\">\u00d6\u011fretmenler ve profes\u00f6rlerle yak\u0131n i\u015fbirli\u011fi i\u00e7inde s\u00fcrekli olarak geli\u015ftirilmektedir<\/p>\n<p class=\"MsoNormal\">Elektronik ve BT alan\u0131nda yeni ba\u015flayanlar i\u00e7in idealdir<\/p>","protected":false},"featured_media":5626,"comment_status":"open","ping_status":"closed","template":"","meta":{"site-sidebar-layout":"default","site-content-layout":"","ast-site-content-layout":"default","site-content-style":"default","site-sidebar-style":"default","ast-global-header-display":"","ast-banner-title-visibility":"","ast-main-header-display":"","ast-hfb-above-header-display":"","ast-hfb-below-header-display":"","ast-hfb-mobile-header-display":"","site-post-title":"","ast-breadcrumbs-content":"","ast-featured-img":"","footer-sml-layout":"","ast-disable-related-posts":"","theme-transparent-header-meta":"","adv-header-id-meta":"","stick-header-meta":"","header-above-stick-meta":"","header-main-stick-meta":"","header-below-stick-meta":"","astra-migrate-meta-layouts":"default","ast-page-background-enabled":"default","ast-page-background-meta":{"desktop":{"background-color":"var(--ast-global-color-5)","background-image":"","background-repeat":"repeat","background-position":"center center","background-size":"auto","background-attachment":"scroll","background-type":"","background-media":"","overlay-type":"","overlay-color":"","overlay-opacity":"","overlay-gradient":""},"tablet":{"background-color":"","background-image":"","background-repeat":"repeat","background-position":"center center","background-size":"auto","background-attachment":"scroll","background-type":"","background-media":"","overlay-type":"","overlay-color":"","overlay-opacity":"","overlay-gradient":""},"mobile":{"background-color":"","background-image":"","background-repeat":"repeat","background-position":"center center","background-size":"auto","background-attachment":"scroll","background-type":"","background-media":"","overlay-type":"","overlay-color":"","overlay-opacity":"","overlay-gradient":""}},"ast-content-background-meta":{"desktop":{"background-color":"var(--ast-global-color-4)","background-image":"","background-repeat":"repeat","background-position":"center center","background-size":"auto","background-attachment":"scroll","background-type":"","background-media":"","overlay-type":"","overlay-color":"","overlay-opacity":"","overlay-gradient":""},"tablet":{"background-color":"var(--ast-global-color-4)","background-image":"","background-repeat":"repeat","background-position":"center center","background-size":"auto","background-attachment":"scroll","background-type":"","background-media":"","overlay-type":"","overlay-color":"","overlay-opacity":"","overlay-gradient":""},"mobile":{"background-color":"var(--ast-global-color-4)","background-image":"","background-repeat":"repeat","background-position":"center center","background-size":"auto","background-attachment":"scroll","background-type":"","background-media":"","overlay-type":"","overlay-color":"","overlay-opacity":"","overlay-gradient":""}}},"product_brand":[103],"product_cat":[33,52,29,32,57,35,40,45,59],"product_tag":[],"class_list":{"0":"post-6695","1":"product","2":"type-product","3":"status-publish","4":"has-post-thumbnail","6":"product_brand-funduino","7":"product_cat-33","8":"product_cat-52","9":"product_cat-29","10":"product_cat-32","11":"product_cat-57","12":"product_cat--10-12-","13":"product_cat--12-","14":"product_cat-45","15":"product_cat-59","16":"desktop-align-left","17":"tablet-align-left","18":"mobile-align-left","20":"first","21":"instock","22":"taxable","23":"shipping-taxable","24":"purchasable","25":"product-type-simple"},"_links":{"self":[{"href":"https:\/\/stem-eshop.gr\/tr\/wp-json\/wp\/v2\/product\/6695","targetHints":{"allow":["GET"]}}],"collection":[{"href":"https:\/\/stem-eshop.gr\/tr\/wp-json\/wp\/v2\/product"}],"about":[{"href":"https:\/\/stem-eshop.gr\/tr\/wp-json\/wp\/v2\/types\/product"}],"replies":[{"embeddable":true,"href":"https:\/\/stem-eshop.gr\/tr\/wp-json\/wp\/v2\/comments?post=6695"}],"wp:featuredmedia":[{"embeddable":true,"href":"https:\/\/stem-eshop.gr\/tr\/wp-json\/wp\/v2\/media\/5626"}],"wp:attachment":[{"href":"https:\/\/stem-eshop.gr\/tr\/wp-json\/wp\/v2\/media?parent=6695"}],"wp:term":[{"taxonomy":"product_brand","embeddable":true,"href":"https:\/\/stem-eshop.gr\/tr\/wp-json\/wp\/v2\/product_brand?post=6695"},{"taxonomy":"product_cat","embeddable":true,"href":"https:\/\/stem-eshop.gr\/tr\/wp-json\/wp\/v2\/product_cat?post=6695"},{"taxonomy":"product_tag","embeddable":true,"href":"https:\/\/stem-eshop.gr\/tr\/wp-json\/wp\/v2\/product_tag?post=6695"}],"curies":[{"name":"wp","href":"https:\/\/api.w.org\/{rel}","templated":true}]}}