{"id":6691,"date":"2025-05-19T08:33:22","date_gmt":"2025-05-19T08:33:22","guid":{"rendered":"https:\/\/stem-eshop.gr\/product\/%cf%85%cf%80%ce%b5%cf%81%ce%b7%cf%87%ce%b7%cf%84%ce%b9%ce%ba%cf%8c%cf%82-%ce%b1%ce%b9%cf%83%ce%b8%ce%b7%cf%84%ce%ae%cf%81%ce%b1%cf%82-%ce%b1%ce%b9%cf%83%ce%b8%ce%b7%cf%84%ce%ae%cf%81%ce%b1%cf%82\/"},"modified":"2025-05-22T21:13:35","modified_gmt":"2025-05-22T18:13:35","slug":"%cf%85%cf%80%ce%b5%cf%81%ce%b7%cf%87%ce%b7%cf%84%ce%b9%ce%ba%cf%8c%cf%82-%ce%b1%ce%b9%cf%83%ce%b8%ce%b7%cf%84%ce%ae%cf%81%ce%b1%cf%82-%ce%b1%ce%b9%cf%83%ce%b8%ce%b7%cf%84%ce%ae%cf%81%ce%b1%cf%82","status":"publish","type":"product","link":"https:\/\/stem-eshop.gr\/tr\/urun\/%cf%85%cf%80%ce%b5%cf%81%ce%b7%cf%87%ce%b7%cf%84%ce%b9%ce%ba%cf%8c%cf%82-%ce%b1%ce%b9%cf%83%ce%b8%ce%b7%cf%84%ce%ae%cf%81%ce%b1%cf%82-%ce%b1%ce%b9%cf%83%ce%b8%ce%b7%cf%84%ce%ae%cf%81%ce%b1%cf%82\/","title":{"rendered":"Ultrasonik sens\u00f6r, mesafe sens\u00f6r\u00fc \u2013 HC-SR04"},"content":{"rendered":"<p class=\"MsoNormal\">Genel bak\u0131\u015f:<\/p>\n<\/p>\n<p class=\"MsoNormal\">Ultrasonik sens\u00f6r HC-SR04<\/p>\n<\/p>\n<p class=\"MsoNormal\">Besleme gerilimi: 5V<\/p>\n<\/p>\n<p class=\"MsoNormal\">TTL seviyesi: L &lt; 1V<\/p>\n<\/p>\n<p class=\"MsoNormal\">\u00d6l\u00e7\u00fclebilir mesafe: 2~300 cm<\/p>\n<\/p>\n<p class=\"MsoNormal\">\u00d6l\u00e7\u00fcm do\u011frulu\u011fu: 0,3 cm<\/p>\n<\/p>\n<p class=\"MsoNormal\">Ba\u011flant\u0131lar: G\u00fc\u00e7, Tetik, Yank\u0131, Toprak<\/p><\/p>","protected":false},"excerpt":{"rendered":"<p>HC-SR04 ultrasonik sens\u00f6r, bir nesneye olan mesafeyi \u00f6l\u00e7mek i\u00e7in ultrason kullanan bir mesafe sens\u00f6r\u00fcd\u00fcr.<\/p>","protected":false},"featured_media":5603,"comment_status":"open","ping_status":"closed","template":"","meta":{"site-sidebar-layout":"default","site-content-layout":"","ast-site-content-layout":"default","site-content-style":"default","site-sidebar-style":"default","ast-global-header-display":"","ast-banner-title-visibility":"","ast-main-header-display":"","ast-hfb-above-header-display":"","ast-hfb-below-header-display":"","ast-hfb-mobile-header-display":"","site-post-title":"","ast-breadcrumbs-content":"","ast-featured-img":"","footer-sml-layout":"","ast-disable-related-posts":"","theme-transparent-header-meta":"","adv-header-id-meta":"","stick-header-meta":"","header-above-stick-meta":"","header-main-stick-meta":"","header-below-stick-meta":"","astra-migrate-meta-layouts":"default","ast-page-background-enabled":"default","ast-page-background-meta":{"desktop":{"background-color":"var(--ast-global-color-5)","background-image":"","background-repeat":"repeat","background-position":"center center","background-size":"auto","background-attachment":"scroll","background-type":"","background-media":"","overlay-type":"","overlay-color":"","overlay-opacity":"","overlay-gradient":""},"tablet":{"background-color":"","background-image":"","background-repeat":"repeat","background-position":"center center","background-size":"auto","background-attachment":"scroll","background-type":"","background-media":"","overlay-type":"","overlay-color":"","overlay-opacity":"","overlay-gradient":""},"mobile":{"background-color":"","background-image":"","background-repeat":"repeat","background-position":"center center","background-size":"auto","background-attachment":"scroll","background-type":"","background-media":"","overlay-type":"","overlay-color":"","overlay-opacity":"","overlay-gradient":""}},"ast-content-background-meta":{"desktop":{"background-color":"var(--ast-global-color-4)","background-image":"","background-repeat":"repeat","background-position":"center center","background-size":"auto","background-attachment":"scroll","background-type":"","background-media":"","overlay-type":"","overlay-color":"","overlay-opacity":"","overlay-gradient":""},"tablet":{"background-color":"var(--ast-global-color-4)","background-image":"","background-repeat":"repeat","background-position":"center center","background-size":"auto","background-attachment":"scroll","background-type":"","background-media":"","overlay-type":"","overlay-color":"","overlay-opacity":"","overlay-gradient":""},"mobile":{"background-color":"var(--ast-global-color-4)","background-image":"","background-repeat":"repeat","background-position":"center center","background-size":"auto","background-attachment":"scroll","background-type":"","background-media":"","overlay-type":"","overlay-color":"","overlay-opacity":"","overlay-gradient":""}}},"product_brand":[103],"product_cat":[52,29,32,57,35,40,59],"product_tag":[],"class_list":{"0":"post-6691","1":"product","2":"type-product","3":"status-publish","4":"has-post-thumbnail","6":"product_brand-funduino","7":"product_cat-52","8":"product_cat-29","9":"product_cat-32","10":"product_cat-57","11":"product_cat--10-12-","12":"product_cat--12-","13":"product_cat-59","14":"desktop-align-left","15":"tablet-align-left","16":"mobile-align-left","18":"first","19":"instock","20":"taxable","21":"shipping-taxable","22":"purchasable","23":"product-type-simple"},"_links":{"self":[{"href":"https:\/\/stem-eshop.gr\/tr\/wp-json\/wp\/v2\/product\/6691","targetHints":{"allow":["GET"]}}],"collection":[{"href":"https:\/\/stem-eshop.gr\/tr\/wp-json\/wp\/v2\/product"}],"about":[{"href":"https:\/\/stem-eshop.gr\/tr\/wp-json\/wp\/v2\/types\/product"}],"replies":[{"embeddable":true,"href":"https:\/\/stem-eshop.gr\/tr\/wp-json\/wp\/v2\/comments?post=6691"}],"wp:featuredmedia":[{"embeddable":true,"href":"https:\/\/stem-eshop.gr\/tr\/wp-json\/wp\/v2\/media\/5603"}],"wp:attachment":[{"href":"https:\/\/stem-eshop.gr\/tr\/wp-json\/wp\/v2\/media?parent=6691"}],"wp:term":[{"taxonomy":"product_brand","embeddable":true,"href":"https:\/\/stem-eshop.gr\/tr\/wp-json\/wp\/v2\/product_brand?post=6691"},{"taxonomy":"product_cat","embeddable":true,"href":"https:\/\/stem-eshop.gr\/tr\/wp-json\/wp\/v2\/product_cat?post=6691"},{"taxonomy":"product_tag","embeddable":true,"href":"https:\/\/stem-eshop.gr\/tr\/wp-json\/wp\/v2\/product_tag?post=6691"}],"curies":[{"name":"wp","href":"https:\/\/api.w.org\/{rel}","templated":true}]}}