{"id":6689,"date":"2025-05-19T08:33:20","date_gmt":"2025-05-19T08:33:20","guid":{"rendered":"https:\/\/stem-eshop.gr\/product\/40-%cf%84%ce%b5%ce%bc%ce%ac%cf%87%ce%b9%ce%b1-%ce%ba%ce%b1%ce%bb%cf%8e%ce%b4%ce%b9%ce%b1-breadboard-%ce%b8%ce%b7%ce%bb%cf%85%ce%ba%cf%8c-%ce%b8%ce%b7%ce%bb%cf%85%ce%ba%cf%8c-20cm\/"},"modified":"2026-01-20T18:16:28","modified_gmt":"2026-01-20T15:16:28","slug":"40-%cf%84%ce%b5%ce%bc%ce%ac%cf%87%ce%b9%ce%b1-%ce%ba%ce%b1%ce%bb%cf%8e%ce%b4%ce%b9%ce%b1-breadboard-%ce%b8%ce%b7%ce%bb%cf%85%ce%ba%cf%8c-%ce%b8%ce%b7%ce%bb%cf%85%ce%ba%cf%8c-20cm","status":"publish","type":"product","link":"https:\/\/stem-eshop.gr\/tr\/urun\/40-%cf%84%ce%b5%ce%bc%ce%ac%cf%87%ce%b9%ce%b1-%ce%ba%ce%b1%ce%bb%cf%8e%ce%b4%ce%b9%ce%b1-breadboard-%ce%b8%ce%b7%ce%bb%cf%85%ce%ba%cf%8c-%ce%b8%ce%b7%ce%bb%cf%85%ce%ba%cf%8c-20cm\/","title":{"rendered":"40 adet breadboard kablosu di\u015fi\/di\u015fi (20cm)"},"content":{"rendered":"<p class=\"MsoNormal\">Genel bak\u0131\u015f:<\/p>\n<p class=\"MsoNormal\">Mikrodenetleyicilerden breadboard&#039;lara, sens\u00f6rlere ve di\u011fer mod\u00fcllere h\u0131zl\u0131, g\u00fcvenli ve lehimsiz ba\u011flant\u0131 sa\u011flar.<\/p>\n<p class=\"MsoNormal\">Set i\u00e7erisinde ayr\u0131 ayr\u0131 ayr\u0131labilen 40 adet kablo bulunmaktad\u0131r.<\/p>\n<p class=\"MsoNormal\">Ba\u011flant\u0131 tipi: Di\u015fi\/Di\u015fi.<\/p>\n<p class=\"MsoNormal\">Uzunluk: 20cm.<\/p>\n<p class=\"MsoNormal\">A\u011f\u0131rl\u0131k: 28g.<\/p>","protected":false},"excerpt":{"rendered":"<p>Breadboard kablolar\u0131 elektronik bile\u015fenleri breadboard&#039;lara, Arduino&#039;ya, Raspberry Pi&#039;ye ve di\u011fer mikroelektronik devrelere ba\u011flamak i\u00e7in kullan\u0131l\u0131r.<\/p>","protected":false},"featured_media":4684,"comment_status":"open","ping_status":"closed","template":"","meta":{"site-sidebar-layout":"default","site-content-layout":"","ast-site-content-layout":"default","site-content-style":"default","site-sidebar-style":"default","ast-global-header-display":"","ast-banner-title-visibility":"","ast-main-header-display":"","ast-hfb-above-header-display":"","ast-hfb-below-header-display":"","ast-hfb-mobile-header-display":"","site-post-title":"","ast-breadcrumbs-content":"","ast-featured-img":"","footer-sml-layout":"","ast-disable-related-posts":"","theme-transparent-header-meta":"default","adv-header-id-meta":"","stick-header-meta":"","header-above-stick-meta":"","header-main-stick-meta":"","header-below-stick-meta":"","astra-migrate-meta-layouts":"set","ast-page-background-enabled":"default","ast-page-background-meta":{"desktop":{"background-color":"var(--ast-global-color-5)","background-image":"","background-repeat":"repeat","background-position":"center center","background-size":"auto","background-attachment":"scroll","background-type":"","background-media":"","overlay-type":"","overlay-color":"","overlay-opacity":"","overlay-gradient":""},"tablet":{"background-color":"","background-image":"","background-repeat":"repeat","background-position":"center center","background-size":"auto","background-attachment":"scroll","background-type":"","background-media":"","overlay-type":"","overlay-color":"","overlay-opacity":"","overlay-gradient":""},"mobile":{"background-color":"","background-image":"","background-repeat":"repeat","background-position":"center center","background-size":"auto","background-attachment":"scroll","background-type":"","background-media":"","overlay-type":"","overlay-color":"","overlay-opacity":"","overlay-gradient":""}},"ast-content-background-meta":{"desktop":{"background-color":"var(--ast-global-color-4)","background-image":"","background-repeat":"repeat","background-position":"center center","background-size":"auto","background-attachment":"scroll","background-type":"","background-media":"","overlay-type":"","overlay-color":"","overlay-opacity":"","overlay-gradient":""},"tablet":{"background-color":"var(--ast-global-color-4)","background-image":"","background-repeat":"repeat","background-position":"center center","background-size":"auto","background-attachment":"scroll","background-type":"","background-media":"","overlay-type":"","overlay-color":"","overlay-opacity":"","overlay-gradient":""},"mobile":{"background-color":"var(--ast-global-color-4)","background-image":"","background-repeat":"repeat","background-position":"center center","background-size":"auto","background-attachment":"scroll","background-type":"","background-media":"","overlay-type":"","overlay-color":"","overlay-opacity":"","overlay-gradient":""}}},"product_brand":[103],"product_cat":[52,29,32,57,35,40,59],"product_tag":[],"class_list":{"0":"post-6689","1":"product","2":"type-product","3":"status-publish","4":"has-post-thumbnail","6":"product_brand-funduino","7":"product_cat-52","8":"product_cat-29","9":"product_cat-32","10":"product_cat-57","11":"product_cat--10-12-","12":"product_cat--12-","13":"product_cat-59","14":"desktop-align-left","15":"tablet-align-left","16":"mobile-align-left","18":"first","19":"instock","20":"taxable","21":"shipping-taxable","22":"purchasable","23":"product-type-simple"},"_links":{"self":[{"href":"https:\/\/stem-eshop.gr\/tr\/wp-json\/wp\/v2\/product\/6689","targetHints":{"allow":["GET"]}}],"collection":[{"href":"https:\/\/stem-eshop.gr\/tr\/wp-json\/wp\/v2\/product"}],"about":[{"href":"https:\/\/stem-eshop.gr\/tr\/wp-json\/wp\/v2\/types\/product"}],"replies":[{"embeddable":true,"href":"https:\/\/stem-eshop.gr\/tr\/wp-json\/wp\/v2\/comments?post=6689"}],"wp:featuredmedia":[{"embeddable":true,"href":"https:\/\/stem-eshop.gr\/tr\/wp-json\/wp\/v2\/media\/4684"}],"wp:attachment":[{"href":"https:\/\/stem-eshop.gr\/tr\/wp-json\/wp\/v2\/media?parent=6689"}],"wp:term":[{"taxonomy":"product_brand","embeddable":true,"href":"https:\/\/stem-eshop.gr\/tr\/wp-json\/wp\/v2\/product_brand?post=6689"},{"taxonomy":"product_cat","embeddable":true,"href":"https:\/\/stem-eshop.gr\/tr\/wp-json\/wp\/v2\/product_cat?post=6689"},{"taxonomy":"product_tag","embeddable":true,"href":"https:\/\/stem-eshop.gr\/tr\/wp-json\/wp\/v2\/product_tag?post=6689"}],"curies":[{"name":"wp","href":"https:\/\/api.w.org\/{rel}","templated":true}]}}