{"id":6679,"date":"2025-05-19T08:31:58","date_gmt":"2025-05-19T08:31:58","guid":{"rendered":"https:\/\/stem-eshop.gr\/product\/funduino-uno-r3-%ce%bc%ce%b9%ce%ba%cf%81%ce%bf%ce%b5%ce%bb%ce%b5%ce%b3%ce%ba%cf%84%ce%ae%cf%82-%cf%83%cf%85%ce%bc%ce%b2%ce%b1%cf%84%cf%8c%cf%82-%ce%bc%ce%b5-arduino\/"},"modified":"2025-05-22T21:13:34","modified_gmt":"2025-05-22T18:13:34","slug":"funduino-uno-r3-%ce%bc%ce%b9%ce%ba%cf%81%ce%bf%ce%b5%ce%bb%ce%b5%ce%b3%ce%ba%cf%84%ce%ae%cf%82-%cf%83%cf%85%ce%bc%ce%b2%ce%b1%cf%84%cf%8c%cf%82-%ce%bc%ce%b5-arduino","status":"publish","type":"product","link":"https:\/\/stem-eshop.gr\/tr\/urun\/funduino-uno-r3-%ce%bc%ce%b9%ce%ba%cf%81%ce%bf%ce%b5%ce%bb%ce%b5%ce%b3%ce%ba%cf%84%ce%ae%cf%82-%cf%83%cf%85%ce%bc%ce%b2%ce%b1%cf%84%cf%8c%cf%82-%ce%bc%ce%b5-arduino\/","title":{"rendered":"Funduino UNO R3 mikrodenetleyici \u2013 Arduino uyumlu"},"content":{"rendered":"<p class=\"MsoNormal\">Genel bak\u0131\u015f:<\/p>\n<\/p>\n<p class=\"MsoNormal\">Funduino UNO R3, Arduino IDE ile tam uyumludur.<\/p>\n<\/p>\n<p class=\"MsoNormal\">ATMEGA328P \u00e7ipi ile donat\u0131lm\u0131\u015ft\u0131r.<\/p>\n<\/p>\n<p class=\"MsoNormal\">Yanlar\u0131nda pin etiketleri var.<\/p>\n<\/p>\n<p class=\"MsoNormal\">\u00d6nerilen giri\u015f voltaj\u0131: 7-12V.<\/p>\n<\/p>\n<p class=\"MsoNormal\">\u00c7\u0131k\u0131\u015f voltaj\u0131: 5V, ak\u0131m: 500mA.<\/p>\n<\/p>\n<p class=\"MsoNormal\">\u00c7\u0131k\u0131\u015f voltaj\u0131: 3.3V, ak\u0131m: 50mA.<\/p>\n<\/p>\n<p class=\"MsoNormal\">Dijital giri\u015f\/\u00e7\u0131k\u0131\u015flar: 14 (6 PWM \u00e7\u0131k\u0131\u015f\u0131 dahil).<\/p>\n<\/p>\n<p class=\"MsoNormal\">Analog giri\u015fler: 6.<\/p>\n<\/p>\n<p class=\"MsoNormal\">Fla\u015f bellek: 32kB.<\/p>\n<\/p>\n<p class=\"MsoNormal\">Saat frekans\u0131: 16 MHz.<\/p><\/p>","protected":false},"excerpt":{"rendered":"<p>Funduino UNO R3, elektronik projeler, otomasyon ve mikrodenetleyici programlama e\u011fitimi i\u00e7in tasarlanm\u0131\u015f Arduino uyumlu bir mikrodenetleyicidir.<\/p>","protected":false},"featured_media":4652,"comment_status":"open","ping_status":"closed","template":"","meta":{"site-sidebar-layout":"default","site-content-layout":"","ast-site-content-layout":"default","site-content-style":"default","site-sidebar-style":"default","ast-global-header-display":"","ast-banner-title-visibility":"","ast-main-header-display":"","ast-hfb-above-header-display":"","ast-hfb-below-header-display":"","ast-hfb-mobile-header-display":"","site-post-title":"","ast-breadcrumbs-content":"","ast-featured-img":"","footer-sml-layout":"","ast-disable-related-posts":"","theme-transparent-header-meta":"","adv-header-id-meta":"","stick-header-meta":"","header-above-stick-meta":"","header-main-stick-meta":"","header-below-stick-meta":"","astra-migrate-meta-layouts":"default","ast-page-background-enabled":"default","ast-page-background-meta":{"desktop":{"background-color":"var(--ast-global-color-5)","background-image":"","background-repeat":"repeat","background-position":"center center","background-size":"auto","background-attachment":"scroll","background-type":"","background-media":"","overlay-type":"","overlay-color":"","overlay-opacity":"","overlay-gradient":""},"tablet":{"background-color":"","background-image":"","background-repeat":"repeat","background-position":"center center","background-size":"auto","background-attachment":"scroll","background-type":"","background-media":"","overlay-type":"","overlay-color":"","overlay-opacity":"","overlay-gradient":""},"mobile":{"background-color":"","background-image":"","background-repeat":"repeat","background-position":"center center","background-size":"auto","background-attachment":"scroll","background-type":"","background-media":"","overlay-type":"","overlay-color":"","overlay-opacity":"","overlay-gradient":""}},"ast-content-background-meta":{"desktop":{"background-color":"var(--ast-global-color-4)","background-image":"","background-repeat":"repeat","background-position":"center center","background-size":"auto","background-attachment":"scroll","background-type":"","background-media":"","overlay-type":"","overlay-color":"","overlay-opacity":"","overlay-gradient":""},"tablet":{"background-color":"var(--ast-global-color-4)","background-image":"","background-repeat":"repeat","background-position":"center center","background-size":"auto","background-attachment":"scroll","background-type":"","background-media":"","overlay-type":"","overlay-color":"","overlay-opacity":"","overlay-gradient":""},"mobile":{"background-color":"var(--ast-global-color-4)","background-image":"","background-repeat":"repeat","background-position":"center center","background-size":"auto","background-attachment":"scroll","background-type":"","background-media":"","overlay-type":"","overlay-color":"","overlay-opacity":"","overlay-gradient":""}}},"product_brand":[103],"product_cat":[52,29,32,57,35,40,59],"product_tag":[],"class_list":{"0":"post-6679","1":"product","2":"type-product","3":"status-publish","4":"has-post-thumbnail","6":"product_brand-funduino","7":"product_cat-52","8":"product_cat-29","9":"product_cat-32","10":"product_cat-57","11":"product_cat--10-12-","12":"product_cat--12-","13":"product_cat-59","14":"desktop-align-left","15":"tablet-align-left","16":"mobile-align-left","18":"first","19":"instock","20":"taxable","21":"shipping-taxable","22":"purchasable","23":"product-type-simple"},"_links":{"self":[{"href":"https:\/\/stem-eshop.gr\/tr\/wp-json\/wp\/v2\/product\/6679","targetHints":{"allow":["GET"]}}],"collection":[{"href":"https:\/\/stem-eshop.gr\/tr\/wp-json\/wp\/v2\/product"}],"about":[{"href":"https:\/\/stem-eshop.gr\/tr\/wp-json\/wp\/v2\/types\/product"}],"replies":[{"embeddable":true,"href":"https:\/\/stem-eshop.gr\/tr\/wp-json\/wp\/v2\/comments?post=6679"}],"wp:featuredmedia":[{"embeddable":true,"href":"https:\/\/stem-eshop.gr\/tr\/wp-json\/wp\/v2\/media\/4652"}],"wp:attachment":[{"href":"https:\/\/stem-eshop.gr\/tr\/wp-json\/wp\/v2\/media?parent=6679"}],"wp:term":[{"taxonomy":"product_brand","embeddable":true,"href":"https:\/\/stem-eshop.gr\/tr\/wp-json\/wp\/v2\/product_brand?post=6679"},{"taxonomy":"product_cat","embeddable":true,"href":"https:\/\/stem-eshop.gr\/tr\/wp-json\/wp\/v2\/product_cat?post=6679"},{"taxonomy":"product_tag","embeddable":true,"href":"https:\/\/stem-eshop.gr\/tr\/wp-json\/wp\/v2\/product_tag?post=6679"}],"curies":[{"name":"wp","href":"https:\/\/api.w.org\/{rel}","templated":true}]}}