{"id":6677,"date":"2025-05-19T08:31:43","date_gmt":"2025-05-19T08:31:43","guid":{"rendered":"https:\/\/stem-eshop.gr\/product\/%ce%b1%ce%b9%cf%83%ce%b8%ce%b7%cf%84%ce%ae%cf%81%ce%b1%cf%82-%ce%b1%cf%80%cf%8c%cf%83%cf%84%ce%b1%cf%83%ce%b7%cf%82-%ce%b1%ce%b9%cf%83%ce%b8%ce%b7%cf%84%ce%ae%cf%81%ce%b1%cf%82-%ce%b1%ce%bd%ce%af\/"},"modified":"2025-05-22T21:13:34","modified_gmt":"2025-05-22T18:13:34","slug":"%ce%b1%ce%b9%cf%83%ce%b8%ce%b7%cf%84%ce%ae%cf%81%ce%b1%cf%82-%ce%b1%cf%80%cf%8c%cf%83%cf%84%ce%b1%cf%83%ce%b7%cf%82-%ce%b1%ce%b9%cf%83%ce%b8%ce%b7%cf%84%ce%ae%cf%81%ce%b1%cf%82-%ce%b1%ce%bd%ce%af","status":"publish","type":"product","link":"https:\/\/stem-eshop.gr\/tr\/urun\/%ce%b1%ce%b9%cf%83%ce%b8%ce%b7%cf%84%ce%ae%cf%81%ce%b1%cf%82-%ce%b1%cf%80%cf%8c%cf%83%cf%84%ce%b1%cf%83%ce%b7%cf%82-%ce%b1%ce%b9%cf%83%ce%b8%ce%b7%cf%84%ce%ae%cf%81%ce%b1%cf%82-%ce%b1%ce%bd%ce%af\/","title":{"rendered":"Mesafe sens\u00f6r\u00fc, engel alg\u0131lama sens\u00f6r\u00fc \u2013 K\u0131z\u0131l\u00f6tesi (IR)"},"content":{"rendered":"<p class=\"MsoNormal\">Genel bak\u0131\u015f:<\/p>\n<\/p>\n<p class=\"MsoNormal\">Alg\u0131lama mesafesi: 1mm ~ 50mm<\/p>\n<\/p>\n<p class=\"MsoNormal\">Alg\u0131lama a\u00e7\u0131s\u0131: ~35\u00b0<\/p>\n<\/p>\n<p class=\"MsoNormal\">\u00c7al\u0131\u015fma voltaj\u0131: 3,3 V ~ 5 V<\/p>\n<\/p>\n<p class=\"MsoNormal\">Kolay kurulum i\u00e7in vida delikleri<\/p>\n<\/p>\n<p class=\"MsoNormal\">\n<p class=\"MsoNormal\">\u0130\u015flevsellik:<\/p>\n<\/p>\n<p class=\"MsoNormal\">K\u0131z\u0131l\u00f6tesi \u0131\u015f\u0131k kullanarak nesneleri alg\u0131lamak veya mesafeyi \u00f6l\u00e7mek i\u00e7in kullan\u0131lan sens\u00f6r.<\/p>\n<p class=\"MsoNormal\">Sens\u00f6r \u00e7\u0131k\u0131\u015f\u0131 dijitaldir (Y\u00dcKSEK ve D\u00dc\u015e\u00dcK).<\/p>\n<\/p>\n<p class=\"MsoNormal\">Tasar\u0131m\u0131 kompakt olup, \u0131\u015f\u0131k kayna\u011f\u0131 ve dedekt\u00f6r ayn\u0131 y\u00f6nde konumland\u0131r\u0131lm\u0131\u015ft\u0131r.<\/p>\n<\/p>\n<p class=\"MsoNormal\">Bir cismin alg\u0131lanmas\u0131 i\u00e7in, cisimden gelen k\u0131z\u0131l\u00f6tesi \u0131\u015f\u0131n\u0131n yans\u0131mas\u0131ndan yararlan\u0131l\u0131r.<\/p>\n<\/p>\n<p class=\"MsoNormal\">K\u0131z\u0131l\u00f6tesi \u0131\u015f\u0131\u011f\u0131n dalga boyu 950 nm\u2019dir.<\/p>\n<\/p>\n<p class=\"MsoNormal\">Dedekt\u00f6r bir fototransist\u00f6rden olu\u015fmaktad\u0131r.<\/p>\n<\/p>\n<p class=\"MsoNormal\">K\u0131z\u0131l\u00f6tesi verici ve al\u0131c\u0131 \u00fcniteye ayr\u0131 ayr\u0131 monte edilir.<\/p>\n<\/p>\n<p class=\"MsoNormal\">Sens\u00f6r sadece bir engelin olup olmad\u0131\u011f\u0131n\u0131 tespit etmekle kalm\u0131yor, ayn\u0131 zamanda nesneye olan mesafeyi de (yans\u0131yan \u0131\u015f\u0131\u011f\u0131n g\u00fcc\u00fcne ba\u011fl\u0131 olarak g\u00f6receli bir de\u011fer olarak) tahmin ediyor.<\/p>\n<\/p>\n<p class=\"MsoNormal\">Dijital sinyale kar\u015f\u0131 sens\u00f6r\u00fcn hassasiyeti bir potansiyometre arac\u0131l\u0131\u011f\u0131yla ayarlanabilmektedir.<\/p>\n<\/p>\n<p class=\"MsoNormal\">\n<p class=\"MsoNormal\">Uygulama alanlar\u0131:<\/p>\n<\/p>\n<p class=\"MsoNormal\">Engel tespiti ve ka\u00e7\u0131nma<\/p>\n<\/p>\n<p class=\"MsoNormal\">Robot yol tespiti<\/p>\n<\/p>\n<p class=\"MsoNormal\">\u00c7izgi tespiti ve takibi<\/p>\n<\/p>\n<p class=\"MsoNormal\">Siyah beyaz \u00e7izgi alg\u0131lama<\/p>\n<\/p>\n<p class=\"MsoNormal\">Nab\u0131z tarama say\u0131m verileri<\/p>\n<\/p>\n<p class=\"MsoNormal\">Son durdurma dedekt\u00f6r\u00fc<\/p>\n<\/p>\n<p class=\"MsoNormal\">Yans\u0131t\u0131c\u0131 malzemelerin (\u00f6rne\u011fin ka\u011f\u0131t vb.) tespiti<\/p><\/p>","protected":false},"excerpt":{"rendered":"<p>Mesafe ve Engel Alg\u0131lama Sens\u00f6r\u00fc \u2013 K\u0131z\u0131l\u00f6tesi (IR), k\u0131z\u0131l\u00f6tesi radyasyon (IR) kullanarak bir nesnenin varl\u0131\u011f\u0131n\u0131 veya mesafesini alg\u0131lar.<\/p>","protected":false},"featured_media":5597,"comment_status":"open","ping_status":"closed","template":"","meta":{"site-sidebar-layout":"default","site-content-layout":"","ast-site-content-layout":"default","site-content-style":"default","site-sidebar-style":"default","ast-global-header-display":"","ast-banner-title-visibility":"","ast-main-header-display":"","ast-hfb-above-header-display":"","ast-hfb-below-header-display":"","ast-hfb-mobile-header-display":"","site-post-title":"","ast-breadcrumbs-content":"","ast-featured-img":"","footer-sml-layout":"","ast-disable-related-posts":"","theme-transparent-header-meta":"","adv-header-id-meta":"","stick-header-meta":"","header-above-stick-meta":"","header-main-stick-meta":"","header-below-stick-meta":"","astra-migrate-meta-layouts":"default","ast-page-background-enabled":"default","ast-page-background-meta":{"desktop":{"background-color":"var(--ast-global-color-5)","background-image":"","background-repeat":"repeat","background-position":"center center","background-size":"auto","background-attachment":"scroll","background-type":"","background-media":"","overlay-type":"","overlay-color":"","overlay-opacity":"","overlay-gradient":""},"tablet":{"background-color":"","background-image":"","background-repeat":"repeat","background-position":"center center","background-size":"auto","background-attachment":"scroll","background-type":"","background-media":"","overlay-type":"","overlay-color":"","overlay-opacity":"","overlay-gradient":""},"mobile":{"background-color":"","background-image":"","background-repeat":"repeat","background-position":"center center","background-size":"auto","background-attachment":"scroll","background-type":"","background-media":"","overlay-type":"","overlay-color":"","overlay-opacity":"","overlay-gradient":""}},"ast-content-background-meta":{"desktop":{"background-color":"var(--ast-global-color-4)","background-image":"","background-repeat":"repeat","background-position":"center center","background-size":"auto","background-attachment":"scroll","background-type":"","background-media":"","overlay-type":"","overlay-color":"","overlay-opacity":"","overlay-gradient":""},"tablet":{"background-color":"var(--ast-global-color-4)","background-image":"","background-repeat":"repeat","background-position":"center center","background-size":"auto","background-attachment":"scroll","background-type":"","background-media":"","overlay-type":"","overlay-color":"","overlay-opacity":"","overlay-gradient":""},"mobile":{"background-color":"var(--ast-global-color-4)","background-image":"","background-repeat":"repeat","background-position":"center center","background-size":"auto","background-attachment":"scroll","background-type":"","background-media":"","overlay-type":"","overlay-color":"","overlay-opacity":"","overlay-gradient":""}}},"product_brand":[103],"product_cat":[52,29,32,57,35,40,59],"product_tag":[],"class_list":{"0":"post-6677","1":"product","2":"type-product","3":"status-publish","4":"has-post-thumbnail","6":"product_brand-funduino","7":"product_cat-52","8":"product_cat-29","9":"product_cat-32","10":"product_cat-57","11":"product_cat--10-12-","12":"product_cat--12-","13":"product_cat-59","14":"desktop-align-left","15":"tablet-align-left","16":"mobile-align-left","18":"first","19":"instock","20":"taxable","21":"shipping-taxable","22":"purchasable","23":"product-type-simple"},"_links":{"self":[{"href":"https:\/\/stem-eshop.gr\/tr\/wp-json\/wp\/v2\/product\/6677","targetHints":{"allow":["GET"]}}],"collection":[{"href":"https:\/\/stem-eshop.gr\/tr\/wp-json\/wp\/v2\/product"}],"about":[{"href":"https:\/\/stem-eshop.gr\/tr\/wp-json\/wp\/v2\/types\/product"}],"replies":[{"embeddable":true,"href":"https:\/\/stem-eshop.gr\/tr\/wp-json\/wp\/v2\/comments?post=6677"}],"wp:featuredmedia":[{"embeddable":true,"href":"https:\/\/stem-eshop.gr\/tr\/wp-json\/wp\/v2\/media\/5597"}],"wp:attachment":[{"href":"https:\/\/stem-eshop.gr\/tr\/wp-json\/wp\/v2\/media?parent=6677"}],"wp:term":[{"taxonomy":"product_brand","embeddable":true,"href":"https:\/\/stem-eshop.gr\/tr\/wp-json\/wp\/v2\/product_brand?post=6677"},{"taxonomy":"product_cat","embeddable":true,"href":"https:\/\/stem-eshop.gr\/tr\/wp-json\/wp\/v2\/product_cat?post=6677"},{"taxonomy":"product_tag","embeddable":true,"href":"https:\/\/stem-eshop.gr\/tr\/wp-json\/wp\/v2\/product_tag?post=6677"}],"curies":[{"name":"wp","href":"https:\/\/api.w.org\/{rel}","templated":true}]}}