{"id":6673,"date":"2025-05-19T08:31:38","date_gmt":"2025-05-19T08:31:38","guid":{"rendered":"https:\/\/stem-eshop.gr\/product\/%ce%b1%ce%bd%ce%b9%cf%87%ce%bd%ce%b5%cf%85%cf%84%ce%ae%cf%82-%ce%ba%ce%af%ce%bd%ce%b7%cf%83%ce%b7%cf%82-sr602-mini-pir-%ce%b1%ce%b9%cf%83%ce%b8%ce%b7%cf%84%ce%ae%cf%81%ce%b1%cf%82-%ce%b1%ce%bd%ce%af\/"},"modified":"2025-05-22T21:13:34","modified_gmt":"2025-05-22T18:13:34","slug":"%ce%b1%ce%bd%ce%b9%cf%87%ce%bd%ce%b5%cf%85%cf%84%ce%ae%cf%82-%ce%ba%ce%af%ce%bd%ce%b7%cf%83%ce%b7%cf%82-sr602-mini-pir-%ce%b1%ce%b9%cf%83%ce%b8%ce%b7%cf%84%ce%ae%cf%81%ce%b1%cf%82-%ce%b1%ce%bd%ce%af","status":"publish","type":"product","link":"https:\/\/stem-eshop.gr\/tr\/urun\/%ce%b1%ce%bd%ce%b9%cf%87%ce%bd%ce%b5%cf%85%cf%84%ce%ae%cf%82-%ce%ba%ce%af%ce%bd%ce%b7%cf%83%ce%b7%cf%82-sr602-mini-pir-%ce%b1%ce%b9%cf%83%ce%b8%ce%b7%cf%84%ce%ae%cf%81%ce%b1%cf%82-%ce%b1%ce%bd%ce%af\/","title":{"rendered":"Hareket dedekt\u00f6r\u00fc SR602 M\u0130N\u0130 PIR hareket alg\u0131lama sens\u00f6r\u00fc."},"content":{"rendered":"<p>Bu model, y\u00fcksek hassasiyet, h\u0131zl\u0131 tepki s\u00fcresi, d\u00fc\u015f\u00fck bekleme g\u00fcc\u00fc t\u00fcketimi, k\u00fc\u00e7\u00fck boyut ve kolay kurulum \u00f6zellikleriyle \u00f6ne \u00e7\u0131k\u0131yor. Lens ve pin ba\u015fl\u0131\u011f\u0131 lehimli oldu\u011fundan, g\u00fc\u00e7 kayna\u011f\u0131 sorunsuz bir \u015fekilde sa\u011flan\u0131yor.<\/p>\n<p>V\u00fccut sens\u00f6rl\u00fc ayd\u0131nlatma, alarm, g\u00fcvenlik ve eri\u015fim kontrol\u00fc i\u00e7in kullan\u0131labilir. Bu \u00fcr\u00fcn\u00fcn y\u00fcksek seviye \u00e7\u0131k\u0131\u015f s\u00fcresi ayarlanabilir olup, fabrika \u00e7\u0131k\u0131\u015f s\u00fcresi 2,5 saniyeden 1 saate kadar ayarlanabilir.<\/p>\n<p>Varsay\u0131lan s\u00fcre yakla\u015f\u0131k 3 saniyedir. Bu s\u00fcre, diren\u00e7 lehimleyerek de\u011fi\u015ftirilebilir, ancak Arduino ile kullan\u0131m i\u00e7in nadiren faydal\u0131d\u0131r.<\/p>\n<p>Modelin besleme gerilimi 3,3V ile 15V aras\u0131nda olup gerilim s\u0131n\u0131r\u0131 ise 2,8V ile 18V aras\u0131ndad\u0131r.<\/p>\n<p>Sens\u00f6r \u00e7\u0131k\u0131\u015f\u0131 \u015fu \u015fekildedir: a\u00e7\u0131ld\u0131ktan 2 saniye sonra y\u00fcksek seviye \u00fcretiyor, daha sonra d\u00fc\u015f\u00fck seviyeye iniyor ve bekleme moduna giriyor.<\/p>\n<p>Bu model olduk\u00e7a hassast\u0131r, bu nedenle kurulum yerine dikkat edin ve \u0131s\u0131 kaynaklar\u0131ndan (\u00f6rne\u011fin hava kanallar\u0131 veya do\u011frudan g\u00fcne\u015f \u0131\u015f\u0131\u011f\u0131) ka\u00e7\u0131n\u0131n. Hassasiyet ayr\u0131ca bir diren\u00e7 (panel) arac\u0131l\u0131\u011f\u0131yla da de\u011fi\u015ftirilebilir.<\/p>\n<\/p>\n<p>Teknik \u00d6zellikler:<\/p>\n<p>Model: SR-602 (\u0130nsan v\u00fccudu i\u00e7in piroelektrik k\u0131z\u0131l\u00f6tesi sens\u00f6r)<\/p>\n<p>Alg\u0131lama mesafesi: 5 metreye kadar (\u00f6nerilen mesafe: 0-3,5 m)<\/p>\n<p>\u00c7\u0131k\u0131\u015f: Y\u00fcksek = 3,3 V, D\u00fc\u015f\u00fck = 0 V<\/p>\n<p>G\u00fc\u00e7 kayna\u011f\u0131: DC 3,3 V \u2013 15 V<\/p>\n<p>Bekleme ak\u0131m\u0131: 20 \u03bcA<\/p>\n<p>Sens\u00f6r \u00e7ap\u0131: 13,5 mm<\/p>\n<p>Mercek \u00e7ap\u0131: 10 mm<\/p><\/p>","protected":false},"excerpt":{"rendered":"<p>Bu hareket dedekt\u00f6r\u00fc, PIR sens\u00f6r\u00fc (hareket dedekt\u00f6r\u00fc) olarak adland\u0131r\u0131lan sens\u00f6r\u00fcn daha yeni ve daha kompakt bir versiyonudur.<\/p>\n<p>Sens\u00f6r, a\u015fa\u011f\u0131 bakan pimler kullan\u0131larak devre tahtas\u0131na monte edilebilme avantaj\u0131na sahiptir. Ancak hassasiyet gibi detayl\u0131 ayarlar daha karma\u015f\u0131kt\u0131r ve diren\u00e7 lehimlenerek ger\u00e7ekle\u015ftirilir.<\/p>","protected":false},"featured_media":5578,"comment_status":"open","ping_status":"closed","template":"","meta":{"site-sidebar-layout":"default","site-content-layout":"","ast-site-content-layout":"default","site-content-style":"default","site-sidebar-style":"default","ast-global-header-display":"","ast-banner-title-visibility":"","ast-main-header-display":"","ast-hfb-above-header-display":"","ast-hfb-below-header-display":"","ast-hfb-mobile-header-display":"","site-post-title":"","ast-breadcrumbs-content":"","ast-featured-img":"","footer-sml-layout":"","ast-disable-related-posts":"","theme-transparent-header-meta":"","adv-header-id-meta":"","stick-header-meta":"","header-above-stick-meta":"","header-main-stick-meta":"","header-below-stick-meta":"","astra-migrate-meta-layouts":"default","ast-page-background-enabled":"default","ast-page-background-meta":{"desktop":{"background-color":"var(--ast-global-color-5)","background-image":"","background-repeat":"repeat","background-position":"center center","background-size":"auto","background-attachment":"scroll","background-type":"","background-media":"","overlay-type":"","overlay-color":"","overlay-opacity":"","overlay-gradient":""},"tablet":{"background-color":"","background-image":"","background-repeat":"repeat","background-position":"center center","background-size":"auto","background-attachment":"scroll","background-type":"","background-media":"","overlay-type":"","overlay-color":"","overlay-opacity":"","overlay-gradient":""},"mobile":{"background-color":"","background-image":"","background-repeat":"repeat","background-position":"center center","background-size":"auto","background-attachment":"scroll","background-type":"","background-media":"","overlay-type":"","overlay-color":"","overlay-opacity":"","overlay-gradient":""}},"ast-content-background-meta":{"desktop":{"background-color":"var(--ast-global-color-4)","background-image":"","background-repeat":"repeat","background-position":"center center","background-size":"auto","background-attachment":"scroll","background-type":"","background-media":"","overlay-type":"","overlay-color":"","overlay-opacity":"","overlay-gradient":""},"tablet":{"background-color":"var(--ast-global-color-4)","background-image":"","background-repeat":"repeat","background-position":"center center","background-size":"auto","background-attachment":"scroll","background-type":"","background-media":"","overlay-type":"","overlay-color":"","overlay-opacity":"","overlay-gradient":""},"mobile":{"background-color":"var(--ast-global-color-4)","background-image":"","background-repeat":"repeat","background-position":"center center","background-size":"auto","background-attachment":"scroll","background-type":"","background-media":"","overlay-type":"","overlay-color":"","overlay-opacity":"","overlay-gradient":""}}},"product_brand":[103],"product_cat":[52,29,32,57,35,40,59],"product_tag":[],"class_list":{"0":"post-6673","1":"product","2":"type-product","3":"status-publish","4":"has-post-thumbnail","6":"product_brand-funduino","7":"product_cat-52","8":"product_cat-29","9":"product_cat-32","10":"product_cat-57","11":"product_cat--10-12-","12":"product_cat--12-","13":"product_cat-59","14":"desktop-align-left","15":"tablet-align-left","16":"mobile-align-left","18":"first","19":"instock","20":"taxable","21":"shipping-taxable","22":"purchasable","23":"product-type-simple"},"_links":{"self":[{"href":"https:\/\/stem-eshop.gr\/tr\/wp-json\/wp\/v2\/product\/6673","targetHints":{"allow":["GET"]}}],"collection":[{"href":"https:\/\/stem-eshop.gr\/tr\/wp-json\/wp\/v2\/product"}],"about":[{"href":"https:\/\/stem-eshop.gr\/tr\/wp-json\/wp\/v2\/types\/product"}],"replies":[{"embeddable":true,"href":"https:\/\/stem-eshop.gr\/tr\/wp-json\/wp\/v2\/comments?post=6673"}],"wp:featuredmedia":[{"embeddable":true,"href":"https:\/\/stem-eshop.gr\/tr\/wp-json\/wp\/v2\/media\/5578"}],"wp:attachment":[{"href":"https:\/\/stem-eshop.gr\/tr\/wp-json\/wp\/v2\/media?parent=6673"}],"wp:term":[{"taxonomy":"product_brand","embeddable":true,"href":"https:\/\/stem-eshop.gr\/tr\/wp-json\/wp\/v2\/product_brand?post=6673"},{"taxonomy":"product_cat","embeddable":true,"href":"https:\/\/stem-eshop.gr\/tr\/wp-json\/wp\/v2\/product_cat?post=6673"},{"taxonomy":"product_tag","embeddable":true,"href":"https:\/\/stem-eshop.gr\/tr\/wp-json\/wp\/v2\/product_tag?post=6673"}],"curies":[{"name":"wp","href":"https:\/\/api.w.org\/{rel}","templated":true}]}}