{"id":6670,"date":"2025-05-19T08:31:34","date_gmt":"2025-05-19T08:31:34","guid":{"rendered":"https:\/\/stem-eshop.gr\/product\/%ce%b1%ce%bd%ce%b5%ce%bc%ce%b9%cf%83%cf%84%ce%ae%cf%81%ce%b1%cf%82-12v-%ce%bc%ce%b5-%cf%83%cf%8d%ce%bd%ce%b4%ce%b5%cf%83%ce%bc%ce%bf-jst-2p-30-x-30-x-10-mm\/"},"modified":"2026-02-06T14:42:36","modified_gmt":"2026-02-06T11:42:36","slug":"%ce%b1%ce%bd%ce%b5%ce%bc%ce%b9%cf%83%cf%84%ce%ae%cf%81%ce%b1%cf%82-12v-%ce%bc%ce%b5-%cf%83%cf%8d%ce%bd%ce%b4%ce%b5%cf%83%ce%bc%ce%bf-jst-2p-30-x-30-x-10-mm","status":"publish","type":"product","link":"https:\/\/stem-eshop.gr\/tr\/urun\/%ce%b1%ce%bd%ce%b5%ce%bc%ce%b9%cf%83%cf%84%ce%ae%cf%81%ce%b1%cf%82-12v-%ce%bc%ce%b5-%cf%83%cf%8d%ce%bd%ce%b4%ce%b5%cf%83%ce%bc%ce%bf-jst-2p-30-x-30-x-10-mm\/","title":{"rendered":"JST-2P konnekt\u00f6rl\u00fc 12V fan \u2013 30 x 30 x 10 mm"},"content":{"rendered":"<p class=\"MsoNormal\">JST-2P konnekt\u00f6rl\u00fc 12V fan esas olarak \u015funlar i\u00e7in kullan\u0131l\u0131r:<\/p>\n<\/p>\n<p class=\"MsoNormal\">Elektronik devre so\u011futmas\u0131 \u2013 K\u00fc\u00e7\u00fck bilgisayarlarda, g\u00fc\u00e7 \u00fcnitelerinde, sens\u00f6rlerde ve di\u011fer elektronik bile\u015fenlerde a\u015f\u0131r\u0131 \u0131s\u0131nmay\u0131 \u00f6nlemek i\u00e7in kullan\u0131l\u0131r.<\/p>\n<\/p>\n<p class=\"MsoNormal\">3D Yaz\u0131c\u0131lar \u2013 Genellikle 3D yaz\u0131c\u0131lar\u0131n ekstruderlerini veya elektronik kartlar\u0131n\u0131 so\u011futmak i\u00e7in kullan\u0131l\u0131r.<\/p>\n<\/p>\n<p class=\"MsoNormal\">Mini PC, Raspberry Pi ve Arduino Projeleri \u2013 Kendin yap elektronik projelerinde sabit bir s\u0131cakl\u0131\u011f\u0131n korunmas\u0131na yard\u0131mc\u0131 olur.<\/p>\n<\/p>\n<p class=\"MsoNormal\">G\u00fc\u00e7 kaynaklar\u0131 ve k\u00fc\u00e7\u00fck ev aletleri \u2013 Uzun s\u00fcre \u00e7al\u0131\u015fan g\u00fc\u00e7 kaynaklar\u0131nda veya di\u011fer cihazlarda d\u00fc\u015f\u00fck s\u0131cakl\u0131klar\u0131n korunmas\u0131na yard\u0131mc\u0131 olur.<\/p>\n<\/p>\n<p class=\"MsoNormal\">End\u00fcstriyel uygulamalar \u2013 S\u00fcrekli havaland\u0131rman\u0131n gerekli oldu\u011fu otomasyon veya kontrol sistemlerinde kullan\u0131l\u0131r.<\/p>\n<\/p>\n<p class=\"MsoNormal\">Ba\u011flant\u0131: Fan, g\u00fc\u00e7 kayna\u011f\u0131na sa\u011flam ve g\u00fcvenli bir ba\u011flant\u0131 sa\u011flayan JST-2P konnekt\u00f6r\u00fc arac\u0131l\u0131\u011f\u0131yla kolayca ba\u011flan\u0131r.<\/p>\n<\/p>\n<p>\u00c7al\u0131\u015fma voltaj\u0131: 12V<br \/>Ak\u0131m: 0,08A<\/p>","protected":false},"excerpt":{"rendered":"<p>JST-2P konnekt\u00f6rl\u00fc 12V fan, esas olarak elektronik devrelerin so\u011futulmas\u0131 i\u00e7in kullan\u0131l\u0131r<\/p>","protected":false},"featured_media":5567,"comment_status":"open","ping_status":"closed","template":"","meta":{"site-sidebar-layout":"default","site-content-layout":"","ast-site-content-layout":"default","site-content-style":"default","site-sidebar-style":"default","ast-global-header-display":"","ast-banner-title-visibility":"","ast-main-header-display":"","ast-hfb-above-header-display":"","ast-hfb-below-header-display":"","ast-hfb-mobile-header-display":"","site-post-title":"","ast-breadcrumbs-content":"","ast-featured-img":"","footer-sml-layout":"","ast-disable-related-posts":"","theme-transparent-header-meta":"","adv-header-id-meta":"","stick-header-meta":"","header-above-stick-meta":"","header-main-stick-meta":"","header-below-stick-meta":"","astra-migrate-meta-layouts":"default","ast-page-background-enabled":"default","ast-page-background-meta":{"desktop":{"background-color":"var(--ast-global-color-5)","background-image":"","background-repeat":"repeat","background-position":"center center","background-size":"auto","background-attachment":"scroll","background-type":"","background-media":"","overlay-type":"","overlay-color":"","overlay-opacity":"","overlay-gradient":""},"tablet":{"background-color":"","background-image":"","background-repeat":"repeat","background-position":"center center","background-size":"auto","background-attachment":"scroll","background-type":"","background-media":"","overlay-type":"","overlay-color":"","overlay-opacity":"","overlay-gradient":""},"mobile":{"background-color":"","background-image":"","background-repeat":"repeat","background-position":"center center","background-size":"auto","background-attachment":"scroll","background-type":"","background-media":"","overlay-type":"","overlay-color":"","overlay-opacity":"","overlay-gradient":""}},"ast-content-background-meta":{"desktop":{"background-color":"var(--ast-global-color-4)","background-image":"","background-repeat":"repeat","background-position":"center center","background-size":"auto","background-attachment":"scroll","background-type":"","background-media":"","overlay-type":"","overlay-color":"","overlay-opacity":"","overlay-gradient":""},"tablet":{"background-color":"var(--ast-global-color-4)","background-image":"","background-repeat":"repeat","background-position":"center center","background-size":"auto","background-attachment":"scroll","background-type":"","background-media":"","overlay-type":"","overlay-color":"","overlay-opacity":"","overlay-gradient":""},"mobile":{"background-color":"var(--ast-global-color-4)","background-image":"","background-repeat":"repeat","background-position":"center center","background-size":"auto","background-attachment":"scroll","background-type":"","background-media":"","overlay-type":"","overlay-color":"","overlay-opacity":"","overlay-gradient":""}}},"product_brand":[103],"product_cat":[52,29,32,57,35,40,59],"product_tag":[],"class_list":{"0":"post-6670","1":"product","2":"type-product","3":"status-publish","4":"has-post-thumbnail","6":"product_brand-funduino","7":"product_cat-52","8":"product_cat-29","9":"product_cat-32","10":"product_cat-57","11":"product_cat--10-12-","12":"product_cat--12-","13":"product_cat-59","14":"desktop-align-left","15":"tablet-align-left","16":"mobile-align-left","18":"first","19":"instock","20":"taxable","21":"shipping-taxable","22":"purchasable","23":"product-type-simple"},"_links":{"self":[{"href":"https:\/\/stem-eshop.gr\/tr\/wp-json\/wp\/v2\/product\/6670","targetHints":{"allow":["GET"]}}],"collection":[{"href":"https:\/\/stem-eshop.gr\/tr\/wp-json\/wp\/v2\/product"}],"about":[{"href":"https:\/\/stem-eshop.gr\/tr\/wp-json\/wp\/v2\/types\/product"}],"replies":[{"embeddable":true,"href":"https:\/\/stem-eshop.gr\/tr\/wp-json\/wp\/v2\/comments?post=6670"}],"wp:featuredmedia":[{"embeddable":true,"href":"https:\/\/stem-eshop.gr\/tr\/wp-json\/wp\/v2\/media\/5567"}],"wp:attachment":[{"href":"https:\/\/stem-eshop.gr\/tr\/wp-json\/wp\/v2\/media?parent=6670"}],"wp:term":[{"taxonomy":"product_brand","embeddable":true,"href":"https:\/\/stem-eshop.gr\/tr\/wp-json\/wp\/v2\/product_brand?post=6670"},{"taxonomy":"product_cat","embeddable":true,"href":"https:\/\/stem-eshop.gr\/tr\/wp-json\/wp\/v2\/product_cat?post=6670"},{"taxonomy":"product_tag","embeddable":true,"href":"https:\/\/stem-eshop.gr\/tr\/wp-json\/wp\/v2\/product_tag?post=6670"}],"curies":[{"name":"wp","href":"https:\/\/api.w.org\/{rel}","templated":true}]}}