{"id":6662,"date":"2025-05-19T08:31:25","date_gmt":"2025-05-19T08:31:25","guid":{"rendered":"https:\/\/stem-eshop.gr\/product\/funduino-nano-r3-%ce%bc%ce%b5-%ce%b1%cf%85%ce%b8%ce%b5%ce%bd%cf%84%ce%b9%ce%ba%cf%8c-chipset-ftdi\/"},"modified":"2025-05-22T21:13:33","modified_gmt":"2025-05-22T18:13:33","slug":"funduino-nano-r3-%ce%bc%ce%b5-%ce%b1%cf%85%ce%b8%ce%b5%ce%bd%cf%84%ce%b9%ce%ba%cf%8c-chipset-ftdi","status":"publish","type":"product","link":"https:\/\/stem-eshop.gr\/tr\/urun\/funduino-nano-r3-%ce%bc%ce%b5-%ce%b1%cf%85%ce%b8%ce%b5%ce%bd%cf%84%ce%b9%ce%ba%cf%8c-chipset-ftdi\/","title":{"rendered":"Funduino NANO R3 \u2013 orijinal FTDI yonga setiyle"},"content":{"rendered":"<p class=\"MsoNormal\">TX, RX ve LED L ile.<\/p>\n<p class=\"MsoNormal\">\u00d6nerilen giri\u015f voltaj\u0131: 7-12V.<\/p>\n<\/p>\n<p class=\"MsoNormal\">14 adet dijital port (6 adet PWM portu dahil) ile.<\/p>\n<\/p>\n<p class=\"MsoNormal\">8 analog portlu.<\/p>\n<\/p>\n<p class=\"MsoNormal\">Flash bellek: 32KB (2KB bootloader taraf\u0131ndan kullan\u0131l\u0131yor).<\/p>\n<\/p>\n<p class=\"MsoNormal\">SRAM: 2KB.<\/p>\n<\/p>\n<p class=\"MsoNormal\">EEPROM: 1KB.<\/p>\n<\/p>\n<p class=\"MsoNormal\">Saat frekans\u0131: 16 MHz.<\/p><\/p>","protected":false},"excerpt":{"rendered":"<p>Funduino NANO R3, FTDI yonga setine sahip Arduino IDE ile tam uyumludur! -&gt; CH340 yongas\u0131n\u0131n aksine, s\u00fcr\u00fcc\u00fc kurulumuna gerek yoktur!<\/p>","protected":false},"featured_media":5542,"comment_status":"open","ping_status":"closed","template":"","meta":{"site-sidebar-layout":"default","site-content-layout":"","ast-site-content-layout":"default","site-content-style":"default","site-sidebar-style":"default","ast-global-header-display":"","ast-banner-title-visibility":"","ast-main-header-display":"","ast-hfb-above-header-display":"","ast-hfb-below-header-display":"","ast-hfb-mobile-header-display":"","site-post-title":"","ast-breadcrumbs-content":"","ast-featured-img":"","footer-sml-layout":"","ast-disable-related-posts":"","theme-transparent-header-meta":"","adv-header-id-meta":"","stick-header-meta":"","header-above-stick-meta":"","header-main-stick-meta":"","header-below-stick-meta":"","astra-migrate-meta-layouts":"default","ast-page-background-enabled":"default","ast-page-background-meta":{"desktop":{"background-color":"var(--ast-global-color-5)","background-image":"","background-repeat":"repeat","background-position":"center center","background-size":"auto","background-attachment":"scroll","background-type":"","background-media":"","overlay-type":"","overlay-color":"","overlay-opacity":"","overlay-gradient":""},"tablet":{"background-color":"","background-image":"","background-repeat":"repeat","background-position":"center center","background-size":"auto","background-attachment":"scroll","background-type":"","background-media":"","overlay-type":"","overlay-color":"","overlay-opacity":"","overlay-gradient":""},"mobile":{"background-color":"","background-image":"","background-repeat":"repeat","background-position":"center center","background-size":"auto","background-attachment":"scroll","background-type":"","background-media":"","overlay-type":"","overlay-color":"","overlay-opacity":"","overlay-gradient":""}},"ast-content-background-meta":{"desktop":{"background-color":"var(--ast-global-color-4)","background-image":"","background-repeat":"repeat","background-position":"center center","background-size":"auto","background-attachment":"scroll","background-type":"","background-media":"","overlay-type":"","overlay-color":"","overlay-opacity":"","overlay-gradient":""},"tablet":{"background-color":"var(--ast-global-color-4)","background-image":"","background-repeat":"repeat","background-position":"center center","background-size":"auto","background-attachment":"scroll","background-type":"","background-media":"","overlay-type":"","overlay-color":"","overlay-opacity":"","overlay-gradient":""},"mobile":{"background-color":"var(--ast-global-color-4)","background-image":"","background-repeat":"repeat","background-position":"center center","background-size":"auto","background-attachment":"scroll","background-type":"","background-media":"","overlay-type":"","overlay-color":"","overlay-opacity":"","overlay-gradient":""}}},"product_brand":[103],"product_cat":[52,29,32,57,35,40,59],"product_tag":[],"class_list":{"0":"post-6662","1":"product","2":"type-product","3":"status-publish","4":"has-post-thumbnail","6":"product_brand-funduino","7":"product_cat-52","8":"product_cat-29","9":"product_cat-32","10":"product_cat-57","11":"product_cat--10-12-","12":"product_cat--12-","13":"product_cat-59","14":"desktop-align-left","15":"tablet-align-left","16":"mobile-align-left","18":"first","19":"instock","20":"taxable","21":"shipping-taxable","22":"purchasable","23":"product-type-simple"},"_links":{"self":[{"href":"https:\/\/stem-eshop.gr\/tr\/wp-json\/wp\/v2\/product\/6662","targetHints":{"allow":["GET"]}}],"collection":[{"href":"https:\/\/stem-eshop.gr\/tr\/wp-json\/wp\/v2\/product"}],"about":[{"href":"https:\/\/stem-eshop.gr\/tr\/wp-json\/wp\/v2\/types\/product"}],"replies":[{"embeddable":true,"href":"https:\/\/stem-eshop.gr\/tr\/wp-json\/wp\/v2\/comments?post=6662"}],"wp:featuredmedia":[{"embeddable":true,"href":"https:\/\/stem-eshop.gr\/tr\/wp-json\/wp\/v2\/media\/5542"}],"wp:attachment":[{"href":"https:\/\/stem-eshop.gr\/tr\/wp-json\/wp\/v2\/media?parent=6662"}],"wp:term":[{"taxonomy":"product_brand","embeddable":true,"href":"https:\/\/stem-eshop.gr\/tr\/wp-json\/wp\/v2\/product_brand?post=6662"},{"taxonomy":"product_cat","embeddable":true,"href":"https:\/\/stem-eshop.gr\/tr\/wp-json\/wp\/v2\/product_cat?post=6662"},{"taxonomy":"product_tag","embeddable":true,"href":"https:\/\/stem-eshop.gr\/tr\/wp-json\/wp\/v2\/product_tag?post=6662"}],"curies":[{"name":"wp","href":"https:\/\/api.w.org\/{rel}","templated":true}]}}