{"id":6646,"date":"2025-05-19T08:31:06","date_gmt":"2025-05-19T08:31:06","guid":{"rendered":"https:\/\/stem-eshop.gr\/product\/%cf%83%ce%b5%cf%84-%ce%bc%ce%b1%ce%b3%ce%bd%ce%b7%cf%84%ce%b9%ce%ba%ce%ac-%cf%84%ce%bf%cf%85%ce%b2%ce%bb%ce%ac%ce%ba%ce%b9%ce%b1-68-%cf%84%ce%bc%cf%87\/"},"modified":"2025-12-17T16:13:17","modified_gmt":"2025-12-17T13:13:17","slug":"%cf%83%ce%b5%cf%84-%ce%bc%ce%b1%ce%b3%ce%bd%ce%b7%cf%84%ce%b9%ce%ba%ce%ac-%cf%84%ce%bf%cf%85%ce%b2%ce%bb%ce%ac%ce%ba%ce%b9%ce%b1-68-%cf%84%ce%bc%cf%87","status":"publish","type":"product","link":"https:\/\/stem-eshop.gr\/tr\/urun\/%cf%83%ce%b5%cf%84-%ce%bc%ce%b1%ce%b3%ce%bd%ce%b7%cf%84%ce%b9%ce%ba%ce%ac-%cf%84%ce%bf%cf%85%ce%b2%ce%bb%ce%ac%ce%ba%ce%b9%ce%b1-68-%cf%84%ce%bc%cf%87\/","title":{"rendered":"Manyetik Yap\u0131 Bloklar\u0131 Seti 68 Par\u00e7a"},"content":{"rendered":"<p class=\"MsoNormal\">\u00d6zellikler:<\/p>\n<p class=\"MsoNormal\">Farkl\u0131 \u015eekil ve Renklerde 68 Par\u00e7a: Sonsuz kombinasyonlar i\u00e7in \u00fc\u00e7genler, kareler ve di\u011fer geometrik \u015fekiller i\u00e7erir.<\/p>\n<p class=\"MsoNormal\">G\u00fc\u00e7l\u00fc M\u0131knat\u0131slar: Tu\u011flalar kolayca birbirine ba\u011flan\u0131r ve yap\u0131ya sa\u011flaml\u0131k kazand\u0131r\u0131r.<\/p>\n<p class=\"MsoNormal\">G\u00fcvenli Malzeme: Toksik olmayan, y\u00fcksek kaliteli ABS plastikten \u00fcretilmi\u015ftir, darbeye dayan\u0131kl\u0131d\u0131r.<\/p>\n<p class=\"MsoNormal\">\u00c7oklu Yap\u0131m Olanaklar\u0131: \u00c7ocuklar\u0131n \u00e7e\u015fitli geometrik \u015fekiller ve \u00e7ok daha fazlas\u0131n\u0131 yaratmas\u0131na olanak tan\u0131r.<\/p>\n<p class=\"MsoNormal\">E\u011fitimsel Faydalar:<\/p>\n<p class=\"MsoNormal\">STEM Beceri Geli\u015ftirme: \u00c7ocuklara m\u00fchendislik, geometri ve fizik kavramlar\u0131n\u0131 tan\u0131t\u0131r.<\/p>\n<p class=\"MsoNormal\">Yarat\u0131c\u0131l\u0131k ve Hayal G\u00fcc\u00fc: \u00c7ocuklar\u0131n hayal g\u00fc\u00e7lerini geli\u015ftirerek \u00f6zg\u00fcn yap\u0131lar yaratmalar\u0131 te\u015fvik edilir.<\/p>\n<p class=\"MsoNormal\">El-G\u00f6z Koordinasyonu: Motor becerileri ve ince motor becerilerini geli\u015ftirir.<\/p>\n<p class=\"MsoNormal\">\u0130\u015fbirli\u011fi ve Sosyallik: Tak\u0131m oyunu i\u00e7in idealdir, i\u015fbirli\u011fini art\u0131r\u0131r.<\/p>\n<p class=\"MsoNormal\">\u0130deal Olanlar \u0130\u00e7in:<\/p>\n<p class=\"MsoNormal\">3 ya\u015f ve \u00fczeri \u00e7ocuklar.<\/p>\n<p class=\"MsoNormal\">S\u0131n\u0131flarda e\u011fitim ama\u00e7l\u0131 veya evde yarat\u0131c\u0131 oyun ama\u00e7l\u0131 kullan\u0131labilir.<\/p>\n<p class=\"MsoNormal\">68 par\u00e7adan olu\u015fan manyetik yap\u0131 ta\u015f\u0131 seti, \u00e7ocuklar\u0131 bilim ve m\u00fchendislik d\u00fcnyas\u0131yla tan\u0131\u015ft\u0131rmak i\u00e7in m\u00fckemmel bir ara\u00e7t\u0131r ve saatlerce yarat\u0131c\u0131 ve e\u011fitici e\u011flence sunar!<\/p>","protected":false},"excerpt":{"rendered":"<p>Benzersiz, yumu\u015fak renklerden olu\u015fan 68 par\u00e7al\u0131 manyetik yap\u0131 blo\u011fu seti, \u00e7ocuklara yarat\u0131c\u0131 bir oyun deneyimi sunuyor.<\/p>\n<p>Hayal g\u00fcc\u00fcn\u00fc ve e\u011fitimi desteklemek i\u00e7in tasarlanan bu set, STEM (Fen, Teknoloji, M\u00fchendislik, Matematik) becerilerini geli\u015ftirmek i\u00e7in idealdir.<\/p>","protected":false},"featured_media":5485,"comment_status":"open","ping_status":"closed","template":"","meta":{"site-sidebar-layout":"default","site-content-layout":"","ast-site-content-layout":"default","site-content-style":"default","site-sidebar-style":"default","ast-global-header-display":"","ast-banner-title-visibility":"","ast-main-header-display":"","ast-hfb-above-header-display":"","ast-hfb-below-header-display":"","ast-hfb-mobile-header-display":"","site-post-title":"","ast-breadcrumbs-content":"","ast-featured-img":"","footer-sml-layout":"","ast-disable-related-posts":"","theme-transparent-header-meta":"default","adv-header-id-meta":"","stick-header-meta":"","header-above-stick-meta":"","header-main-stick-meta":"","header-below-stick-meta":"","astra-migrate-meta-layouts":"set","ast-page-background-enabled":"default","ast-page-background-meta":{"desktop":{"background-color":"var(--ast-global-color-5)","background-image":"","background-repeat":"repeat","background-position":"center center","background-size":"auto","background-attachment":"scroll","background-type":"","background-media":"","overlay-type":"","overlay-color":"","overlay-opacity":"","overlay-gradient":""},"tablet":{"background-color":"","background-image":"","background-repeat":"repeat","background-position":"center center","background-size":"auto","background-attachment":"scroll","background-type":"","background-media":"","overlay-type":"","overlay-color":"","overlay-opacity":"","overlay-gradient":""},"mobile":{"background-color":"","background-image":"","background-repeat":"repeat","background-position":"center center","background-size":"auto","background-attachment":"scroll","background-type":"","background-media":"","overlay-type":"","overlay-color":"","overlay-opacity":"","overlay-gradient":""}},"ast-content-background-meta":{"desktop":{"background-color":"var(--ast-global-color-4)","background-image":"","background-repeat":"repeat","background-position":"center center","background-size":"auto","background-attachment":"scroll","background-type":"","background-media":"","overlay-type":"","overlay-color":"","overlay-opacity":"","overlay-gradient":""},"tablet":{"background-color":"var(--ast-global-color-4)","background-image":"","background-repeat":"repeat","background-position":"center center","background-size":"auto","background-attachment":"scroll","background-type":"","background-media":"","overlay-type":"","overlay-color":"","overlay-opacity":"","overlay-gradient":""},"mobile":{"background-color":"var(--ast-global-color-4)","background-image":"","background-repeat":"repeat","background-position":"center center","background-size":"auto","background-attachment":"scroll","background-type":"","background-media":"","overlay-type":"","overlay-color":"","overlay-opacity":"","overlay-gradient":""}}},"product_brand":[107],"product_cat":[126,43,29,32,57,30,26,59],"product_tag":[],"class_list":{"0":"post-6646","1":"product","2":"type-product","3":"status-publish","4":"has-post-thumbnail","6":"product_brand-ngs","7":"product_cat-126","8":"product_cat-43","9":"product_cat-29","10":"product_cat-32","11":"product_cat-57","12":"product_cat--6-9-","13":"product_cat-26","14":"product_cat-59","15":"desktop-align-left","16":"tablet-align-left","17":"mobile-align-left","19":"first","20":"instock","21":"taxable","22":"shipping-taxable","23":"purchasable","24":"product-type-simple"},"_links":{"self":[{"href":"https:\/\/stem-eshop.gr\/tr\/wp-json\/wp\/v2\/product\/6646","targetHints":{"allow":["GET"]}}],"collection":[{"href":"https:\/\/stem-eshop.gr\/tr\/wp-json\/wp\/v2\/product"}],"about":[{"href":"https:\/\/stem-eshop.gr\/tr\/wp-json\/wp\/v2\/types\/product"}],"replies":[{"embeddable":true,"href":"https:\/\/stem-eshop.gr\/tr\/wp-json\/wp\/v2\/comments?post=6646"}],"wp:featuredmedia":[{"embeddable":true,"href":"https:\/\/stem-eshop.gr\/tr\/wp-json\/wp\/v2\/media\/5485"}],"wp:attachment":[{"href":"https:\/\/stem-eshop.gr\/tr\/wp-json\/wp\/v2\/media?parent=6646"}],"wp:term":[{"taxonomy":"product_brand","embeddable":true,"href":"https:\/\/stem-eshop.gr\/tr\/wp-json\/wp\/v2\/product_brand?post=6646"},{"taxonomy":"product_cat","embeddable":true,"href":"https:\/\/stem-eshop.gr\/tr\/wp-json\/wp\/v2\/product_cat?post=6646"},{"taxonomy":"product_tag","embeddable":true,"href":"https:\/\/stem-eshop.gr\/tr\/wp-json\/wp\/v2\/product_tag?post=6646"}],"curies":[{"name":"wp","href":"https:\/\/api.w.org\/{rel}","templated":true}]}}