{"id":6641,"date":"2025-05-19T08:30:58","date_gmt":"2025-05-19T08:30:58","guid":{"rendered":"https:\/\/stem-eshop.gr\/product\/mega-builds-dual-motor-helicopter\/"},"modified":"2025-05-22T21:13:31","modified_gmt":"2025-05-22T18:13:31","slug":"mega-builds-dual-motor-helicopter","status":"publish","type":"product","link":"https:\/\/stem-eshop.gr\/tr\/urun\/mega-builds-dual-motor-helicopter\/","title":{"rendered":"MEGA YAPILAR: \u00c7ift motorlu Helikopter"},"content":{"rendered":"<p>Elbette, modeller par\u00e7alara ayr\u0131labilir ve kullan\u0131c\u0131lar kendi fikirlerini geli\u015ftirmek i\u00e7in ENGINO&#039;nun par\u00e7alar\u0131n\u0131 yeniden yap\u0131land\u0131rabilirler. Zengin \u00f6zellikler, yarat\u0131c\u0131l\u0131\u011f\u0131 ve hayal g\u00fcc\u00fcn\u00fc serbest b\u0131rakarak en \u00fcst d\u00fczey bir yap\u0131m deneyimi sunar.<\/p>\n<p>Yeni MEGA BUILDS setleri daha kalitelidir ve par\u00e7alar\u0131n g\u00fcvenli bir \u015fekilde saklanmas\u0131 i\u00e7in b\u00fcy\u00fck plastik saklama kaplar\u0131nda gelir. \u00c7ocuklar, bu plastik kaplara di\u011fer ENGINO setlerine g\u00f6re daha fazla par\u00e7a ekleyebilirler.<\/p>\n<p>Modellerin boyutu ve karma\u015f\u0131kl\u0131\u011f\u0131 nedeniyle, t\u00fcm yap\u0131m talimatlar\u0131 iOS ve Android i\u00e7in \u00fccretsiz kidCAD uygulamas\u0131 arac\u0131l\u0131\u011f\u0131yla eri\u015filebilen sanal etkile\u015fimli bir formatta sunulmaktad\u0131r. Serinin ilk d\u00f6rt seti aras\u0131nda motorlu bir London Eye, 1,5 metre y\u00fcksekli\u011findeki Eyfel Kulesi, f\u0131rlatma roketleriyle birlikte NASA Challenger uzay meki\u011fi ve \u00e7ift motorlu ve di\u015fli mekanizmal\u0131 bir helikopter yer almaktad\u0131r.<\/p>","protected":false},"excerpt":{"rendered":"<p>Discovering Mega modellerinin b\u00fcy\u00fck ba\u015far\u0131s\u0131n\u0131n ard\u0131ndan, b\u00fcy\u00fck boyutlu bir MEGA modeli in\u015fa etmek ve bunu kal\u0131c\u0131 olarak sergilemek isteyen en hevesli ENGINO kullan\u0131c\u0131lar\u0131 i\u00e7in yeni bir \u00f6zel seri geli\u015ftirildi.<\/p>","protected":false},"featured_media":5452,"comment_status":"open","ping_status":"closed","template":"","meta":{"site-sidebar-layout":"default","site-content-layout":"","ast-site-content-layout":"default","site-content-style":"default","site-sidebar-style":"default","ast-global-header-display":"","ast-banner-title-visibility":"","ast-main-header-display":"","ast-hfb-above-header-display":"","ast-hfb-below-header-display":"","ast-hfb-mobile-header-display":"","site-post-title":"","ast-breadcrumbs-content":"","ast-featured-img":"","footer-sml-layout":"","ast-disable-related-posts":"","theme-transparent-header-meta":"default","adv-header-id-meta":"","stick-header-meta":"","header-above-stick-meta":"","header-main-stick-meta":"","header-below-stick-meta":"","astra-migrate-meta-layouts":"set","ast-page-background-enabled":"default","ast-page-background-meta":{"desktop":{"background-color":"var(--ast-global-color-5)","background-image":"","background-repeat":"repeat","background-position":"center center","background-size":"auto","background-attachment":"scroll","background-type":"","background-media":"","overlay-type":"","overlay-color":"","overlay-opacity":"","overlay-gradient":""},"tablet":{"background-color":"","background-image":"","background-repeat":"repeat","background-position":"center center","background-size":"auto","background-attachment":"scroll","background-type":"","background-media":"","overlay-type":"","overlay-color":"","overlay-opacity":"","overlay-gradient":""},"mobile":{"background-color":"","background-image":"","background-repeat":"repeat","background-position":"center center","background-size":"auto","background-attachment":"scroll","background-type":"","background-media":"","overlay-type":"","overlay-color":"","overlay-opacity":"","overlay-gradient":""}},"ast-content-background-meta":{"desktop":{"background-color":"var(--ast-global-color-4)","background-image":"","background-repeat":"repeat","background-position":"center center","background-size":"auto","background-attachment":"scroll","background-type":"","background-media":"","overlay-type":"","overlay-color":"","overlay-opacity":"","overlay-gradient":""},"tablet":{"background-color":"var(--ast-global-color-4)","background-image":"","background-repeat":"repeat","background-position":"center center","background-size":"auto","background-attachment":"scroll","background-type":"","background-media":"","overlay-type":"","overlay-color":"","overlay-opacity":"","overlay-gradient":""},"mobile":{"background-color":"var(--ast-global-color-4)","background-image":"","background-repeat":"repeat","background-position":"center center","background-size":"auto","background-attachment":"scroll","background-type":"","background-media":"","overlay-type":"","overlay-color":"","overlay-opacity":"","overlay-gradient":""}}},"product_brand":[95],"product_cat":[43,44,38,29,32,57,35,40,59,58],"product_tag":[],"class_list":{"0":"post-6641","1":"product","2":"type-product","3":"status-publish","4":"has-post-thumbnail","6":"product_brand-engino","7":"product_cat-43","8":"product_cat-44","9":"product_cat-38","10":"product_cat-29","11":"product_cat-32","12":"product_cat-57","13":"product_cat--10-12-","14":"product_cat--12-","15":"product_cat-59","16":"product_cat-58","17":"desktop-align-left","18":"tablet-align-left","19":"mobile-align-left","21":"first","22":"instock","23":"taxable","24":"shipping-taxable","25":"purchasable","26":"product-type-simple"},"_links":{"self":[{"href":"https:\/\/stem-eshop.gr\/tr\/wp-json\/wp\/v2\/product\/6641","targetHints":{"allow":["GET"]}}],"collection":[{"href":"https:\/\/stem-eshop.gr\/tr\/wp-json\/wp\/v2\/product"}],"about":[{"href":"https:\/\/stem-eshop.gr\/tr\/wp-json\/wp\/v2\/types\/product"}],"replies":[{"embeddable":true,"href":"https:\/\/stem-eshop.gr\/tr\/wp-json\/wp\/v2\/comments?post=6641"}],"wp:featuredmedia":[{"embeddable":true,"href":"https:\/\/stem-eshop.gr\/tr\/wp-json\/wp\/v2\/media\/5452"}],"wp:attachment":[{"href":"https:\/\/stem-eshop.gr\/tr\/wp-json\/wp\/v2\/media?parent=6641"}],"wp:term":[{"taxonomy":"product_brand","embeddable":true,"href":"https:\/\/stem-eshop.gr\/tr\/wp-json\/wp\/v2\/product_brand?post=6641"},{"taxonomy":"product_cat","embeddable":true,"href":"https:\/\/stem-eshop.gr\/tr\/wp-json\/wp\/v2\/product_cat?post=6641"},{"taxonomy":"product_tag","embeddable":true,"href":"https:\/\/stem-eshop.gr\/tr\/wp-json\/wp\/v2\/product_tag?post=6641"}],"curies":[{"name":"wp","href":"https:\/\/api.w.org\/{rel}","templated":true}]}}