{"id":6632,"date":"2025-05-19T08:30:45","date_gmt":"2025-05-19T08:30:45","guid":{"rendered":"https:\/\/stem-eshop.gr\/product\/creative-engineering-10-in-1-maker-junior\/"},"modified":"2026-02-24T14:12:37","modified_gmt":"2026-02-24T11:12:37","slug":"creative-engineering-10-in-1-maker-junior","status":"publish","type":"product","link":"https:\/\/stem-eshop.gr\/tr\/urun\/creative-engineering-10-in-1-maker-junior\/","title":{"rendered":"CREATIVE ENGINEERING 10&#039;u 1 arada MAKER JUNIOR"},"content":{"rendered":"<p>Her set, kolay saklama ve s\u00fcrekli kullan\u0131m i\u00e7in plastik bir kapta gelir. &quot;Maker Junior&quot; seti, \u00f6d\u00fcll\u00fc Qboidz\u00ae sistemini kullanarak 4-6 ya\u015f aras\u0131 okul \u00f6ncesi \u00e7ocuklara y\u00f6neliktir; &quot;Maker Master&quot; ise 7-12 ya\u015f ve \u00fczeri \u00e7ocuklar i\u00e7in ideal bir \u00e7\u00f6z\u00fcmd\u00fcr. &quot;Maker Master&quot; setleri, &quot;1&#039;de 20 model&quot; kab\u0131yla ba\u015flar ve motorlu kontrol de i\u00e7eren &quot;1&#039;de 60 model&quot; kab\u0131yla karma\u015f\u0131kl\u0131k ve yarat\u0131c\u0131l\u0131k potansiyelini art\u0131r\u0131r.<\/p>\n<p>ENGINO\u00ae sistemi hem k\u0131z hem de erkek \u00e7ocuklara uygun olmakla birlikte, k\u0131z \u00e7ocuklar\u0131n\u0131n STEM ile daha aktif bir \u015fekilde ilgilenmesini ama\u00e7layan \u201cMaker Girl\u201d ad\u0131 verilen \u00f6zel bir versiyonu da mevcuttur.<\/p>","protected":false},"excerpt":{"rendered":"<p>Yeni CREATIVE ENGINEERING serisi, depolama alan\u0131ndan tasarruf sa\u011flamas\u0131 ve nakliye maliyetlerini d\u00fc\u015f\u00fcrmesi nedeniyle \u00e7evrimi\u00e7i ma\u011fazalar i\u00e7in ideal olan ENGINO\u00ae sisteminin en kompakt sunumudur. Geleneksel ENGINO\u00ae serisinin en pop\u00fcler modelleri bu setlerde bir araya getirilerek \u00e7ocuklara gen\u00e7 m\u00fchendisler ve mucitler olma f\u0131rsat\u0131 sunulmu\u015ftur. Seri, yarat\u0131c\u0131l\u0131\u011fa \u00f6zel bir vurgu yaparak ayn\u0131 setten birden fazla modelin olu\u015fturulmas\u0131na olanak tan\u0131r. Modeller, temel STEM prensiplerini teori ve deneysel aktivitelerle birle\u015ftiren yeni, pedagojik a\u00e7\u0131dan geli\u015fmi\u015f dijital materyalleri etkinle\u015ftiren STEMIFIED\u2122 i\u00e7eri\u011fine sahiptir.<\/p>","protected":false},"featured_media":4566,"comment_status":"open","ping_status":"closed","template":"","meta":{"site-sidebar-layout":"default","site-content-layout":"","ast-site-content-layout":"default","site-content-style":"default","site-sidebar-style":"default","ast-global-header-display":"","ast-banner-title-visibility":"","ast-main-header-display":"","ast-hfb-above-header-display":"","ast-hfb-below-header-display":"","ast-hfb-mobile-header-display":"","site-post-title":"","ast-breadcrumbs-content":"","ast-featured-img":"","footer-sml-layout":"","ast-disable-related-posts":"","theme-transparent-header-meta":"","adv-header-id-meta":"","stick-header-meta":"","header-above-stick-meta":"","header-main-stick-meta":"","header-below-stick-meta":"","astra-migrate-meta-layouts":"default","ast-page-background-enabled":"default","ast-page-background-meta":{"desktop":{"background-color":"var(--ast-global-color-5)","background-image":"","background-repeat":"repeat","background-position":"center center","background-size":"auto","background-attachment":"scroll","background-type":"","background-media":"","overlay-type":"","overlay-color":"","overlay-opacity":"","overlay-gradient":""},"tablet":{"background-color":"","background-image":"","background-repeat":"repeat","background-position":"center center","background-size":"auto","background-attachment":"scroll","background-type":"","background-media":"","overlay-type":"","overlay-color":"","overlay-opacity":"","overlay-gradient":""},"mobile":{"background-color":"","background-image":"","background-repeat":"repeat","background-position":"center center","background-size":"auto","background-attachment":"scroll","background-type":"","background-media":"","overlay-type":"","overlay-color":"","overlay-opacity":"","overlay-gradient":""}},"ast-content-background-meta":{"desktop":{"background-color":"var(--ast-global-color-4)","background-image":"","background-repeat":"repeat","background-position":"center center","background-size":"auto","background-attachment":"scroll","background-type":"","background-media":"","overlay-type":"","overlay-color":"","overlay-opacity":"","overlay-gradient":""},"tablet":{"background-color":"var(--ast-global-color-4)","background-image":"","background-repeat":"repeat","background-position":"center center","background-size":"auto","background-attachment":"scroll","background-type":"","background-media":"","overlay-type":"","overlay-color":"","overlay-opacity":"","overlay-gradient":""},"mobile":{"background-color":"var(--ast-global-color-4)","background-image":"","background-repeat":"repeat","background-position":"center center","background-size":"auto","background-attachment":"scroll","background-type":"","background-media":"","overlay-type":"","overlay-color":"","overlay-opacity":"","overlay-gradient":""}}},"product_brand":[95],"product_cat":[126,43,29,32,57,26,59],"product_tag":[],"class_list":{"0":"post-6632","1":"product","2":"type-product","3":"status-publish","4":"has-post-thumbnail","6":"product_brand-engino","7":"product_cat-126","8":"product_cat-43","9":"product_cat-29","10":"product_cat-32","11":"product_cat-57","12":"product_cat-26","13":"product_cat-59","14":"desktop-align-left","15":"tablet-align-left","16":"mobile-align-left","18":"first","19":"instock","20":"taxable","21":"shipping-taxable","22":"purchasable","23":"product-type-simple"},"_links":{"self":[{"href":"https:\/\/stem-eshop.gr\/tr\/wp-json\/wp\/v2\/product\/6632","targetHints":{"allow":["GET"]}}],"collection":[{"href":"https:\/\/stem-eshop.gr\/tr\/wp-json\/wp\/v2\/product"}],"about":[{"href":"https:\/\/stem-eshop.gr\/tr\/wp-json\/wp\/v2\/types\/product"}],"replies":[{"embeddable":true,"href":"https:\/\/stem-eshop.gr\/tr\/wp-json\/wp\/v2\/comments?post=6632"}],"wp:featuredmedia":[{"embeddable":true,"href":"https:\/\/stem-eshop.gr\/tr\/wp-json\/wp\/v2\/media\/4566"}],"wp:attachment":[{"href":"https:\/\/stem-eshop.gr\/tr\/wp-json\/wp\/v2\/media?parent=6632"}],"wp:term":[{"taxonomy":"product_brand","embeddable":true,"href":"https:\/\/stem-eshop.gr\/tr\/wp-json\/wp\/v2\/product_brand?post=6632"},{"taxonomy":"product_cat","embeddable":true,"href":"https:\/\/stem-eshop.gr\/tr\/wp-json\/wp\/v2\/product_cat?post=6632"},{"taxonomy":"product_tag","embeddable":true,"href":"https:\/\/stem-eshop.gr\/tr\/wp-json\/wp\/v2\/product_tag?post=6632"}],"curies":[{"name":"wp","href":"https:\/\/api.w.org\/{rel}","templated":true}]}}