{"id":6536,"date":"2025-05-19T08:12:05","date_gmt":"2025-05-19T08:12:05","guid":{"rendered":"https:\/\/stem-eshop.gr\/product\/%cf%80%ce%b1%ce%ba%ce%ad%cf%84%ce%bf-%ce%b3%ce%b9%ce%b1-%ce%b2%cf%81%ce%b5%cf%86%ce%b9%ce%ba%cf%8c-%cf%83%cf%84%ce%b1%ce%b8%ce%bc%cf%8c\/"},"modified":"2025-05-24T12:11:48","modified_gmt":"2025-05-24T09:11:48","slug":"%cf%80%ce%b1%ce%ba%ce%ad%cf%84%ce%bf-%ce%b3%ce%b9%ce%b1-%ce%b2%cf%81%ce%b5%cf%86%ce%b9%ce%ba%cf%8c-%cf%83%cf%84%ce%b1%ce%b8%ce%bc%cf%8c","status":"publish","type":"product","link":"https:\/\/stem-eshop.gr\/tr\/urun\/%cf%80%ce%b1%ce%ba%ce%ad%cf%84%ce%bf-%ce%b3%ce%b9%ce%b1-%ce%b2%cf%81%ce%b5%cf%86%ce%b9%ce%ba%cf%8c-%cf%83%cf%84%ce%b1%ce%b8%ce%bc%cf%8c\/","title":{"rendered":"Kre\u015f Paketi"},"content":{"rendered":"<p class=\"MsoNormal\">Paketin i\u00e7eri\u011fi daha detayl\u0131 olarak \u015f\u00f6yle:<\/p>\n<p class=\"MsoNormal\">-Geometrik \u015fekillerin e\u015fle\u015fti\u011fi Montessori ah\u015fap e\u011fitici oyuncaklar: Bu oyuncaklar, e\u011flenceyi \u00f6\u011frenmeyle birle\u015ftiren, \u00e7ocuklar\u0131n oyun yoluyla becerilerini geli\u015ftiren, etkile\u015fimli ve e\u011fitici ara\u00e7lard\u0131r.<\/p>\n<p class=\"MsoNormal\">\n<p class=\"MsoNormal\">-8&#039;i 1 Arada Montessori Ah\u015fap E\u011fitici Oyuncak Seti - \u00c7ok Ama\u00e7l\u0131 Kutu: Set, \u00e7ocuklar\u0131n geli\u015fiminin \u00e7e\u015fitli y\u00f6nlerini kapsayan 8 farkl\u0131 e\u011fitici oyunca\u011f\u0131 tek bir kutuda i\u00e7erir. Aktiviteler aras\u0131nda: Vuru\u015f Topu, Hayvan E\u015fle\u015ftirme, Bal\u0131k Tutma, \u015eekil ve Renk Tan\u0131ma, \u015eekillendirme ve Desen Olu\u015fturma yer al\u0131r.<\/p>\n<p class=\"MsoNormal\">\n<p class=\"MsoNormal\">-Ah\u015fap Renkli Bebek \u00c7\u0131ng\u0131raklar\u0131 Seti: Ah\u015fap Renkli Bebek \u00c7\u0131ng\u0131raklar\u0131 Seti, bebekler ve k\u00fc\u00e7\u00fck \u00e7ocuklar i\u00e7in \u00f6zel olarak tasarlanm\u0131\u015f g\u00fcvenli ve e\u011fitici bir oyuncakt\u0131r. \u00c7e\u015fitli tasar\u0131mlarda \u00e7\u0131ng\u0131raklar i\u00e7erir.<\/p>\n<p class=\"MsoNormal\">\n<p class=\"MsoNormal\">-Ah\u015fap e\u011fitici oyuncak, aktivite tahtas\u0131: Tahtada, \u00e7ocuklar\u0131n ke\u015ffetmesi i\u00e7in \u00e7\u0131t\u00e7\u0131tlar, fermuarlar, kilitler, anahtarlar ve di\u011fer mekanizmalar dahil olmak \u00fczere bir dizi aktivite bulunur. Bu aktiviteler, motor becerilerini ve mant\u0131ksal d\u00fc\u015f\u00fcnmeyi geli\u015ftirmeye yard\u0131mc\u0131 olur.<\/p>","protected":false},"excerpt":{"rendered":"<p>Bu ah\u015fap e\u011fitici oyuncak seti, mant\u0131ksal d\u00fc\u015f\u00fcnme, motor geli\u015fimi, \u015fekil ve renk tan\u0131ma, koordineli hareket ve yarat\u0131c\u0131l\u0131k gibi becerilerin geli\u015fimini te\u015fvik eden e\u011flenceli ve e\u011fitici aktiviteler sunarak \u00e7ocuklar\u0131n \u00f6\u011frenme geli\u015fimini desteklemek \u00fczere tasarlanm\u0131\u015ft\u0131r. Her ya\u015ftan \u00e7ocuk i\u00e7in ideal olan bu oyuncaklar, \u00f6\u011frenmeyi e\u011flenceyle birle\u015ftirir.<\/p>","protected":false},"featured_media":6113,"comment_status":"open","ping_status":"closed","template":"","meta":{"site-sidebar-layout":"default","site-content-layout":"","ast-site-content-layout":"default","site-content-style":"default","site-sidebar-style":"default","ast-global-header-display":"","ast-banner-title-visibility":"","ast-main-header-display":"","ast-hfb-above-header-display":"","ast-hfb-below-header-display":"","ast-hfb-mobile-header-display":"","site-post-title":"","ast-breadcrumbs-content":"","ast-featured-img":"","footer-sml-layout":"","ast-disable-related-posts":"","theme-transparent-header-meta":"default","adv-header-id-meta":"","stick-header-meta":"","header-above-stick-meta":"","header-main-stick-meta":"","header-below-stick-meta":"","astra-migrate-meta-layouts":"set","ast-page-background-enabled":"default","ast-page-background-meta":{"desktop":{"background-color":"var(--ast-global-color-5)","background-image":"","background-repeat":"repeat","background-position":"center center","background-size":"auto","background-attachment":"scroll","background-type":"","background-media":"","overlay-type":"","overlay-color":"","overlay-opacity":"","overlay-gradient":""},"tablet":{"background-color":"","background-image":"","background-repeat":"repeat","background-position":"center center","background-size":"auto","background-attachment":"scroll","background-type":"","background-media":"","overlay-type":"","overlay-color":"","overlay-opacity":"","overlay-gradient":""},"mobile":{"background-color":"","background-image":"","background-repeat":"repeat","background-position":"center center","background-size":"auto","background-attachment":"scroll","background-type":"","background-media":"","overlay-type":"","overlay-color":"","overlay-opacity":"","overlay-gradient":""}},"ast-content-background-meta":{"desktop":{"background-color":"var(--ast-global-color-4)","background-image":"","background-repeat":"repeat","background-position":"center center","background-size":"auto","background-attachment":"scroll","background-type":"","background-media":"","overlay-type":"","overlay-color":"","overlay-opacity":"","overlay-gradient":""},"tablet":{"background-color":"var(--ast-global-color-4)","background-image":"","background-repeat":"repeat","background-position":"center center","background-size":"auto","background-attachment":"scroll","background-type":"","background-media":"","overlay-type":"","overlay-color":"","overlay-opacity":"","overlay-gradient":""},"mobile":{"background-color":"var(--ast-global-color-4)","background-image":"","background-repeat":"repeat","background-position":"center center","background-size":"auto","background-attachment":"scroll","background-type":"","background-media":"","overlay-type":"","overlay-color":"","overlay-opacity":"","overlay-gradient":""}}},"product_brand":[],"product_cat":[21,20],"product_tag":[],"class_list":{"0":"post-6536","1":"product","2":"type-product","3":"status-publish","4":"has-post-thumbnail","6":"product_cat-stem--","7":"product_cat-20","8":"desktop-align-left","9":"tablet-align-left","10":"mobile-align-left","12":"first","13":"instock","14":"sale","15":"taxable","16":"shipping-taxable","17":"purchasable","18":"product-type-simple"},"_links":{"self":[{"href":"https:\/\/stem-eshop.gr\/tr\/wp-json\/wp\/v2\/product\/6536","targetHints":{"allow":["GET"]}}],"collection":[{"href":"https:\/\/stem-eshop.gr\/tr\/wp-json\/wp\/v2\/product"}],"about":[{"href":"https:\/\/stem-eshop.gr\/tr\/wp-json\/wp\/v2\/types\/product"}],"replies":[{"embeddable":true,"href":"https:\/\/stem-eshop.gr\/tr\/wp-json\/wp\/v2\/comments?post=6536"}],"wp:featuredmedia":[{"embeddable":true,"href":"https:\/\/stem-eshop.gr\/tr\/wp-json\/wp\/v2\/media\/6113"}],"wp:attachment":[{"href":"https:\/\/stem-eshop.gr\/tr\/wp-json\/wp\/v2\/media?parent=6536"}],"wp:term":[{"taxonomy":"product_brand","embeddable":true,"href":"https:\/\/stem-eshop.gr\/tr\/wp-json\/wp\/v2\/product_brand?post=6536"},{"taxonomy":"product_cat","embeddable":true,"href":"https:\/\/stem-eshop.gr\/tr\/wp-json\/wp\/v2\/product_cat?post=6536"},{"taxonomy":"product_tag","embeddable":true,"href":"https:\/\/stem-eshop.gr\/tr\/wp-json\/wp\/v2\/product_tag?post=6536"}],"curies":[{"name":"wp","href":"https:\/\/api.w.org\/{rel}","templated":true}]}}