{"id":6530,"date":"2025-05-19T08:12:01","date_gmt":"2025-05-19T08:12:01","guid":{"rendered":"https:\/\/stem-eshop.gr\/product\/%cf%80%ce%b1%ce%ba%ce%ad%cf%84%ce%bf-%ce%b3%ce%b9%ce%b1-%cf%84%ce%b7%ce%bd-%ce%b2-%ce%b4%ce%b7%ce%bc%ce%bf%cf%84%ce%b9%ce%ba%ce%bf%cf%8d\/"},"modified":"2025-05-22T07:41:17","modified_gmt":"2025-05-22T07:41:17","slug":"%cf%80%ce%b1%ce%ba%ce%ad%cf%84%ce%bf-%ce%b3%ce%b9%ce%b1-%cf%84%ce%b7%ce%bd-%ce%b2-%ce%b4%ce%b7%ce%bc%ce%bf%cf%84%ce%b9%ce%ba%ce%bf%cf%8d","status":"publish","type":"product","link":"https:\/\/stem-eshop.gr\/tr\/urun\/%cf%80%ce%b1%ce%ba%ce%ad%cf%84%ce%bf-%ce%b3%ce%b9%ce%b1-%cf%84%ce%b7%ce%bd-%ce%b2-%ce%b4%ce%b7%ce%bc%ce%bf%cf%84%ce%b9%ce%ba%ce%bf%cf%8d\/","title":{"rendered":"2. S\u0131n\u0131f Paketi"},"content":{"rendered":"<div class=\"flex max-w-full flex-col flex-grow\">\n<div class=\"min-h-8 text-message flex w-full flex-col items-end gap-2 whitespace-normal break-words [.text-message+&amp;]:mt-5\">\n<div class=\"flex w-full flex-col gap-1 empty:hidden first:pt-[3px]\">\n<div class=\"markdown prose w-full break-words dark:prose-invert light\">\n<ol>\n<li>\n<p>BrainBox: \u0391\u0392\u0393 \u0395\u03c0\u03b9\u03c4\u03c1\u03b1\u03c0\u03ad\u03b6\u03b9\u03bf \u03a0\u03b1\u03b9\u03c7\u03bd\u03af\u03b4\u03b9<br \/>\u039c\u03ac\u03b8\u03b5 \u03c4\u03b7\u03bd \u03b1\u03bb\u03c6\u03b1\u03b2\u03ae\u03c4\u03b1 \u03bc\u03b5 \u03b6\u03c9\u03b7\u03c1\u03ad\u03c2 \u03b5\u03b9\u03ba\u03cc\u03bd\u03b5\u03c2 \u03ba\u03b1\u03b9 \u03c7\u03c1\u03ce\u03bc\u03b1\u03c4\u03b1.<\/p>\n<\/li>\n<li>\n<p>Montessori \u0395\u03ba\u03c0\u03b1\u03b9\u03b4\u03b5\u03c5\u03c4\u03b9\u03ba\u03cc \u03a0\u03b1\u03b9\u03c7\u03bd\u03af\u03b4\u03b9 \u03a4\u03bf \u0391\u03bd\u03b8\u03c1\u03ce\u03c0\u03b9\u03bd\u03bf \u03a3\u03ce\u03bc\u03b1<br \/>\u03a0\u03b1\u03b6\u03bb \u03c0\u03bf\u03c5 \u03b2\u03bf\u03b7\u03b8\u03ac \u03c4\u03b1 \u03c0\u03b1\u03b9\u03b4\u03b9\u03ac \u03bd\u03b1 \u03b3\u03bd\u03c9\u03c1\u03af\u03c3\u03bf\u03c5\u03bd \u03c4\u03b1 \u03bc\u03ad\u03c1\u03b7 \u03ba\u03b1\u03b9 \u03c4\u03b7 \u03bb\u03b5\u03b9\u03c4\u03bf\u03c5\u03c1\u03b3\u03af\u03b1 \u03c4\u03bf\u03c5 \u03b1\u03bd\u03b8\u03c1\u03ce\u03c0\u03b9\u03bd\u03bf\u03c5 \u03c3\u03ce\u03bc\u03b1\u03c4\u03bf\u03c2.<\/p>\n<\/li>\n<li>\n<p>\u0395\u03be\u03c5\u03c0\u03bd\u03bf\u03cd\u03bb\u03b7\u03c2: \u039c\u03ae\u03bd\u03b5\u03c2 \u03ba\u03b1\u03b9 \u0395\u03c0\u03bf\u03c7\u03ad\u03c2<br \/>\u0395\u03ba\u03c0\u03b1\u03b9\u03b4\u03b5\u03c5\u03c4\u03b9\u03ba\u03cc \u03c0\u03b1\u03b9\u03c7\u03bd\u03af\u03b4\u03b9 \u03c0\u03bf\u03c5 \u03b4\u03b9\u03b4\u03ac\u03c3\u03ba\u03b5\u03b9 \u03b5\u03c0\u03bf\u03c7\u03ad\u03c2, \u03bc\u03ae\u03bd\u03b5\u03c2, \u03c6\u03c1\u03bf\u03cd\u03c4\u03b1 \u03ba\u03b1\u03b9 \u03b4\u03c1\u03b1\u03c3\u03c4\u03b7\u03c1\u03b9\u03cc\u03c4\u03b7\u03c4\u03b5\u03c2.<\/p>\n<\/li>\n<li>\n<p>BrainBox: \u039c\u03b1\u03b8\u03b1\u03af\u03bd\u03c9 \u0391\u03b3\u03b3\u03bb\u03b9\u03ba\u03ac \u0395\u03c0\u03b9\u03c4\u03c1\u03b1\u03c0\u03ad\u03b6\u03b9\u03bf \u03a0\u03b1\u03b9\u03c7\u03bd\u03af\u03b4\u03b9<br \/>\u0395\u03bd\u03af\u03c3\u03c7\u03c5\u03c3\u03b7 \u03bb\u03b5\u03be\u03b9\u03bb\u03bf\u03b3\u03af\u03bf\u03c5 \u03ba\u03b1\u03b9 \u03bc\u03bd\u03b7\u03bc\u03bf\u03bd\u03b9\u03ba\u03ce\u03bd \u03b9\u03ba\u03b1\u03bd\u03bf\u03c4\u03ae\u03c4\u03c9\u03bd \u03c3\u03c4\u03b1 \u0391\u03b3\u03b3\u03bb\u03b9\u03ba\u03ac \u03bc\u03ad\u03c3\u03c9 \u03b4\u03b9\u03b1\u03b4\u03c1\u03b1\u03c3\u03c4\u03b9\u03ba\u03ce\u03bd \u03b5\u03c1\u03c9\u03c4\u03ae\u03c3\u03b5\u03c9\u03bd.<\/p>\n<\/li>\n<li>\n<p>50\/50 Games: \u039c\u03b1\u03b8\u03b1\u03af\u03bd\u03c9 \u03c4\u03b7\u03bd \u038f\u03c1\u03b1<br \/>\u039c\u03b1\u03b3\u03bd\u03b7\u03c4\u03b9\u03ba\u03cc\u03c2 \u03b5\u03ba\u03c0\u03b1\u03b9\u03b4\u03b5\u03c5\u03c4\u03b9\u03ba\u03cc\u03c2 \u03c0\u03af\u03bd\u03b1\u03ba\u03b1\u03c2 \u03b3\u03b9\u03b1 \u03c4\u03b7\u03bd \u03b5\u03ba\u03bc\u03ac\u03b8\u03b7\u03c3\u03b7 \u03c4\u03b7\u03c2 \u03ce\u03c1\u03b1\u03c2.<\/p>\n<\/li>\n<li>\n<p>\u0395\u03be\u03c5\u03c0\u03bd\u03bf\u03cd\u03bb\u03b7\u03c2: \u0397\u03bb\u03b5\u03ba\u03c4\u03c1\u03bf\u03bd\u03b9\u03ba\u03ae \u0395\u03b3\u03ba\u03c5\u03ba\u03bb\u03bf\u03c0\u03b1\u03af\u03b4\u03b5\u03b9\u03b1<br \/>\u0394\u03b9\u03b1\u03b4\u03c1\u03b1\u03c3\u03c4\u03b9\u03ba\u03ae \u03b5\u03b3\u03ba\u03c5\u03ba\u03bb\u03bf\u03c0\u03b1\u03af\u03b4\u03b5\u03b9\u03b1 \u03bc\u03b5 \u03c0\u03ac\u03bd\u03c9 \u03b1\u03c0\u03cc 500 \u03b5\u03c1\u03c9\u03c4\u03ae\u03c3\u03b5\u03b9\u03c2 \u03ba\u03b1\u03b9 60 \u03b5\u03ba\u03c0\u03b1\u03b9\u03b4\u03b5\u03c5\u03c4\u03b9\u03ba\u03ac \u03b8\u03ad\u03bc\u03b1\u03c4\u03b1.<\/p>\n<\/li>\n<li>\n<p>Montessori \u0395\u03ba\u03c0\u03b1\u03b9\u03b4\u03b5\u03c5\u03c4\u03b9\u03ba\u03cc \u03a0\u03b1\u03b9\u03c7\u03bd\u03af\u03b4\u03b9 \u039f\u03b9 \u0391\u03c1\u03b9\u03b8\u03bc\u03bf\u03af<br \/>\u03a0\u03b1\u03b9\u03c7\u03bd\u03af\u03b4\u03b9 \u03b3\u03b9\u03b1 \u03c4\u03b7\u03bd \u03b5\u03ba\u03bc\u03ac\u03b8\u03b7\u03c3\u03b7 \u03b1\u03c1\u03b9\u03b8\u03bc\u03ce\u03bd \u03ba\u03b1\u03b9 \u03c3\u03c5\u03bc\u03b2\u03cc\u03bb\u03c9\u03bd, \u03b1\u03bd\u03b1\u03b3\u03bd\u03ce\u03c1\u03b9\u03c3\u03b7 \u03b6\u03c5\u03b3\u03ce\u03bd \u03ba\u03b1\u03b9 \u03bc\u03bf\u03bd\u03ce\u03bd \u03b1\u03c1\u03b9\u03b8\u03bc\u03ce\u03bd.<\/p>\n<\/li>\n<li>\n<p>AS Magnet Box \u03a3\u03c5\u03bd\u03b1\u03b9\u03c3\u03b8\u03ae\u03bc\u03b1\u03c4\u03b1<br \/>\u03a0\u03b1\u03b9\u03c7\u03bd\u03af\u03b4\u03b9 \u03c3\u03c5\u03bd\u03b1\u03b9\u03c3\u03b8\u03b7\u03bc\u03b1\u03c4\u03b9\u03ba\u03ae\u03c2 \u03bc\u03ac\u03b8\u03b7\u03c3\u03b7\u03c2 \u03bc\u03b5 \u03bc\u03b1\u03b3\u03bd\u03ae\u03c4\u03b5\u03c2 \u03c0\u03bf\u03c5 \u03b2\u03bf\u03b7\u03b8\u03bf\u03cd\u03bd \u03c4\u03b1 \u03c0\u03b1\u03b9\u03b4\u03b9\u03ac \u03bd\u03b1 \u03b1\u03bd\u03b1\u03b3\u03bd\u03c9\u03c1\u03af\u03b6\u03bf\u03c5\u03bd \u03b5\u03ba\u03c6\u03c1\u03ac\u03c3\u03b5\u03b9\u03c2 \u03ba\u03b1\u03b9 \u03c3\u03c5\u03bd\u03b1\u03b9\u03c3\u03b8\u03ae\u03bc\u03b1\u03c4\u03b1.<\/p>\n<\/li>\n<li>\n<p>\u03a0\u03b1\u03b9\u03c7\u03bd\u03af\u03b4\u03b9 \u039a\u03b1\u03c4\u03b1\u03c3\u03ba\u03b5\u03c5\u03ae\u03c2 Engino 25 \u039c\u03bf\u03bd\u03c4\u03ad\u03bb\u03c9\u03bd<br \/>\u03a0\u03b1\u03b9\u03c7\u03bd\u03af\u03b4\u03b9 \u03bc\u03b7\u03c7\u03b1\u03bd\u03b9\u03ba\u03ae\u03c2 \u03b3\u03b9\u03b1 \u03c4\u03b7\u03bd \u03b1\u03bd\u03ac\u03c0\u03c4\u03c5\u03be\u03b7 \u03b4\u03b5\u03be\u03b9\u03bf\u03c4\u03ae\u03c4\u03c9\u03bd STEM.<\/p>\n<\/li>\n<li>\n<p>\u03a0\u03b1\u03b9\u03c7\u03bd\u03af\u03b4\u03b9 \u039a\u03b1\u03c4\u03b1\u03c3\u03ba\u03b5\u03c5\u03ae\u03c2 Engino 30 \u039c\u03bf\u03bd\u03c4\u03ad\u03bb\u03c9\u03bd<br \/>\u03a0\u03c1\u03bf\u03b7\u03b3\u03bc\u03ad\u03bd\u03bf \u03c3\u03b5\u03c4 \u03ba\u03b1\u03c4\u03b1\u03c3\u03ba\u03b5\u03c5\u03ce\u03bd \u03bc\u03b5 \u03b4\u03c5\u03bd\u03b1\u03c4\u03cc\u03c4\u03b7\u03c4\u03b5\u03c2 \u03b4\u03b7\u03bc\u03b9\u03bf\u03c5\u03c1\u03b3\u03af\u03b1\u03c2 \u03ba\u03b9\u03bd\u03bf\u03cd\u03bc\u03b5\u03bd\u03c9\u03bd \u03bc\u03bf\u03bd\u03c4\u03ad\u03bb\u03c9\u03bd.<\/p>\n<\/li>\n<\/ol>\n<p>\u03a4\u03bf \u03c0\u03b1\u03ba\u03ad\u03c4\u03bf \u03b5\u03af\u03bd\u03b1\u03b9 \u03b9\u03b4\u03b1\u03bd\u03b9\u03ba\u03cc \u03b3\u03b9\u03b1 \u03c0\u03b1\u03b9\u03b4\u03b9\u03ac \u03c0\u03bf\u03c5 \u03b2\u03c1\u03af\u03c3\u03ba\u03bf\u03bd\u03c4\u03b1\u03b9 \u03c3\u03c4\u03b7 \u0392\u2019 \u0394\u03b7\u03bc\u03bf\u03c4\u03b9\u03ba\u03bf\u03cd, \u03c0\u03c1\u03bf\u03c3\u03c6\u03ad\u03c1\u03bf\u03bd\u03c4\u03b1\u03c2 \u03c0\u03bf\u03b9\u03ba\u03b9\u03bb\u03af\u03b1 \u03b4\u03c1\u03b1\u03c3\u03c4\u03b7\u03c1\u03b9\u03bf\u03c4\u03ae\u03c4\u03c9\u03bd \u03b3\u03b9\u03b1 \u03c4\u03b7\u03bd \u03b5\u03bd\u03af\u03c3\u03c7\u03c5\u03c3\u03b7 \u03c4\u03b7\u03c2 \u03b4\u03b7\u03bc\u03b9\u03bf\u03c5\u03c1\u03b3\u03b9\u03ba\u03cc\u03c4\u03b7\u03c4\u03b1\u03c2, \u03c4\u03b7\u03c2 \u03b3\u03bd\u03ce\u03c3\u03b7\u03c2 \u03ba\u03b1\u03b9 \u03c4\u03b7\u03c2 \u03c8\u03c5\u03c7\u03b1\u03b3\u03c9\u03b3\u03af\u03b1\u03c2.<\/p>\n<\/div>\n<\/div>\n<\/div>\n<\/div>\n","protected":false},"excerpt":{"rendered":"<p>Pakette 2. s\u0131n\u0131f \u00e7ocuklar\u0131n\u0131n bili\u015fsel, duygusal ve yarat\u0131c\u0131 geli\u015fimini hedefleyen e\u011fitici ve yarat\u0131c\u0131 oyunlar yer al\u0131yor.<\/p>","protected":false},"featured_media":6100,"comment_status":"open","ping_status":"closed","template":"","meta":{"site-sidebar-layout":"default","site-content-layout":"","ast-site-content-layout":"default","site-content-style":"default","site-sidebar-style":"default","ast-global-header-display":"","ast-banner-title-visibility":"","ast-main-header-display":"","ast-hfb-above-header-display":"","ast-hfb-below-header-display":"","ast-hfb-mobile-header-display":"","site-post-title":"","ast-breadcrumbs-content":"","ast-featured-img":"","footer-sml-layout":"","ast-disable-related-posts":"","theme-transparent-header-meta":"","adv-header-id-meta":"","stick-header-meta":"","header-above-stick-meta":"","header-main-stick-meta":"","header-below-stick-meta":"","astra-migrate-meta-layouts":"default","ast-page-background-enabled":"default","ast-page-background-meta":{"desktop":{"background-color":"var(--ast-global-color-5)","background-image":"","background-repeat":"repeat","background-position":"center center","background-size":"auto","background-attachment":"scroll","background-type":"","background-media":"","overlay-type":"","overlay-color":"","overlay-opacity":"","overlay-gradient":""},"tablet":{"background-color":"","background-image":"","background-repeat":"repeat","background-position":"center center","background-size":"auto","background-attachment":"scroll","background-type":"","background-media":"","overlay-type":"","overlay-color":"","overlay-opacity":"","overlay-gradient":""},"mobile":{"background-color":"","background-image":"","background-repeat":"repeat","background-position":"center center","background-size":"auto","background-attachment":"scroll","background-type":"","background-media":"","overlay-type":"","overlay-color":"","overlay-opacity":"","overlay-gradient":""}},"ast-content-background-meta":{"desktop":{"background-color":"var(--ast-global-color-4)","background-image":"","background-repeat":"repeat","background-position":"center center","background-size":"auto","background-attachment":"scroll","background-type":"","background-media":"","overlay-type":"","overlay-color":"","overlay-opacity":"","overlay-gradient":""},"tablet":{"background-color":"var(--ast-global-color-4)","background-image":"","background-repeat":"repeat","background-position":"center center","background-size":"auto","background-attachment":"scroll","background-type":"","background-media":"","overlay-type":"","overlay-color":"","overlay-opacity":"","overlay-gradient":""},"mobile":{"background-color":"var(--ast-global-color-4)","background-image":"","background-repeat":"repeat","background-position":"center center","background-size":"auto","background-attachment":"scroll","background-type":"","background-media":"","overlay-type":"","overlay-color":"","overlay-opacity":"","overlay-gradient":""}}},"product_brand":[],"product_cat":[21,20],"product_tag":[],"class_list":{"0":"post-6530","1":"product","2":"type-product","3":"status-publish","4":"has-post-thumbnail","6":"product_cat-stem--","7":"product_cat-20","8":"desktop-align-left","9":"tablet-align-left","10":"mobile-align-left","12":"first","13":"instock","14":"taxable","15":"shipping-taxable","16":"purchasable","17":"product-type-simple"},"_links":{"self":[{"href":"https:\/\/stem-eshop.gr\/tr\/wp-json\/wp\/v2\/product\/6530","targetHints":{"allow":["GET"]}}],"collection":[{"href":"https:\/\/stem-eshop.gr\/tr\/wp-json\/wp\/v2\/product"}],"about":[{"href":"https:\/\/stem-eshop.gr\/tr\/wp-json\/wp\/v2\/types\/product"}],"replies":[{"embeddable":true,"href":"https:\/\/stem-eshop.gr\/tr\/wp-json\/wp\/v2\/comments?post=6530"}],"wp:featuredmedia":[{"embeddable":true,"href":"https:\/\/stem-eshop.gr\/tr\/wp-json\/wp\/v2\/media\/6100"}],"wp:attachment":[{"href":"https:\/\/stem-eshop.gr\/tr\/wp-json\/wp\/v2\/media?parent=6530"}],"wp:term":[{"taxonomy":"product_brand","embeddable":true,"href":"https:\/\/stem-eshop.gr\/tr\/wp-json\/wp\/v2\/product_brand?post=6530"},{"taxonomy":"product_cat","embeddable":true,"href":"https:\/\/stem-eshop.gr\/tr\/wp-json\/wp\/v2\/product_cat?post=6530"},{"taxonomy":"product_tag","embeddable":true,"href":"https:\/\/stem-eshop.gr\/tr\/wp-json\/wp\/v2\/product_tag?post=6530"}],"curies":[{"name":"wp","href":"https:\/\/api.w.org\/{rel}","templated":true}]}}