{"id":6524,"date":"2025-05-19T08:11:53","date_gmt":"2025-05-19T08:11:53","guid":{"rendered":"https:\/\/stem-eshop.gr\/product\/%cf%80%cf%89%cf%82-%ce%bb%ce%b5%ce%b9%cf%84%ce%bf%cf%85%cf%81%ce%b3%ce%b5%ce%af-%cf%84%ce%bf-%ce%b8%ce%b5%cf%81%ce%bc%ce%bf%ce%ba%ce%ae%cf%80%ce%b9%ce%bf\/"},"modified":"2025-05-22T21:13:29","modified_gmt":"2025-05-22T18:13:29","slug":"%cf%80%cf%89%cf%82-%ce%bb%ce%b5%ce%b9%cf%84%ce%bf%cf%85%cf%81%ce%b3%ce%b5%ce%af-%cf%84%ce%bf-%ce%b8%ce%b5%cf%81%ce%bc%ce%bf%ce%ba%ce%ae%cf%80%ce%b9%ce%bf","status":"publish","type":"product","link":"https:\/\/stem-eshop.gr\/tr\/urun\/%cf%80%cf%89%cf%82-%ce%bb%ce%b5%ce%b9%cf%84%ce%bf%cf%85%cf%81%ce%b3%ce%b5%ce%af-%cf%84%ce%bf-%ce%b8%ce%b5%cf%81%ce%bc%ce%bf%ce%ba%ce%ae%cf%80%ce%b9%ce%bf\/","title":{"rendered":"Sera nas\u0131l \u00e7al\u0131\u015f\u0131r?"},"content":{"rendered":"<p>\u00c7ocuklar deneylerini bitirince \u015fapkalar\u0131n\u0131 \u00e7\u0131kar\u0131p renkli kalemlerini al\u0131p kendi \u00e7\u0131t\u00e7\u0131tl\u0131 k\u0131l\u0131flar\u0131n\u0131 s\u00fcsleyebilirler!<\/p>\n<p>Ayr\u0131ca gen\u00e7 \u00f6\u011frencilere i\u00e7inde \u015fu bilgilerin yer ald\u0131\u011f\u0131 renkli bir kitap\u00e7\u0131k verilecektir:<\/p>\n<p>E\u011flenceli ger\u00e7eklerle dolu k\u0131sa bir tar\u0131m tarihi<\/p>\n<p>Kendi m\u0131s\u0131r ve fasulye tohumlar\u0131yla uygulamal\u0131 STEM deneyleri<\/p>\n<p>Fotosentez ve seralar\u0131n ard\u0131ndaki teori, anla\u015f\u0131lmas\u0131 kolay<\/p>\n<p>Temel STEM kavramlar\u0131na ili\u015fkin bilgilerini test etmek i\u00e7in bir s\u0131nav<\/p>\n<p>Kolay yap\u0131m talimatlar\u0131<\/p>\n<p>Tasar\u0131m becerilerini geli\u015ftirmek i\u00e7in yazd\u0131r\u0131labilir g\u00f6r\u00fcn\u00fcmler<\/p>\n<p>\u0130lhama m\u0131 ihtiyac\u0131n\u0131z var? Bilgisayar\u0131n\u0131zda etkile\u015fimli 3B uygulamam\u0131z\u0131 kullan\u0131n ve seran\u0131z\u0131 sanal ger\u00e7eklikte in\u015fa edin!<\/p>\n<p>Engino&#039;nun STEAM e\u011fitim oyuncaklar\u0131, gen\u00e7 \u00f6\u011frencileri \u00f6m\u00fcr boyu s\u00fcrecek bilimsel ke\u015fiflere haz\u0131rlamak i\u00e7in tasarlanm\u0131\u015f eksiksiz STEAM \u00f6\u011frenme ara\u00e7lar\u0131d\u0131r. E\u011fitim sistemimiz hakk\u0131nda daha fazla bilgi i\u00e7in buraya t\u0131klay\u0131n.<\/p>\n<p>\u00dcr\u00fcn g\u00fcvenli\u011fi ve uyumlulu\u011fu<\/p>\n<p>Bu \u00fcr\u00fcn, \u00e7ocuk \u00fcr\u00fcnlerine ili\u015fkin ge\u00e7erli g\u00fcvenlik standartlar\u0131na ve y\u00f6netmeliklerine uygundur.<\/p>","protected":false},"excerpt":{"rendered":"<p>Gen\u00e7 botanik\u00e7iler, bu etkile\u015fimli STEAM setiyle kendi in\u015fa ettikleri tam i\u015flevli bir serada tohumlardan kendi bitkilerini yeti\u015ftiriyorlar! Rehberli deneyler, k\u00fc\u00e7\u00fck \u00e7ift\u00e7ilere \u0131\u015f\u0131k, s\u0131cakl\u0131k ve nem gibi ko\u015fullar\u0131n \u00fcr\u00fcnlerini nas\u0131l etkiledi\u011fini g\u00f6sterecek.<\/p>","protected":false},"featured_media":5341,"comment_status":"open","ping_status":"closed","template":"","meta":{"site-sidebar-layout":"default","site-content-layout":"","ast-site-content-layout":"default","site-content-style":"default","site-sidebar-style":"default","ast-global-header-display":"","ast-banner-title-visibility":"","ast-main-header-display":"","ast-hfb-above-header-display":"","ast-hfb-below-header-display":"","ast-hfb-mobile-header-display":"","site-post-title":"","ast-breadcrumbs-content":"","ast-featured-img":"","footer-sml-layout":"","ast-disable-related-posts":"","theme-transparent-header-meta":"default","adv-header-id-meta":"","stick-header-meta":"","header-above-stick-meta":"","header-main-stick-meta":"","header-below-stick-meta":"","astra-migrate-meta-layouts":"set","ast-page-background-enabled":"default","ast-page-background-meta":{"desktop":{"background-color":"var(--ast-global-color-5)","background-image":"","background-repeat":"repeat","background-position":"center center","background-size":"auto","background-attachment":"scroll","background-type":"","background-media":"","overlay-type":"","overlay-color":"","overlay-opacity":"","overlay-gradient":""},"tablet":{"background-color":"","background-image":"","background-repeat":"repeat","background-position":"center center","background-size":"auto","background-attachment":"scroll","background-type":"","background-media":"","overlay-type":"","overlay-color":"","overlay-opacity":"","overlay-gradient":""},"mobile":{"background-color":"","background-image":"","background-repeat":"repeat","background-position":"center center","background-size":"auto","background-attachment":"scroll","background-type":"","background-media":"","overlay-type":"","overlay-color":"","overlay-opacity":"","overlay-gradient":""}},"ast-content-background-meta":{"desktop":{"background-color":"var(--ast-global-color-4)","background-image":"","background-repeat":"repeat","background-position":"center center","background-size":"auto","background-attachment":"scroll","background-type":"","background-media":"","overlay-type":"","overlay-color":"","overlay-opacity":"","overlay-gradient":""},"tablet":{"background-color":"var(--ast-global-color-4)","background-image":"","background-repeat":"repeat","background-position":"center center","background-size":"auto","background-attachment":"scroll","background-type":"","background-media":"","overlay-type":"","overlay-color":"","overlay-opacity":"","overlay-gradient":""},"mobile":{"background-color":"var(--ast-global-color-4)","background-image":"","background-repeat":"repeat","background-position":"center center","background-size":"auto","background-attachment":"scroll","background-type":"","background-media":"","overlay-type":"","overlay-color":"","overlay-opacity":"","overlay-gradient":""}}},"product_brand":[95],"product_cat":[44,39,38,56,35,30,54,58],"product_tag":[],"class_list":{"0":"post-6524","1":"product","2":"type-product","3":"status-publish","4":"has-post-thumbnail","6":"product_brand-engino","7":"product_cat-44","8":"product_cat-39","9":"product_cat-38","10":"product_cat-56","11":"product_cat--10-12-","12":"product_cat--6-9-","13":"product_cat-54","14":"product_cat-58","15":"desktop-align-left","16":"tablet-align-left","17":"mobile-align-left","19":"first","20":"instock","21":"taxable","22":"shipping-taxable","23":"purchasable","24":"product-type-simple"},"_links":{"self":[{"href":"https:\/\/stem-eshop.gr\/tr\/wp-json\/wp\/v2\/product\/6524","targetHints":{"allow":["GET"]}}],"collection":[{"href":"https:\/\/stem-eshop.gr\/tr\/wp-json\/wp\/v2\/product"}],"about":[{"href":"https:\/\/stem-eshop.gr\/tr\/wp-json\/wp\/v2\/types\/product"}],"replies":[{"embeddable":true,"href":"https:\/\/stem-eshop.gr\/tr\/wp-json\/wp\/v2\/comments?post=6524"}],"wp:featuredmedia":[{"embeddable":true,"href":"https:\/\/stem-eshop.gr\/tr\/wp-json\/wp\/v2\/media\/5341"}],"wp:attachment":[{"href":"https:\/\/stem-eshop.gr\/tr\/wp-json\/wp\/v2\/media?parent=6524"}],"wp:term":[{"taxonomy":"product_brand","embeddable":true,"href":"https:\/\/stem-eshop.gr\/tr\/wp-json\/wp\/v2\/product_brand?post=6524"},{"taxonomy":"product_cat","embeddable":true,"href":"https:\/\/stem-eshop.gr\/tr\/wp-json\/wp\/v2\/product_cat?post=6524"},{"taxonomy":"product_tag","embeddable":true,"href":"https:\/\/stem-eshop.gr\/tr\/wp-json\/wp\/v2\/product_tag?post=6524"}],"curies":[{"name":"wp","href":"https:\/\/api.w.org\/{rel}","templated":true}]}}