{"id":6520,"date":"2025-05-19T08:11:46","date_gmt":"2025-05-19T08:11:46","guid":{"rendered":"https:\/\/stem-eshop.gr\/product\/ngs-%ce%bc%ce%bf%ce%bd%cf%84%ce%ad%ce%bb%ce%bf-dna\/"},"modified":"2025-10-21T10:58:04","modified_gmt":"2025-10-21T07:58:04","slug":"ngs-%ce%bc%ce%bf%ce%bd%cf%84%ce%ad%ce%bb%ce%bf-dna","status":"publish","type":"product","link":"https:\/\/stem-eshop.gr\/tr\/urun\/ngs-%ce%bc%ce%bf%ce%bd%cf%84%ce%ad%ce%bb%ce%bf-dna\/","title":{"rendered":"NGS DNA modeli"},"content":{"rendered":"<p>Bunu spiral \u015feklinde b\u00fck\u00fclm\u00fc\u015f bir merdiven olarak d\u00fc\u015f\u00fcn\u00fcn. Bu merdivenin iki kenar\u0131 ve &quot;basamaklar\u0131&quot; vard\u0131r. Merdivenin kenarlar\u0131 \u015feker ve fosfattan, &quot;basamaklar\u0131&quot; ise baz ad\u0131 verilen k\u00fc\u00e7\u00fck par\u00e7a \u00e7iftlerinden olu\u015fur.<\/p>\n<p>D\u00f6rt \u00e7e\u015fit baz vard\u0131r:<\/p>\n<ol>\n<li>Adenin (A),<\/li>\n<li>Timin (T),<\/li>\n<li>Sitozin (C),<\/li>\n<li>Guanin (G).<\/li>\n<\/ol>\n<p>Adenin her zaman timine (AT) ba\u011flan\u0131r ve sitozin guanine (CG) ba\u011flan\u0131r.<\/p>\n<p>DNA, v\u00fccudumuza ne yapmas\u0131 gerekti\u011fini s\u00f6yleyen bir kod gibidir. DNA&#039;y\u0131, h\u00fccrelere v\u00fccudumuzun &quot;yap\u0131 ta\u015flar\u0131&quot; olan proteinleri nas\u0131l \u00fcreteceklerini s\u00f6yleyen bir &quot;plan&quot; olarak d\u00fc\u015f\u00fcn\u00fcn.<\/p>\n<p>DNA \u00f6nemlidir \u00e7\u00fcnk\u00fc kim oldu\u011fumuza dair t\u00fcm bilgileri i\u00e7erir! Nas\u0131l geli\u015fece\u011fimizi, nas\u0131l g\u00f6r\u00fcnece\u011fimizi ve hatta sahip oldu\u011fumuz baz\u0131 yetenekleri kontrol eder.<\/p><\/p>","protected":false},"excerpt":{"rendered":"<p>\u00c7ocuklar i\u00e7in DNA&#039;n\u0131n incelenmesi, yap\u0131s\u0131n\u0131 ve i\u015flevini daha iyi anlayabilmeleri i\u00e7in basit \u00f6rnekler ve g\u00f6rsellerle yap\u0131labilir.<\/p>\n<p>DNA, h\u00fccrelerin i\u00e7inde v\u00fccudumuzun nas\u0131l \u00e7al\u0131\u015faca\u011f\u0131n\u0131 anlatan b\u00fcy\u00fck bir &quot;rehber&quot; veya &quot;kitap&quot; gibidir.<\/p>\n<p>Nas\u0131l g\u00f6r\u00fcnece\u011fimiz ve organlar\u0131m\u0131z\u0131n nas\u0131l \u00e7al\u0131\u015faca\u011f\u0131 hakk\u0131nda ihtiyac\u0131m\u0131z olan t\u00fcm bilgileri i\u00e7erir.<\/p>","protected":false},"featured_media":4465,"comment_status":"open","ping_status":"closed","template":"","meta":{"site-sidebar-layout":"default","site-content-layout":"","ast-site-content-layout":"default","site-content-style":"default","site-sidebar-style":"default","ast-global-header-display":"","ast-banner-title-visibility":"","ast-main-header-display":"","ast-hfb-above-header-display":"","ast-hfb-below-header-display":"","ast-hfb-mobile-header-display":"","site-post-title":"","ast-breadcrumbs-content":"","ast-featured-img":"","footer-sml-layout":"","ast-disable-related-posts":"","theme-transparent-header-meta":"","adv-header-id-meta":"","stick-header-meta":"","header-above-stick-meta":"","header-main-stick-meta":"","header-below-stick-meta":"","astra-migrate-meta-layouts":"default","ast-page-background-enabled":"default","ast-page-background-meta":{"desktop":{"background-color":"var(--ast-global-color-5)","background-image":"","background-repeat":"repeat","background-position":"center center","background-size":"auto","background-attachment":"scroll","background-type":"","background-media":"","overlay-type":"","overlay-color":"","overlay-opacity":"","overlay-gradient":""},"tablet":{"background-color":"","background-image":"","background-repeat":"repeat","background-position":"center center","background-size":"auto","background-attachment":"scroll","background-type":"","background-media":"","overlay-type":"","overlay-color":"","overlay-opacity":"","overlay-gradient":""},"mobile":{"background-color":"","background-image":"","background-repeat":"repeat","background-position":"center center","background-size":"auto","background-attachment":"scroll","background-type":"","background-media":"","overlay-type":"","overlay-color":"","overlay-opacity":"","overlay-gradient":""}},"ast-content-background-meta":{"desktop":{"background-color":"var(--ast-global-color-4)","background-image":"","background-repeat":"repeat","background-position":"center center","background-size":"auto","background-attachment":"scroll","background-type":"","background-media":"","overlay-type":"","overlay-color":"","overlay-opacity":"","overlay-gradient":""},"tablet":{"background-color":"var(--ast-global-color-4)","background-image":"","background-repeat":"repeat","background-position":"center center","background-size":"auto","background-attachment":"scroll","background-type":"","background-media":"","overlay-type":"","overlay-color":"","overlay-opacity":"","overlay-gradient":""},"mobile":{"background-color":"var(--ast-global-color-4)","background-image":"","background-repeat":"repeat","background-position":"center center","background-size":"auto","background-attachment":"scroll","background-type":"","background-media":"","overlay-type":"","overlay-color":"","overlay-opacity":"","overlay-gradient":""}}},"product_brand":[107],"product_cat":[53,43,44,39,38,56,35,30,51],"product_tag":[],"class_list":{"0":"post-6520","1":"product","2":"type-product","3":"status-publish","4":"has-post-thumbnail","6":"product_brand-ngs","7":"product_cat-53","8":"product_cat-43","9":"product_cat-44","10":"product_cat-39","11":"product_cat-38","12":"product_cat-56","13":"product_cat--10-12-","14":"product_cat--6-9-","15":"product_cat-51","16":"desktop-align-left","17":"tablet-align-left","18":"mobile-align-left","20":"first","21":"instock","22":"taxable","23":"shipping-taxable","24":"purchasable","25":"product-type-simple"},"_links":{"self":[{"href":"https:\/\/stem-eshop.gr\/tr\/wp-json\/wp\/v2\/product\/6520","targetHints":{"allow":["GET"]}}],"collection":[{"href":"https:\/\/stem-eshop.gr\/tr\/wp-json\/wp\/v2\/product"}],"about":[{"href":"https:\/\/stem-eshop.gr\/tr\/wp-json\/wp\/v2\/types\/product"}],"replies":[{"embeddable":true,"href":"https:\/\/stem-eshop.gr\/tr\/wp-json\/wp\/v2\/comments?post=6520"}],"wp:featuredmedia":[{"embeddable":true,"href":"https:\/\/stem-eshop.gr\/tr\/wp-json\/wp\/v2\/media\/4465"}],"wp:attachment":[{"href":"https:\/\/stem-eshop.gr\/tr\/wp-json\/wp\/v2\/media?parent=6520"}],"wp:term":[{"taxonomy":"product_brand","embeddable":true,"href":"https:\/\/stem-eshop.gr\/tr\/wp-json\/wp\/v2\/product_brand?post=6520"},{"taxonomy":"product_cat","embeddable":true,"href":"https:\/\/stem-eshop.gr\/tr\/wp-json\/wp\/v2\/product_cat?post=6520"},{"taxonomy":"product_tag","embeddable":true,"href":"https:\/\/stem-eshop.gr\/tr\/wp-json\/wp\/v2\/product_tag?post=6520"}],"curies":[{"name":"wp","href":"https:\/\/api.w.org\/{rel}","templated":true}]}}