{"id":6504,"date":"2025-05-19T08:11:14","date_gmt":"2025-05-19T08:11:14","guid":{"rendered":"https:\/\/stem-eshop.gr\/product\/brainbox-%ce%b5%cf%80%ce%b9%cf%83%cf%84%ce%ae%ce%bc%ce%b7-%ce%b5%cf%80%ce%b9%cf%84%cf%81%ce%b1%cf%80%ce%ad%ce%b6%ce%b9%ce%bf-%cf%80%ce%b1%ce%b9%cf%87%ce%bd%ce%af%ce%b4%ce%b9\/"},"modified":"2025-12-17T15:46:19","modified_gmt":"2025-12-17T12:46:19","slug":"brainbox-%ce%b5%cf%80%ce%b9%cf%83%cf%84%ce%ae%ce%bc%ce%b7-%ce%b5%cf%80%ce%b9%cf%84%cf%81%ce%b1%cf%80%ce%ad%ce%b6%ce%b9%ce%bf-%cf%80%ce%b1%ce%b9%cf%87%ce%bd%ce%af%ce%b4%ce%b9","status":"publish","type":"product","link":"https:\/\/stem-eshop.gr\/tr\/urun\/brainbox-%ce%b5%cf%80%ce%b9%cf%83%cf%84%ce%ae%ce%bc%ce%b7-%ce%b5%cf%80%ce%b9%cf%84%cf%81%ce%b1%cf%80%ce%ad%ce%b6%ce%b9%ce%bf-%cf%80%ce%b1%ce%b9%cf%87%ce%bd%ce%af%ce%b4%ce%b9\/","title":{"rendered":"BrainBox: Bilim Masa Oyunu"},"content":{"rendered":"<p style=\"margin:0px 0px 10px;padding:0px;font-family:'Open Sans', sans-serif;font-size:15px;line-height:1.3;letter-spacing:0.7px;background-color:#ffffff\">Kum saatini ters \u00e7evirin ve kart\u0131 10 saniyede ezberlemeye \u00e7al\u0131\u015f\u0131n! \u015eimdi zar at\u0131n ve ilgili soruyu cevaplay\u0131n. Do\u011fru cevap verirseniz kart\u0131 saklars\u0131n\u0131z, yanl\u0131\u015f cevap verirseniz kart\u0131 BrainBox&#039;a geri koyars\u0131n\u0131z.<\/p>\n<p style=\"margin:0px 0px 10px;padding:0px;font-family:'Open Sans', sans-serif;font-size:15px;line-height:1.3;letter-spacing:0.7px;background-color:#ffffff\">Oyunun amac\u0131: 10 dakika i\u00e7erisinde en \u00e7ok kart\u0131 toplamak.<\/p>\n<p style=\"margin:0px 0px 10px;padding:0px;font-family:'Open Sans', sans-serif;font-size:15px;line-height:1.3;letter-spacing:0.7px;background-color:#ffffff\">Bunlar \u015funlar\u0131 i\u00e7erir:<\/p>\n<p style=\"margin:0px 0px 10px;padding:0px;font-family:'Open Sans', sans-serif;font-size:15px;line-height:1.3;letter-spacing:0.7px;background-color:#ffffff\">55 kart<\/p>\n<p style=\"margin:0px 0px 10px;padding:0px;font-family:'Open Sans', sans-serif;font-size:15px;line-height:1.3;letter-spacing:0.7px;background-color:#ffffff\">Kurallar\u0131 olan 1 kart<\/p>\n<p style=\"margin:0px 0px 10px;padding:0px;font-family:'Open Sans', sans-serif;font-size:15px;line-height:1.3;letter-spacing:0.7px;background-color:#ffffff\">1 kum saati<\/p>\n<p style=\"margin:0px 0px 10px;padding:0px;font-family:'Open Sans', sans-serif;font-size:15px;line-height:1.3;letter-spacing:0.7px;background-color:#ffffff\">1 zar<\/p>","protected":false},"excerpt":{"rendered":"<p style=\"margin:0px 0px 10px;padding:0px;font-family:'Open Sans', sans-serif;font-size:15px;line-height:1.3;letter-spacing:0.7px;background-color:#ffffff\">B\u0130L\u0130M oyunu bilim d\u00fcnyas\u0131n\u0131n en b\u00fcy\u00fck ke\u015fiflerini sunar.<\/p>\n<p style=\"margin:0px 0px 10px;padding:0px;font-family:'Open Sans', sans-serif;font-size:15px;line-height:1.3;letter-spacing:0.7px;background-color:#ffffff\">\u0130nsanl\u0131\u011f\u0131n evriminden bitkilerin ya\u015fam d\u00f6ng\u00fcs\u00fcne ve hal de\u011fi\u015ftiren maddelere kadar her bilimsel d\u00fc\u015f\u00fcnceyi hayata ge\u00e7iren \u00f6zel olarak tasarlanm\u0131\u015f g\u00f6rseller i\u00e7eren bu aile oyunu.<\/p>\n<p style=\"margin:0px 0px 10px;padding:0px;font-family:'Open Sans', sans-serif;font-size:15px;line-height:1.3;letter-spacing:0.7px;background-color:#ffffff\">BrainBox SCIENCE ile birlikte oynay\u0131p birlikte \u00f6\u011frenece\u011fiz.<\/p>","protected":false},"featured_media":4359,"comment_status":"open","ping_status":"closed","template":"","meta":{"site-sidebar-layout":"default","site-content-layout":"","ast-site-content-layout":"default","site-content-style":"default","site-sidebar-style":"default","ast-global-header-display":"","ast-banner-title-visibility":"","ast-main-header-display":"","ast-hfb-above-header-display":"","ast-hfb-below-header-display":"","ast-hfb-mobile-header-display":"","site-post-title":"","ast-breadcrumbs-content":"","ast-featured-img":"","footer-sml-layout":"","ast-disable-related-posts":"","theme-transparent-header-meta":"","adv-header-id-meta":"","stick-header-meta":"","header-above-stick-meta":"","header-main-stick-meta":"","header-below-stick-meta":"","astra-migrate-meta-layouts":"default","ast-page-background-enabled":"default","ast-page-background-meta":{"desktop":{"background-color":"var(--ast-global-color-5)","background-image":"","background-repeat":"repeat","background-position":"center center","background-size":"auto","background-attachment":"scroll","background-type":"","background-media":"","overlay-type":"","overlay-color":"","overlay-opacity":"","overlay-gradient":""},"tablet":{"background-color":"","background-image":"","background-repeat":"repeat","background-position":"center center","background-size":"auto","background-attachment":"scroll","background-type":"","background-media":"","overlay-type":"","overlay-color":"","overlay-opacity":"","overlay-gradient":""},"mobile":{"background-color":"","background-image":"","background-repeat":"repeat","background-position":"center center","background-size":"auto","background-attachment":"scroll","background-type":"","background-media":"","overlay-type":"","overlay-color":"","overlay-opacity":"","overlay-gradient":""}},"ast-content-background-meta":{"desktop":{"background-color":"var(--ast-global-color-4)","background-image":"","background-repeat":"repeat","background-position":"center center","background-size":"auto","background-attachment":"scroll","background-type":"","background-media":"","overlay-type":"","overlay-color":"","overlay-opacity":"","overlay-gradient":""},"tablet":{"background-color":"var(--ast-global-color-4)","background-image":"","background-repeat":"repeat","background-position":"center center","background-size":"auto","background-attachment":"scroll","background-type":"","background-media":"","overlay-type":"","overlay-color":"","overlay-opacity":"","overlay-gradient":""},"mobile":{"background-color":"var(--ast-global-color-4)","background-image":"","background-repeat":"repeat","background-position":"center center","background-size":"auto","background-attachment":"scroll","background-type":"","background-media":"","overlay-type":"","overlay-color":"","overlay-opacity":"","overlay-gradient":""}}},"product_brand":[101],"product_cat":[126,38,56,47,35,40,30,59,58,51],"product_tag":[],"class_list":{"0":"post-6504","1":"product","2":"type-product","3":"status-publish","4":"has-post-thumbnail","6":"product_brand-brainbox","7":"product_cat-126","8":"product_cat-38","9":"product_cat-56","10":"product_cat-47","11":"product_cat--10-12-","12":"product_cat--12-","13":"product_cat--6-9-","14":"product_cat-59","15":"product_cat-58","16":"product_cat-51","17":"desktop-align-left","18":"tablet-align-left","19":"mobile-align-left","21":"first","22":"instock","23":"taxable","24":"shipping-taxable","25":"purchasable","26":"product-type-simple"},"_links":{"self":[{"href":"https:\/\/stem-eshop.gr\/tr\/wp-json\/wp\/v2\/product\/6504","targetHints":{"allow":["GET"]}}],"collection":[{"href":"https:\/\/stem-eshop.gr\/tr\/wp-json\/wp\/v2\/product"}],"about":[{"href":"https:\/\/stem-eshop.gr\/tr\/wp-json\/wp\/v2\/types\/product"}],"replies":[{"embeddable":true,"href":"https:\/\/stem-eshop.gr\/tr\/wp-json\/wp\/v2\/comments?post=6504"}],"wp:featuredmedia":[{"embeddable":true,"href":"https:\/\/stem-eshop.gr\/tr\/wp-json\/wp\/v2\/media\/4359"}],"wp:attachment":[{"href":"https:\/\/stem-eshop.gr\/tr\/wp-json\/wp\/v2\/media?parent=6504"}],"wp:term":[{"taxonomy":"product_brand","embeddable":true,"href":"https:\/\/stem-eshop.gr\/tr\/wp-json\/wp\/v2\/product_brand?post=6504"},{"taxonomy":"product_cat","embeddable":true,"href":"https:\/\/stem-eshop.gr\/tr\/wp-json\/wp\/v2\/product_cat?post=6504"},{"taxonomy":"product_tag","embeddable":true,"href":"https:\/\/stem-eshop.gr\/tr\/wp-json\/wp\/v2\/product_tag?post=6504"}],"curies":[{"name":"wp","href":"https:\/\/api.w.org\/{rel}","templated":true}]}}