{"id":6501,"date":"2025-05-19T08:11:09","date_gmt":"2025-05-19T08:11:09","guid":{"rendered":"https:\/\/stem-eshop.gr\/product\/lego-education-spike-prime-replacement-pack\/"},"modified":"2026-04-25T11:54:11","modified_gmt":"2026-04-25T08:54:11","slug":"lego-education-spike-prime-replacement-pack","status":"publish","type":"product","link":"https:\/\/stem-eshop.gr\/tr\/urun\/lego-education-spike-prime-replacement-pack\/","title":{"rendered":"LEGO\u00ae Education SPIKE\u2122 Prime Yedek Par\u00e7a Paketi"},"content":{"rendered":"<p class=\"MsoNormal\" style=\"text-align: justify\">LEGO\u00ae Education SPIKE\u2122 Prime Yedek Par\u00e7a Paketi, temel SPIKE\u2122 Prime setini tamamlamak ve bak\u0131m\u0131n\u0131 yapmak \u00fczere tasarlanm\u0131\u015f bir yedek par\u00e7a setidir. Bu paket, kullan\u0131m s\u0131ras\u0131nda a\u015f\u0131nma, kay\u0131p veya hasar nedeniyle de\u011fi\u015ftirilmesi gerekebilecek \u00e7e\u015fitli par\u00e7alar i\u00e7erir.<\/p>\n<p class=\"MsoNormal\" style=\"text-align: justify\">","protected":false},"excerpt":{"rendered":"<p class=\"MsoNormal\" style=\"text-align: justify\">LEGO\u00ae Education SPIKE\u2122 Prime Yedek Par\u00e7a Paketi, 100&#039;den fazla farkl\u0131 LEGO\u00ae Technic\u2122 ve LEGO\u00ae Sistem blo\u011fu i\u00e7erir. Bu sayede, LEGO\u00ae Education SPIKE\u2122 Prime (45678)&#039;\u0131n\u0131z her zaman en iyi \u00e7al\u0131\u015fma d\u00fczeninde kal\u0131r ve de\u011ferli ders zaman\u0131n\u0131z\u0131 eksik par\u00e7alar\u0131 arayarak harcamazs\u0131n\u0131z.<\/p>","protected":false},"featured_media":4333,"comment_status":"open","ping_status":"closed","template":"","meta":{"site-sidebar-layout":"default","site-content-layout":"","ast-site-content-layout":"default","site-content-style":"default","site-sidebar-style":"default","ast-global-header-display":"","ast-banner-title-visibility":"","ast-main-header-display":"","ast-hfb-above-header-display":"","ast-hfb-below-header-display":"","ast-hfb-mobile-header-display":"","site-post-title":"","ast-breadcrumbs-content":"","ast-featured-img":"","footer-sml-layout":"","ast-disable-related-posts":"","theme-transparent-header-meta":"default","adv-header-id-meta":"","stick-header-meta":"","header-above-stick-meta":"","header-main-stick-meta":"","header-below-stick-meta":"","astra-migrate-meta-layouts":"set","ast-page-background-enabled":"default","ast-page-background-meta":{"desktop":{"background-color":"var(--ast-global-color-5)","background-image":"","background-repeat":"repeat","background-position":"center center","background-size":"auto","background-attachment":"scroll","background-type":"","background-media":"","overlay-type":"","overlay-color":"","overlay-opacity":"","overlay-gradient":""},"tablet":{"background-color":"","background-image":"","background-repeat":"repeat","background-position":"center center","background-size":"auto","background-attachment":"scroll","background-type":"","background-media":"","overlay-type":"","overlay-color":"","overlay-opacity":"","overlay-gradient":""},"mobile":{"background-color":"","background-image":"","background-repeat":"repeat","background-position":"center center","background-size":"auto","background-attachment":"scroll","background-type":"","background-media":"","overlay-type":"","overlay-color":"","overlay-opacity":"","overlay-gradient":""}},"ast-content-background-meta":{"desktop":{"background-color":"var(--ast-global-color-4)","background-image":"","background-repeat":"repeat","background-position":"center center","background-size":"auto","background-attachment":"scroll","background-type":"","background-media":"","overlay-type":"","overlay-color":"","overlay-opacity":"","overlay-gradient":""},"tablet":{"background-color":"var(--ast-global-color-4)","background-image":"","background-repeat":"repeat","background-position":"center center","background-size":"auto","background-attachment":"scroll","background-type":"","background-media":"","overlay-type":"","overlay-color":"","overlay-opacity":"","overlay-gradient":""},"mobile":{"background-color":"var(--ast-global-color-4)","background-image":"","background-repeat":"repeat","background-position":"center center","background-size":"auto","background-attachment":"scroll","background-type":"","background-media":"","overlay-type":"","overlay-color":"","overlay-opacity":"","overlay-gradient":""}}},"product_brand":[105],"product_cat":[52,29,57,35,40,34,28,48,59,58],"product_tag":[],"class_list":{"0":"post-6501","1":"product","2":"type-product","3":"status-publish","4":"has-post-thumbnail","6":"product_brand-lego","7":"product_cat-52","8":"product_cat-29","9":"product_cat-57","10":"product_cat--10-12-","11":"product_cat--12-","12":"product_cat-34","13":"product_cat-28","14":"product_cat-48","15":"product_cat-59","16":"product_cat-58","17":"desktop-align-left","18":"tablet-align-left","19":"mobile-align-left","21":"first","22":"instock","23":"taxable","24":"shipping-taxable","25":"purchasable","26":"product-type-simple"},"_links":{"self":[{"href":"https:\/\/stem-eshop.gr\/tr\/wp-json\/wp\/v2\/product\/6501","targetHints":{"allow":["GET"]}}],"collection":[{"href":"https:\/\/stem-eshop.gr\/tr\/wp-json\/wp\/v2\/product"}],"about":[{"href":"https:\/\/stem-eshop.gr\/tr\/wp-json\/wp\/v2\/types\/product"}],"replies":[{"embeddable":true,"href":"https:\/\/stem-eshop.gr\/tr\/wp-json\/wp\/v2\/comments?post=6501"}],"wp:featuredmedia":[{"embeddable":true,"href":"https:\/\/stem-eshop.gr\/tr\/wp-json\/wp\/v2\/media\/4333"}],"wp:attachment":[{"href":"https:\/\/stem-eshop.gr\/tr\/wp-json\/wp\/v2\/media?parent=6501"}],"wp:term":[{"taxonomy":"product_brand","embeddable":true,"href":"https:\/\/stem-eshop.gr\/tr\/wp-json\/wp\/v2\/product_brand?post=6501"},{"taxonomy":"product_cat","embeddable":true,"href":"https:\/\/stem-eshop.gr\/tr\/wp-json\/wp\/v2\/product_cat?post=6501"},{"taxonomy":"product_tag","embeddable":true,"href":"https:\/\/stem-eshop.gr\/tr\/wp-json\/wp\/v2\/product_tag?post=6501"}],"curies":[{"name":"wp","href":"https:\/\/api.w.org\/{rel}","templated":true}]}}