{"id":6494,"date":"2025-05-19T08:10:59","date_gmt":"2025-05-19T08:10:59","guid":{"rendered":"https:\/\/stem-eshop.gr\/product\/lego-technic-large-angular-motor\/"},"modified":"2025-10-23T11:19:10","modified_gmt":"2025-10-23T08:19:10","slug":"lego-technic-large-angular-motor","status":"publish","type":"product","link":"https:\/\/stem-eshop.gr\/tr\/urun\/lego-technic-large-angular-motor\/","title":{"rendered":"LEGO\u00ae Technic\u2122 B\u00fcy\u00fck A\u00e7\u0131sal Motor"},"content":{"rendered":"<p class=\"MsoNormal\" style=\"text-align: justify\">\u00d6zellikler:<\/p>\n<p>G\u00fc\u00e7l\u00fc Motor: Karma\u015f\u0131k yap\u0131lar ve mekanizmalar i\u00e7in ideal, y\u00fcksek tork ve h\u0131z sunar.<\/p>\n<p>Pozisyon Sens\u00f6r\u00fc: Hassas hareket kontrol\u00fc i\u00e7in bir derece \u00e7\u00f6z\u00fcn\u00fcrl\u00fc\u011fe sahip dahili a\u00e7\u0131sal pozisyon sens\u00f6r\u00fc.<\/p>\n<p>Uyumluluk: LEGO\u00ae Technic\u2122 B\u00fcy\u00fck Hub ve di\u011fer LEGO Education SPIKE\u2122 Prime elemanlar\u0131yla kusursuz bir \u015fekilde \u00e7al\u0131\u015f\u0131r ve yap\u0131lara kusursuz bir \u015fekilde entegre olmas\u0131n\u0131 sa\u011flar.<\/p>\n<p>Sa\u011flam Yap\u0131: E\u011fitim ortamlar\u0131na uygun, yo\u011fun kullan\u0131m ve deneylere dayan\u0131kl\u0131, dayan\u0131kl\u0131 yap\u0131.<\/p>\n<p>Kolay Ba\u011flant\u0131: Di\u011fer LEGO Technic yap\u0131 bloklar\u0131na ve aksesuarlar\u0131na kolayca ba\u011flan\u0131r, b\u00f6ylece karma\u015f\u0131k projeler olu\u015fturman\u0131z kolayla\u015f\u0131r.<\/p>","protected":false},"excerpt":{"rendered":"<p class=\"MsoNormal\" style=\"text-align: justify\">LEGO\u00ae Technic\u2122 B\u00fcy\u00fck A\u00e7\u0131sal Motor, LEGO\u00ae Technic setleri ve \u00f6zellikle LEGO Education SPIKE\u2122 Prime ile kullan\u0131lmak \u00fczere tasarlanm\u0131\u015f g\u00fc\u00e7l\u00fc ve \u00e7ok y\u00f6nl\u00fc bir motordur. Bu motor, yap\u0131lar\u0131n hassas hareketini ve kontrol\u00fcn\u00fc sa\u011flayarak \u00e7e\u015fitli robotik ve m\u00fchendislik projeleri i\u00e7in idealdir.<\/p>","protected":false},"featured_media":4315,"comment_status":"open","ping_status":"closed","template":"","meta":{"site-sidebar-layout":"default","site-content-layout":"","ast-site-content-layout":"default","site-content-style":"default","site-sidebar-style":"default","ast-global-header-display":"","ast-banner-title-visibility":"","ast-main-header-display":"","ast-hfb-above-header-display":"","ast-hfb-below-header-display":"","ast-hfb-mobile-header-display":"","site-post-title":"","ast-breadcrumbs-content":"","ast-featured-img":"","footer-sml-layout":"","ast-disable-related-posts":"","theme-transparent-header-meta":"default","adv-header-id-meta":"","stick-header-meta":"","header-above-stick-meta":"","header-main-stick-meta":"","header-below-stick-meta":"","astra-migrate-meta-layouts":"set","ast-page-background-enabled":"default","ast-page-background-meta":{"desktop":{"background-color":"var(--ast-global-color-5)","background-image":"","background-repeat":"repeat","background-position":"center center","background-size":"auto","background-attachment":"scroll","background-type":"","background-media":"","overlay-type":"","overlay-color":"","overlay-opacity":"","overlay-gradient":""},"tablet":{"background-color":"","background-image":"","background-repeat":"repeat","background-position":"center center","background-size":"auto","background-attachment":"scroll","background-type":"","background-media":"","overlay-type":"","overlay-color":"","overlay-opacity":"","overlay-gradient":""},"mobile":{"background-color":"","background-image":"","background-repeat":"repeat","background-position":"center center","background-size":"auto","background-attachment":"scroll","background-type":"","background-media":"","overlay-type":"","overlay-color":"","overlay-opacity":"","overlay-gradient":""}},"ast-content-background-meta":{"desktop":{"background-color":"var(--ast-global-color-4)","background-image":"","background-repeat":"repeat","background-position":"center center","background-size":"auto","background-attachment":"scroll","background-type":"","background-media":"","overlay-type":"","overlay-color":"","overlay-opacity":"","overlay-gradient":""},"tablet":{"background-color":"var(--ast-global-color-4)","background-image":"","background-repeat":"repeat","background-position":"center center","background-size":"auto","background-attachment":"scroll","background-type":"","background-media":"","overlay-type":"","overlay-color":"","overlay-opacity":"","overlay-gradient":""},"mobile":{"background-color":"var(--ast-global-color-4)","background-image":"","background-repeat":"repeat","background-position":"center center","background-size":"auto","background-attachment":"scroll","background-type":"","background-media":"","overlay-type":"","overlay-color":"","overlay-opacity":"","overlay-gradient":""}}},"product_brand":[105],"product_cat":[52,29,56,32,57,35,40,34,28,59],"product_tag":[],"class_list":{"0":"post-6494","1":"product","2":"type-product","3":"status-publish","4":"has-post-thumbnail","6":"product_brand-lego","7":"product_cat-52","8":"product_cat-29","9":"product_cat-56","10":"product_cat-32","11":"product_cat-57","12":"product_cat--10-12-","13":"product_cat--12-","14":"product_cat-34","15":"product_cat-28","16":"product_cat-59","17":"desktop-align-left","18":"tablet-align-left","19":"mobile-align-left","21":"first","22":"instock","23":"taxable","24":"shipping-taxable","25":"purchasable","26":"product-type-simple"},"_links":{"self":[{"href":"https:\/\/stem-eshop.gr\/tr\/wp-json\/wp\/v2\/product\/6494","targetHints":{"allow":["GET"]}}],"collection":[{"href":"https:\/\/stem-eshop.gr\/tr\/wp-json\/wp\/v2\/product"}],"about":[{"href":"https:\/\/stem-eshop.gr\/tr\/wp-json\/wp\/v2\/types\/product"}],"replies":[{"embeddable":true,"href":"https:\/\/stem-eshop.gr\/tr\/wp-json\/wp\/v2\/comments?post=6494"}],"wp:featuredmedia":[{"embeddable":true,"href":"https:\/\/stem-eshop.gr\/tr\/wp-json\/wp\/v2\/media\/4315"}],"wp:attachment":[{"href":"https:\/\/stem-eshop.gr\/tr\/wp-json\/wp\/v2\/media?parent=6494"}],"wp:term":[{"taxonomy":"product_brand","embeddable":true,"href":"https:\/\/stem-eshop.gr\/tr\/wp-json\/wp\/v2\/product_brand?post=6494"},{"taxonomy":"product_cat","embeddable":true,"href":"https:\/\/stem-eshop.gr\/tr\/wp-json\/wp\/v2\/product_cat?post=6494"},{"taxonomy":"product_tag","embeddable":true,"href":"https:\/\/stem-eshop.gr\/tr\/wp-json\/wp\/v2\/product_tag?post=6494"}],"curies":[{"name":"wp","href":"https:\/\/api.w.org\/{rel}","templated":true}]}}