{"id":6445,"date":"2025-05-19T07:52:14","date_gmt":"2025-05-19T07:52:14","guid":{"rendered":"https:\/\/stem-eshop.gr\/product\/%cf%83%ce%b5%cf%84-%ce%b4%ce%b9%ce%b1%cf%86%ce%b1%ce%bd%cf%8e%ce%bd-%cf%80%ce%bb%ce%b1%cf%83%cf%84%ce%b9%ce%ba%cf%8e%ce%bd-%ce%b2%ce%b1%ce%b8%ce%bc%cf%89%cf%84%cf%8e%ce%bd-%ce%ba%cf%85%ce%bb%ce%af\/"},"modified":"2025-05-22T07:41:21","modified_gmt":"2025-05-22T07:41:21","slug":"%cf%83%ce%b5%cf%84-%ce%b4%ce%b9%ce%b1%cf%86%ce%b1%ce%bd%cf%8e%ce%bd-%cf%80%ce%bb%ce%b1%cf%83%cf%84%ce%b9%ce%ba%cf%8e%ce%bd-%ce%b2%ce%b1%ce%b8%ce%bc%cf%89%cf%84%cf%8e%ce%bd-%ce%ba%cf%85%ce%bb%ce%af","status":"publish","type":"product","link":"https:\/\/stem-eshop.gr\/tr\/urun\/%cf%83%ce%b5%cf%84-%ce%b4%ce%b9%ce%b1%cf%86%ce%b1%ce%bd%cf%8e%ce%bd-%cf%80%ce%bb%ce%b1%cf%83%cf%84%ce%b9%ce%ba%cf%8e%ce%bd-%ce%b2%ce%b1%ce%b8%ce%bc%cf%89%cf%84%cf%8e%ce%bd-%ce%ba%cf%85%ce%bb%ce%af\/","title":{"rendered":"\u015eeffaf Plastik Dereceli Silindirler ve Vantuzlar Seti"},"content":{"rendered":"<\/p>\n<p class=\"MsoNormal\">\u00d6zellikler:<\/p>\n<\/p>\n<p class=\"MsoNormal\">Y\u00fcksek Kaliteli Malzeme: A\u015f\u0131nmaya ve kimyasal etkilere dayan\u0131kl\u0131 \u015feffaf plastik, g\u00fcvenli kullan\u0131m i\u00e7in idealdir.<\/p>\n<\/p>\n<p class=\"MsoNormal\">\u00c7e\u015fitli Silindir Boyutlar\u0131:<\/p>\n<\/p>\n<p class=\"MsoNormal\">10ml, 25ml, 50ml ve 100ml kapasiteli 4 adet dereceli silindir.<\/p>\n<\/p>\n<p class=\"MsoNormal\">\u00c7e\u015fitli Vantuz Boyutlar\u0131:<\/p>\n<\/p>\n<p class=\"MsoNormal\">50ml, 100ml, 250ml, 500ml ve 1000ml kapasiteli 5 adet vantuz.<\/p>\n<\/p>\n<p class=\"MsoNormal\">E\u015flik Eden Ara\u00e7lar:<\/p>\n<\/p>\n<p class=\"MsoNormal\">4 adet hassas pipet.<\/p>\n<\/p>\n<p class=\"MsoNormal\">S\u0131v\u0131lar\u0131n kolayca aktar\u0131lmas\u0131 i\u00e7in 1 adet plastik huni.<\/p>\n<\/p>\n<p class=\"MsoNormal\">1 adet s\u0131v\u0131lar\u0131n temizlenmesi veya hassas bir \u015fekilde d\u00f6k\u00fclmesi i\u00e7in y\u0131kama \u015fi\u015fesi.<\/p>\n<\/p>\n<p class=\"MsoNormal\">Silindirler ve vantuzlar i\u00e7in 2 adet temizleme f\u0131r\u00e7as\u0131.<\/p>\n<\/p>\n<p class=\"MsoNormal\">\n<p class=\"MsoNormal\">Faydalar:<\/p>\n<\/p>\n<p class=\"MsoNormal\">\u00d6l\u00e7\u00fcmlerde Hassasiyet: Silindirler ve vantuzlar, g\u00fcvenilir \u00f6l\u00e7\u00fcmler i\u00e7in farkl\u0131 kalibrasyonlara sahiptir.<\/p>\n<\/p>\n<p class=\"MsoNormal\">\u00c7ok Ama\u00e7l\u0131 Kullan\u0131m: Deneyler, yemek pi\u015firme, kozmetik yap\u0131m\u0131 veya hassas \u00f6l\u00e7\u00fcmler gerektiren herhangi bir aktivite i\u00e7in uygundur.<\/p>\n<\/p>\n<p class=\"MsoNormal\">Kolay Temizlik: \u00d6zel f\u0131r\u00e7alar sayesinde aletler kolayca temizlenerek hemen tekrar kullan\u0131labilir.<\/p>\n<\/p>\n<p class=\"MsoNormal\">Hafif ve Kullan\u0131m\u0131 Kolay: Plastik malzeme a\u011f\u0131rl\u0131\u011f\u0131 azalt\u0131r ve k\u0131r\u0131lmay\u0131 \u00f6nler.<\/p>\n<\/p>\n<p class=\"MsoNormal\">\n<p class=\"MsoNormal\">\u0130deal Olanlar \u0130\u00e7in:<\/p>\n<\/p>\n<p class=\"MsoNormal\">Okullarda ve \u00fcniversitelerde e\u011fitim ama\u00e7l\u0131 kullan\u0131m.<\/p>\n<\/p>\n<p class=\"MsoNormal\">Amat\u00f6r ve profesyonel bilim insanlar\u0131.<\/p>\n<\/p>\n<p class=\"MsoNormal\">\u00d6l\u00e7\u00fcmlerde hassasiyet gerektiren yarat\u0131c\u0131 projeler.<\/p>\n<\/p>\n<p class=\"MsoNormal\">Evde kullan\u0131m, \u00f6rne\u011fin yemek pi\u015firme veya kendin yap haz\u0131rl\u0131klar\u0131 i\u00e7in \u00f6l\u00e7\u00fcmler.<\/p>\n<\/p>\n<p class=\"MsoNormal\">\n<p class=\"MsoNormal\">Bu setle, i\u015flevselli\u011fi ve dayan\u0131kl\u0131l\u0131\u011f\u0131 bir arada sunan, hassas \u00f6l\u00e7\u00fcmler ve deneyler i\u00e7in gerekli t\u00fcm ara\u00e7lara sahip olacaks\u0131n\u0131z!<\/p>\n<\/p><\/p>","protected":false},"excerpt":{"rendered":"<p>Deneyler, \u00f6l\u00e7\u00fcmler ve laboratuvar aktiviteleri i\u00e7in eksiksiz ve pratik bir set. Okullarda, \u00fcniversitelerde ve hatta kimya ve bilim merakl\u0131lar\u0131n\u0131n evde e\u011fitim ama\u00e7l\u0131 kullan\u0131m\u0131 i\u00e7in idealdir.<\/p>","protected":false},"featured_media":4242,"comment_status":"open","ping_status":"closed","template":"","meta":{"site-sidebar-layout":"default","site-content-layout":"","ast-site-content-layout":"default","site-content-style":"default","site-sidebar-style":"default","ast-global-header-display":"","ast-banner-title-visibility":"","ast-main-header-display":"","ast-hfb-above-header-display":"","ast-hfb-below-header-display":"","ast-hfb-mobile-header-display":"","site-post-title":"","ast-breadcrumbs-content":"","ast-featured-img":"","footer-sml-layout":"","ast-disable-related-posts":"","theme-transparent-header-meta":"","adv-header-id-meta":"","stick-header-meta":"","header-above-stick-meta":"","header-main-stick-meta":"","header-below-stick-meta":"","astra-migrate-meta-layouts":"default","ast-page-background-enabled":"default","ast-page-background-meta":{"desktop":{"background-color":"var(--ast-global-color-5)","background-image":"","background-repeat":"repeat","background-position":"center center","background-size":"auto","background-attachment":"scroll","background-type":"","background-media":"","overlay-type":"","overlay-color":"","overlay-opacity":"","overlay-gradient":""},"tablet":{"background-color":"","background-image":"","background-repeat":"repeat","background-position":"center center","background-size":"auto","background-attachment":"scroll","background-type":"","background-media":"","overlay-type":"","overlay-color":"","overlay-opacity":"","overlay-gradient":""},"mobile":{"background-color":"","background-image":"","background-repeat":"repeat","background-position":"center center","background-size":"auto","background-attachment":"scroll","background-type":"","background-media":"","overlay-type":"","overlay-color":"","overlay-opacity":"","overlay-gradient":""}},"ast-content-background-meta":{"desktop":{"background-color":"var(--ast-global-color-4)","background-image":"","background-repeat":"repeat","background-position":"center center","background-size":"auto","background-attachment":"scroll","background-type":"","background-media":"","overlay-type":"","overlay-color":"","overlay-opacity":"","overlay-gradient":""},"tablet":{"background-color":"var(--ast-global-color-4)","background-image":"","background-repeat":"repeat","background-position":"center center","background-size":"auto","background-attachment":"scroll","background-type":"","background-media":"","overlay-type":"","overlay-color":"","overlay-opacity":"","overlay-gradient":""},"mobile":{"background-color":"var(--ast-global-color-4)","background-image":"","background-repeat":"repeat","background-position":"center center","background-size":"auto","background-attachment":"scroll","background-type":"","background-media":"","overlay-type":"","overlay-color":"","overlay-opacity":"","overlay-gradient":""}}},"product_brand":[107],"product_cat":[43,44,39,52,38,35,30,58,51],"product_tag":[],"class_list":{"0":"post-6445","1":"product","2":"type-product","3":"status-publish","4":"has-post-thumbnail","6":"product_brand-ngs","7":"product_cat-43","8":"product_cat-44","9":"product_cat-39","10":"product_cat-52","11":"product_cat-38","12":"product_cat--10-12-","13":"product_cat--6-9-","14":"product_cat-58","15":"product_cat-51","16":"desktop-align-left","17":"tablet-align-left","18":"mobile-align-left","20":"first","21":"instock","22":"taxable","23":"shipping-taxable","24":"purchasable","25":"product-type-simple"},"_links":{"self":[{"href":"https:\/\/stem-eshop.gr\/tr\/wp-json\/wp\/v2\/product\/6445","targetHints":{"allow":["GET"]}}],"collection":[{"href":"https:\/\/stem-eshop.gr\/tr\/wp-json\/wp\/v2\/product"}],"about":[{"href":"https:\/\/stem-eshop.gr\/tr\/wp-json\/wp\/v2\/types\/product"}],"replies":[{"embeddable":true,"href":"https:\/\/stem-eshop.gr\/tr\/wp-json\/wp\/v2\/comments?post=6445"}],"wp:featuredmedia":[{"embeddable":true,"href":"https:\/\/stem-eshop.gr\/tr\/wp-json\/wp\/v2\/media\/4242"}],"wp:attachment":[{"href":"https:\/\/stem-eshop.gr\/tr\/wp-json\/wp\/v2\/media?parent=6445"}],"wp:term":[{"taxonomy":"product_brand","embeddable":true,"href":"https:\/\/stem-eshop.gr\/tr\/wp-json\/wp\/v2\/product_brand?post=6445"},{"taxonomy":"product_cat","embeddable":true,"href":"https:\/\/stem-eshop.gr\/tr\/wp-json\/wp\/v2\/product_cat?post=6445"},{"taxonomy":"product_tag","embeddable":true,"href":"https:\/\/stem-eshop.gr\/tr\/wp-json\/wp\/v2\/product_tag?post=6445"}],"curies":[{"name":"wp","href":"https:\/\/api.w.org\/{rel}","templated":true}]}}