{"id":6438,"date":"2025-05-19T07:52:02","date_gmt":"2025-05-19T07:52:02","guid":{"rendered":"https:\/\/stem-eshop.gr\/product\/ngs-%cf%80%ce%af%ce%bd%ce%b1%ce%ba%ce%b1%cf%82-%ce%bc%ce%b5-%ce%bc%ce%b1%ce%b3%ce%bd%ce%ae%cf%84%ce%b7-%ce%b4%ce%b9%cf%80%ce%bb%ce%ae%cf%82-%cf%8c%cf%88%ce%b7%cf%82\/"},"modified":"2025-05-22T07:41:22","modified_gmt":"2025-05-22T07:41:22","slug":"ngs-%cf%80%ce%af%ce%bd%ce%b1%ce%ba%ce%b1%cf%82-%ce%bc%ce%b5-%ce%bc%ce%b1%ce%b3%ce%bd%ce%ae%cf%84%ce%b7-%ce%b4%ce%b9%cf%80%ce%bb%ce%ae%cf%82-%cf%8c%cf%88%ce%b7%cf%82","status":"publish","type":"product","link":"https:\/\/stem-eshop.gr\/tr\/urun\/ngs-%cf%80%ce%af%ce%bd%ce%b1%ce%ba%ce%b1%cf%82-%ce%bc%ce%b5-%ce%bc%ce%b1%ce%b3%ce%bd%ce%ae%cf%84%ce%b7-%ce%b4%ce%b9%cf%80%ce%bb%ce%ae%cf%82-%cf%8c%cf%88%ce%b7%cf%82\/","title":{"rendered":"\u00c7ift tarafl\u0131 m\u0131knat\u0131sl\u0131 NGS kart\u0131"},"content":{"rendered":"<p>Her iki taraf\u0131 da manyetik oldu\u011fundan, manyetik harfler, rakamlar veya di\u011fer manyetik aksesuarlar\u0131n kullan\u0131m\u0131na olanak tan\u0131r. Bu sayede tahta, e\u011fitim ama\u00e7l\u0131 kullan\u0131m i\u00e7in idealdir; \u00e7\u00fcnk\u00fc manyetik nesneler \u00f6\u011fretime yard\u0131mc\u0131 olmak \u00fczere yerle\u015ftirilebilir.<\/p>\n<p>Bu tahta, iki y\u00fczeyinin farkl\u0131 ama\u00e7lar i\u00e7in kullan\u0131labilmesi sayesinde b\u00fcy\u00fck esneklik ve i\u015flevsellik sunuyor ve bu da onu bir\u00e7ok aktivite i\u00e7in \u00f6zellikle pratik hale getiriyor.<\/p>","protected":false},"excerpt":{"rendered":"<p>\u00c7ift tarafl\u0131 manyetik tahta, okullarda, ofislerde veya evlerde \u00f6\u011fretim, organizasyon veya yarat\u0131c\u0131 oyun ama\u00e7l\u0131 yayg\u0131n olarak kullan\u0131lan e\u011fitici ve pratik bir ara\u00e7t\u0131r. Her biri farkl\u0131 i\u015flevlere sahip iki y\u00fcz\u00fc vard\u0131r ve manyetik nesnelerin kullan\u0131m\u0131na olanak tan\u0131r.<\/p>","protected":false},"featured_media":4199,"comment_status":"open","ping_status":"closed","template":"","meta":{"site-sidebar-layout":"default","site-content-layout":"","ast-site-content-layout":"default","site-content-style":"default","site-sidebar-style":"default","ast-global-header-display":"","ast-banner-title-visibility":"","ast-main-header-display":"","ast-hfb-above-header-display":"","ast-hfb-below-header-display":"","ast-hfb-mobile-header-display":"","site-post-title":"","ast-breadcrumbs-content":"","ast-featured-img":"","footer-sml-layout":"","ast-disable-related-posts":"","theme-transparent-header-meta":"","adv-header-id-meta":"","stick-header-meta":"","header-above-stick-meta":"","header-main-stick-meta":"","header-below-stick-meta":"","astra-migrate-meta-layouts":"default","ast-page-background-enabled":"default","ast-page-background-meta":{"desktop":{"background-color":"var(--ast-global-color-5)","background-image":"","background-repeat":"repeat","background-position":"center center","background-size":"auto","background-attachment":"scroll","background-type":"","background-media":"","overlay-type":"","overlay-color":"","overlay-opacity":"","overlay-gradient":""},"tablet":{"background-color":"","background-image":"","background-repeat":"repeat","background-position":"center center","background-size":"auto","background-attachment":"scroll","background-type":"","background-media":"","overlay-type":"","overlay-color":"","overlay-opacity":"","overlay-gradient":""},"mobile":{"background-color":"","background-image":"","background-repeat":"repeat","background-position":"center center","background-size":"auto","background-attachment":"scroll","background-type":"","background-media":"","overlay-type":"","overlay-color":"","overlay-opacity":"","overlay-gradient":""}},"ast-content-background-meta":{"desktop":{"background-color":"var(--ast-global-color-4)","background-image":"","background-repeat":"repeat","background-position":"center center","background-size":"auto","background-attachment":"scroll","background-type":"","background-media":"","overlay-type":"","overlay-color":"","overlay-opacity":"","overlay-gradient":""},"tablet":{"background-color":"var(--ast-global-color-4)","background-image":"","background-repeat":"repeat","background-position":"center center","background-size":"auto","background-attachment":"scroll","background-type":"","background-media":"","overlay-type":"","overlay-color":"","overlay-opacity":"","overlay-gradient":""},"mobile":{"background-color":"var(--ast-global-color-4)","background-image":"","background-repeat":"repeat","background-position":"center center","background-size":"auto","background-attachment":"scroll","background-type":"","background-media":"","overlay-type":"","overlay-color":"","overlay-opacity":"","overlay-gradient":""}}},"product_brand":[107],"product_cat":[126,42,43,44,39,38,37,30,26],"product_tag":[],"class_list":{"0":"post-6438","1":"product","2":"type-product","3":"status-publish","4":"has-post-thumbnail","6":"product_brand-ngs","7":"product_cat-126","8":"product_cat-42","9":"product_cat-43","10":"product_cat-44","11":"product_cat-39","12":"product_cat-38","13":"product_cat-37","14":"product_cat--6-9-","15":"product_cat-26","16":"desktop-align-left","17":"tablet-align-left","18":"mobile-align-left","20":"first","21":"instock","22":"taxable","23":"shipping-taxable","24":"purchasable","25":"product-type-simple"},"_links":{"self":[{"href":"https:\/\/stem-eshop.gr\/tr\/wp-json\/wp\/v2\/product\/6438","targetHints":{"allow":["GET"]}}],"collection":[{"href":"https:\/\/stem-eshop.gr\/tr\/wp-json\/wp\/v2\/product"}],"about":[{"href":"https:\/\/stem-eshop.gr\/tr\/wp-json\/wp\/v2\/types\/product"}],"replies":[{"embeddable":true,"href":"https:\/\/stem-eshop.gr\/tr\/wp-json\/wp\/v2\/comments?post=6438"}],"wp:featuredmedia":[{"embeddable":true,"href":"https:\/\/stem-eshop.gr\/tr\/wp-json\/wp\/v2\/media\/4199"}],"wp:attachment":[{"href":"https:\/\/stem-eshop.gr\/tr\/wp-json\/wp\/v2\/media?parent=6438"}],"wp:term":[{"taxonomy":"product_brand","embeddable":true,"href":"https:\/\/stem-eshop.gr\/tr\/wp-json\/wp\/v2\/product_brand?post=6438"},{"taxonomy":"product_cat","embeddable":true,"href":"https:\/\/stem-eshop.gr\/tr\/wp-json\/wp\/v2\/product_cat?post=6438"},{"taxonomy":"product_tag","embeddable":true,"href":"https:\/\/stem-eshop.gr\/tr\/wp-json\/wp\/v2\/product_tag?post=6438"}],"curies":[{"name":"wp","href":"https:\/\/api.w.org\/{rel}","templated":true}]}}