{"id":6386,"date":"2025-05-19T07:31:08","date_gmt":"2025-05-19T07:31:08","guid":{"rendered":"https:\/\/stem-eshop.gr\/product\/ngs-%ce%ba%ce%b9%cf%84-%ce%ba%ce%b1%ce%bb%cf%89%ce%b4%ce%b9%cf%89%cf%84%ce%ae%cf%82-%ce%b3%ce%ad%cf%86%cf%85%cf%81%ce%b1%cf%82-%ce%b3%ce%b9%ce%b1-%cf%80%ce%b1%ce%b9%ce%b4%ce%b9%ce%ac\/"},"modified":"2025-05-22T07:41:23","modified_gmt":"2025-05-22T07:41:23","slug":"ngs-%ce%ba%ce%b9%cf%84-%ce%ba%ce%b1%ce%bb%cf%89%ce%b4%ce%b9%cf%89%cf%84%ce%ae%cf%82-%ce%b3%ce%ad%cf%86%cf%85%cf%81%ce%b1%cf%82-%ce%b3%ce%b9%ce%b1-%cf%80%ce%b1%ce%b9%ce%b4%ce%b9%ce%ac","status":"publish","type":"product","link":"https:\/\/stem-eshop.gr\/tr\/urun\/ngs-%ce%ba%ce%b9%cf%84-%ce%ba%ce%b1%ce%bb%cf%89%ce%b4%ce%b9%cf%89%cf%84%ce%ae%cf%82-%ce%b3%ce%ad%cf%86%cf%85%cf%81%ce%b1%cf%82-%ce%b3%ce%b9%ce%b1-%cf%80%ce%b1%ce%b9%ce%b4%ce%b9%ce%ac\/","title":{"rendered":"NGS \u00c7ocuk Kablo K\u00f6pr\u00fcs\u00fc Kiti"},"content":{"rendered":"<p class=\"MsoNormal\" style=\"margin-bottom:10pt;line-height:115%\">Kablo destekli k\u00f6pr\u00fc, ana kiri\u015fin birden fazla kabloyla do\u011frudan k\u00f6pr\u00fc kulesine \u00e7ekildi\u011fi bir k\u00f6pr\u00fc t\u00fcr\u00fcd\u00fcr. Bas\u0131n\u00e7 kulesi, gergi kablolar\u0131 ve e\u011filme kiri\u015fi g\u00f6vdesini birle\u015ftiren bir yap\u0131 sistemidir. Kablo destekli k\u00f6pr\u00fcn\u00fcn iki aya\u011f\u0131, t\u00fcm k\u00f6pr\u00fc g\u00f6vdesinin a\u011f\u0131rl\u0131\u011f\u0131n\u0131 destekler ve t\u00fcm tabliyenin a\u011f\u0131rl\u0131\u011f\u0131, tabliye \u00fczerindeki kuvvetin dengesini sa\u011flamak i\u00e7in kablo arac\u0131l\u0131\u011f\u0131yla iki aya\u011fa e\u015fit olarak da\u011f\u0131t\u0131l\u0131r.<\/p>","protected":false},"excerpt":{"rendered":"<p>Kablo destekli k\u00f6pr\u00fc, ana kiri\u015fin birden fazla kabloyla do\u011frudan k\u00f6pr\u00fc kulesine \u00e7ekildi\u011fi bir k\u00f6pr\u00fc t\u00fcr\u00fcd\u00fcr. Bas\u0131n\u00e7 kulesi, gergi kablolar\u0131 ve e\u011filme kiri\u015fi g\u00f6vdesini birle\u015ftiren bir yap\u0131 sistemidir. Kablo destekli k\u00f6pr\u00fcn\u00fcn iki aya\u011f\u0131, t\u00fcm k\u00f6pr\u00fc g\u00f6vdesinin a\u011f\u0131rl\u0131\u011f\u0131n\u0131 destekler ve t\u00fcm tabliyenin a\u011f\u0131rl\u0131\u011f\u0131, tabliye \u00fczerindeki kuvvetin dengesini sa\u011flamak i\u00e7in kablo arac\u0131l\u0131\u011f\u0131yla iki aya\u011fa e\u015fit olarak da\u011f\u0131t\u0131l\u0131r.<\/p>","protected":false},"featured_media":7594,"comment_status":"open","ping_status":"closed","template":"","meta":{"site-sidebar-layout":"default","site-content-layout":"","ast-site-content-layout":"default","site-content-style":"default","site-sidebar-style":"default","ast-global-header-display":"","ast-banner-title-visibility":"","ast-main-header-display":"","ast-hfb-above-header-display":"","ast-hfb-below-header-display":"","ast-hfb-mobile-header-display":"","site-post-title":"","ast-breadcrumbs-content":"","ast-featured-img":"","footer-sml-layout":"","ast-disable-related-posts":"","theme-transparent-header-meta":"","adv-header-id-meta":"","stick-header-meta":"","header-above-stick-meta":"","header-main-stick-meta":"","header-below-stick-meta":"","astra-migrate-meta-layouts":"default","ast-page-background-enabled":"default","ast-page-background-meta":{"desktop":{"background-color":"var(--ast-global-color-5)","background-image":"","background-repeat":"repeat","background-position":"center center","background-size":"auto","background-attachment":"scroll","background-type":"","background-media":"","overlay-type":"","overlay-color":"","overlay-opacity":"","overlay-gradient":""},"tablet":{"background-color":"","background-image":"","background-repeat":"repeat","background-position":"center center","background-size":"auto","background-attachment":"scroll","background-type":"","background-media":"","overlay-type":"","overlay-color":"","overlay-opacity":"","overlay-gradient":""},"mobile":{"background-color":"","background-image":"","background-repeat":"repeat","background-position":"center center","background-size":"auto","background-attachment":"scroll","background-type":"","background-media":"","overlay-type":"","overlay-color":"","overlay-opacity":"","overlay-gradient":""}},"ast-content-background-meta":{"desktop":{"background-color":"var(--ast-global-color-4)","background-image":"","background-repeat":"repeat","background-position":"center center","background-size":"auto","background-attachment":"scroll","background-type":"","background-media":"","overlay-type":"","overlay-color":"","overlay-opacity":"","overlay-gradient":""},"tablet":{"background-color":"var(--ast-global-color-4)","background-image":"","background-repeat":"repeat","background-position":"center center","background-size":"auto","background-attachment":"scroll","background-type":"","background-media":"","overlay-type":"","overlay-color":"","overlay-opacity":"","overlay-gradient":""},"mobile":{"background-color":"var(--ast-global-color-4)","background-image":"","background-repeat":"repeat","background-position":"center center","background-size":"auto","background-attachment":"scroll","background-type":"","background-media":"","overlay-type":"","overlay-color":"","overlay-opacity":"","overlay-gradient":""}}},"product_brand":[107],"product_cat":[39,38,29,56,32,57,35,30,58],"product_tag":[],"class_list":{"0":"post-6386","1":"product","2":"type-product","3":"status-publish","4":"has-post-thumbnail","6":"product_brand-ngs","7":"product_cat-39","8":"product_cat-38","9":"product_cat-29","10":"product_cat-56","11":"product_cat-32","12":"product_cat-57","13":"product_cat--10-12-","14":"product_cat--6-9-","15":"product_cat-58","16":"desktop-align-left","17":"tablet-align-left","18":"mobile-align-left","20":"first","21":"instock","22":"taxable","23":"shipping-taxable","24":"purchasable","25":"product-type-simple"},"_links":{"self":[{"href":"https:\/\/stem-eshop.gr\/tr\/wp-json\/wp\/v2\/product\/6386","targetHints":{"allow":["GET"]}}],"collection":[{"href":"https:\/\/stem-eshop.gr\/tr\/wp-json\/wp\/v2\/product"}],"about":[{"href":"https:\/\/stem-eshop.gr\/tr\/wp-json\/wp\/v2\/types\/product"}],"replies":[{"embeddable":true,"href":"https:\/\/stem-eshop.gr\/tr\/wp-json\/wp\/v2\/comments?post=6386"}],"wp:featuredmedia":[{"embeddable":true,"href":"https:\/\/stem-eshop.gr\/tr\/wp-json\/wp\/v2\/media\/7594"}],"wp:attachment":[{"href":"https:\/\/stem-eshop.gr\/tr\/wp-json\/wp\/v2\/media?parent=6386"}],"wp:term":[{"taxonomy":"product_brand","embeddable":true,"href":"https:\/\/stem-eshop.gr\/tr\/wp-json\/wp\/v2\/product_brand?post=6386"},{"taxonomy":"product_cat","embeddable":true,"href":"https:\/\/stem-eshop.gr\/tr\/wp-json\/wp\/v2\/product_cat?post=6386"},{"taxonomy":"product_tag","embeddable":true,"href":"https:\/\/stem-eshop.gr\/tr\/wp-json\/wp\/v2\/product_tag?post=6386"}],"curies":[{"name":"wp","href":"https:\/\/api.w.org\/{rel}","templated":true}]}}