{"id":6372,"date":"2025-05-19T07:30:13","date_gmt":"2025-05-19T07:30:13","guid":{"rendered":"https:\/\/stem-eshop.gr\/product\/gigo-mini-gyro\/"},"modified":"2025-05-22T21:13:19","modified_gmt":"2025-05-22T18:13:19","slug":"gigo-mini-gyro","status":"publish","type":"product","link":"https:\/\/stem-eshop.gr\/tr\/urun\/gigo-mini-gyro\/","title":{"rendered":"Gigo Mini Jiroskop"},"content":{"rendered":"<p>\u00c7ocuklar, Gigo Mini Jiroskop ile jiroskop ve a\u00e7\u0131sal momentum gibi kavramlar\u0131 \u00f6\u011frenecek. D\u00f6nd\u00fcklerinde yer \u00e7ekimi kanunlar\u0131na meydan okuyormu\u015f gibi g\u00f6r\u00fcnen nesnelerle deneyler yapabilecekler. Jiroskopu d\u00f6nd\u00fcrmek i\u00e7in kabloyu \u00e7ekin ve deney yapmaya ba\u015flay\u0131n!<\/p>\n<p>Segway (scooter) gibi dengede duran, ancak tek tekerlekli bir robot in\u015fa edebilirsiniz. Ayr\u0131ca, iki tekerlek \u00fczerinde y\u00fcr\u00fcyen (bisiklet gibi ileri geri hareket eden) ve dengesini kaybetmeden ilerleyen bir robotla da deneyler yapabilirsiniz. Jiroskop i\u015flevini kullanarak bir\u00e7ok model olu\u015fturun (motosiklet, \u00fc\u00e7 tekerlekli bisiklet, uzay arabas\u0131 vb.). \u0130ki motoru birle\u015ftirerek hem hareket eden hem de dengede duran robotlar in\u015fa edin!<\/p>\n<p>\u00c7ocuklar i\u00e7in yarat\u0131c\u0131 aktiviteler.<\/p><\/p>","protected":false},"excerpt":{"rendered":"<div class=\"woocommerce-product-details__short-description\">\n<p>Gigo Mini Gyro ile \u00e7ocuklar jiroskop ve a\u00e7\u0131sal momentum gibi kavramlar\u0131 \u00f6\u011frenecek!<\/p>\n<\/div>","protected":false},"featured_media":5173,"comment_status":"open","ping_status":"closed","template":"","meta":{"site-sidebar-layout":"default","site-content-layout":"","ast-site-content-layout":"default","site-content-style":"default","site-sidebar-style":"default","ast-global-header-display":"","ast-banner-title-visibility":"","ast-main-header-display":"","ast-hfb-above-header-display":"","ast-hfb-below-header-display":"","ast-hfb-mobile-header-display":"","site-post-title":"","ast-breadcrumbs-content":"","ast-featured-img":"","footer-sml-layout":"","ast-disable-related-posts":"","theme-transparent-header-meta":"","adv-header-id-meta":"","stick-header-meta":"","header-above-stick-meta":"","header-main-stick-meta":"","header-below-stick-meta":"","astra-migrate-meta-layouts":"default","ast-page-background-enabled":"default","ast-page-background-meta":{"desktop":{"background-color":"var(--ast-global-color-5)","background-image":"","background-repeat":"repeat","background-position":"center center","background-size":"auto","background-attachment":"scroll","background-type":"","background-media":"","overlay-type":"","overlay-color":"","overlay-opacity":"","overlay-gradient":""},"tablet":{"background-color":"","background-image":"","background-repeat":"repeat","background-position":"center center","background-size":"auto","background-attachment":"scroll","background-type":"","background-media":"","overlay-type":"","overlay-color":"","overlay-opacity":"","overlay-gradient":""},"mobile":{"background-color":"","background-image":"","background-repeat":"repeat","background-position":"center center","background-size":"auto","background-attachment":"scroll","background-type":"","background-media":"","overlay-type":"","overlay-color":"","overlay-opacity":"","overlay-gradient":""}},"ast-content-background-meta":{"desktop":{"background-color":"var(--ast-global-color-4)","background-image":"","background-repeat":"repeat","background-position":"center center","background-size":"auto","background-attachment":"scroll","background-type":"","background-media":"","overlay-type":"","overlay-color":"","overlay-opacity":"","overlay-gradient":""},"tablet":{"background-color":"var(--ast-global-color-4)","background-image":"","background-repeat":"repeat","background-position":"center center","background-size":"auto","background-attachment":"scroll","background-type":"","background-media":"","overlay-type":"","overlay-color":"","overlay-opacity":"","overlay-gradient":""},"mobile":{"background-color":"var(--ast-global-color-4)","background-image":"","background-repeat":"repeat","background-position":"center center","background-size":"auto","background-attachment":"scroll","background-type":"","background-media":"","overlay-type":"","overlay-color":"","overlay-opacity":"","overlay-gradient":""}}},"product_brand":[104],"product_cat":[39,38,29,56,32,57,35,30,58],"product_tag":[],"class_list":{"0":"post-6372","1":"product","2":"type-product","3":"status-publish","4":"has-post-thumbnail","6":"product_brand-gigo","7":"product_cat-39","8":"product_cat-38","9":"product_cat-29","10":"product_cat-56","11":"product_cat-32","12":"product_cat-57","13":"product_cat--10-12-","14":"product_cat--6-9-","15":"product_cat-58","16":"desktop-align-left","17":"tablet-align-left","18":"mobile-align-left","20":"first","21":"instock","22":"taxable","23":"shipping-taxable","24":"purchasable","25":"product-type-simple"},"_links":{"self":[{"href":"https:\/\/stem-eshop.gr\/tr\/wp-json\/wp\/v2\/product\/6372","targetHints":{"allow":["GET"]}}],"collection":[{"href":"https:\/\/stem-eshop.gr\/tr\/wp-json\/wp\/v2\/product"}],"about":[{"href":"https:\/\/stem-eshop.gr\/tr\/wp-json\/wp\/v2\/types\/product"}],"replies":[{"embeddable":true,"href":"https:\/\/stem-eshop.gr\/tr\/wp-json\/wp\/v2\/comments?post=6372"}],"wp:featuredmedia":[{"embeddable":true,"href":"https:\/\/stem-eshop.gr\/tr\/wp-json\/wp\/v2\/media\/5173"}],"wp:attachment":[{"href":"https:\/\/stem-eshop.gr\/tr\/wp-json\/wp\/v2\/media?parent=6372"}],"wp:term":[{"taxonomy":"product_brand","embeddable":true,"href":"https:\/\/stem-eshop.gr\/tr\/wp-json\/wp\/v2\/product_brand?post=6372"},{"taxonomy":"product_cat","embeddable":true,"href":"https:\/\/stem-eshop.gr\/tr\/wp-json\/wp\/v2\/product_cat?post=6372"},{"taxonomy":"product_tag","embeddable":true,"href":"https:\/\/stem-eshop.gr\/tr\/wp-json\/wp\/v2\/product_tag?post=6372"}],"curies":[{"name":"wp","href":"https:\/\/api.w.org\/{rel}","templated":true}]}}