{"id":6369,"date":"2025-05-19T07:30:08","date_gmt":"2025-05-19T07:30:08","guid":{"rendered":"https:\/\/stem-eshop.gr\/product\/gigo-light-and-solar-energy\/"},"modified":"2025-05-22T21:13:19","modified_gmt":"2025-05-22T18:13:19","slug":"gigo-light-and-solar-energy","status":"publish","type":"product","link":"https:\/\/stem-eshop.gr\/tr\/urun\/gigo-light-and-solar-energy\/","title":{"rendered":"Gigo I\u015f\u0131k ve G\u00fcne\u015f Enerjisi"},"content":{"rendered":"<p>\u0130\u00e7erdi\u011fi fotovoltaik h\u00fccre, enerjiyi sadece \u00fcretmekle kalm\u0131yor, ayn\u0131 zamanda gelecekte kullan\u0131lmak \u00fczere depoluyor! \u00c7ocuklar, g\u00fcne\u015f enerjili ara\u00e7 modelleri, g\u00fcne\u015f enerjili teleferik, g\u00fcne\u015f enerjili \u015farj istasyonu ve \u00e7ok daha fazlas\u0131n\u0131 in\u015fa ederek g\u00fcne\u015f enerjisinin ne kadar kullan\u0131\u015fl\u0131 olabilece\u011fini g\u00f6rebilirler. Set, 16 model ve 4 yarat\u0131c\u0131 g\u00f6revin in\u015fa edilece\u011fi 20 ders ve bir \u00f6\u011frenci kitab\u0131 i\u00e7eriyor.<\/p>\n<\/p>\n<p>Tematik e\u011fitim materyalleri, STEM alanlar\u0131na odaklanacak \u015fekilde tasarlanm\u0131\u015ft\u0131r. Teoriyi ger\u00e7ek d\u00fcnya uygulamalar\u0131yla birle\u015ftirerek, yarat\u0131c\u0131l\u0131\u011f\u0131 geli\u015ftirme ve yaparak \u00f6\u011frenme temel de\u011ferleri aktar\u0131lmaktad\u0131r.<\/p>\n<\/p>\n<p>Her set \u015funlar\u0131 i\u00e7erir:<\/p>\n<p>\u00d6\u011frenci kitab\u0131<\/p>\n<p>\u00d6\u011fretmen k\u0131lavuzu<\/p>\n<p>237 yap\u0131 ta\u015f\u0131<\/p>\n<p>20 in\u015faat modeli<\/p>\n<p>\u00c7al\u0131\u015fma s\u00fcresi: 40 dakika\/model<\/p>\n<div class=\"vc_row wpb_row vc_row-fluid\">\n<div class=\"wpb_column vc_column_container vc_col-sm-12\">\n<div class=\"vc_column-inner\">\n<div class=\"wpb_wrapper\">\n<div class=\"wpb_text_column wpb_content_element\">\n<div class=\"wpb_wrapper\">\n<\/p>\n<p dir=\"ltr\" style=\"text-align:center\"><span xml:lang=\"el\" lang=\"el\">Manuel<\/span><\/p>\n<p dir=\"ltr\"><span xml:lang=\"el\" lang=\"el\"><a href=\"https:\/\/issuu.com\/gigotoys\/docs\/_1240rlesson_plan-en\" rel=\"noopener\"><img decoding=\"async\" src=\"https:\/\/stem-eshop.gr\/img\/cms\/manual.png\" alt=\"\" width=\"40\" height=\"31\" style=\"margin-left:auto;margin-right:auto\" \/><\/a><\/span><\/p>\n<\/div>\n<\/div>\n<\/div>\n<\/div>\n<\/div>\n<\/div>","protected":false},"excerpt":{"rendered":"<div class=\"woocommerce-product-details__short-description\">\n<p>I\u015f\u0131k ve G\u00fcne\u015f Enerjisi paketiyle \u00e7ocuklar fotovoltaiklerin g\u00fcnl\u00fck hayattaki uygulamalar\u0131n\u0131 \u00f6\u011frenecek!<\/p>\n<p>\u00c7ocuklar i\u00e7in yarat\u0131c\u0131 yap\u0131lar.<\/p>\n<\/div>","protected":false},"featured_media":5131,"comment_status":"open","ping_status":"closed","template":"","meta":{"site-sidebar-layout":"default","site-content-layout":"","ast-site-content-layout":"default","site-content-style":"default","site-sidebar-style":"default","ast-global-header-display":"","ast-banner-title-visibility":"","ast-main-header-display":"","ast-hfb-above-header-display":"","ast-hfb-below-header-display":"","ast-hfb-mobile-header-display":"","site-post-title":"","ast-breadcrumbs-content":"","ast-featured-img":"","footer-sml-layout":"","ast-disable-related-posts":"","theme-transparent-header-meta":"","adv-header-id-meta":"","stick-header-meta":"","header-above-stick-meta":"","header-main-stick-meta":"","header-below-stick-meta":"","astra-migrate-meta-layouts":"default","ast-page-background-enabled":"default","ast-page-background-meta":{"desktop":{"background-color":"var(--ast-global-color-5)","background-image":"","background-repeat":"repeat","background-position":"center center","background-size":"auto","background-attachment":"scroll","background-type":"","background-media":"","overlay-type":"","overlay-color":"","overlay-opacity":"","overlay-gradient":""},"tablet":{"background-color":"","background-image":"","background-repeat":"repeat","background-position":"center center","background-size":"auto","background-attachment":"scroll","background-type":"","background-media":"","overlay-type":"","overlay-color":"","overlay-opacity":"","overlay-gradient":""},"mobile":{"background-color":"","background-image":"","background-repeat":"repeat","background-position":"center center","background-size":"auto","background-attachment":"scroll","background-type":"","background-media":"","overlay-type":"","overlay-color":"","overlay-opacity":"","overlay-gradient":""}},"ast-content-background-meta":{"desktop":{"background-color":"var(--ast-global-color-4)","background-image":"","background-repeat":"repeat","background-position":"center center","background-size":"auto","background-attachment":"scroll","background-type":"","background-media":"","overlay-type":"","overlay-color":"","overlay-opacity":"","overlay-gradient":""},"tablet":{"background-color":"var(--ast-global-color-4)","background-image":"","background-repeat":"repeat","background-position":"center center","background-size":"auto","background-attachment":"scroll","background-type":"","background-media":"","overlay-type":"","overlay-color":"","overlay-opacity":"","overlay-gradient":""},"mobile":{"background-color":"var(--ast-global-color-4)","background-image":"","background-repeat":"repeat","background-position":"center center","background-size":"auto","background-attachment":"scroll","background-type":"","background-media":"","overlay-type":"","overlay-color":"","overlay-opacity":"","overlay-gradient":""}}},"product_brand":[104],"product_cat":[46,39,38,29,35,30,54,59,58],"product_tag":[],"class_list":{"0":"post-6369","1":"product","2":"type-product","3":"status-publish","4":"has-post-thumbnail","6":"product_brand-gigo","7":"product_cat-46","8":"product_cat-39","9":"product_cat-38","10":"product_cat-29","11":"product_cat--10-12-","12":"product_cat--6-9-","13":"product_cat-54","14":"product_cat-59","15":"product_cat-58","16":"desktop-align-left","17":"tablet-align-left","18":"mobile-align-left","20":"first","21":"instock","22":"taxable","23":"shipping-taxable","24":"purchasable","25":"product-type-simple"},"_links":{"self":[{"href":"https:\/\/stem-eshop.gr\/tr\/wp-json\/wp\/v2\/product\/6369","targetHints":{"allow":["GET"]}}],"collection":[{"href":"https:\/\/stem-eshop.gr\/tr\/wp-json\/wp\/v2\/product"}],"about":[{"href":"https:\/\/stem-eshop.gr\/tr\/wp-json\/wp\/v2\/types\/product"}],"replies":[{"embeddable":true,"href":"https:\/\/stem-eshop.gr\/tr\/wp-json\/wp\/v2\/comments?post=6369"}],"wp:featuredmedia":[{"embeddable":true,"href":"https:\/\/stem-eshop.gr\/tr\/wp-json\/wp\/v2\/media\/5131"}],"wp:attachment":[{"href":"https:\/\/stem-eshop.gr\/tr\/wp-json\/wp\/v2\/media?parent=6369"}],"wp:term":[{"taxonomy":"product_brand","embeddable":true,"href":"https:\/\/stem-eshop.gr\/tr\/wp-json\/wp\/v2\/product_brand?post=6369"},{"taxonomy":"product_cat","embeddable":true,"href":"https:\/\/stem-eshop.gr\/tr\/wp-json\/wp\/v2\/product_cat?post=6369"},{"taxonomy":"product_tag","embeddable":true,"href":"https:\/\/stem-eshop.gr\/tr\/wp-json\/wp\/v2\/product_tag?post=6369"}],"curies":[{"name":"wp","href":"https:\/\/api.w.org\/{rel}","templated":true}]}}