{"id":6361,"date":"2025-05-19T07:29:55","date_gmt":"2025-05-19T07:29:55","guid":{"rendered":"https:\/\/stem-eshop.gr\/product\/gigo-the-big-engineering-makerspace\/"},"modified":"2025-05-22T21:13:18","modified_gmt":"2025-05-22T18:13:18","slug":"gigo-the-big-engineering-makerspace","status":"publish","type":"product","link":"https:\/\/stem-eshop.gr\/tr\/urun\/gigo-the-big-engineering-makerspace\/","title":{"rendered":"Gigo B\u00fcy\u00fck M\u00fchendislik Makerspace"},"content":{"rendered":"<p>Karada, suda ve havada makinelerle do\u011fan\u0131n kanunlar\u0131n\u0131 ke\u015ffedin.<\/p>\n<p>Su modelleri: jet, denizalt\u0131, katamaran ve tekne.<\/p>\n<p>Arazi modelleri: yar\u0131\u015f, \u00fc\u00e7 tekerlekli, otomatik fren sistemi, otomatik s\u00fcspansiyon sistemi ve vin\u00e7.<\/p>\n<p>Hava modelleri: helikopter, plan\u00f6r, yel de\u011firmeni ve d\u00fc\u015fen yaprak.<\/p>\n<p>M\u00fchendislik modelleri: vin\u00e7, d\u00f6ner tabla, hidrolik kol, makasl\u0131 platform ve mesafe arac\u0131.<\/p>\n<p>Optik modeller: kamera sabitleyici, tripod, selfie \u00e7ubu\u011fu ve ak\u0131ll\u0131 telefon mikroskobu.<\/p>\n<p>Deniz ara\u00e7lar\u0131n\u0131, dalg\u0131\u00e7lar\u0131, kald\u0131rma kuvvetini, r\u00fczgar enerjisini, d\u00f6n\u00fc\u015f\u00fc, di\u015flileri, enerji d\u00f6n\u00fc\u015f\u00fcm\u00fcn\u00fc, a\u011f\u0131rl\u0131k merkezini, dengeyi, pn\u00f6matikleri, hidrolikleri, statikleri, opti\u011fi ve \u00e7ok daha fazlas\u0131n\u0131 ke\u015ffedin.<\/p>\n<p>Su depolar\u0131, rezervuar ve dahili hava pompas\u0131, bas\u0131n\u00e7l\u0131 hava pistonlar\u0131, vites valfleri, borular, yap\u0131sal teller, akslar, di\u015fliler, tekerlekler, kay\u0131\u015flar ve daha fazlas\u0131n\u0131 i\u00e7erir.<\/p>\n<p>22 modelin yap\u0131m\u0131na ili\u015fkin kullan\u0131m k\u0131lavuzu.<\/p>\n<\/p>\n<p dir=\"ltr\" style=\"text-align:center\"><span xml:lang=\"el\" lang=\"el\">Manuel<\/span><\/p>\n<p dir=\"ltr\"><span xml:lang=\"el\" lang=\"el\"><a href=\"https:\/\/issuu.com\/gigotoys\/docs\/_7438r-en\" rel=\"noopener\"><img decoding=\"async\" src=\"https:\/\/stem-eshop.gr\/img\/cms\/manual.png\" alt=\"\" width=\"40\" height=\"31\" style=\"margin-left:auto;margin-right:auto\" \/><\/a><\/span><\/p>","protected":false},"excerpt":{"rendered":"<div class=\"woocommerce-product-details__short-description\">\n<p>Do\u011fan\u0131n kanunlar\u0131n\u0131 karada, suda ve havada makinelerle ke\u015ffedin!<\/p>\n<p>Bu e\u011fitici oyunla deniz ta\u015f\u0131tlar\u0131n\u0131, dalg\u0131\u00e7lar\u0131, kald\u0131rma kuvvetini, r\u00fczgar enerjisini, d\u00f6n\u00fc\u015f\u00fc, di\u015flileri, enerji d\u00f6n\u00fc\u015f\u00fcm\u00fcn\u00fc, a\u011f\u0131rl\u0131k merkezini, dengeyi, pn\u00f6matik, hidrolik, statik, optik ve \u00e7ok daha fazlas\u0131n\u0131 ke\u015ffedin.<\/p>\n<\/div>","protected":false},"featured_media":4052,"comment_status":"open","ping_status":"closed","template":"","meta":{"site-sidebar-layout":"default","site-content-layout":"","ast-site-content-layout":"default","site-content-style":"default","site-sidebar-style":"default","ast-global-header-display":"","ast-banner-title-visibility":"","ast-main-header-display":"","ast-hfb-above-header-display":"","ast-hfb-below-header-display":"","ast-hfb-mobile-header-display":"","site-post-title":"","ast-breadcrumbs-content":"","ast-featured-img":"","footer-sml-layout":"","ast-disable-related-posts":"","theme-transparent-header-meta":"","adv-header-id-meta":"","stick-header-meta":"","header-above-stick-meta":"","header-main-stick-meta":"","header-below-stick-meta":"","astra-migrate-meta-layouts":"default","ast-page-background-enabled":"default","ast-page-background-meta":{"desktop":{"background-color":"var(--ast-global-color-5)","background-image":"","background-repeat":"repeat","background-position":"center center","background-size":"auto","background-attachment":"scroll","background-type":"","background-media":"","overlay-type":"","overlay-color":"","overlay-opacity":"","overlay-gradient":""},"tablet":{"background-color":"","background-image":"","background-repeat":"repeat","background-position":"center center","background-size":"auto","background-attachment":"scroll","background-type":"","background-media":"","overlay-type":"","overlay-color":"","overlay-opacity":"","overlay-gradient":""},"mobile":{"background-color":"","background-image":"","background-repeat":"repeat","background-position":"center center","background-size":"auto","background-attachment":"scroll","background-type":"","background-media":"","overlay-type":"","overlay-color":"","overlay-opacity":"","overlay-gradient":""}},"ast-content-background-meta":{"desktop":{"background-color":"var(--ast-global-color-4)","background-image":"","background-repeat":"repeat","background-position":"center center","background-size":"auto","background-attachment":"scroll","background-type":"","background-media":"","overlay-type":"","overlay-color":"","overlay-opacity":"","overlay-gradient":""},"tablet":{"background-color":"var(--ast-global-color-4)","background-image":"","background-repeat":"repeat","background-position":"center center","background-size":"auto","background-attachment":"scroll","background-type":"","background-media":"","overlay-type":"","overlay-color":"","overlay-opacity":"","overlay-gradient":""},"mobile":{"background-color":"var(--ast-global-color-4)","background-image":"","background-repeat":"repeat","background-position":"center center","background-size":"auto","background-attachment":"scroll","background-type":"","background-media":"","overlay-type":"","overlay-color":"","overlay-opacity":"","overlay-gradient":""}}},"product_brand":[104],"product_cat":[38,29,56,32,57,35,30,59],"product_tag":[],"class_list":{"0":"post-6361","1":"product","2":"type-product","3":"status-publish","4":"has-post-thumbnail","6":"product_brand-gigo","7":"product_cat-38","8":"product_cat-29","9":"product_cat-56","10":"product_cat-32","11":"product_cat-57","12":"product_cat--10-12-","13":"product_cat--6-9-","14":"product_cat-59","15":"desktop-align-left","16":"tablet-align-left","17":"mobile-align-left","19":"first","20":"instock","21":"taxable","22":"shipping-taxable","23":"purchasable","24":"product-type-simple"},"_links":{"self":[{"href":"https:\/\/stem-eshop.gr\/tr\/wp-json\/wp\/v2\/product\/6361","targetHints":{"allow":["GET"]}}],"collection":[{"href":"https:\/\/stem-eshop.gr\/tr\/wp-json\/wp\/v2\/product"}],"about":[{"href":"https:\/\/stem-eshop.gr\/tr\/wp-json\/wp\/v2\/types\/product"}],"replies":[{"embeddable":true,"href":"https:\/\/stem-eshop.gr\/tr\/wp-json\/wp\/v2\/comments?post=6361"}],"wp:featuredmedia":[{"embeddable":true,"href":"https:\/\/stem-eshop.gr\/tr\/wp-json\/wp\/v2\/media\/4052"}],"wp:attachment":[{"href":"https:\/\/stem-eshop.gr\/tr\/wp-json\/wp\/v2\/media?parent=6361"}],"wp:term":[{"taxonomy":"product_brand","embeddable":true,"href":"https:\/\/stem-eshop.gr\/tr\/wp-json\/wp\/v2\/product_brand?post=6361"},{"taxonomy":"product_cat","embeddable":true,"href":"https:\/\/stem-eshop.gr\/tr\/wp-json\/wp\/v2\/product_cat?post=6361"},{"taxonomy":"product_tag","embeddable":true,"href":"https:\/\/stem-eshop.gr\/tr\/wp-json\/wp\/v2\/product_tag?post=6361"}],"curies":[{"name":"wp","href":"https:\/\/api.w.org\/{rel}","templated":true}]}}