{"id":6351,"date":"2025-05-19T07:29:43","date_gmt":"2025-05-19T07:29:43","guid":{"rendered":"https:\/\/stem-eshop.gr\/product\/baby-qboidz-%cf%84%ce%b1-%cf%80%cf%81%cf%8e%cf%84%ce%b1-%ce%bc%ce%bf%cf%85-%ce%b2%ce%ae%ce%bc%ce%b1%cf%84%ce%b1-%ce%bc%ce%b5%cf%83%ce%b1%ce%af%ce%bf-%cf%83%ce%b5%cf%84\/"},"modified":"2025-05-22T21:13:27","modified_gmt":"2025-05-22T18:13:27","slug":"baby-qboidz-%cf%84%ce%b1-%cf%80%cf%81%cf%8e%cf%84%ce%b1-%ce%bc%ce%bf%cf%85-%ce%b2%ce%ae%ce%bc%ce%b1%cf%84%ce%b1-%ce%bc%ce%b5%cf%83%ce%b1%ce%af%ce%bf-%cf%83%ce%b5%cf%84","status":"publish","type":"product","link":"https:\/\/stem-eshop.gr\/tr\/urun\/baby-qboidz-%cf%84%ce%b1-%cf%80%cf%81%cf%8e%cf%84%ce%b1-%ce%bc%ce%bf%cf%85-%ce%b2%ce%ae%ce%bc%ce%b1%cf%84%ce%b1-%ce%bc%ce%b5%cf%83%ce%b1%ce%af%ce%bf-%cf%83%ce%b5%cf%84\/","title":{"rendered":"Baby Qboidz \u2013 \u0130lk Ad\u0131mlar\u0131m \u2013 Orta Boy Set"},"content":{"rendered":"<p>\u0130lk boyut, \u00e7ocuklar\u0131n t\u0131pk\u0131 normal tu\u011flalarda oldu\u011fu gibi bloklar\u0131 \u00fcst \u00fcste istiflemelerine olanak tan\u0131rken, ikinci boyut, par\u00e7alar\u0131 yan yana birle\u015ftirmelerine olanak tan\u0131r. \u00c7ocuklar b\u00fcy\u00fcd\u00fck\u00e7e ve el becerilerini ve uzamsal fark\u0131ndal\u0131k becerilerini geli\u015ftirdik\u00e7e, bu par\u00e7alar\u0131 Qboidz k\u00fct\u00fcphanesindeki di\u011fer par\u00e7alarla birle\u015ftirerek \u00fc\u00e7\u00fcnc\u00fc ve d\u00f6rd\u00fcnc\u00fc boyutlarda daha \u00fcst d\u00fczey beceriler kazanabilirler.<\/p>\n<p>Evde e\u011fitim i\u00e7in uygundur<\/p>\n<p>3D Olu\u015fturucu<\/p>","protected":false},"excerpt":{"rendered":"<p>Sistemin hem g\u00fcvenli hem de k\u00fc\u00e7\u00fck \u00e7ocuklar i\u00e7in montaj\u0131 kolay olan daha b\u00fcy\u00fck ve hacimli par\u00e7alar\u0131, yeniden kullan\u0131ma ve pratik saklamaya olanak tan\u0131yan dayan\u0131kl\u0131 plastik kutulara yerle\u015ftirilmi\u015ftir. Baby Qboidz\u2122 serisi, en basit par\u00e7alarla bile, iki temel ilk yap\u0131 seviyesinin geli\u015ftirilmesine olanak tan\u0131r.\u00a0<\/p>","protected":false},"featured_media":3987,"comment_status":"open","ping_status":"closed","template":"","meta":{"site-sidebar-layout":"default","site-content-layout":"","ast-site-content-layout":"default","site-content-style":"default","site-sidebar-style":"default","ast-global-header-display":"","ast-banner-title-visibility":"","ast-main-header-display":"","ast-hfb-above-header-display":"","ast-hfb-below-header-display":"","ast-hfb-mobile-header-display":"","site-post-title":"","ast-breadcrumbs-content":"","ast-featured-img":"","footer-sml-layout":"","ast-disable-related-posts":"","theme-transparent-header-meta":"","adv-header-id-meta":"","stick-header-meta":"","header-above-stick-meta":"","header-main-stick-meta":"","header-below-stick-meta":"","astra-migrate-meta-layouts":"default","ast-page-background-enabled":"default","ast-page-background-meta":{"desktop":{"background-color":"var(--ast-global-color-5)","background-image":"","background-repeat":"repeat","background-position":"center center","background-size":"auto","background-attachment":"scroll","background-type":"","background-media":"","overlay-type":"","overlay-color":"","overlay-opacity":"","overlay-gradient":""},"tablet":{"background-color":"","background-image":"","background-repeat":"repeat","background-position":"center center","background-size":"auto","background-attachment":"scroll","background-type":"","background-media":"","overlay-type":"","overlay-color":"","overlay-opacity":"","overlay-gradient":""},"mobile":{"background-color":"","background-image":"","background-repeat":"repeat","background-position":"center center","background-size":"auto","background-attachment":"scroll","background-type":"","background-media":"","overlay-type":"","overlay-color":"","overlay-opacity":"","overlay-gradient":""}},"ast-content-background-meta":{"desktop":{"background-color":"var(--ast-global-color-4)","background-image":"","background-repeat":"repeat","background-position":"center center","background-size":"auto","background-attachment":"scroll","background-type":"","background-media":"","overlay-type":"","overlay-color":"","overlay-opacity":"","overlay-gradient":""},"tablet":{"background-color":"var(--ast-global-color-4)","background-image":"","background-repeat":"repeat","background-position":"center center","background-size":"auto","background-attachment":"scroll","background-type":"","background-media":"","overlay-type":"","overlay-color":"","overlay-opacity":"","overlay-gradient":""},"mobile":{"background-color":"var(--ast-global-color-4)","background-image":"","background-repeat":"repeat","background-position":"center center","background-size":"auto","background-attachment":"scroll","background-type":"","background-media":"","overlay-type":"","overlay-color":"","overlay-opacity":"","overlay-gradient":""}}},"product_brand":[95],"product_cat":[126,43,38,29,37,26],"product_tag":[],"class_list":{"0":"post-6351","1":"product","2":"type-product","3":"status-publish","4":"has-post-thumbnail","6":"product_brand-engino","7":"product_cat-126","8":"product_cat-43","9":"product_cat-38","10":"product_cat-29","11":"product_cat-37","12":"product_cat-26","13":"desktop-align-left","14":"tablet-align-left","15":"mobile-align-left","17":"first","18":"instock","19":"taxable","20":"shipping-taxable","21":"purchasable","22":"product-type-simple"},"_links":{"self":[{"href":"https:\/\/stem-eshop.gr\/tr\/wp-json\/wp\/v2\/product\/6351","targetHints":{"allow":["GET"]}}],"collection":[{"href":"https:\/\/stem-eshop.gr\/tr\/wp-json\/wp\/v2\/product"}],"about":[{"href":"https:\/\/stem-eshop.gr\/tr\/wp-json\/wp\/v2\/types\/product"}],"replies":[{"embeddable":true,"href":"https:\/\/stem-eshop.gr\/tr\/wp-json\/wp\/v2\/comments?post=6351"}],"wp:featuredmedia":[{"embeddable":true,"href":"https:\/\/stem-eshop.gr\/tr\/wp-json\/wp\/v2\/media\/3987"}],"wp:attachment":[{"href":"https:\/\/stem-eshop.gr\/tr\/wp-json\/wp\/v2\/media?parent=6351"}],"wp:term":[{"taxonomy":"product_brand","embeddable":true,"href":"https:\/\/stem-eshop.gr\/tr\/wp-json\/wp\/v2\/product_brand?post=6351"},{"taxonomy":"product_cat","embeddable":true,"href":"https:\/\/stem-eshop.gr\/tr\/wp-json\/wp\/v2\/product_cat?post=6351"},{"taxonomy":"product_tag","embeddable":true,"href":"https:\/\/stem-eshop.gr\/tr\/wp-json\/wp\/v2\/product_tag?post=6351"}],"curies":[{"name":"wp","href":"https:\/\/api.w.org\/{rel}","templated":true}]}}