{"id":6347,"date":"2025-05-19T07:29:38","date_gmt":"2025-05-19T07:29:38","guid":{"rendered":"https:\/\/stem-eshop.gr\/product\/maxi-memo-%ce%b9%cf%83%cf%8c%cf%84%ce%b7%cf%84%ce%b1\/"},"modified":"2025-09-24T19:30:23","modified_gmt":"2025-09-24T16:30:23","slug":"maxi-memo-%ce%b9%cf%83%cf%8c%cf%84%ce%b7%cf%84%ce%b1","status":"publish","type":"product","link":"https:\/\/stem-eshop.gr\/tr\/urun\/maxi-memo-%ce%b9%cf%83%cf%8c%cf%84%ce%b7%cf%84%ce%b1\/","title":{"rendered":"Maxi memo e\u015fitli\u011fi"},"content":{"rendered":"<p>\u00c7ocuklardan resim \u00e7iftlerini bulmalar\u0131, haf\u0131za becerilerini geli\u015ftirmeleri ve e\u015fitlik ve \u00e7e\u015fitlili\u011fe sayg\u0131 konular\u0131nda bilgi edinmeleri istenir. Bu etkile\u015fimli yakla\u015f\u0131m sayesinde \u00e7ocuklar, t\u00fcm insanlar\u0131n e\u015fit oldu\u011funu ve \u00f6zellikleri ne olursa olsun sayg\u0131y\u0131 hak etti\u011fini anlarlar.<\/p>\n<p>Okul \u00f6ncesi ve okul \u00e7a\u011f\u0131ndaki \u00e7ocuklara uygun olan oyun, evde veya okulda oynanarak dayan\u0131\u015fma, ho\u015fg\u00f6r\u00fc, toplumsal adalet gibi de\u011ferlerin geli\u015fimine katk\u0131 sa\u011fl\u0131yor.<\/p>","protected":false},"excerpt":{"rendered":"<p class=\"MsoNormal\">AKROS Educational&#039;\u0131n &quot;Maxi-Memory Equality&quot; oyunu, \u00e7e\u015fitlili\u011fin tan\u0131nmas\u0131 yoluyla e\u015fitlik ve kapsay\u0131c\u0131l\u0131\u011f\u0131 te\u015fvik etmek i\u00e7in tasarlanm\u0131\u015f e\u011fitici bir haf\u0131za oyunudur. Oyun, farkl\u0131 \u0131rklar\u0131, etnik k\u00f6kenleri, cinsiyetleri ve engelli bireyleri temsil eden g\u00f6rsellerin yer ald\u0131\u011f\u0131 kartlar i\u00e7ererek, farkl\u0131l\u0131klar\u0131na bak\u0131lmaks\u0131z\u0131n t\u00fcm insanlar\u0131 kabul etmenin \u00f6nemini vurgular.<\/p>\n<p class=\"MsoNormal\">Meslekleri betimleyen, cinsiyet e\u015fitli\u011finin \u00f6nemini anlatan modern haf\u0131za oyunu. 34 kart (9x9 cm) i\u00e7erir. \u00d6zel e\u011fitim i\u00e7in de uygundur.<\/p>","protected":false},"featured_media":3961,"comment_status":"open","ping_status":"closed","template":"","meta":{"site-sidebar-layout":"default","site-content-layout":"","ast-site-content-layout":"default","site-content-style":"default","site-sidebar-style":"default","ast-global-header-display":"","ast-banner-title-visibility":"","ast-main-header-display":"","ast-hfb-above-header-display":"","ast-hfb-below-header-display":"","ast-hfb-mobile-header-display":"","site-post-title":"","ast-breadcrumbs-content":"","ast-featured-img":"","footer-sml-layout":"","ast-disable-related-posts":"","theme-transparent-header-meta":"","adv-header-id-meta":"","stick-header-meta":"","header-above-stick-meta":"","header-main-stick-meta":"","header-below-stick-meta":"","astra-migrate-meta-layouts":"default","ast-page-background-enabled":"default","ast-page-background-meta":{"desktop":{"background-color":"var(--ast-global-color-5)","background-image":"","background-repeat":"repeat","background-position":"center center","background-size":"auto","background-attachment":"scroll","background-type":"","background-media":"","overlay-type":"","overlay-color":"","overlay-opacity":"","overlay-gradient":""},"tablet":{"background-color":"","background-image":"","background-repeat":"repeat","background-position":"center center","background-size":"auto","background-attachment":"scroll","background-type":"","background-media":"","overlay-type":"","overlay-color":"","overlay-opacity":"","overlay-gradient":""},"mobile":{"background-color":"","background-image":"","background-repeat":"repeat","background-position":"center center","background-size":"auto","background-attachment":"scroll","background-type":"","background-media":"","overlay-type":"","overlay-color":"","overlay-opacity":"","overlay-gradient":""}},"ast-content-background-meta":{"desktop":{"background-color":"var(--ast-global-color-4)","background-image":"","background-repeat":"repeat","background-position":"center center","background-size":"auto","background-attachment":"scroll","background-type":"","background-media":"","overlay-type":"","overlay-color":"","overlay-opacity":"","overlay-gradient":""},"tablet":{"background-color":"var(--ast-global-color-4)","background-image":"","background-repeat":"repeat","background-position":"center center","background-size":"auto","background-attachment":"scroll","background-type":"","background-media":"","overlay-type":"","overlay-color":"","overlay-opacity":"","overlay-gradient":""},"mobile":{"background-color":"var(--ast-global-color-4)","background-image":"","background-repeat":"repeat","background-position":"center center","background-size":"auto","background-attachment":"scroll","background-type":"","background-media":"","overlay-type":"","overlay-color":"","overlay-opacity":"","overlay-gradient":""}}},"product_brand":[98],"product_cat":[42,56,47,30,26,48],"product_tag":[],"class_list":{"0":"post-6347","1":"product","2":"type-product","3":"status-publish","4":"has-post-thumbnail","6":"product_brand-akros","7":"product_cat-42","8":"product_cat-56","9":"product_cat-47","10":"product_cat--6-9-","11":"product_cat-26","12":"product_cat-48","13":"desktop-align-left","14":"tablet-align-left","15":"mobile-align-left","17":"first","18":"outofstock","19":"taxable","20":"shipping-taxable","21":"purchasable","22":"product-type-simple"},"_links":{"self":[{"href":"https:\/\/stem-eshop.gr\/tr\/wp-json\/wp\/v2\/product\/6347","targetHints":{"allow":["GET"]}}],"collection":[{"href":"https:\/\/stem-eshop.gr\/tr\/wp-json\/wp\/v2\/product"}],"about":[{"href":"https:\/\/stem-eshop.gr\/tr\/wp-json\/wp\/v2\/types\/product"}],"replies":[{"embeddable":true,"href":"https:\/\/stem-eshop.gr\/tr\/wp-json\/wp\/v2\/comments?post=6347"}],"wp:featuredmedia":[{"embeddable":true,"href":"https:\/\/stem-eshop.gr\/tr\/wp-json\/wp\/v2\/media\/3961"}],"wp:attachment":[{"href":"https:\/\/stem-eshop.gr\/tr\/wp-json\/wp\/v2\/media?parent=6347"}],"wp:term":[{"taxonomy":"product_brand","embeddable":true,"href":"https:\/\/stem-eshop.gr\/tr\/wp-json\/wp\/v2\/product_brand?post=6347"},{"taxonomy":"product_cat","embeddable":true,"href":"https:\/\/stem-eshop.gr\/tr\/wp-json\/wp\/v2\/product_cat?post=6347"},{"taxonomy":"product_tag","embeddable":true,"href":"https:\/\/stem-eshop.gr\/tr\/wp-json\/wp\/v2\/product_tag?post=6347"}],"curies":[{"name":"wp","href":"https:\/\/api.w.org\/{rel}","templated":true}]}}