{"id":6345,"date":"2025-05-19T07:29:35","date_gmt":"2025-05-19T07:29:35","guid":{"rendered":"https:\/\/stem-eshop.gr\/product\/maxi-memo-%ce%ba%ce%b1%ce%bd%cf%8c%ce%bd%ce%b5%cf%82-%cf%85%ce%b3%ce%b9%ce%b5%ce%b9%ce%bd%ce%ae%cf%82\/"},"modified":"2025-05-22T21:13:26","modified_gmt":"2025-05-22T18:13:26","slug":"maxi-memo-%ce%ba%ce%b1%ce%bd%cf%8c%ce%bd%ce%b5%cf%82-%cf%85%ce%b3%ce%b9%ce%b5%ce%b9%ce%bd%ce%ae%cf%82","status":"publish","type":"product","link":"https:\/\/stem-eshop.gr\/tr\/urun\/maxi-memo-%ce%ba%ce%b1%ce%bd%cf%8c%ce%bd%ce%b5%cf%82-%cf%85%ce%b3%ce%b9%ce%b5%ce%b9%ce%bd%ce%ae%cf%82\/","title":{"rendered":"Maxi memo hijyen kurallar\u0131"},"content":{"rendered":"<p>Kartlar, \u00e7ocuklar\u0131n hijyen kurallar\u0131na g\u00f6re do\u011fru ve yanl\u0131\u015f eylemleri g\u00f6steren resimlerle do\u011fru \u00e7iftleri bulmaya \u00e7al\u0131\u015ft\u0131klar\u0131 klasik haf\u0131za oyunu gibi farkl\u0131 oyunlarda kullan\u0131labilir. Oyun, \u00e7ocuklar\u0131n g\u00f6zlem, haf\u0131za ve sosyal davran\u0131\u015f becerilerini geli\u015ftirmelerine yard\u0131mc\u0131 olurken ayn\u0131 zamanda g\u00fcnl\u00fck ya\u015famda hijyenin \u00f6nemini de vurgular.<\/p>\n<p>Oyun okul \u00f6ncesi ve ilkokul \u00e7a\u011f\u0131ndaki \u00e7ocuklara uygun olup, hem okulda hem de evde kullan\u0131labilir.<\/p>","protected":false},"excerpt":{"rendered":"<p>AKROS Educational&#039;\u0131n &quot;Maxi Memo Hijyen Kurallar\u0131&quot; adl\u0131 oyunu, \u00e7ocuklar\u0131n hijyen ve temizli\u011fin temel kurallar\u0131n\u0131 e\u011flenceli ve etkile\u015fimli bir \u015fekilde \u00f6\u011frenmelerine yard\u0131mc\u0131 olmak i\u00e7in tasarlanm\u0131\u015f e\u011fitici bir oyundur.<\/p>\n<p>El y\u0131kamak, di\u015f f\u0131r\u00e7alamak, hap\u015f\u0131r\u0131rken a\u011fz\u0131 kapatmak gibi g\u00fcnl\u00fck sa\u011fl\u0131kl\u0131 al\u0131\u015fkanl\u0131klar\u0131 g\u00f6steren resimli kartlardan olu\u015fuyor.<\/p>","protected":false},"featured_media":3953,"comment_status":"open","ping_status":"closed","template":"","meta":{"site-sidebar-layout":"default","site-content-layout":"","ast-site-content-layout":"default","site-content-style":"default","site-sidebar-style":"default","ast-global-header-display":"","ast-banner-title-visibility":"","ast-main-header-display":"","ast-hfb-above-header-display":"","ast-hfb-below-header-display":"","ast-hfb-mobile-header-display":"","site-post-title":"","ast-breadcrumbs-content":"","ast-featured-img":"","footer-sml-layout":"","ast-disable-related-posts":"","theme-transparent-header-meta":"","adv-header-id-meta":"","stick-header-meta":"","header-above-stick-meta":"","header-main-stick-meta":"","header-below-stick-meta":"","astra-migrate-meta-layouts":"default","ast-page-background-enabled":"default","ast-page-background-meta":{"desktop":{"background-color":"var(--ast-global-color-5)","background-image":"","background-repeat":"repeat","background-position":"center center","background-size":"auto","background-attachment":"scroll","background-type":"","background-media":"","overlay-type":"","overlay-color":"","overlay-opacity":"","overlay-gradient":""},"tablet":{"background-color":"","background-image":"","background-repeat":"repeat","background-position":"center center","background-size":"auto","background-attachment":"scroll","background-type":"","background-media":"","overlay-type":"","overlay-color":"","overlay-opacity":"","overlay-gradient":""},"mobile":{"background-color":"","background-image":"","background-repeat":"repeat","background-position":"center center","background-size":"auto","background-attachment":"scroll","background-type":"","background-media":"","overlay-type":"","overlay-color":"","overlay-opacity":"","overlay-gradient":""}},"ast-content-background-meta":{"desktop":{"background-color":"var(--ast-global-color-4)","background-image":"","background-repeat":"repeat","background-position":"center center","background-size":"auto","background-attachment":"scroll","background-type":"","background-media":"","overlay-type":"","overlay-color":"","overlay-opacity":"","overlay-gradient":""},"tablet":{"background-color":"var(--ast-global-color-4)","background-image":"","background-repeat":"repeat","background-position":"center center","background-size":"auto","background-attachment":"scroll","background-type":"","background-media":"","overlay-type":"","overlay-color":"","overlay-opacity":"","overlay-gradient":""},"mobile":{"background-color":"var(--ast-global-color-4)","background-image":"","background-repeat":"repeat","background-position":"center center","background-size":"auto","background-attachment":"scroll","background-type":"","background-media":"","overlay-type":"","overlay-color":"","overlay-opacity":"","overlay-gradient":""}}},"product_brand":[98],"product_cat":[42,56,47,30,26,48],"product_tag":[],"class_list":{"0":"post-6345","1":"product","2":"type-product","3":"status-publish","4":"has-post-thumbnail","6":"product_brand-akros","7":"product_cat-42","8":"product_cat-56","9":"product_cat-47","10":"product_cat--6-9-","11":"product_cat-26","12":"product_cat-48","13":"desktop-align-left","14":"tablet-align-left","15":"mobile-align-left","17":"first","18":"instock","19":"taxable","20":"shipping-taxable","21":"purchasable","22":"product-type-simple"},"_links":{"self":[{"href":"https:\/\/stem-eshop.gr\/tr\/wp-json\/wp\/v2\/product\/6345","targetHints":{"allow":["GET"]}}],"collection":[{"href":"https:\/\/stem-eshop.gr\/tr\/wp-json\/wp\/v2\/product"}],"about":[{"href":"https:\/\/stem-eshop.gr\/tr\/wp-json\/wp\/v2\/types\/product"}],"replies":[{"embeddable":true,"href":"https:\/\/stem-eshop.gr\/tr\/wp-json\/wp\/v2\/comments?post=6345"}],"wp:featuredmedia":[{"embeddable":true,"href":"https:\/\/stem-eshop.gr\/tr\/wp-json\/wp\/v2\/media\/3953"}],"wp:attachment":[{"href":"https:\/\/stem-eshop.gr\/tr\/wp-json\/wp\/v2\/media?parent=6345"}],"wp:term":[{"taxonomy":"product_brand","embeddable":true,"href":"https:\/\/stem-eshop.gr\/tr\/wp-json\/wp\/v2\/product_brand?post=6345"},{"taxonomy":"product_cat","embeddable":true,"href":"https:\/\/stem-eshop.gr\/tr\/wp-json\/wp\/v2\/product_cat?post=6345"},{"taxonomy":"product_tag","embeddable":true,"href":"https:\/\/stem-eshop.gr\/tr\/wp-json\/wp\/v2\/product_tag?post=6345"}],"curies":[{"name":"wp","href":"https:\/\/api.w.org\/{rel}","templated":true}]}}