{"id":6344,"date":"2025-05-19T07:29:34","date_gmt":"2025-05-19T07:29:34","guid":{"rendered":"https:\/\/stem-eshop.gr\/product\/%ce%b5%ce%be%cf%85%cf%80%ce%bd%ce%bf%cf%8d%ce%bb%ce%b7%cf%82-%ce%b5%ce%ba%cf%80%ce%b1%ce%b9%ce%b4%ce%b5%cf%85%cf%84%ce%b9%ce%ba%cf%8c-%cf%80%ce%b1%ce%b9%cf%87%ce%bd%ce%af%ce%b4%ce%b9-%ce%bc%ce%ae\/"},"modified":"2025-05-22T21:13:25","modified_gmt":"2025-05-22T18:13:25","slug":"%ce%b5%ce%be%cf%85%cf%80%ce%bd%ce%bf%cf%8d%ce%bb%ce%b7%cf%82-%ce%b5%ce%ba%cf%80%ce%b1%ce%b9%ce%b4%ce%b5%cf%85%cf%84%ce%b9%ce%ba%cf%8c-%cf%80%ce%b1%ce%b9%cf%87%ce%bd%ce%af%ce%b4%ce%b9-%ce%bc%ce%ae","status":"publish","type":"product","link":"https:\/\/stem-eshop.gr\/tr\/urun\/%ce%b5%ce%be%cf%85%cf%80%ce%bd%ce%bf%cf%8d%ce%bb%ce%b7%cf%82-%ce%b5%ce%ba%cf%80%ce%b1%ce%b9%ce%b4%ce%b5%cf%85%cf%84%ce%b9%ce%ba%cf%8c-%cf%80%ce%b1%ce%b9%cf%87%ce%bd%ce%af%ce%b4%ce%b9-%ce%bc%ce%ae\/","title":{"rendered":"Ak\u0131ll\u0131 E\u011fitici Oyun Aylar ve Mevsimler"},"content":{"rendered":"<p class=\"MsoNormal\">Oyun arac\u0131l\u0131\u011f\u0131yla \u00e7ocuklar, her ay\u0131n meyvelerini, aktivitelerini ve \u00f6zel anlar\u0131n\u0131 \u00f6\u011freniyor ve 4 mevsim aras\u0131ndaki farklar\u0131 anl\u0131yor. Noel, Paskalya, Karnaval ve \u00f6zel g\u00fcnler hangileri? \u00c7ocuk her \u015feyi en e\u011flenceli \u015fekilde ke\u015ffediyor. Oyun, \u00e7ocu\u011fun bir yeti\u015fkinin yard\u0131m\u0131 olmadan do\u011fru cevab\u0131 verip vermedi\u011fini kendi kendine kontrol etmesini sa\u011flayan bir \u00f6z d\u00fczeltme y\u00f6ntemine sahip.\u00a0<\/p>\n<\/p>\n<p class=\"MsoNormal\">Bu oyun \u00e7ocu\u011fun \u015funlar\u0131 geli\u015ftirmesine ve edinmesine yard\u0131mc\u0131 olur:<\/p>\n<p>Zaman kavram\u0131<\/p>\n<p>Faaliyetleri mevsimlere ve aylara ba\u011flamak<\/p>\n<p>Mant\u0131k ve G\u00f6zlem<\/p>\n<p class=\"MsoNormal\" style=\"margin-left:18pt\">Nesnelerin ve durumlar\u0131n tan\u0131nmas\u0131, ili\u015fkilendirilmesi, kategorilendirilmesi<\/p>\n<p>D\u00fcnyay\u0131 anlamak i\u00e7in bilgi<\/p>\n<p class=\"MsoNormal\" style=\"margin-left:18pt\">Y\u0131l\u0131n aylar\u0131n\u0131 ve mevsimlerini \u00f6\u011frenmek<\/p>\n<p class=\"MsoNormal\" style=\"margin-left:18pt\">Her ay\u0131n ve mevsimin \u00f6zel \u00f6zelliklerini belirleme<\/p>\n<p>Okuma ve Yazma<\/p>\n<p class=\"MsoNormal\" style=\"margin-left:18pt\">Metin ve g\u00f6rselleri anlama<\/p>\n<p class=\"MsoNormal\" style=\"margin-left:18pt\">Yabanc\u0131 dil<\/p>\n<p class=\"MsoNormal\" style=\"margin-left:18pt\">Aylar\u0131n ve mevsimlerin \u0130ngilizce isimlerini \u00f6\u011frenmek<\/p>\n<p>Motor Becerileri<\/p>\n<p class=\"MsoNormal\" style=\"margin-left:18pt\">El ve motor becerileri e\u011fitimi<\/p>\n<p class=\"MsoNormal\" style=\"margin-left:18pt\">Oyun ara\u00e7lar\u0131n\u0131 kullanma<\/p>\n<p>Sosyallik<\/p>\n<p class=\"MsoNormal\" style=\"margin-left:18pt\">\u0130\u015fitme<\/p>\n<p class=\"MsoNormal\" style=\"margin-left:18pt\">\u0130\u015fbirli\u011fi ve ekip \u00e7al\u0131\u015fmas\u0131<\/p>\n<p class=\"MsoNormal\" style=\"margin-left:18pt\">Oyunun kurallar\u0131na sayg\u0131<\/p>\n<p class=\"MsoNormal\" style=\"margin-left:18pt\">Duygular\u0131 y\u00f6netmek<\/p>\n<p>Haf\u0131za<\/p>\n<p>Yarat\u0131c\u0131l\u0131k ve hayal g\u00fcc\u00fc<\/p><\/p>","protected":false},"excerpt":{"rendered":"<p class=\"MsoNormal\">Mevsimler ka\u00e7 tane ve hangileri? Y\u0131l\u0131n aylar\u0131 hangileri? Meyveler ve her ay\u0131n karakteristik \u00f6zellikleri nelerdir? Noel, Paskalya, karnaval, okul s\u0131navlar\u0131 hangi ayda? Aylar ve mevsimler keyifli bir bilgi oyunu! 5 ya\u015f ve \u00fczeri \u00e7ocuklar i\u00e7in e\u011flenceli ve e\u011fitici bir oyun.<\/p><\/p>","protected":false},"featured_media":3945,"comment_status":"open","ping_status":"closed","template":"","meta":{"site-sidebar-layout":"default","site-content-layout":"","ast-site-content-layout":"default","site-content-style":"default","site-sidebar-style":"default","ast-global-header-display":"","ast-banner-title-visibility":"","ast-main-header-display":"","ast-hfb-above-header-display":"","ast-hfb-below-header-display":"","ast-hfb-mobile-header-display":"","site-post-title":"","ast-breadcrumbs-content":"","ast-featured-img":"","footer-sml-layout":"","ast-disable-related-posts":"","theme-transparent-header-meta":"","adv-header-id-meta":"","stick-header-meta":"","header-above-stick-meta":"","header-main-stick-meta":"","header-below-stick-meta":"","astra-migrate-meta-layouts":"default","ast-page-background-enabled":"default","ast-page-background-meta":{"desktop":{"background-color":"var(--ast-global-color-5)","background-image":"","background-repeat":"repeat","background-position":"center center","background-size":"auto","background-attachment":"scroll","background-type":"","background-media":"","overlay-type":"","overlay-color":"","overlay-opacity":"","overlay-gradient":""},"tablet":{"background-color":"","background-image":"","background-repeat":"repeat","background-position":"center center","background-size":"auto","background-attachment":"scroll","background-type":"","background-media":"","overlay-type":"","overlay-color":"","overlay-opacity":"","overlay-gradient":""},"mobile":{"background-color":"","background-image":"","background-repeat":"repeat","background-position":"center center","background-size":"auto","background-attachment":"scroll","background-type":"","background-media":"","overlay-type":"","overlay-color":"","overlay-opacity":"","overlay-gradient":""}},"ast-content-background-meta":{"desktop":{"background-color":"var(--ast-global-color-4)","background-image":"","background-repeat":"repeat","background-position":"center center","background-size":"auto","background-attachment":"scroll","background-type":"","background-media":"","overlay-type":"","overlay-color":"","overlay-opacity":"","overlay-gradient":""},"tablet":{"background-color":"var(--ast-global-color-4)","background-image":"","background-repeat":"repeat","background-position":"center center","background-size":"auto","background-attachment":"scroll","background-type":"","background-media":"","overlay-type":"","overlay-color":"","overlay-opacity":"","overlay-gradient":""},"mobile":{"background-color":"var(--ast-global-color-4)","background-image":"","background-repeat":"repeat","background-position":"center center","background-size":"auto","background-attachment":"scroll","background-type":"","background-media":"","overlay-type":"","overlay-color":"","overlay-opacity":"","overlay-gradient":""}}},"product_brand":[112],"product_cat":[42,43,39,49,38,56,47,30,26],"product_tag":[],"class_list":{"0":"post-6344","1":"product","2":"type-product","3":"status-publish","4":"has-post-thumbnail","6":"product_brand-eksipnoulis","7":"product_cat-42","8":"product_cat-43","9":"product_cat-39","10":"product_cat-49","11":"product_cat-38","12":"product_cat-56","13":"product_cat-47","14":"product_cat--6-9-","15":"product_cat-26","16":"desktop-align-left","17":"tablet-align-left","18":"mobile-align-left","20":"first","21":"instock","22":"taxable","23":"shipping-taxable","24":"purchasable","25":"product-type-simple"},"_links":{"self":[{"href":"https:\/\/stem-eshop.gr\/tr\/wp-json\/wp\/v2\/product\/6344","targetHints":{"allow":["GET"]}}],"collection":[{"href":"https:\/\/stem-eshop.gr\/tr\/wp-json\/wp\/v2\/product"}],"about":[{"href":"https:\/\/stem-eshop.gr\/tr\/wp-json\/wp\/v2\/types\/product"}],"replies":[{"embeddable":true,"href":"https:\/\/stem-eshop.gr\/tr\/wp-json\/wp\/v2\/comments?post=6344"}],"wp:featuredmedia":[{"embeddable":true,"href":"https:\/\/stem-eshop.gr\/tr\/wp-json\/wp\/v2\/media\/3945"}],"wp:attachment":[{"href":"https:\/\/stem-eshop.gr\/tr\/wp-json\/wp\/v2\/media?parent=6344"}],"wp:term":[{"taxonomy":"product_brand","embeddable":true,"href":"https:\/\/stem-eshop.gr\/tr\/wp-json\/wp\/v2\/product_brand?post=6344"},{"taxonomy":"product_cat","embeddable":true,"href":"https:\/\/stem-eshop.gr\/tr\/wp-json\/wp\/v2\/product_cat?post=6344"},{"taxonomy":"product_tag","embeddable":true,"href":"https:\/\/stem-eshop.gr\/tr\/wp-json\/wp\/v2\/product_tag?post=6344"}],"curies":[{"name":"wp","href":"https:\/\/api.w.org\/{rel}","templated":true}]}}