{"id":6343,"date":"2025-05-19T07:29:32","date_gmt":"2025-05-19T07:29:32","guid":{"rendered":"https:\/\/stem-eshop.gr\/product\/ngs-%ce%bc%ce%b1%ce%b3%ce%bd%ce%b7%cf%84%ce%b9%ce%ba%ce%ac-%ce%b3%cf%81%ce%ac%ce%bc%ce%bc%ce%b1%cf%84%ce%b1-%ce%bc%ce%b5-%cf%80%ce%bf%ce%bb%cf%8d%cf%87%cf%81%cf%89%ce%bc%ce%bf%cf%85%cf%82-%cf%80%ce%b5\/"},"modified":"2025-05-22T07:41:41","modified_gmt":"2025-05-22T07:41:41","slug":"ngs-%ce%bc%ce%b1%ce%b3%ce%bd%ce%b7%cf%84%ce%b9%ce%ba%ce%ac-%ce%b3%cf%81%ce%ac%ce%bc%ce%bc%ce%b1%cf%84%ce%b1-%ce%bc%ce%b5-%cf%80%ce%bf%ce%bb%cf%8d%cf%87%cf%81%cf%89%ce%bc%ce%bf%cf%85%cf%82-%cf%80%ce%b5","status":"publish","type":"product","link":"https:\/\/stem-eshop.gr\/tr\/urun\/ngs-%ce%bc%ce%b1%ce%b3%ce%bd%ce%b7%cf%84%ce%b9%ce%ba%ce%ac-%ce%b3%cf%81%ce%ac%ce%bc%ce%bc%ce%b1%cf%84%ce%b1-%ce%bc%ce%b5-%cf%80%ce%bf%ce%bb%cf%8d%cf%87%cf%81%cf%89%ce%bc%ce%bf%cf%85%cf%82-%cf%80%ce%b5\/","title":{"rendered":"Renkli k\u00fc\u00e7\u00fck harfli NGS manyetik harfler"},"content":{"rendered":"<p>Harfler k\u0131rm\u0131z\u0131, mavi, sar\u0131, ye\u015fil ve turuncu gibi \u00e7e\u015fitli parlak renklerden yap\u0131lm\u0131\u015ft\u0131r.<\/p>\n<p>\u00c7ocuklar\u0131n ellerine uygun boyutta olup, \u00e7ocuklar\u0131n kolayca kavrayabilmesini sa\u011flar.<\/p>\n<p>Arkas\u0131nda m\u0131knat\u0131s bulunmaktad\u0131r, bu sayede metal y\u00fczeylere kolayca tak\u0131l\u0131p \u00e7\u0131kar\u0131labilir.<\/p>","protected":false},"excerpt":{"rendered":"<p>Renkli k\u00fc\u00e7\u00fck harflerden olu\u015fan m\u0131knat\u0131sl\u0131 harflerin arka taraf\u0131nda m\u0131knat\u0131slar bulunur.<\/p>\n<p>Manyetik levhalar gibi metal y\u00fczeylere yap\u0131\u015facak \u015fekilde tasarlanm\u0131\u015ft\u0131r.<\/p>\n<p>Bunlar daha \u00e7ok okul \u00f6ncesi ve ilkokul \u00e7a\u011f\u0131nda alfabeyi \u00f6\u011frenme, kelime olu\u015fturma ve dil becerilerini geli\u015ftirme amac\u0131yla kullan\u0131lmaktad\u0131r.<\/p>","protected":false},"featured_media":3943,"comment_status":"open","ping_status":"closed","template":"","meta":{"site-sidebar-layout":"default","site-content-layout":"","ast-site-content-layout":"default","site-content-style":"default","site-sidebar-style":"default","ast-global-header-display":"","ast-banner-title-visibility":"","ast-main-header-display":"","ast-hfb-above-header-display":"","ast-hfb-below-header-display":"","ast-hfb-mobile-header-display":"","site-post-title":"","ast-breadcrumbs-content":"","ast-featured-img":"","footer-sml-layout":"","ast-disable-related-posts":"","theme-transparent-header-meta":"","adv-header-id-meta":"","stick-header-meta":"","header-above-stick-meta":"","header-main-stick-meta":"","header-below-stick-meta":"","astra-migrate-meta-layouts":"default","ast-page-background-enabled":"default","ast-page-background-meta":{"desktop":{"background-color":"var(--ast-global-color-5)","background-image":"","background-repeat":"repeat","background-position":"center center","background-size":"auto","background-attachment":"scroll","background-type":"","background-media":"","overlay-type":"","overlay-color":"","overlay-opacity":"","overlay-gradient":""},"tablet":{"background-color":"","background-image":"","background-repeat":"repeat","background-position":"center center","background-size":"auto","background-attachment":"scroll","background-type":"","background-media":"","overlay-type":"","overlay-color":"","overlay-opacity":"","overlay-gradient":""},"mobile":{"background-color":"","background-image":"","background-repeat":"repeat","background-position":"center center","background-size":"auto","background-attachment":"scroll","background-type":"","background-media":"","overlay-type":"","overlay-color":"","overlay-opacity":"","overlay-gradient":""}},"ast-content-background-meta":{"desktop":{"background-color":"var(--ast-global-color-4)","background-image":"","background-repeat":"repeat","background-position":"center center","background-size":"auto","background-attachment":"scroll","background-type":"","background-media":"","overlay-type":"","overlay-color":"","overlay-opacity":"","overlay-gradient":""},"tablet":{"background-color":"var(--ast-global-color-4)","background-image":"","background-repeat":"repeat","background-position":"center center","background-size":"auto","background-attachment":"scroll","background-type":"","background-media":"","overlay-type":"","overlay-color":"","overlay-opacity":"","overlay-gradient":""},"mobile":{"background-color":"var(--ast-global-color-4)","background-image":"","background-repeat":"repeat","background-position":"center center","background-size":"auto","background-attachment":"scroll","background-type":"","background-media":"","overlay-type":"","overlay-color":"","overlay-opacity":"","overlay-gradient":""}}},"product_brand":[107],"product_cat":[126,42,43,44,39,38,30,26],"product_tag":[],"class_list":{"0":"post-6343","1":"product","2":"type-product","3":"status-publish","4":"has-post-thumbnail","6":"product_brand-ngs","7":"product_cat-126","8":"product_cat-42","9":"product_cat-43","10":"product_cat-44","11":"product_cat-39","12":"product_cat-38","13":"product_cat--6-9-","14":"product_cat-26","15":"desktop-align-left","16":"tablet-align-left","17":"mobile-align-left","19":"first","20":"instock","21":"taxable","22":"shipping-taxable","23":"purchasable","24":"product-type-simple"},"_links":{"self":[{"href":"https:\/\/stem-eshop.gr\/tr\/wp-json\/wp\/v2\/product\/6343","targetHints":{"allow":["GET"]}}],"collection":[{"href":"https:\/\/stem-eshop.gr\/tr\/wp-json\/wp\/v2\/product"}],"about":[{"href":"https:\/\/stem-eshop.gr\/tr\/wp-json\/wp\/v2\/types\/product"}],"replies":[{"embeddable":true,"href":"https:\/\/stem-eshop.gr\/tr\/wp-json\/wp\/v2\/comments?post=6343"}],"wp:featuredmedia":[{"embeddable":true,"href":"https:\/\/stem-eshop.gr\/tr\/wp-json\/wp\/v2\/media\/3943"}],"wp:attachment":[{"href":"https:\/\/stem-eshop.gr\/tr\/wp-json\/wp\/v2\/media?parent=6343"}],"wp:term":[{"taxonomy":"product_brand","embeddable":true,"href":"https:\/\/stem-eshop.gr\/tr\/wp-json\/wp\/v2\/product_brand?post=6343"},{"taxonomy":"product_cat","embeddable":true,"href":"https:\/\/stem-eshop.gr\/tr\/wp-json\/wp\/v2\/product_cat?post=6343"},{"taxonomy":"product_tag","embeddable":true,"href":"https:\/\/stem-eshop.gr\/tr\/wp-json\/wp\/v2\/product_tag?post=6343"}],"curies":[{"name":"wp","href":"https:\/\/api.w.org\/{rel}","templated":true}]}}