{"id":6341,"date":"2025-05-19T07:29:29","date_gmt":"2025-05-19T07:29:29","guid":{"rendered":"https:\/\/stem-eshop.gr\/product\/ngs-%ce%be%cf%8d%ce%bb%ce%b9%ce%bd%ce%bf%cf%82-%ce%b4%ce%af%cf%83%ce%ba%ce%bf%cf%82-%ce%ba%cf%8d%ce%ba%ce%bb%ce%bf%cf%85-%ce%b6%cf%89%ce%ae%cf%82\/"},"modified":"2025-05-22T07:41:41","modified_gmt":"2025-05-22T07:41:41","slug":"ngs-%ce%be%cf%8d%ce%bb%ce%b9%ce%bd%ce%bf%cf%82-%ce%b4%ce%af%cf%83%ce%ba%ce%bf%cf%82-%ce%ba%cf%8d%ce%ba%ce%bb%ce%bf%cf%85-%ce%b6%cf%89%ce%ae%cf%82","status":"publish","type":"product","link":"https:\/\/stem-eshop.gr\/tr\/urun\/ngs-%ce%be%cf%8d%ce%bb%ce%b9%ce%bd%ce%bf%cf%82-%ce%b4%ce%af%cf%83%ce%ba%ce%bf%cf%82-%ce%ba%cf%8d%ce%ba%ce%bb%ce%bf%cf%85-%ce%b6%cf%89%ce%ae%cf%82\/","title":{"rendered":"NGS ah\u015fap ya\u015fam d\u00f6ng\u00fcs\u00fc tepsisi"},"content":{"rendered":"<p>\u00c7ocuklar kelebek, kurba\u011fa, bitki veya tavuk gibi \u00e7e\u015fitli canl\u0131lar\u0131n ya\u015fam d\u00f6ng\u00fclerini, b\u00fcy\u00fcme d\u00f6ng\u00fcs\u00fcn\u00fcn do\u011fru s\u0131ras\u0131na g\u00f6re par\u00e7alar\u0131n do\u011fru yerle\u015ftirilmesiyle \u00f6\u011frenirler.<\/p>\n<p>Bulmaca, ya\u015fam d\u00f6ng\u00fcs\u00fcn\u00fcn a\u015famalar\u0131n\u0131 g\u00f6steren farkl\u0131 par\u00e7alardan olu\u015fuyor ve \u00e7ocuklar bu par\u00e7alar\u0131 tepsiye veya tahtaya do\u011fru \u015fekilde yerle\u015ftirerek g\u00f6zlem yapma ve olaylar\u0131n s\u0131ras\u0131n\u0131 anlama becerilerini geli\u015ftiriyorlar.<\/p>","protected":false},"excerpt":{"rendered":"<p>Ah\u015fap ya\u015fam d\u00f6ng\u00fcs\u00fc tahtas\u0131, \u00e7ocuklar\u0131n etkile\u015fimli bir \u00f6\u011frenme deneyimi arac\u0131l\u0131\u011f\u0131yla hayvanlar\u0131n, bitkilerin veya di\u011fer organizmalar\u0131n ya\u015fam d\u00f6ng\u00fcs\u00fcn\u00fc anlamalar\u0131na yard\u0131mc\u0131 olmak i\u00e7in tasarlanm\u0131\u015f bir Montessori e\u011fitim oyunca\u011f\u0131d\u0131r. Bu t\u00fcr ah\u015fap bulmacalar ve tahtalar, k\u00fc\u00e7\u00fck \u00e7ocuklarda mant\u0131ksal d\u00fc\u015f\u00fcnme, g\u00f6zlem ve problem \u00e7\u00f6zme becerilerini geli\u015ftirmek i\u00e7in idealdir.<\/p>","protected":false},"featured_media":3934,"comment_status":"open","ping_status":"closed","template":"","meta":{"site-sidebar-layout":"default","site-content-layout":"","ast-site-content-layout":"default","site-content-style":"default","site-sidebar-style":"default","ast-global-header-display":"","ast-banner-title-visibility":"","ast-main-header-display":"","ast-hfb-above-header-display":"","ast-hfb-below-header-display":"","ast-hfb-mobile-header-display":"","site-post-title":"","ast-breadcrumbs-content":"","ast-featured-img":"","footer-sml-layout":"","ast-disable-related-posts":"","theme-transparent-header-meta":"","adv-header-id-meta":"","stick-header-meta":"","header-above-stick-meta":"","header-main-stick-meta":"","header-below-stick-meta":"","astra-migrate-meta-layouts":"default","ast-page-background-enabled":"default","ast-page-background-meta":{"desktop":{"background-color":"var(--ast-global-color-5)","background-image":"","background-repeat":"repeat","background-position":"center center","background-size":"auto","background-attachment":"scroll","background-type":"","background-media":"","overlay-type":"","overlay-color":"","overlay-opacity":"","overlay-gradient":""},"tablet":{"background-color":"","background-image":"","background-repeat":"repeat","background-position":"center center","background-size":"auto","background-attachment":"scroll","background-type":"","background-media":"","overlay-type":"","overlay-color":"","overlay-opacity":"","overlay-gradient":""},"mobile":{"background-color":"","background-image":"","background-repeat":"repeat","background-position":"center center","background-size":"auto","background-attachment":"scroll","background-type":"","background-media":"","overlay-type":"","overlay-color":"","overlay-opacity":"","overlay-gradient":""}},"ast-content-background-meta":{"desktop":{"background-color":"var(--ast-global-color-4)","background-image":"","background-repeat":"repeat","background-position":"center center","background-size":"auto","background-attachment":"scroll","background-type":"","background-media":"","overlay-type":"","overlay-color":"","overlay-opacity":"","overlay-gradient":""},"tablet":{"background-color":"var(--ast-global-color-4)","background-image":"","background-repeat":"repeat","background-position":"center center","background-size":"auto","background-attachment":"scroll","background-type":"","background-media":"","overlay-type":"","overlay-color":"","overlay-opacity":"","overlay-gradient":""},"mobile":{"background-color":"var(--ast-global-color-4)","background-image":"","background-repeat":"repeat","background-position":"center center","background-size":"auto","background-attachment":"scroll","background-type":"","background-media":"","overlay-type":"","overlay-color":"","overlay-opacity":"","overlay-gradient":""}}},"product_brand":[107],"product_cat":[39,38,56,30,54,26,58],"product_tag":[],"class_list":{"0":"post-6341","1":"product","2":"type-product","3":"status-publish","4":"has-post-thumbnail","6":"product_brand-ngs","7":"product_cat-39","8":"product_cat-38","9":"product_cat-56","10":"product_cat--6-9-","11":"product_cat-54","12":"product_cat-26","13":"product_cat-58","14":"desktop-align-left","15":"tablet-align-left","16":"mobile-align-left","18":"first","19":"instock","20":"taxable","21":"shipping-taxable","22":"purchasable","23":"product-type-simple"},"_links":{"self":[{"href":"https:\/\/stem-eshop.gr\/tr\/wp-json\/wp\/v2\/product\/6341","targetHints":{"allow":["GET"]}}],"collection":[{"href":"https:\/\/stem-eshop.gr\/tr\/wp-json\/wp\/v2\/product"}],"about":[{"href":"https:\/\/stem-eshop.gr\/tr\/wp-json\/wp\/v2\/types\/product"}],"replies":[{"embeddable":true,"href":"https:\/\/stem-eshop.gr\/tr\/wp-json\/wp\/v2\/comments?post=6341"}],"wp:featuredmedia":[{"embeddable":true,"href":"https:\/\/stem-eshop.gr\/tr\/wp-json\/wp\/v2\/media\/3934"}],"wp:attachment":[{"href":"https:\/\/stem-eshop.gr\/tr\/wp-json\/wp\/v2\/media?parent=6341"}],"wp:term":[{"taxonomy":"product_brand","embeddable":true,"href":"https:\/\/stem-eshop.gr\/tr\/wp-json\/wp\/v2\/product_brand?post=6341"},{"taxonomy":"product_cat","embeddable":true,"href":"https:\/\/stem-eshop.gr\/tr\/wp-json\/wp\/v2\/product_cat?post=6341"},{"taxonomy":"product_tag","embeddable":true,"href":"https:\/\/stem-eshop.gr\/tr\/wp-json\/wp\/v2\/product_tag?post=6341"}],"curies":[{"name":"wp","href":"https:\/\/api.w.org\/{rel}","templated":true}]}}