{"id":6325,"date":"2025-05-19T07:28:55","date_gmt":"2025-05-19T07:28:55","guid":{"rendered":"https:\/\/stem-eshop.gr\/product\/%ce%be%cf%8d%ce%bb%ce%b9%ce%bd%ce%bf-%cf%80%ce%b1%ce%b9%cf%87%ce%bd%ce%af%ce%b4%ce%b9-%ce%b1%ce%bd%cf%84%ce%b9%cf%83%cf%84%ce%bf%ce%af%cf%87%ce%b9%cf%83%ce%b7%cf%82-%ce%b3%ce%b5%cf%89%ce%bc%ce%b5-3\/"},"modified":"2025-05-22T07:41:43","modified_gmt":"2025-05-22T07:41:43","slug":"%ce%be%cf%8d%ce%bb%ce%b9%ce%bd%ce%bf-%cf%80%ce%b1%ce%b9%cf%87%ce%bd%ce%af%ce%b4%ce%b9-%ce%b1%ce%bd%cf%84%ce%b9%cf%83%cf%84%ce%bf%ce%af%cf%87%ce%b9%cf%83%ce%b7%cf%82-%ce%b3%ce%b5%cf%89%ce%bc%ce%b5-3","status":"publish","type":"product","link":"https:\/\/stem-eshop.gr\/tr\/urun\/%ce%be%cf%8d%ce%bb%ce%b9%ce%bd%ce%bf-%cf%80%ce%b1%ce%b9%cf%87%ce%bd%ce%af%ce%b4%ce%b9-%ce%b1%ce%bd%cf%84%ce%b9%cf%83%cf%84%ce%bf%ce%af%cf%87%ce%b9%cf%83%ce%b7%cf%82-%ce%b3%ce%b5%cf%89%ce%bc%ce%b5-3\/","title":{"rendered":"Ah\u015fap geometrik \u015fekilleri e\u015fle\u015ftirme oyunu (C)"},"content":{"rendered":"<p>Oyun, \u00e7ocuklar\u0131n tahta veya taban \u00fczerinde do\u011fru konumlara yerle\u015ftirmeleri gereken \u00e7e\u015fitli ah\u015fap geometrik \u015fekiller i\u00e7erir. Bu aktivite, geometrik \u015fekillerin anla\u015f\u0131lmas\u0131n\u0131 g\u00fc\u00e7lendirir ve mekansal alg\u0131n\u0131n geli\u015fmesine yard\u0131mc\u0131 olur.<\/p>\n<p>\u00c7ocuklar tahta par\u00e7alar\u0131na dokunduk\u00e7a, onlar\u0131 kavrad\u0131k\u00e7a ve yerle\u015ftirdik\u00e7e ince motor becerileri geli\u015fiyor ve el-g\u00f6z koordinasyonlar\u0131 geli\u015fiyor.<\/p>","protected":false},"excerpt":{"rendered":"<p>Geometrik \u015fekil e\u015fle\u015ftirme oyunu, Montessori y\u00f6nteminin prensiplerine g\u00f6re, \u00e7ocuklar\u0131n \u015fekil tan\u0131ma, duyusal geli\u015fim ve ke\u015ffederek \u00f6\u011frenmeyi te\u015fvik eden, \u00e7ocuklara y\u00f6nelik tasarlanm\u0131\u015f e\u011fitici bir oyundur.<\/p>","protected":false},"featured_media":3855,"comment_status":"open","ping_status":"closed","template":"","meta":{"site-sidebar-layout":"default","site-content-layout":"","ast-site-content-layout":"default","site-content-style":"default","site-sidebar-style":"default","ast-global-header-display":"","ast-banner-title-visibility":"","ast-main-header-display":"","ast-hfb-above-header-display":"","ast-hfb-below-header-display":"","ast-hfb-mobile-header-display":"","site-post-title":"","ast-breadcrumbs-content":"","ast-featured-img":"","footer-sml-layout":"","ast-disable-related-posts":"","theme-transparent-header-meta":"","adv-header-id-meta":"","stick-header-meta":"","header-above-stick-meta":"","header-main-stick-meta":"","header-below-stick-meta":"","astra-migrate-meta-layouts":"default","ast-page-background-enabled":"default","ast-page-background-meta":{"desktop":{"background-color":"var(--ast-global-color-5)","background-image":"","background-repeat":"repeat","background-position":"center center","background-size":"auto","background-attachment":"scroll","background-type":"","background-media":"","overlay-type":"","overlay-color":"","overlay-opacity":"","overlay-gradient":""},"tablet":{"background-color":"","background-image":"","background-repeat":"repeat","background-position":"center center","background-size":"auto","background-attachment":"scroll","background-type":"","background-media":"","overlay-type":"","overlay-color":"","overlay-opacity":"","overlay-gradient":""},"mobile":{"background-color":"","background-image":"","background-repeat":"repeat","background-position":"center center","background-size":"auto","background-attachment":"scroll","background-type":"","background-media":"","overlay-type":"","overlay-color":"","overlay-opacity":"","overlay-gradient":""}},"ast-content-background-meta":{"desktop":{"background-color":"var(--ast-global-color-4)","background-image":"","background-repeat":"repeat","background-position":"center center","background-size":"auto","background-attachment":"scroll","background-type":"","background-media":"","overlay-type":"","overlay-color":"","overlay-opacity":"","overlay-gradient":""},"tablet":{"background-color":"var(--ast-global-color-4)","background-image":"","background-repeat":"repeat","background-position":"center center","background-size":"auto","background-attachment":"scroll","background-type":"","background-media":"","overlay-type":"","overlay-color":"","overlay-opacity":"","overlay-gradient":""},"mobile":{"background-color":"var(--ast-global-color-4)","background-image":"","background-repeat":"repeat","background-position":"center center","background-size":"auto","background-attachment":"scroll","background-type":"","background-media":"","overlay-type":"","overlay-color":"","overlay-opacity":"","overlay-gradient":""}}},"product_brand":[107],"product_cat":[39,50,56,47,37,30,55,26],"product_tag":[],"class_list":{"0":"post-6325","1":"product","2":"type-product","3":"status-publish","4":"has-post-thumbnail","6":"product_brand-ngs","7":"product_cat-39","8":"product_cat-50","9":"product_cat-56","10":"product_cat-47","11":"product_cat-37","12":"product_cat--6-9-","13":"product_cat-55","14":"product_cat-26","15":"desktop-align-left","16":"tablet-align-left","17":"mobile-align-left","19":"first","20":"instock","21":"taxable","22":"shipping-taxable","23":"purchasable","24":"product-type-simple"},"_links":{"self":[{"href":"https:\/\/stem-eshop.gr\/tr\/wp-json\/wp\/v2\/product\/6325","targetHints":{"allow":["GET"]}}],"collection":[{"href":"https:\/\/stem-eshop.gr\/tr\/wp-json\/wp\/v2\/product"}],"about":[{"href":"https:\/\/stem-eshop.gr\/tr\/wp-json\/wp\/v2\/types\/product"}],"replies":[{"embeddable":true,"href":"https:\/\/stem-eshop.gr\/tr\/wp-json\/wp\/v2\/comments?post=6325"}],"wp:featuredmedia":[{"embeddable":true,"href":"https:\/\/stem-eshop.gr\/tr\/wp-json\/wp\/v2\/media\/3855"}],"wp:attachment":[{"href":"https:\/\/stem-eshop.gr\/tr\/wp-json\/wp\/v2\/media?parent=6325"}],"wp:term":[{"taxonomy":"product_brand","embeddable":true,"href":"https:\/\/stem-eshop.gr\/tr\/wp-json\/wp\/v2\/product_brand?post=6325"},{"taxonomy":"product_cat","embeddable":true,"href":"https:\/\/stem-eshop.gr\/tr\/wp-json\/wp\/v2\/product_cat?post=6325"},{"taxonomy":"product_tag","embeddable":true,"href":"https:\/\/stem-eshop.gr\/tr\/wp-json\/wp\/v2\/product_tag?post=6325"}],"curies":[{"name":"wp","href":"https:\/\/api.w.org\/{rel}","templated":true}]}}