{"id":6316,"date":"2025-05-19T07:28:42","date_gmt":"2025-05-19T07:28:42","guid":{"rendered":"https:\/\/stem-eshop.gr\/product\/%ce%be%cf%8d%ce%bb%ce%b9%ce%bd%ce%b1-%ce%b5%ce%ba%cf%80%ce%b1%ce%b9%ce%b4%ce%b5%cf%85%cf%84%ce%b9%ce%ba%ce%ac-%cf%80%ce%b1%ce%b9%cf%87%ce%bd%ce%af%ce%b4%ce%b9%ce%b1-%ce%bc%ce%bf%ce%bd%cf%84%ce%b5\/"},"modified":"2026-04-16T15:01:05","modified_gmt":"2026-04-16T12:01:05","slug":"%ce%be%cf%8d%ce%bb%ce%b9%ce%bd%ce%b1-%ce%b5%ce%ba%cf%80%ce%b1%ce%b9%ce%b4%ce%b5%cf%85%cf%84%ce%b9%ce%ba%ce%ac-%cf%80%ce%b1%ce%b9%cf%87%ce%bd%ce%af%ce%b4%ce%b9%ce%b1-%ce%bc%ce%bf%ce%bd%cf%84%ce%b5","status":"publish","type":"product","link":"https:\/\/stem-eshop.gr\/tr\/urun\/%ce%be%cf%8d%ce%bb%ce%b9%ce%bd%ce%b1-%ce%b5%ce%ba%cf%80%ce%b1%ce%b9%ce%b4%ce%b5%cf%85%cf%84%ce%b9%ce%ba%ce%ac-%cf%80%ce%b1%ce%b9%cf%87%ce%bd%ce%af%ce%b4%ce%b9%ce%b1-%ce%bc%ce%bf%ce%bd%cf%84%ce%b5\/","title":{"rendered":"Zihinsel Geli\u015fim \u0130\u00e7in Ah\u015fap Montessori E\u011fitici Oyuncaklar"},"content":{"rendered":"<p>Bu oyunlar \u00e7ocuklarda \u00e7e\u015fitli becerileri geli\u015ftiren \u00e7ok boyutlu deneyimler sunar, \u00f6rne\u011fin:<\/p>\n<p>Duyusal Geli\u015fim: \u00c7ocuklar duyular\u0131n\u0131 kullanarak malzemelerin doku, a\u011f\u0131rl\u0131k ve \u015fekil gibi \u00f6zelliklerini ke\u015ffederler ve bu da duyusal alg\u0131n\u0131n geli\u015fmesine yard\u0131mc\u0131 olur.<\/p>\n<p>Bili\u015fsel Geli\u015fim: \u015eekilleri, renkleri ve desenleri tan\u0131ma gibi etkinlikler arac\u0131l\u0131\u011f\u0131yla \u00e7ocuklar \u00e7evrelerindeki d\u00fcnyay\u0131 anlamay\u0131 \u00f6\u011frenir ve mant\u0131ksal d\u00fc\u015f\u00fcnmeyi geli\u015ftirirler.<\/p>\n<p>\u0130nce Motor Becerileri: Bal\u0131k tutma veya top oynama gibi oyunlar, yazma gibi beceriler i\u00e7in gerekli olan ince motor becerilerinin geli\u015fmesine yard\u0131mc\u0131 olur.<\/p>\n<p>Problem \u00c7\u00f6zme: \u0130n\u015faat veya bulmaca i\u00e7eren oyunlar problem \u00e7\u00f6zme becerilerini ve ele\u015ftirel d\u00fc\u015f\u00fcnmeyi geli\u015ftirir.<\/p>\n<p>Duygusal Geli\u015fim: \u00c7ocuklar oyun yoluyla hedeflerine ula\u015ft\u0131k\u00e7a, \u00f6zg\u00fcven ve ba\u011f\u0131ms\u0131zl\u0131k geli\u015ftirirler.<\/p>\n<p>Montessori ah\u015fap oyuncaklar\u0131 do\u011fal malzemelerden \u00fcretilmi\u015ftir, bu nedenle g\u00fcvenli ve \u00e7evre dostudur. Evde veya e\u011fitim ortamlar\u0131nda kullan\u0131m i\u00e7in idealdir ve \u00e7ocuklara becerilerini geli\u015ftirmeleri i\u00e7in e\u011flenceli ve e\u011fitici bir yol sunar.<\/p>","protected":false},"excerpt":{"rendered":"<p>Montessori Ah\u015fap E\u011fitici Oyuncaklar, \u00e7ocu\u011fun \u00f6zerkli\u011fini, ke\u015ffetmesini ve uygulamal\u0131 \u00f6\u011frenmesini \u00f6n planda tutan Montessori prensiplerine g\u00f6re tasarlanarak zihinsel geli\u015fime y\u00f6nelik \u00fcretilmi\u015ftir.<\/p>","protected":false},"featured_media":3804,"comment_status":"open","ping_status":"closed","template":"","meta":{"site-sidebar-layout":"default","site-content-layout":"","ast-site-content-layout":"default","site-content-style":"default","site-sidebar-style":"default","ast-global-header-display":"","ast-banner-title-visibility":"","ast-main-header-display":"","ast-hfb-above-header-display":"","ast-hfb-below-header-display":"","ast-hfb-mobile-header-display":"","site-post-title":"","ast-breadcrumbs-content":"","ast-featured-img":"","footer-sml-layout":"","ast-disable-related-posts":"","theme-transparent-header-meta":"","adv-header-id-meta":"","stick-header-meta":"","header-above-stick-meta":"","header-main-stick-meta":"","header-below-stick-meta":"","astra-migrate-meta-layouts":"default","ast-page-background-enabled":"default","ast-page-background-meta":{"desktop":{"background-color":"var(--ast-global-color-5)","background-image":"","background-repeat":"repeat","background-position":"center center","background-size":"auto","background-attachment":"scroll","background-type":"","background-media":"","overlay-type":"","overlay-color":"","overlay-opacity":"","overlay-gradient":""},"tablet":{"background-color":"","background-image":"","background-repeat":"repeat","background-position":"center center","background-size":"auto","background-attachment":"scroll","background-type":"","background-media":"","overlay-type":"","overlay-color":"","overlay-opacity":"","overlay-gradient":""},"mobile":{"background-color":"","background-image":"","background-repeat":"repeat","background-position":"center center","background-size":"auto","background-attachment":"scroll","background-type":"","background-media":"","overlay-type":"","overlay-color":"","overlay-opacity":"","overlay-gradient":""}},"ast-content-background-meta":{"desktop":{"background-color":"var(--ast-global-color-4)","background-image":"","background-repeat":"repeat","background-position":"center center","background-size":"auto","background-attachment":"scroll","background-type":"","background-media":"","overlay-type":"","overlay-color":"","overlay-opacity":"","overlay-gradient":""},"tablet":{"background-color":"var(--ast-global-color-4)","background-image":"","background-repeat":"repeat","background-position":"center center","background-size":"auto","background-attachment":"scroll","background-type":"","background-media":"","overlay-type":"","overlay-color":"","overlay-opacity":"","overlay-gradient":""},"mobile":{"background-color":"var(--ast-global-color-4)","background-image":"","background-repeat":"repeat","background-position":"center center","background-size":"auto","background-attachment":"scroll","background-type":"","background-media":"","overlay-type":"","overlay-color":"","overlay-opacity":"","overlay-gradient":""}}},"product_brand":[107],"product_cat":[43,39,50,56,47,37,30,55,26],"product_tag":[],"class_list":{"0":"post-6316","1":"product","2":"type-product","3":"status-publish","4":"has-post-thumbnail","6":"product_brand-ngs","7":"product_cat-43","8":"product_cat-39","9":"product_cat-50","10":"product_cat-56","11":"product_cat-47","12":"product_cat-37","13":"product_cat--6-9-","14":"product_cat-55","15":"product_cat-26","16":"desktop-align-left","17":"tablet-align-left","18":"mobile-align-left","20":"first","21":"instock","22":"taxable","23":"shipping-taxable","24":"purchasable","25":"product-type-simple"},"_links":{"self":[{"href":"https:\/\/stem-eshop.gr\/tr\/wp-json\/wp\/v2\/product\/6316","targetHints":{"allow":["GET"]}}],"collection":[{"href":"https:\/\/stem-eshop.gr\/tr\/wp-json\/wp\/v2\/product"}],"about":[{"href":"https:\/\/stem-eshop.gr\/tr\/wp-json\/wp\/v2\/types\/product"}],"replies":[{"embeddable":true,"href":"https:\/\/stem-eshop.gr\/tr\/wp-json\/wp\/v2\/comments?post=6316"}],"wp:featuredmedia":[{"embeddable":true,"href":"https:\/\/stem-eshop.gr\/tr\/wp-json\/wp\/v2\/media\/3804"}],"wp:attachment":[{"href":"https:\/\/stem-eshop.gr\/tr\/wp-json\/wp\/v2\/media?parent=6316"}],"wp:term":[{"taxonomy":"product_brand","embeddable":true,"href":"https:\/\/stem-eshop.gr\/tr\/wp-json\/wp\/v2\/product_brand?post=6316"},{"taxonomy":"product_cat","embeddable":true,"href":"https:\/\/stem-eshop.gr\/tr\/wp-json\/wp\/v2\/product_cat?post=6316"},{"taxonomy":"product_tag","embeddable":true,"href":"https:\/\/stem-eshop.gr\/tr\/wp-json\/wp\/v2\/product_tag?post=6316"}],"curies":[{"name":"wp","href":"https:\/\/api.w.org\/{rel}","templated":true}]}}