{"id":6310,"date":"2025-05-19T07:28:33","date_gmt":"2025-05-19T07:28:33","guid":{"rendered":"https:\/\/stem-eshop.gr\/product\/%ce%be%cf%8d%ce%bb%ce%b9%ce%bd%ce%bf-%ce%b5%ce%ba%cf%80%ce%b1%ce%b9%ce%b4%ce%b5%cf%85%cf%84%ce%b9%ce%ba%cf%8c-%cf%80%ce%b1%ce%b9%cf%87%ce%bd%ce%af%ce%b4%ce%b9-%ce%bc%ce%bf%ce%bd%cf%84%ce%b5%cf%83-2\/"},"modified":"2025-07-11T16:44:06","modified_gmt":"2025-07-11T13:44:06","slug":"%ce%be%cf%8d%ce%bb%ce%b9%ce%bd%ce%bf-%ce%b5%ce%ba%cf%80%ce%b1%ce%b9%ce%b4%ce%b5%cf%85%cf%84%ce%b9%ce%ba%cf%8c-%cf%80%ce%b1%ce%b9%cf%87%ce%bd%ce%af%ce%b4%ce%b9-%ce%bc%ce%bf%ce%bd%cf%84%ce%b5%cf%83-2","status":"publish","type":"product","link":"https:\/\/stem-eshop.gr\/tr\/urun\/%ce%be%cf%8d%ce%bb%ce%b9%ce%bd%ce%bf-%ce%b5%ce%ba%cf%80%ce%b1%ce%b9%ce%b4%ce%b5%cf%85%cf%84%ce%b9%ce%ba%cf%8c-%cf%80%ce%b1%ce%b9%cf%87%ce%bd%ce%af%ce%b4%ce%b9-%ce%bc%ce%bf%ce%bd%cf%84%ce%b5%cf%83-2\/","title":{"rendered":"Montessori ah\u015fap e\u011fitici oyuncak bal\u0131k tutma \u015fekli ve say\u0131s\u0131"},"content":{"rendered":"<p>Oyun, manyetik bir \u00e7ubuk yard\u0131m\u0131yla &quot;tutulabilen&quot; \u00e7e\u015fitli \u015fekil ve say\u0131larda ah\u015fap par\u00e7alar i\u00e7erir. \u00c7ocuklardan, do\u011fru \u015fekil veya say\u0131y\u0131 tahtadaki kar\u015f\u0131l\u0131k gelen \u015fekil veya say\u0131yla e\u015fle\u015ftirmeleri istenir. B\u00f6ylece \u015fekil ve say\u0131 tan\u0131ma becerileri geli\u015fir, ince motor becerileri ve el-g\u00f6z koordinasyonu geli\u015fir.<\/p>\n<p>\u00dcstelik &quot;bal\u0131k tutma&quot; s\u00fcreci olduk\u00e7a e\u011flencelidir ve \u00e7ocuklar\u0131n ilgisini \u00e7ekerken, ayn\u0131 zamanda onlara konsantrasyon ve hassas kullan\u0131m f\u0131rsatlar\u0131 sunar. Bu ah\u015fap oyuncak, okul \u00f6ncesi \u00e7ocuklar i\u00e7in idealdir ve erken matematiksel d\u00fc\u015f\u00fcnme ve genel bili\u015fsel geli\u015fime katk\u0131da bulunabilir.<\/p>","protected":false},"excerpt":{"rendered":"<p>Montessori ah\u015fap e\u011fitici oyunca\u011f\u0131 &quot;\u015eekil ve Say\u0131 Bal\u0131k\u00e7\u0131l\u0131\u011f\u0131&quot;, beceri geli\u015fimini e\u011flenceyle birle\u015ftiren \u00e7ok boyutlu bir \u00f6\u011frenme arac\u0131d\u0131r. Montessori pedagojik y\u00f6ntem ilkelerine dayanarak tasarlanan bu oyuncak, \u00e7ocuklar\u0131n \u00f6zerkliklerini geli\u015ftirmelerini ve deneyim ve tekrar yoluyla \u00f6\u011frenmelerini te\u015fvik eder.<\/p>","protected":false},"featured_media":3783,"comment_status":"open","ping_status":"closed","template":"","meta":{"site-sidebar-layout":"default","site-content-layout":"","ast-site-content-layout":"default","site-content-style":"default","site-sidebar-style":"default","ast-global-header-display":"","ast-banner-title-visibility":"","ast-main-header-display":"","ast-hfb-above-header-display":"","ast-hfb-below-header-display":"","ast-hfb-mobile-header-display":"","site-post-title":"","ast-breadcrumbs-content":"","ast-featured-img":"","footer-sml-layout":"","ast-disable-related-posts":"","theme-transparent-header-meta":"","adv-header-id-meta":"","stick-header-meta":"","header-above-stick-meta":"","header-main-stick-meta":"","header-below-stick-meta":"","astra-migrate-meta-layouts":"default","ast-page-background-enabled":"default","ast-page-background-meta":{"desktop":{"background-color":"var(--ast-global-color-5)","background-image":"","background-repeat":"repeat","background-position":"center center","background-size":"auto","background-attachment":"scroll","background-type":"","background-media":"","overlay-type":"","overlay-color":"","overlay-opacity":"","overlay-gradient":""},"tablet":{"background-color":"","background-image":"","background-repeat":"repeat","background-position":"center center","background-size":"auto","background-attachment":"scroll","background-type":"","background-media":"","overlay-type":"","overlay-color":"","overlay-opacity":"","overlay-gradient":""},"mobile":{"background-color":"","background-image":"","background-repeat":"repeat","background-position":"center center","background-size":"auto","background-attachment":"scroll","background-type":"","background-media":"","overlay-type":"","overlay-color":"","overlay-opacity":"","overlay-gradient":""}},"ast-content-background-meta":{"desktop":{"background-color":"var(--ast-global-color-4)","background-image":"","background-repeat":"repeat","background-position":"center center","background-size":"auto","background-attachment":"scroll","background-type":"","background-media":"","overlay-type":"","overlay-color":"","overlay-opacity":"","overlay-gradient":""},"tablet":{"background-color":"var(--ast-global-color-4)","background-image":"","background-repeat":"repeat","background-position":"center center","background-size":"auto","background-attachment":"scroll","background-type":"","background-media":"","overlay-type":"","overlay-color":"","overlay-opacity":"","overlay-gradient":""},"mobile":{"background-color":"var(--ast-global-color-4)","background-image":"","background-repeat":"repeat","background-position":"center center","background-size":"auto","background-attachment":"scroll","background-type":"","background-media":"","overlay-type":"","overlay-color":"","overlay-opacity":"","overlay-gradient":""}}},"product_brand":[107],"product_cat":[43,39,50,56,47,37,55,26],"product_tag":[],"class_list":{"0":"post-6310","1":"product","2":"type-product","3":"status-publish","4":"has-post-thumbnail","6":"product_brand-ngs","7":"product_cat-43","8":"product_cat-39","9":"product_cat-50","10":"product_cat-56","11":"product_cat-47","12":"product_cat-37","13":"product_cat-55","14":"product_cat-26","15":"desktop-align-left","16":"tablet-align-left","17":"mobile-align-left","19":"first","20":"instock","21":"taxable","22":"shipping-taxable","23":"purchasable","24":"product-type-simple"},"_links":{"self":[{"href":"https:\/\/stem-eshop.gr\/tr\/wp-json\/wp\/v2\/product\/6310","targetHints":{"allow":["GET"]}}],"collection":[{"href":"https:\/\/stem-eshop.gr\/tr\/wp-json\/wp\/v2\/product"}],"about":[{"href":"https:\/\/stem-eshop.gr\/tr\/wp-json\/wp\/v2\/types\/product"}],"replies":[{"embeddable":true,"href":"https:\/\/stem-eshop.gr\/tr\/wp-json\/wp\/v2\/comments?post=6310"}],"wp:featuredmedia":[{"embeddable":true,"href":"https:\/\/stem-eshop.gr\/tr\/wp-json\/wp\/v2\/media\/3783"}],"wp:attachment":[{"href":"https:\/\/stem-eshop.gr\/tr\/wp-json\/wp\/v2\/media?parent=6310"}],"wp:term":[{"taxonomy":"product_brand","embeddable":true,"href":"https:\/\/stem-eshop.gr\/tr\/wp-json\/wp\/v2\/product_brand?post=6310"},{"taxonomy":"product_cat","embeddable":true,"href":"https:\/\/stem-eshop.gr\/tr\/wp-json\/wp\/v2\/product_cat?post=6310"},{"taxonomy":"product_tag","embeddable":true,"href":"https:\/\/stem-eshop.gr\/tr\/wp-json\/wp\/v2\/product_tag?post=6310"}],"curies":[{"name":"wp","href":"https:\/\/api.w.org\/{rel}","templated":true}]}}