{"id":6302,"date":"2025-05-19T07:28:22","date_gmt":"2025-05-19T07:28:22","guid":{"rendered":"https:\/\/stem-eshop.gr\/product\/creative-lego-duplo-brick-set\/"},"modified":"2025-10-25T11:22:03","modified_gmt":"2025-10-25T08:22:03","slug":"creative-lego-duplo-brick-set","status":"publish","type":"product","link":"https:\/\/stem-eshop.gr\/tr\/urun\/creative-lego-duplo-brick-set\/","title":{"rendered":"Yarat\u0131c\u0131 LEGO\u00ae DUPLO\u00ae Tu\u011fla Seti"},"content":{"rendered":"<p><span style=\"color:#0d0d0d;font-family:'ui-sans-serif', '-apple-system', 'system-ui', 'Segoe UI', Roboto, Ubuntu, Cantarell, 'Noto Sans', sans-serif, Helvetica, 'Apple Color Emoji', Arial, 'Segoe UI Emoji', 'Segoe UI Symbol';font-size:16px;background-color:#ffffff\">Yarat\u0131c\u0131 LEGO\u00ae DUPLO\u00ae Yap\u0131m Seti, normal LEGO\u00ae yap\u0131m par\u00e7alar\u0131ndan daha b\u00fcy\u00fck ve k\u00fc\u00e7\u00fck \u00e7ocuklar i\u00e7in uygun, \u00e7ok \u00e7e\u015fitli renkli DUPLO\u00ae yap\u0131m par\u00e7alar\u0131 i\u00e7erir. Set, \u00e7ocuklar\u0131n yap\u0131m ve ke\u015fif yoluyla becerilerini geli\u015ftirmelerine yard\u0131mc\u0131 olmak ve yarat\u0131c\u0131 oyunlar i\u00e7in s\u0131n\u0131rs\u0131z olanaklar sunmak \u00fczere tasarlanm\u0131\u015ft\u0131r.<\/span><\/p><\/p>","protected":false},"excerpt":{"rendered":"<p><span style=\"color:#0d0d0d;font-family:'ui-sans-serif', '-apple-system', 'system-ui', 'Segoe UI', Roboto, Ubuntu, Cantarell, 'Noto Sans', sans-serif, Helvetica, 'Apple Color Emoji', Arial, 'Segoe UI Emoji', 'Segoe UI Symbol';font-size:16px;background-color:#ffffff\">Yarat\u0131c\u0131 LEGO\u00ae DUPLO\u00ae Yap\u0131m Seti, \u00f6zellikle okul \u00f6ncesi \u00e7ocuklar i\u00e7in tasarlanm\u0131\u015f \u00e7ok y\u00f6nl\u00fc ve yarat\u0131c\u0131 bir e\u011fitim arac\u0131d\u0131r. Bu set, b\u00fcy\u00fck ve kullan\u0131m\u0131 kolay LEGO\u00ae DUPLO\u00ae yap\u0131m par\u00e7alar\u0131yla oynanan oyunlar arac\u0131l\u0131\u011f\u0131yla k\u00fc\u00e7\u00fck \u00e7ocuklarda hayal g\u00fcc\u00fcn\u00fcn, yarat\u0131c\u0131l\u0131\u011f\u0131n ve temel becerilerin geli\u015fimini destekler.<\/span><\/p>","protected":false},"featured_media":3739,"comment_status":"open","ping_status":"closed","template":"","meta":{"site-sidebar-layout":"default","site-content-layout":"","ast-site-content-layout":"default","site-content-style":"default","site-sidebar-style":"default","ast-global-header-display":"","ast-banner-title-visibility":"","ast-main-header-display":"","ast-hfb-above-header-display":"","ast-hfb-below-header-display":"","ast-hfb-mobile-header-display":"","site-post-title":"","ast-breadcrumbs-content":"","ast-featured-img":"","footer-sml-layout":"","ast-disable-related-posts":"","theme-transparent-header-meta":"","adv-header-id-meta":"","stick-header-meta":"","header-above-stick-meta":"","header-main-stick-meta":"","header-below-stick-meta":"","astra-migrate-meta-layouts":"default","ast-page-background-enabled":"default","ast-page-background-meta":{"desktop":{"background-color":"var(--ast-global-color-5)","background-image":"","background-repeat":"repeat","background-position":"center center","background-size":"auto","background-attachment":"scroll","background-type":"","background-media":"","overlay-type":"","overlay-color":"","overlay-opacity":"","overlay-gradient":""},"tablet":{"background-color":"","background-image":"","background-repeat":"repeat","background-position":"center center","background-size":"auto","background-attachment":"scroll","background-type":"","background-media":"","overlay-type":"","overlay-color":"","overlay-opacity":"","overlay-gradient":""},"mobile":{"background-color":"","background-image":"","background-repeat":"repeat","background-position":"center center","background-size":"auto","background-attachment":"scroll","background-type":"","background-media":"","overlay-type":"","overlay-color":"","overlay-opacity":"","overlay-gradient":""}},"ast-content-background-meta":{"desktop":{"background-color":"var(--ast-global-color-4)","background-image":"","background-repeat":"repeat","background-position":"center center","background-size":"auto","background-attachment":"scroll","background-type":"","background-media":"","overlay-type":"","overlay-color":"","overlay-opacity":"","overlay-gradient":""},"tablet":{"background-color":"var(--ast-global-color-4)","background-image":"","background-repeat":"repeat","background-position":"center center","background-size":"auto","background-attachment":"scroll","background-type":"","background-media":"","overlay-type":"","overlay-color":"","overlay-opacity":"","overlay-gradient":""},"mobile":{"background-color":"var(--ast-global-color-4)","background-image":"","background-repeat":"repeat","background-position":"center center","background-size":"auto","background-attachment":"scroll","background-type":"","background-media":"","overlay-type":"","overlay-color":"","overlay-opacity":"","overlay-gradient":""}}},"product_brand":[105],"product_cat":[43,29,26,59],"product_tag":[],"class_list":{"0":"post-6302","1":"product","2":"type-product","3":"status-publish","4":"has-post-thumbnail","6":"product_brand-lego","7":"product_cat-43","8":"product_cat-29","9":"product_cat-26","10":"product_cat-59","11":"desktop-align-left","12":"tablet-align-left","13":"mobile-align-left","15":"first","16":"outofstock","17":"taxable","18":"shipping-taxable","19":"purchasable","20":"product-type-simple"},"_links":{"self":[{"href":"https:\/\/stem-eshop.gr\/tr\/wp-json\/wp\/v2\/product\/6302","targetHints":{"allow":["GET"]}}],"collection":[{"href":"https:\/\/stem-eshop.gr\/tr\/wp-json\/wp\/v2\/product"}],"about":[{"href":"https:\/\/stem-eshop.gr\/tr\/wp-json\/wp\/v2\/types\/product"}],"replies":[{"embeddable":true,"href":"https:\/\/stem-eshop.gr\/tr\/wp-json\/wp\/v2\/comments?post=6302"}],"wp:featuredmedia":[{"embeddable":true,"href":"https:\/\/stem-eshop.gr\/tr\/wp-json\/wp\/v2\/media\/3739"}],"wp:attachment":[{"href":"https:\/\/stem-eshop.gr\/tr\/wp-json\/wp\/v2\/media?parent=6302"}],"wp:term":[{"taxonomy":"product_brand","embeddable":true,"href":"https:\/\/stem-eshop.gr\/tr\/wp-json\/wp\/v2\/product_brand?post=6302"},{"taxonomy":"product_cat","embeddable":true,"href":"https:\/\/stem-eshop.gr\/tr\/wp-json\/wp\/v2\/product_cat?post=6302"},{"taxonomy":"product_tag","embeddable":true,"href":"https:\/\/stem-eshop.gr\/tr\/wp-json\/wp\/v2\/product_tag?post=6302"}],"curies":[{"name":"wp","href":"https:\/\/api.w.org\/{rel}","templated":true}]}}