{"id":6301,"date":"2025-05-19T07:28:20","date_gmt":"2025-05-19T07:28:20","guid":{"rendered":"https:\/\/stem-eshop.gr\/product\/lego-education-my-xl-world\/"},"modified":"2025-10-23T11:13:45","modified_gmt":"2025-10-23T08:13:45","slug":"lego-education-my-xl-world","status":"publish","type":"product","link":"https:\/\/stem-eshop.gr\/tr\/urun\/lego-education-my-xl-world\/","title":{"rendered":"LEGO Education Benim XL D\u00fcnyam"},"content":{"rendered":"<p><span style=\"color: #0d0d0d;font-family: 'ui-sans-serif', '-apple-system', 'system-ui', 'Segoe UI', Roboto, Ubuntu, Cantarell, 'Noto Sans', sans-serif, Helvetica, 'Apple Color Emoji', Arial, 'Segoe UI Emoji', 'Segoe UI Symbol';font-size: 16px;background-color: #ffffff\">LEGO\u00ae Education My XL World, evler, okullar, ma\u011fazalar ve g\u00fcnl\u00fck ya\u015fam\u0131n di\u011fer unsurlar\u0131 gibi \u00e7e\u015fitli tematik senaryolar in\u015fa etmek i\u00e7in malzemeler i\u00e7eren bir LEGO\u00ae tu\u011flalar\u0131 ve fig\u00fcrleri setidir. Set, ke\u015fif ve hayal g\u00fcc\u00fc yoluyla \u00f6\u011frenmeyi te\u015fvik etmek i\u00e7in tasarlanm\u0131\u015f aktivite k\u0131lavuzlar\u0131 ve oyun senaryolar\u0131yla birlikte gelir.<\/span><\/p>","protected":false},"excerpt":{"rendered":"<p><span style=\"color: #0d0d0d;font-family: 'ui-sans-serif', '-apple-system', 'system-ui', 'Segoe UI', Roboto, Ubuntu, Cantarell, 'Noto Sans', sans-serif, Helvetica, 'Apple Color Emoji', Arial, 'Segoe UI Emoji', 'Segoe UI Symbol';font-size: 16px;background-color: #ffffff\">LEGO\u00ae Education My XL World, okul \u00f6ncesi \u00e7ocuklar\u0131n sosyal becerilerini, \u00e7evrelerindeki d\u00fcnyay\u0131 anlamalar\u0131n\u0131 ve i\u015f birli\u011fi becerilerini geli\u015ftirmelerine yard\u0131mc\u0131 olmay\u0131 ama\u00e7layan bir e\u011fitim arac\u0131d\u0131r. \u00c7ocuklar, LEGO\u00ae par\u00e7alar\u0131yla oynayarak g\u00fcnl\u00fck ya\u015fam\u0131n \u00e7e\u015fitli konular\u0131n\u0131 ve durumlar\u0131n\u0131 ke\u015ffedebilir, yarat\u0131c\u0131l\u0131klar\u0131n\u0131 ve temel becerilerini geli\u015ftirebilirler.<\/span><\/p>","protected":false},"featured_media":3723,"comment_status":"open","ping_status":"closed","template":"","meta":{"site-sidebar-layout":"default","site-content-layout":"","ast-site-content-layout":"default","site-content-style":"default","site-sidebar-style":"default","ast-global-header-display":"","ast-banner-title-visibility":"","ast-main-header-display":"","ast-hfb-above-header-display":"","ast-hfb-below-header-display":"","ast-hfb-mobile-header-display":"","site-post-title":"","ast-breadcrumbs-content":"","ast-featured-img":"","footer-sml-layout":"","ast-disable-related-posts":"","theme-transparent-header-meta":"default","adv-header-id-meta":"","stick-header-meta":"","header-above-stick-meta":"","header-main-stick-meta":"","header-below-stick-meta":"","astra-migrate-meta-layouts":"set","ast-page-background-enabled":"default","ast-page-background-meta":{"desktop":{"background-color":"var(--ast-global-color-5)","background-image":"","background-repeat":"repeat","background-position":"center center","background-size":"auto","background-attachment":"scroll","background-type":"","background-media":"","overlay-type":"","overlay-color":"","overlay-opacity":"","overlay-gradient":""},"tablet":{"background-color":"","background-image":"","background-repeat":"repeat","background-position":"center center","background-size":"auto","background-attachment":"scroll","background-type":"","background-media":"","overlay-type":"","overlay-color":"","overlay-opacity":"","overlay-gradient":""},"mobile":{"background-color":"","background-image":"","background-repeat":"repeat","background-position":"center center","background-size":"auto","background-attachment":"scroll","background-type":"","background-media":"","overlay-type":"","overlay-color":"","overlay-opacity":"","overlay-gradient":""}},"ast-content-background-meta":{"desktop":{"background-color":"var(--ast-global-color-4)","background-image":"","background-repeat":"repeat","background-position":"center center","background-size":"auto","background-attachment":"scroll","background-type":"","background-media":"","overlay-type":"","overlay-color":"","overlay-opacity":"","overlay-gradient":""},"tablet":{"background-color":"var(--ast-global-color-4)","background-image":"","background-repeat":"repeat","background-position":"center center","background-size":"auto","background-attachment":"scroll","background-type":"","background-media":"","overlay-type":"","overlay-color":"","overlay-opacity":"","overlay-gradient":""},"mobile":{"background-color":"var(--ast-global-color-4)","background-image":"","background-repeat":"repeat","background-position":"center center","background-size":"auto","background-attachment":"scroll","background-type":"","background-media":"","overlay-type":"","overlay-color":"","overlay-opacity":"","overlay-gradient":""}}},"product_brand":[105],"product_cat":[43,29,56,30,26,48,59],"product_tag":[],"class_list":{"0":"post-6301","1":"product","2":"type-product","3":"status-publish","4":"has-post-thumbnail","6":"product_brand-lego","7":"product_cat-43","8":"product_cat-29","9":"product_cat-56","10":"product_cat--6-9-","11":"product_cat-26","12":"product_cat-48","13":"product_cat-59","14":"desktop-align-left","15":"tablet-align-left","16":"mobile-align-left","18":"first","19":"instock","20":"taxable","21":"shipping-taxable","22":"purchasable","23":"product-type-simple"},"_links":{"self":[{"href":"https:\/\/stem-eshop.gr\/tr\/wp-json\/wp\/v2\/product\/6301","targetHints":{"allow":["GET"]}}],"collection":[{"href":"https:\/\/stem-eshop.gr\/tr\/wp-json\/wp\/v2\/product"}],"about":[{"href":"https:\/\/stem-eshop.gr\/tr\/wp-json\/wp\/v2\/types\/product"}],"replies":[{"embeddable":true,"href":"https:\/\/stem-eshop.gr\/tr\/wp-json\/wp\/v2\/comments?post=6301"}],"wp:featuredmedia":[{"embeddable":true,"href":"https:\/\/stem-eshop.gr\/tr\/wp-json\/wp\/v2\/media\/3723"}],"wp:attachment":[{"href":"https:\/\/stem-eshop.gr\/tr\/wp-json\/wp\/v2\/media?parent=6301"}],"wp:term":[{"taxonomy":"product_brand","embeddable":true,"href":"https:\/\/stem-eshop.gr\/tr\/wp-json\/wp\/v2\/product_brand?post=6301"},{"taxonomy":"product_cat","embeddable":true,"href":"https:\/\/stem-eshop.gr\/tr\/wp-json\/wp\/v2\/product_cat?post=6301"},{"taxonomy":"product_tag","embeddable":true,"href":"https:\/\/stem-eshop.gr\/tr\/wp-json\/wp\/v2\/product_tag?post=6301"}],"curies":[{"name":"wp","href":"https:\/\/api.w.org\/{rel}","templated":true}]}}