{"id":6297,"date":"2025-05-19T07:28:14","date_gmt":"2025-05-19T07:28:14","guid":{"rendered":"https:\/\/stem-eshop.gr\/product\/%ce%b5%ce%be%cf%85%cf%80%ce%bd%ce%bf%cf%8d%ce%bb%ce%b7%cf%82-%ce%b5%ce%ba%cf%80%ce%b1%ce%b9%ce%b4%ce%b5%cf%85%cf%84%ce%b9%ce%ba%cf%8c-%cf%80%ce%b1%ce%b9%cf%87%ce%bd%ce%af%ce%b4%ce%b9-%cf%80%ce%bf\/"},"modified":"2025-10-28T09:01:02","modified_gmt":"2025-10-28T06:01:02","slug":"%ce%b5%ce%be%cf%85%cf%80%ce%bd%ce%bf%cf%8d%ce%bb%ce%b7%cf%82-%ce%b5%ce%ba%cf%80%ce%b1%ce%b9%ce%b4%ce%b5%cf%85%cf%84%ce%b9%ce%ba%cf%8c-%cf%80%ce%b1%ce%b9%cf%87%ce%bd%ce%af%ce%b4%ce%b9-%cf%80%ce%bf","status":"publish","type":"product","link":"https:\/\/stem-eshop.gr\/tr\/urun\/%ce%b5%ce%be%cf%85%cf%80%ce%bd%ce%bf%cf%8d%ce%bb%ce%b7%cf%82-%ce%b5%ce%ba%cf%80%ce%b1%ce%b9%ce%b4%ce%b5%cf%85%cf%84%ce%b9%ce%ba%cf%8c-%cf%80%ce%b1%ce%b9%cf%87%ce%bd%ce%af%ce%b4%ce%b9-%cf%80%ce%bf\/","title":{"rendered":"2+ Ya\u015f \u00c7ocuklara Uygun Ak\u0131ll\u0131 E\u011fitici Oyun"},"content":{"rendered":"<p class=\"MsoNormal\">\u038c\u03c3\u03bf \u03b5\u03be\u03bf\u03b9\u03ba\u03b5\u03b9\u03ce\u03bd\u03bf\u03bd\u03c4\u03b1\u03b9 \u03bc\u03b5 \u03c4\u03bf \u03c0\u03b1\u03b9\u03c7\u03bd\u03af\u03b4\u03b9, \u03bc\u03c0\u03bf\u03c1\u03bf\u03cd\u03bd \u03bd\u03b1 \u03b5\u03be\u03b1\u03c3\u03ba\u03b7\u03b8\u03bf\u03cd\u03bd \u03c0\u03c1\u03bf\u03c3\u03c0\u03b1\u03b8\u03ce\u03bd\u03c4\u03b1\u03c2 \u03bd\u03b1 \u03b1\u03bd\u03b1\u03b3\u03bd\u03c9\u03c1\u03af\u03c3\u03bf\u03c5\u03bd \u03c4\u03b9\u03c2 \u03ba\u03ac\u03c1\u03c4\u03b5\u03c2, \u03b5\u03bd\u03ce \u03b5\u03af\u03bd\u03b1\u03b9 \u03b3\u03c5\u03c1\u03b9\u03c3\u03bc\u03ad\u03bd\u03b5\u03c2 \u03bc\u03b5 \u03c4\u03b7\u03bd \u03cc\u03c8\u03b7 \u03c0\u03c1\u03bf\u03c2 \u03c4\u03b1 \u03ba\u03ac\u03c4\u03c9, \u03b1\u03c0\u03bb\u03ac \u03c0\u03b1\u03c1\u03b1\u03c4\u03b7\u03c1\u03ce\u03bd\u03c4\u03b1\u03c2 \u03c0\u03c1\u03bf\u03c3\u03b5\u03ba\u03c4\u03b9\u03ba\u03ac \u03c4\u03bf \u03c3\u03c7\u03ae\u03bc\u03b1 \u03c4\u03bf\u03c5\u03c2. \u03a4\u03ad\u03bb\u03bf\u03c2, \u03bc\u03c0\u03bf\u03c1\u03bf\u03cd\u03bd \u03bd\u03b1 \u03b4\u03b9\u03b1\u03c3\u03ba\u03b5\u03b4\u03ac\u03c3\u03bf\u03c5\u03bd \u03c0\u03b1\u03c1\u03ad\u03b1 \u03bc\u03b5 \u03c4\u03bf\u03c5\u03c2 \u03c6\u03af\u03bb\u03bf\u03c5\u03c2 \u03ba\u03b1\u03b9 \u03c4\u03b7\u03bd \u03bf\u03b9\u03ba\u03bf\u03b3\u03ad\u03bd\u03b5\u03b9\u03ac \u03c4\u03bf\u03c5\u03c2, \u03c0\u03b1\u03af\u03b6\u03bf\u03bd\u03c4\u03b1\u03c2 \u03bc\u03b5 \u03c4\u03b9\u03c2 \u03ba\u03ac\u03c1\u03c4\u03b5\u03c2 \u03ad\u03bd\u03b1 \u03c0\u03b1\u03b9\u03c7\u03bd\u03af\u03b4\u03b9 \u039c\u03c0\u03af\u03bd\u03b3\u03ba\u03bf.<\/p>\n<p class=\"MsoNormal\">Exynnoulis&#039;in e\u011fitici oyunlar\u0131, okul \u00f6ncesi ve okul \u00e7a\u011f\u0131ndaki \u00e7ocuklar\u0131n \u00f6\u011frenme geli\u015fimini desteklemek i\u00e7in tasarlanm\u0131\u015f, zamans\u0131z ve yenilik\u00e7i bir seridir. Uzman e\u011fitimciler ve psikologlar taraf\u0131ndan incelenmi\u015f ve okullarda test edilmi\u015ftir. \u00c7ok \u00e7e\u015fitli e\u011fitim konular\u0131n\u0131 kapsayan bu oyunlar, \u00e7ocuklar\u0131n temel beceri ve bilgilerini basit ve e\u011flenceli bir \u015fekilde geli\u015ftirmelerine yard\u0131mc\u0131 olur!<\/p>","protected":false},"excerpt":{"rendered":"<p>\u03a4\u03bf \u03a0\u03bf\u03cd \u03c4\u03b1\u03b9\u03c1\u03b9\u03ac\u03b6\u03b5\u03b9 \u03b5\u03af\u03bd\u03b1\u03b9 \u03ad\u03bd\u03b1 \u03c0\u03b1\u03b9\u03c7\u03bd\u03af\u03b4\u03b9 \u03c0\u03bf\u03c5 \u03b1\u03c0\u03bf\u03c4\u03b5\u03bb\u03b5\u03af\u03c4\u03b1\u03b9 \u03b1\u03c0\u03cc 4 \u03bc\u03b5\u03b3\u03ac\u03bb\u03b1 \u03c4\u03b1\u03bc\u03c0\u03bb\u03cc \u03ba\u03b1\u03b9 20 \u03b5\u03b9\u03ba\u03bf\u03bd\u03bf\u03b3\u03c1\u03b1\u03c6\u03b7\u03bc\u03ad\u03bd\u03b5\u03c2 \u03ba\u03ac\u03c1\u03c4\u03b5\u03c2. \u03a4\u03bf \u03ba\u03ac\u03b8\u03b5 \u03c4\u03b1\u03bc\u03c0\u03bb\u03cc \u03b1\u03c0\u03bf\u03c4\u03b5\u03bb\u03b5\u03af\u03c4\u03b1\u03b9 \u03b1\u03c0\u03cc 5 \u03b5\u03c3\u03bf\u03c7\u03ad\u03c2 \u03c3\u03c4\u03b9\u03c2 \u03bf\u03c0\u03bf\u03af\u03b5\u03c2 \u03c4\u03b1\u03b9\u03c1\u03b9\u03ac\u03b6\u03bf\u03c5\u03bd 5 \u03ba\u03ac\u03c1\u03c4\u03b5\u03c2 \u03bc\u03b5 \u03b1\u03bd\u03c4\u03b9\u03ba\u03b5\u03af\u03bc\u03b5\u03bd\u03b1 \u03af\u03b4\u03b9\u03bf\u03c5 \u03c3\u03c7\u03ae\u03bc\u03b1\u03c4\u03bf\u03c2. \u03a4\u03b1 \u03c0\u03b1\u03b9\u03b4\u03b9\u03ac \u03bc\u03c0\u03bf\u03c1\u03bf\u03cd\u03bd \u03bd\u03b1 \u03b1\u03c1\u03c7\u03af\u03c3\u03bf\u03c5\u03bd \u03bd\u03b1 \u03c0\u03b1\u03af\u03b6\u03bf\u03c5\u03bd \u03b1\u03c0\u03bb\u03ac \u03c0\u03b1\u03c1\u03b1\u03c4\u03b7\u03c1\u03ce\u03bd\u03c4\u03b1\u03c2 \u03c4\u03b9\u03c2 \u03b5\u03b9\u03ba\u03cc\u03bd\u03b5\u03c2 \u03c3\u03c4\u03b9\u03c2 \u03ba\u03ac\u03c1\u03c4\u03b5\u03c2 \u03ba\u03b1\u03b9 \u03c4\u03bf\u03c0\u03bf\u03b8\u03b5\u03c4\u03ce\u03bd\u03c4\u03b1\u03c2 \u03c4\u03b9\u03c2 \u03c3\u03c4\u03b1 \u03c4\u03b1\u03bc\u03c0\u03bb\u03cc \u03cc\u03c0\u03bf\u03c5 \u03c4\u03b1\u03b9\u03c1\u03b9\u03ac\u03b6\u03bf\u03c5\u03bd.<\/p>","protected":false},"featured_media":3667,"comment_status":"open","ping_status":"closed","template":"","meta":{"site-sidebar-layout":"default","site-content-layout":"","ast-site-content-layout":"default","site-content-style":"default","site-sidebar-style":"default","ast-global-header-display":"","ast-banner-title-visibility":"","ast-main-header-display":"","ast-hfb-above-header-display":"","ast-hfb-below-header-display":"","ast-hfb-mobile-header-display":"","site-post-title":"","ast-breadcrumbs-content":"","ast-featured-img":"","footer-sml-layout":"","ast-disable-related-posts":"","theme-transparent-header-meta":"default","adv-header-id-meta":"","stick-header-meta":"","header-above-stick-meta":"","header-main-stick-meta":"","header-below-stick-meta":"","astra-migrate-meta-layouts":"set","ast-page-background-enabled":"default","ast-page-background-meta":{"desktop":{"background-color":"var(--ast-global-color-5)","background-image":"","background-repeat":"repeat","background-position":"center center","background-size":"auto","background-attachment":"scroll","background-type":"","background-media":"","overlay-type":"","overlay-color":"","overlay-opacity":"","overlay-gradient":""},"tablet":{"background-color":"","background-image":"","background-repeat":"repeat","background-position":"center center","background-size":"auto","background-attachment":"scroll","background-type":"","background-media":"","overlay-type":"","overlay-color":"","overlay-opacity":"","overlay-gradient":""},"mobile":{"background-color":"","background-image":"","background-repeat":"repeat","background-position":"center center","background-size":"auto","background-attachment":"scroll","background-type":"","background-media":"","overlay-type":"","overlay-color":"","overlay-opacity":"","overlay-gradient":""}},"ast-content-background-meta":{"desktop":{"background-color":"var(--ast-global-color-4)","background-image":"","background-repeat":"repeat","background-position":"center center","background-size":"auto","background-attachment":"scroll","background-type":"","background-media":"","overlay-type":"","overlay-color":"","overlay-opacity":"","overlay-gradient":""},"tablet":{"background-color":"var(--ast-global-color-4)","background-image":"","background-repeat":"repeat","background-position":"center center","background-size":"auto","background-attachment":"scroll","background-type":"","background-media":"","overlay-type":"","overlay-color":"","overlay-opacity":"","overlay-gradient":""},"mobile":{"background-color":"var(--ast-global-color-4)","background-image":"","background-repeat":"repeat","background-position":"center center","background-size":"auto","background-attachment":"scroll","background-type":"","background-media":"","overlay-type":"","overlay-color":"","overlay-opacity":"","overlay-gradient":""}}},"product_brand":[112],"product_cat":[126,43,38,29,47,37,26],"product_tag":[],"class_list":{"0":"post-6297","1":"product","2":"type-product","3":"status-publish","4":"has-post-thumbnail","6":"product_brand-eksipnoulis","7":"product_cat-126","8":"product_cat-43","9":"product_cat-38","10":"product_cat-29","11":"product_cat-47","12":"product_cat-37","13":"product_cat-26","14":"desktop-align-left","15":"tablet-align-left","16":"mobile-align-left","18":"first","19":"instock","20":"taxable","21":"shipping-taxable","22":"purchasable","23":"product-type-simple"},"_links":{"self":[{"href":"https:\/\/stem-eshop.gr\/tr\/wp-json\/wp\/v2\/product\/6297","targetHints":{"allow":["GET"]}}],"collection":[{"href":"https:\/\/stem-eshop.gr\/tr\/wp-json\/wp\/v2\/product"}],"about":[{"href":"https:\/\/stem-eshop.gr\/tr\/wp-json\/wp\/v2\/types\/product"}],"replies":[{"embeddable":true,"href":"https:\/\/stem-eshop.gr\/tr\/wp-json\/wp\/v2\/comments?post=6297"}],"wp:featuredmedia":[{"embeddable":true,"href":"https:\/\/stem-eshop.gr\/tr\/wp-json\/wp\/v2\/media\/3667"}],"wp:attachment":[{"href":"https:\/\/stem-eshop.gr\/tr\/wp-json\/wp\/v2\/media?parent=6297"}],"wp:term":[{"taxonomy":"product_brand","embeddable":true,"href":"https:\/\/stem-eshop.gr\/tr\/wp-json\/wp\/v2\/product_brand?post=6297"},{"taxonomy":"product_cat","embeddable":true,"href":"https:\/\/stem-eshop.gr\/tr\/wp-json\/wp\/v2\/product_cat?post=6297"},{"taxonomy":"product_tag","embeddable":true,"href":"https:\/\/stem-eshop.gr\/tr\/wp-json\/wp\/v2\/product_tag?post=6297"}],"curies":[{"name":"wp","href":"https:\/\/api.w.org\/{rel}","templated":true}]}}