{"id":6293,"date":"2025-05-19T07:28:09","date_gmt":"2025-05-19T07:28:09","guid":{"rendered":"https:\/\/stem-eshop.gr\/product\/%ce%b5%ce%be%cf%85%cf%80%ce%bd%ce%bf%cf%8d%ce%bb%ce%b7%cf%82-%ce%b5%ce%ba%cf%80%ce%b1%ce%b9%ce%b4%ce%b5%cf%85%cf%84%ce%b9%ce%ba%cf%8c-%cf%80%ce%b1%ce%b9%cf%87%ce%bd%ce%af%ce%b4%ce%b9-%ce%b1%cf%81\/"},"modified":"2026-02-23T22:23:11","modified_gmt":"2026-02-23T19:23:11","slug":"%ce%b5%ce%be%cf%85%cf%80%ce%bd%ce%bf%cf%8d%ce%bb%ce%b7%cf%82-%ce%b5%ce%ba%cf%80%ce%b1%ce%b9%ce%b4%ce%b5%cf%85%cf%84%ce%b9%ce%ba%cf%8c-%cf%80%ce%b1%ce%b9%cf%87%ce%bd%ce%af%ce%b4%ce%b9-%ce%b1%cf%81","status":"publish","type":"product","link":"https:\/\/stem-eshop.gr\/tr\/urun\/%ce%b5%ce%be%cf%85%cf%80%ce%bd%ce%bf%cf%8d%ce%bb%ce%b7%cf%82-%ce%b5%ce%ba%cf%80%ce%b1%ce%b9%ce%b4%ce%b5%cf%85%cf%84%ce%b9%ce%ba%cf%8c-%cf%80%ce%b1%ce%b9%cf%87%ce%bd%ce%af%ce%b4%ce%b9-%ce%b1%cf%81\/","title":{"rendered":"3-5 ya\u015f i\u00e7in ak\u0131ll\u0131 e\u011fitici oyun Say\u0131lar"},"content":{"rendered":"<p class=\"MsoNormal\">\u03a4\u03bf \u03c0\u03b1\u03b9\u03c7\u03bd\u03af\u03b4\u03b9 \u03b4\u03b9\u03b1\u03b8\u03ad\u03c4\u03b5\u03b9 \u03bc\u03ad\u03b8\u03bf\u03b4\u03bf \u03b1\u03c5\u03c4\u03bf\u03b4\u03b9\u03cc\u03c1\u03b8\u03c9\u03c3\u03b7\u03c2 \u03c0\u03bf\u03c5 \u03b5\u03c0\u03b9\u03c4\u03c1\u03ad\u03c0\u03b5\u03b9 \u03c3\u03c4\u03bf \u03c0\u03b1\u03b9\u03b4\u03af \u03bd\u03b1 \u03b5\u03bb\u03ad\u03b3\u03be\u03b5\u03b9 \u03bc\u03cc\u03bd\u03bf \u03c4\u03bf\u03c5 \u03b1\u03bd \u03ad\u03b4\u03c9\u03c3\u03b5 \u03c4\u03b7 \u03c3\u03c9\u03c3\u03c4\u03ae \u03b1\u03c0\u03ac\u03bd\u03c4\u03b7\u03c3\u03b7, \u03c7\u03c9\u03c1\u03af\u03c2 \u03c4\u03b7 \u03b2\u03bf\u03ae\u03b8\u03b5\u03b9\u03b1 \u03b5\u03bd\u03ae\u03bb\u03b9\u03ba\u03b1. \u0388\u03bd\u03b1 \u03c4\u03b1\u03be\u03af\u03b4\u03b9 \u03c3\u03c4\u03bf\u03bd \u03c5\u03c0\u03ad\u03c1\u03bf\u03c7\u03bf \u03ba\u03cc\u03c3\u03bc\u03bf \u03c4\u03c9\u03bd \u03b1\u03c1\u03b9\u03b8\u03bc\u03ce\u03bd \u03cc\u03c0\u03bf\u03c5 \u03c4\u03bf \u03c0\u03b1\u03b9\u03b4\u03af \u03c0\u03b1\u03af\u03b6\u03b5\u03b9, \u03bc\u03b1\u03b8\u03b1\u03af\u03bd\u03b5\u03b9 \u03ba\u03b1\u03b9 \u03b4\u03b9\u03b1\u03c3\u03ba\u03b5\u03b4\u03ac\u03b6\u03b5\u03b9 \u03bc\u03cc\u03bd\u03bf \u03c4\u03bf\u03c5 \u03ae \u03c0\u03b1\u03c1\u03ad\u03b1 \u03bc\u03b5 \u03c4\u03b7\u03bd \u03bf\u03b9\u03ba\u03bf\u03b3\u03ad\u03bd\u03b5\u03b9\u03b1 \u03ba\u03b1\u03b9 \u03c4\u03bf\u03c5\u03c2 \u03c6\u03af\u03bb\u03bf\u03c5\u03c2 \u03c4\u03bf\u03c5!<\/p>\n<p class=\"MsoNormal\">\u03a4\u03bf \u03c0\u03b1\u03b9\u03c7\u03bd\u03af\u03b4\u03b9 \u03b1\u03c5\u03c4\u03cc \u03b2\u03bf\u03b7\u03b8\u03ac \u03c4\u03bf \u03c0\u03b1\u03b9\u03b4\u03af \u03bd\u03b1 \u03b1\u03bd\u03b1\u03c0\u03c4\u03cd\u03be\u03b5\u03b9 \u03ba\u03b1\u03b9 \u03bd\u03b1 \u03b1\u03c0\u03bf\u03ba\u03c4\u03ae\u03c3\u03b5\u03b9:<\/p>\n<p class=\"MsoNormal\">\u0391\u03c1\u03b9\u03b8\u03bc\u03bf\u03af &#8211; \u03a0\u03bf\u03c3\u03cc\u03c4\u03b7\u03c4\u03b5\u03c2 &#8211; \u03a5\u03c0\u03bf\u03bb\u03bf\u03b3\u03b9\u03c3\u03bc\u03bf\u03af<b><\/b><\/p>\n<p class=\"MsoListParagraphCxSpFirst\" style=\"text-indent: -18pt\"><!-- [if !supportLists]--><span style=\"font-family: Symbol\">\u00b7<span style=\"font: 7pt 'Times New Roman'\">\u00a0\u00a0\u00a0\u00a0\u00a0\u00a0\u00a0\u00a0 <\/span><\/span><!--[endif]-->\u0391\u03bd\u03ac\u03b3\u03bd\u03c9\u03c3\u03b7 \u03b1\u03c1\u03b9\u03b8\u03bc\u03ce\u03bd<\/p>\n<p class=\"MsoListParagraphCxSpMiddle\" style=\"text-indent: -18pt\"><!-- [if !supportLists]--><span style=\"font-family: Symbol\">\u00b7<span style=\"font: 7pt 'Times New Roman'\">\u00a0\u00a0\u00a0\u00a0\u00a0\u00a0\u00a0\u00a0 <\/span><\/span><!--[endif]-->\u03a3\u03cd\u03bd\u03b4\u03b5\u03c3\u03b7 \u03b1\u03c1\u03b9\u03b8\u03bc\u03ce\u03bd \u03ba\u03b1\u03b9 \u03c0\u03bf\u03c3\u03bf\u03c4\u03ae\u03c4\u03c9\u03bd<\/p>\n<p class=\"MsoListParagraphCxSpMiddle\" style=\"text-indent: -18pt\"><!-- [if !supportLists]--><span style=\"font-family: Symbol\">\u00b7<span style=\"font: 7pt 'Times New Roman'\">\u00a0\u00a0\u00a0\u00a0\u00a0\u00a0\u00a0\u00a0 <\/span><\/span><!--[endif]-->\u03a3\u03c5\u03c3\u03c7\u03b5\u03c4\u03b9\u03c3\u03bc\u03cc\u03c2 \u03af\u03c3\u03c9\u03bd \u03c0\u03bf\u03c3\u03bf\u03c4\u03ae\u03c4\u03c9\u03bd<\/p>\n<p class=\"MsoListParagraphCxSpLast\" style=\"text-indent: -18pt\"><!-- [if !supportLists]--><span style=\"font-family: Symbol\">\u00b7<span style=\"font: 7pt 'Times New Roman'\">\u00a0\u00a0\u00a0\u00a0\u00a0\u00a0\u00a0\u00a0 <\/span><\/span><!--[endif]-->\u039a\u03b1\u03c4\u03ac\u03c4\u03b1\u03be\u03b7 \u03b1\u03c1\u03b9\u03b8\u03bc\u03ce\u03bd<\/p>\n<p class=\"MsoNormal\">\u039b\u03bf\u03b3\u03b9\u03ba\u03ae \u03ba\u03b1\u03b9 \u03a0\u03b1\u03c1\u03b1\u03c4\u03b7\u03c1\u03b7\u03c4\u03b9\u03ba\u03cc\u03c4\u03b7\u03c4\u03b1<b><\/b><\/p>\n<p class=\"MsoListParagraph\" style=\"text-indent: -18pt\"><!-- [if !supportLists]--><span style=\"font-family: Symbol\">\u00b7<span style=\"font: 7pt 'Times New Roman'\">\u00a0\u00a0\u00a0\u00a0\u00a0\u00a0\u00a0\u00a0 <\/span><\/span><!--[endif]-->\u0391\u03bd\u03b1\u03b3\u03bd\u03ce\u03c1\u03b9\u03c3\u03b7, \u03c3\u03c5\u03c3\u03c7\u03ad\u03c4\u03b9\u03c3\u03b7 \u03ba\u03b1\u03b9 \u03c4\u03b1\u03be\u03b9\u03bd\u03cc\u03bc\u03b7\u03c3\u03b7 \u03b1\u03c1\u03b9\u03b8\u03bc\u03ce\u03bd, \u03c0\u03bf\u03c3\u03bf\u03c4\u03ae\u03c4\u03c9\u03bd, \u03b1\u03bd\u03c4\u03b9\u03ba\u03b5\u03b9\u03bc\u03ad\u03bd\u03c9\u03bd<b><\/b><\/p>\n<p class=\"MsoNormal\">\u039e\u03ad\u03bd\u03b7 \u0393\u03bb\u03ce\u03c3\u03c3\u03b1<\/p>\n<p class=\"MsoNormal\"><!-- [if !supportLists]-->\u0395\u03b9\u03c3\u03b1\u03b3\u03c9\u03b3\u03ae \u03c3\u03c4\u03b7\u03bd \u03ba\u03b1\u03c4\u03b1\u03bd\u03cc\u03b7\u03c3\u03b7 \u03ba\u03b1\u03b9 \u03c4\u03b7 \u03c7\u03c1\u03ae\u03c3\u03b7 \u03c4\u03b7\u03c2 \u03b1\u03b3\u03b3\u03bb\u03b9\u03ba\u03ae\u03c2 \u03b3\u03bb\u03ce\u03c3\u03c3\u03b1\u03c2<\/p>\n<p class=\"MsoNormal\">\u039a\u03b9\u03bd\u03b7\u03c4\u03b9\u03ba\u03ad\u03c2 \u0399\u03ba\u03b1\u03bd\u03cc\u03c4\u03b7\u03c4\u03b5\u03c2<b><\/b><\/p>\n<p class=\"MsoListParagraphCxSpFirst\" style=\"text-indent: -18pt\"><!-- [if !supportLists]--><span style=\"font-family: Symbol\">\u00b7<span style=\"font: 7pt 'Times New Roman'\">\u00a0\u00a0\u00a0\u00a0\u00a0\u00a0\u00a0\u00a0 <\/span><\/span><!--[endif]-->\u0395\u03be\u03ac\u03c3\u03ba\u03b7\u03c3\u03b7 \u03c7\u03b5\u03c1\u03b9\u03ce\u03bd \u03ba\u03b1\u03b9 \u03ba\u03b9\u03bd\u03b7\u03c4\u03b9\u03ba\u03ce\u03bd \u03b9\u03ba\u03b1\u03bd\u03bf\u03c4\u03ae\u03c4\u03c9\u03bd<\/p>\n<p class=\"MsoListParagraphCxSpLast\" style=\"text-indent: -18pt\"><!-- [if !supportLists]--><span style=\"font-family: Symbol\">\u00b7<span style=\"font: 7pt 'Times New Roman'\">\u00a0\u00a0\u00a0\u00a0\u00a0\u00a0\u00a0\u00a0 <\/span><\/span><!--[endif]-->\u03a7\u03c1\u03ae\u03c3\u03b7 \u03b5\u03c1\u03b3\u03b1\u03bb\u03b5\u03af\u03c9\u03bd \u03c0\u03b1\u03b9\u03c7\u03bd\u03b9\u03b4\u03b9\u03bf\u03cd<\/p>\n<p class=\"MsoNormal\">\u0391\u03c5\u03c4\u03bf\u03bd\u03bf\u03bc\u03af\u03b1<\/p>\n<p class=\"MsoListParagraph\" style=\"text-indent: -18pt\"><!-- [if !supportLists]--><span style=\"font-family: Symbol\">\u00b7<span style=\"font: 7pt 'Times New Roman'\">\u00a0\u00a0\u00a0\u00a0\u00a0\u00a0\u00a0\u00a0 <\/span><\/span><!--[endif]-->\u0391\u03bd\u03ac\u03c0\u03c4\u03c5\u03be\u03b7 \u03c0\u03c1\u03c9\u03c4\u03bf\u03b2\u03bf\u03c5\u03bb\u03af\u03b1\u03c2 \u03ba\u03b1\u03b9 \u03b9\u03ba\u03b1\u03bd\u03cc\u03c4\u03b7\u03c4\u03b1 \u03bb\u03ae\u03c8\u03b7\u03c2 \u03b1\u03c0\u03bf\u03c6\u03ac\u03c3\u03b5\u03c9\u03bd<\/p>\n<p class=\"MsoNormal\">\u039a\u03bf\u03b9\u03bd\u03c9\u03bd\u03b9\u03ba\u03cc\u03c4\u03b7\u03c4\u03b1<\/p>\n<p class=\"MsoListParagraphCxSpFirst\" style=\"text-indent: -18pt\"><!-- [if !supportLists]--><span style=\"font-family: Symbol\">\u00b7<span style=\"font: 7pt 'Times New Roman'\">\u00a0\u00a0\u00a0\u00a0\u00a0\u00a0\u00a0\u00a0 <\/span><\/span><!--[endif]-->\u0391\u03ba\u03c1\u03cc\u03b1\u03c3\u03b7<\/p>\n<p class=\"MsoListParagraphCxSpMiddle\" style=\"text-indent: -18pt\"><!-- [if !supportLists]--><span style=\"font-family: Symbol\">\u00b7<span style=\"font: 7pt 'Times New Roman'\">\u00a0\u00a0\u00a0\u00a0\u00a0\u00a0\u00a0\u00a0 <\/span><\/span><!--[endif]-->\u03a3\u03c5\u03bd\u03b5\u03c1\u03b3\u03b1\u03c3\u03af\u03b1 \u03ba\u03b1\u03b9 \u03bf\u03bc\u03b1\u03b4\u03b9\u03ba\u03ae \u03b4\u03bf\u03c5\u03bb\u03b5\u03b9\u03ac<\/p>\n<p class=\"MsoListParagraphCxSpMiddle\" style=\"text-indent: -18pt\"><!-- [if !supportLists]--><span style=\"font-family: Symbol\">\u00b7<span style=\"font: 7pt 'Times New Roman'\">\u00a0\u00a0\u00a0\u00a0\u00a0\u00a0\u00a0\u00a0 <\/span><\/span><!--[endif]-->\u03a3\u03b5\u03b2\u03b1\u03c3\u03bc\u03cc \u03c3\u03c4\u03bf\u03c5\u03c2 \u03ba\u03b1\u03bd\u03cc\u03bd\u03b5\u03c2 \u03c0\u03b1\u03b9\u03c7\u03bd\u03b9\u03b4\u03b9\u03bf\u03cd<\/p>\n<p class=\"MsoListParagraphCxSpLast\" style=\"text-indent: -18pt\"><!-- [if !supportLists]--><span style=\"font-family: Symbol\">\u00b7<span style=\"font: 7pt 'Times New Roman'\">\u00a0\u00a0\u00a0\u00a0\u00a0\u00a0\u00a0\u00a0 <\/span><\/span><!--[endif]-->\u0394\u03b9\u03b1\u03c7\u03b5\u03af\u03c1\u03b9\u03c3\u03b7 \u03c3\u03c5\u03bd\u03b1\u03b9\u03c3\u03b8\u03b7\u03bc\u03ac\u03c4\u03c9\u03bd<\/p>\n<p class=\"MsoNormal\">\u039c\u03bd\u03ae\u03bc\u03b7<b><\/b><\/p>\n<p class=\"MsoListParagraph\" style=\"text-indent: -18pt\"><!-- [if !supportLists]--><span style=\"font-family: Symbol\">\u00b7<span style=\"font: 7pt 'Times New Roman'\">\u00a0\u00a0\u00a0\u00a0\u00a0\u00a0\u00a0\u00a0 <\/span><\/span><!--[endif]-->\u0394\u03b7\u03bc\u03b9\u03bf\u03c5\u03c1\u03b3\u03b9\u03ba\u03cc\u03c4\u03b7\u03c4\u03b1 \u03ba\u03b1\u03b9 \u03c6\u03b1\u03bd\u03c4\u03b1\u03c3\u03af\u03b1<\/p>\n<p>\u039a\u03b1\u03c4\u03b1\u03c3\u03ba\u03b5\u03c5\u03ac\u03b6\u03b5\u03c4\u03b1\u03b9 \u03c3\u03c4\u03b7\u03bd \u0399\u03c4\u03b1\u03bb\u03af\u03b1<\/p>\n<p class=\"MsoNormal\">\u03a4\u03b1 \u03b5\u03ba\u03c0\u03b1\u03b9\u03b4\u03b5\u03c5\u03c4\u03b9\u03ba\u03ac \u03c0\u03b1\u03b9\u03c7\u03bd\u03af\u03b4\u03b9\u03b1 \u03c4\u03bf\u03c5 \u0395\u03be\u03c5\u03c0\u03bd\u03bf\u03cd\u03bb\u03b7 \u03b1\u03c0\u03bf\u03c4\u03b5\u03bb\u03bf\u03cd\u03bd \u03bc\u03b9\u03b1 \u03b4\u03b9\u03b1\u03c7\u03c1\u03bf\u03bd\u03b9\u03ba\u03ae \u03ba\u03b1\u03b9 \u03c0\u03c1\u03c9\u03c4\u03bf\u03c0\u03bf\u03c1\u03b9\u03b1\u03ba\u03ae \u03c3\u03b5\u03b9\u03c1\u03ac, \u03c3\u03c7\u03b5\u03b4\u03b9\u03b1\u03c3\u03bc\u03ad\u03bd\u03b7 \u03b3\u03b9\u03b1 \u03c4\u03b7\u03bd \u03c5\u03c0\u03bf\u03c3\u03c4\u03ae\u03c1\u03b9\u03be\u03b7 \u03c4\u03b7\u03c2 \u03bc\u03b1\u03b8\u03b7\u03c3\u03b9\u03b1\u03ba\u03ae\u03c2 \u03b1\u03bd\u03ac\u03c0\u03c4\u03c5\u03be\u03b7\u03c2 \u03c4\u03c9\u03bd \u03c0\u03b1\u03b9\u03b4\u03b9\u03ce\u03bd \u03ba\u03b1\u03c4\u03ac \u03c4\u03b7\u03bd \u03c0\u03c1\u03bf\u03c3\u03c7\u03bf\u03bb\u03b9\u03ba\u03ae \u03ba\u03b1\u03b9 \u03c3\u03c7\u03bf\u03bb\u03b9\u03ba\u03ae \u03b7\u03bb\u03b9\u03ba\u03af\u03b1. \u0388\u03c7\u03bf\u03c5\u03bd \u03bc\u03b5\u03bb\u03b5\u03c4\u03b7\u03b8\u03b5\u03af \u03b1\u03c0\u03cc \u03b5\u03b9\u03b4\u03b9\u03ba\u03bf\u03cd\u03c2 \u03c0\u03b1\u03b9\u03b4\u03b1\u03b3\u03c9\u03b3\u03bf\u03cd\u03c2 \u03ba\u03b1\u03b9 \u03c8\u03c5\u03c7\u03bf\u03bb\u03cc\u03b3\u03bf\u03c5\u03c2 \u03ba\u03b1\u03b9 \u03ad\u03c7\u03bf\u03c5\u03bd \u03b4\u03bf\u03ba\u03b9\u03bc\u03b1\u03c3\u03c4\u03b5\u03af \u03c3\u03b5 \u03c3\u03c7\u03bf\u03bb\u03b5\u03af\u03b1. \u039a\u03b1\u03bb\u03cd\u03c0\u03c4\u03bf\u03c5\u03bd \u03c0\u03bb\u03ae\u03b8\u03bf\u03c2 \u03b5\u03ba\u03c0\u03b1\u03b9\u03b4\u03b5\u03c5\u03c4\u03b9\u03ba\u03ce\u03bd \u03b8\u03b5\u03bc\u03ac\u03c4\u03c9\u03bd \u03b2\u03bf\u03b7\u03b8\u03ce\u03bd\u03c4\u03b1\u03c2 \u03c4\u03b1 \u03c0\u03b1\u03b9\u03b4\u03b9\u03ac \u03bd\u03b1 \u03b1\u03bd\u03b1\u03c0\u03c4\u03cd\u03be\u03bf\u03c5\u03bd \u03bf\u03c5\u03c3\u03b9\u03b1\u03c3\u03c4\u03b9\u03ba\u03ad\u03c2 \u03b9\u03ba\u03b1\u03bd\u03cc\u03c4\u03b7\u03c4\u03b5\u03c2 \u03ba\u03b1\u03b9 \u03b3\u03bd\u03ce\u03c3\u03b5\u03b9\u03c2 \u03bc\u03b5 \u03b1\u03c0\u03bb\u03cc \u03ba\u03b1\u03b9 \u03b4\u03b9\u03b1\u03c3\u03ba\u03b5\u03b4\u03b1\u03c3\u03c4\u03b9\u03ba\u03cc \u03c4\u03c1\u03cc\u03c0\u03bf!<\/p>\n","protected":false},"excerpt":{"rendered":"<p class=\"MsoNormal\">3 ya\u015f ve \u00fczeri \u00e7ocuklar i\u00e7in \u00f6zel olarak tasarlanm\u0131\u015f e\u011flenceli ve e\u011fitici bir oyun. Ne\u015feli g\u00f6rseller yard\u0131m\u0131yla \u00e7ocuklar aritmeti\u011fin temel kavramlar\u0131n\u0131 \u00f6\u011frenirken, basit ve e\u011flenceli kombinasyon oyunlar\u0131yla miktar kavram\u0131n\u0131 kavrarlar. 1&#039;den 10&#039;a kadar olan say\u0131lar\u0131 ve her rakam\u0131n miktarla ili\u015fkisini kolayca \u00f6\u011frenirken, ayn\u0131 zamanda g\u00f6zlem ve mant\u0131ksal d\u00fc\u015f\u00fcnme yeteneklerini de geli\u015ftirirler.<\/p>","protected":false},"featured_media":3642,"comment_status":"open","ping_status":"closed","template":"","meta":{"site-sidebar-layout":"default","site-content-layout":"","ast-site-content-layout":"default","site-content-style":"default","site-sidebar-style":"default","ast-global-header-display":"","ast-banner-title-visibility":"","ast-main-header-display":"","ast-hfb-above-header-display":"","ast-hfb-below-header-display":"","ast-hfb-mobile-header-display":"","site-post-title":"","ast-breadcrumbs-content":"","ast-featured-img":"","footer-sml-layout":"","ast-disable-related-posts":"","theme-transparent-header-meta":"default","adv-header-id-meta":"","stick-header-meta":"","header-above-stick-meta":"","header-main-stick-meta":"","header-below-stick-meta":"","astra-migrate-meta-layouts":"set","ast-page-background-enabled":"default","ast-page-background-meta":{"desktop":{"background-color":"var(--ast-global-color-5)","background-image":"","background-repeat":"repeat","background-position":"center center","background-size":"auto","background-attachment":"scroll","background-type":"","background-media":"","overlay-type":"","overlay-color":"","overlay-opacity":"","overlay-gradient":""},"tablet":{"background-color":"","background-image":"","background-repeat":"repeat","background-position":"center center","background-size":"auto","background-attachment":"scroll","background-type":"","background-media":"","overlay-type":"","overlay-color":"","overlay-opacity":"","overlay-gradient":""},"mobile":{"background-color":"","background-image":"","background-repeat":"repeat","background-position":"center center","background-size":"auto","background-attachment":"scroll","background-type":"","background-media":"","overlay-type":"","overlay-color":"","overlay-opacity":"","overlay-gradient":""}},"ast-content-background-meta":{"desktop":{"background-color":"var(--ast-global-color-4)","background-image":"","background-repeat":"repeat","background-position":"center center","background-size":"auto","background-attachment":"scroll","background-type":"","background-media":"","overlay-type":"","overlay-color":"","overlay-opacity":"","overlay-gradient":""},"tablet":{"background-color":"var(--ast-global-color-4)","background-image":"","background-repeat":"repeat","background-position":"center center","background-size":"auto","background-attachment":"scroll","background-type":"","background-media":"","overlay-type":"","overlay-color":"","overlay-opacity":"","overlay-gradient":""},"mobile":{"background-color":"var(--ast-global-color-4)","background-image":"","background-repeat":"repeat","background-position":"center center","background-size":"auto","background-attachment":"scroll","background-type":"","background-media":"","overlay-type":"","overlay-color":"","overlay-opacity":"","overlay-gradient":""}}},"product_brand":[112],"product_cat":[126,44,39,38,50,37,26],"product_tag":[],"class_list":{"0":"post-6293","1":"product","2":"type-product","3":"status-publish","4":"has-post-thumbnail","6":"product_brand-eksipnoulis","7":"product_cat-126","8":"product_cat-44","9":"product_cat-39","10":"product_cat-38","11":"product_cat-50","12":"product_cat-37","13":"product_cat-26","14":"desktop-align-left","15":"tablet-align-left","16":"mobile-align-left","18":"first","19":"instock","20":"taxable","21":"shipping-taxable","22":"purchasable","23":"product-type-simple"},"_links":{"self":[{"href":"https:\/\/stem-eshop.gr\/tr\/wp-json\/wp\/v2\/product\/6293","targetHints":{"allow":["GET"]}}],"collection":[{"href":"https:\/\/stem-eshop.gr\/tr\/wp-json\/wp\/v2\/product"}],"about":[{"href":"https:\/\/stem-eshop.gr\/tr\/wp-json\/wp\/v2\/types\/product"}],"replies":[{"embeddable":true,"href":"https:\/\/stem-eshop.gr\/tr\/wp-json\/wp\/v2\/comments?post=6293"}],"wp:featuredmedia":[{"embeddable":true,"href":"https:\/\/stem-eshop.gr\/tr\/wp-json\/wp\/v2\/media\/3642"}],"wp:attachment":[{"href":"https:\/\/stem-eshop.gr\/tr\/wp-json\/wp\/v2\/media?parent=6293"}],"wp:term":[{"taxonomy":"product_brand","embeddable":true,"href":"https:\/\/stem-eshop.gr\/tr\/wp-json\/wp\/v2\/product_brand?post=6293"},{"taxonomy":"product_cat","embeddable":true,"href":"https:\/\/stem-eshop.gr\/tr\/wp-json\/wp\/v2\/product_cat?post=6293"},{"taxonomy":"product_tag","embeddable":true,"href":"https:\/\/stem-eshop.gr\/tr\/wp-json\/wp\/v2\/product_tag?post=6293"}],"curies":[{"name":"wp","href":"https:\/\/api.w.org\/{rel}","templated":true}]}}