{"id":6290,"date":"2025-05-19T07:28:05","date_gmt":"2025-05-19T07:28:05","guid":{"rendered":"https:\/\/stem-eshop.gr\/product\/lego-education-tech-machines\/"},"modified":"2025-05-22T21:13:19","modified_gmt":"2025-05-22T18:13:19","slug":"lego-education-tech-machines","status":"publish","type":"product","link":"https:\/\/stem-eshop.gr\/tr\/urun\/lego-education-tech-machines\/","title":{"rendered":"LEGO\u00ae E\u011fitim Teknolojisi Makineleri"},"content":{"rendered":"<p>Bilim ve teknolojiye ideal bir giri\u015f niteli\u011finde olan pakette d\u00f6rt tornavida ve vidalar\u0131n yan\u0131 s\u0131ra bobin, kanca ve bilye gibi bir\u00e7ok esnek par\u00e7a da yer al\u0131yor.<\/p>\n<p>LEGO\u00ae Education Tech Machines, \u00e7ocuklar\u0131n ince motor becerilerini geli\u015ftirmelerine, makineleri ke\u015ffetmelerine ve m\u00fchendislik becerileri geli\u015ftirmelerine yard\u0131mc\u0131 olmak i\u00e7in tasarlanm\u0131\u015ft\u0131r. \u0130ki giri\u015f etkinli\u011fi kart\u0131 ve dahil edilen \u00f6\u011fretmen rehberi, setin ileti\u015fim ve dinleme becerilerini ke\u015ffetmek ve sosyal rolleri ve sorumluluklar\u0131 tart\u0131\u015fmak i\u00e7in nas\u0131l kullan\u0131labilece\u011fini g\u00f6stermeye yard\u0131mc\u0131 olur.<\/p><\/p>","protected":false},"excerpt":{"rendered":"<p>\u00d6\u011frencilerinizi k\u00fc\u00e7\u00fck m\u00fchendisler yap\u0131n! LEGO\u00ae Education Tech Machines paketiyle, s\u0131n\u0131f\u0131n\u0131zdaki \u00e7ocuklar\u0131n ince motor becerilerini ve problem \u00e7\u00f6zme becerilerini geli\u015ftirirken yarat\u0131c\u0131l\u0131klar\u0131n\u0131 serbest b\u0131rakmalar\u0131na yard\u0131mc\u0131 olacaks\u0131n\u0131z.<\/p>","protected":false},"featured_media":3592,"comment_status":"open","ping_status":"closed","template":"","meta":{"site-sidebar-layout":"default","site-content-layout":"","ast-site-content-layout":"default","site-content-style":"default","site-sidebar-style":"default","ast-global-header-display":"","ast-banner-title-visibility":"","ast-main-header-display":"","ast-hfb-above-header-display":"","ast-hfb-below-header-display":"","ast-hfb-mobile-header-display":"","site-post-title":"","ast-breadcrumbs-content":"","ast-featured-img":"","footer-sml-layout":"","ast-disable-related-posts":"","theme-transparent-header-meta":"","adv-header-id-meta":"","stick-header-meta":"","header-above-stick-meta":"","header-main-stick-meta":"","header-below-stick-meta":"","astra-migrate-meta-layouts":"default","ast-page-background-enabled":"default","ast-page-background-meta":{"desktop":{"background-color":"var(--ast-global-color-5)","background-image":"","background-repeat":"repeat","background-position":"center center","background-size":"auto","background-attachment":"scroll","background-type":"","background-media":"","overlay-type":"","overlay-color":"","overlay-opacity":"","overlay-gradient":""},"tablet":{"background-color":"","background-image":"","background-repeat":"repeat","background-position":"center center","background-size":"auto","background-attachment":"scroll","background-type":"","background-media":"","overlay-type":"","overlay-color":"","overlay-opacity":"","overlay-gradient":""},"mobile":{"background-color":"","background-image":"","background-repeat":"repeat","background-position":"center center","background-size":"auto","background-attachment":"scroll","background-type":"","background-media":"","overlay-type":"","overlay-color":"","overlay-opacity":"","overlay-gradient":""}},"ast-content-background-meta":{"desktop":{"background-color":"var(--ast-global-color-4)","background-image":"","background-repeat":"repeat","background-position":"center center","background-size":"auto","background-attachment":"scroll","background-type":"","background-media":"","overlay-type":"","overlay-color":"","overlay-opacity":"","overlay-gradient":""},"tablet":{"background-color":"var(--ast-global-color-4)","background-image":"","background-repeat":"repeat","background-position":"center center","background-size":"auto","background-attachment":"scroll","background-type":"","background-media":"","overlay-type":"","overlay-color":"","overlay-opacity":"","overlay-gradient":""},"mobile":{"background-color":"var(--ast-global-color-4)","background-image":"","background-repeat":"repeat","background-position":"center center","background-size":"auto","background-attachment":"scroll","background-type":"","background-media":"","overlay-type":"","overlay-color":"","overlay-opacity":"","overlay-gradient":""}}},"product_brand":[105],"product_cat":[32,26,28],"product_tag":[],"class_list":{"0":"post-6290","1":"product","2":"type-product","3":"status-publish","4":"has-post-thumbnail","6":"product_brand-lego","7":"product_cat-32","8":"product_cat-26","9":"product_cat-28","10":"desktop-align-left","11":"tablet-align-left","12":"mobile-align-left","14":"first","15":"instock","16":"taxable","17":"shipping-taxable","18":"purchasable","19":"product-type-simple"},"_links":{"self":[{"href":"https:\/\/stem-eshop.gr\/tr\/wp-json\/wp\/v2\/product\/6290","targetHints":{"allow":["GET"]}}],"collection":[{"href":"https:\/\/stem-eshop.gr\/tr\/wp-json\/wp\/v2\/product"}],"about":[{"href":"https:\/\/stem-eshop.gr\/tr\/wp-json\/wp\/v2\/types\/product"}],"replies":[{"embeddable":true,"href":"https:\/\/stem-eshop.gr\/tr\/wp-json\/wp\/v2\/comments?post=6290"}],"wp:featuredmedia":[{"embeddable":true,"href":"https:\/\/stem-eshop.gr\/tr\/wp-json\/wp\/v2\/media\/3592"}],"wp:attachment":[{"href":"https:\/\/stem-eshop.gr\/tr\/wp-json\/wp\/v2\/media?parent=6290"}],"wp:term":[{"taxonomy":"product_brand","embeddable":true,"href":"https:\/\/stem-eshop.gr\/tr\/wp-json\/wp\/v2\/product_brand?post=6290"},{"taxonomy":"product_cat","embeddable":true,"href":"https:\/\/stem-eshop.gr\/tr\/wp-json\/wp\/v2\/product_cat?post=6290"},{"taxonomy":"product_tag","embeddable":true,"href":"https:\/\/stem-eshop.gr\/tr\/wp-json\/wp\/v2\/product_tag?post=6290"}],"curies":[{"name":"wp","href":"https:\/\/api.w.org\/{rel}","templated":true}]}}