{"id":6278,"date":"2025-05-19T07:27:24","date_gmt":"2025-05-19T07:27:24","guid":{"rendered":"https:\/\/stem-eshop.gr\/product\/ngs-%ce%b6%cf%85%ce%b3%ce%b1%cf%81%ce%b9%ce%ac-%ce%b3%ce%b9%ce%b1-%cf%80%ce%b1%ce%b9%ce%b4%ce%b9%ce%ac\/"},"modified":"2025-05-22T07:41:46","modified_gmt":"2025-05-22T07:41:46","slug":"ngs-%ce%b6%cf%85%ce%b3%ce%b1%cf%81%ce%b9%ce%ac-%ce%b3%ce%b9%ce%b1-%cf%80%ce%b1%ce%b9%ce%b4%ce%b9%ce%ac","status":"publish","type":"product","link":"https:\/\/stem-eshop.gr\/tr\/urun\/ngs-%ce%b6%cf%85%ce%b3%ce%b1%cf%81%ce%b9%ce%ac-%ce%b3%ce%b9%ce%b1-%cf%80%ce%b1%ce%b9%ce%b4%ce%b9%ce%ac\/","title":{"rendered":"\u00c7ocuklar i\u00e7in NGS \u00d6l\u00e7ekleri"},"content":{"rendered":"<p>Denge, kald\u0131ra\u00e7 prensibine g\u00f6re sa\u011flan\u0131r, kald\u0131ra\u00e7ta her iki u\u00e7ta k\u00fc\u00e7\u00fck bir plaka bulunur, bir ucuna a\u011f\u0131rl\u0131k, di\u011fer ucuna tart\u0131lacak cisim konur, kald\u0131ra\u00e7 bir g\u00f6sterge ile donat\u0131lm\u0131\u015ft\u0131r, her iki u\u00e7 dengede oldu\u011funda k\u00fctlenin (a\u011f\u0131rl\u0131\u011f\u0131n) her iki ucu birbirine e\u015fit olur.<\/p>","protected":false},"excerpt":{"rendered":"<p class=\"MsoNormal\">Denge, kald\u0131ra\u00e7 prensibine g\u00f6re sa\u011flan\u0131r, kald\u0131ra\u00e7ta her iki u\u00e7ta k\u00fc\u00e7\u00fck bir plaka bulunur, bir ucuna a\u011f\u0131rl\u0131k, di\u011fer ucuna tart\u0131lacak cisim konur, kald\u0131ra\u00e7 bir g\u00f6sterge ile donat\u0131lm\u0131\u015ft\u0131r, her iki u\u00e7 dengede oldu\u011funda k\u00fctlenin (a\u011f\u0131rl\u0131\u011f\u0131n) her iki ucu birbirine e\u015fit olur.<\/p>","protected":false},"featured_media":7581,"comment_status":"open","ping_status":"closed","template":"","meta":{"site-sidebar-layout":"default","site-content-layout":"","ast-site-content-layout":"default","site-content-style":"default","site-sidebar-style":"default","ast-global-header-display":"","ast-banner-title-visibility":"","ast-main-header-display":"","ast-hfb-above-header-display":"","ast-hfb-below-header-display":"","ast-hfb-mobile-header-display":"","site-post-title":"","ast-breadcrumbs-content":"","ast-featured-img":"","footer-sml-layout":"","ast-disable-related-posts":"","theme-transparent-header-meta":"","adv-header-id-meta":"","stick-header-meta":"","header-above-stick-meta":"","header-main-stick-meta":"","header-below-stick-meta":"","astra-migrate-meta-layouts":"default","ast-page-background-enabled":"default","ast-page-background-meta":{"desktop":{"background-color":"var(--ast-global-color-5)","background-image":"","background-repeat":"repeat","background-position":"center center","background-size":"auto","background-attachment":"scroll","background-type":"","background-media":"","overlay-type":"","overlay-color":"","overlay-opacity":"","overlay-gradient":""},"tablet":{"background-color":"","background-image":"","background-repeat":"repeat","background-position":"center center","background-size":"auto","background-attachment":"scroll","background-type":"","background-media":"","overlay-type":"","overlay-color":"","overlay-opacity":"","overlay-gradient":""},"mobile":{"background-color":"","background-image":"","background-repeat":"repeat","background-position":"center center","background-size":"auto","background-attachment":"scroll","background-type":"","background-media":"","overlay-type":"","overlay-color":"","overlay-opacity":"","overlay-gradient":""}},"ast-content-background-meta":{"desktop":{"background-color":"var(--ast-global-color-4)","background-image":"","background-repeat":"repeat","background-position":"center center","background-size":"auto","background-attachment":"scroll","background-type":"","background-media":"","overlay-type":"","overlay-color":"","overlay-opacity":"","overlay-gradient":""},"tablet":{"background-color":"var(--ast-global-color-4)","background-image":"","background-repeat":"repeat","background-position":"center center","background-size":"auto","background-attachment":"scroll","background-type":"","background-media":"","overlay-type":"","overlay-color":"","overlay-opacity":"","overlay-gradient":""},"mobile":{"background-color":"var(--ast-global-color-4)","background-image":"","background-repeat":"repeat","background-position":"center center","background-size":"auto","background-attachment":"scroll","background-type":"","background-media":"","overlay-type":"","overlay-color":"","overlay-opacity":"","overlay-gradient":""}}},"product_brand":[107],"product_cat":[39,38,50,29,56,37,30,26,58],"product_tag":[],"class_list":{"0":"post-6278","1":"product","2":"type-product","3":"status-publish","4":"has-post-thumbnail","6":"product_brand-ngs","7":"product_cat-39","8":"product_cat-38","9":"product_cat-50","10":"product_cat-29","11":"product_cat-56","12":"product_cat-37","13":"product_cat--6-9-","14":"product_cat-26","15":"product_cat-58","16":"desktop-align-left","17":"tablet-align-left","18":"mobile-align-left","20":"first","21":"instock","22":"taxable","23":"shipping-taxable","24":"purchasable","25":"product-type-simple"},"_links":{"self":[{"href":"https:\/\/stem-eshop.gr\/tr\/wp-json\/wp\/v2\/product\/6278","targetHints":{"allow":["GET"]}}],"collection":[{"href":"https:\/\/stem-eshop.gr\/tr\/wp-json\/wp\/v2\/product"}],"about":[{"href":"https:\/\/stem-eshop.gr\/tr\/wp-json\/wp\/v2\/types\/product"}],"replies":[{"embeddable":true,"href":"https:\/\/stem-eshop.gr\/tr\/wp-json\/wp\/v2\/comments?post=6278"}],"wp:featuredmedia":[{"embeddable":true,"href":"https:\/\/stem-eshop.gr\/tr\/wp-json\/wp\/v2\/media\/7581"}],"wp:attachment":[{"href":"https:\/\/stem-eshop.gr\/tr\/wp-json\/wp\/v2\/media?parent=6278"}],"wp:term":[{"taxonomy":"product_brand","embeddable":true,"href":"https:\/\/stem-eshop.gr\/tr\/wp-json\/wp\/v2\/product_brand?post=6278"},{"taxonomy":"product_cat","embeddable":true,"href":"https:\/\/stem-eshop.gr\/tr\/wp-json\/wp\/v2\/product_cat?post=6278"},{"taxonomy":"product_tag","embeddable":true,"href":"https:\/\/stem-eshop.gr\/tr\/wp-json\/wp\/v2\/product_tag?post=6278"}],"curies":[{"name":"wp","href":"https:\/\/api.w.org\/{rel}","templated":true}]}}