{"id":6276,"date":"2025-05-19T07:27:21","date_gmt":"2025-05-19T07:27:21","guid":{"rendered":"https:\/\/stem-eshop.gr\/product\/gigo-steam-gear-set\/"},"modified":"2026-02-07T14:38:26","modified_gmt":"2026-02-07T11:38:26","slug":"gigo-steam-gear-set","status":"publish","type":"product","link":"https:\/\/stem-eshop.gr\/tr\/urun\/gigo-steam-gear-set\/","title":{"rendered":"Gigo Buhar Ekipman Seti"},"content":{"rendered":"<p>Kit, 27 par\u00e7a bile\u015fenden olu\u015fsa da temel yap\u0131lardan basit makinelere kadar 30 farkl\u0131 model in\u015fa etmenizi sa\u011flar. \u00c7ocuklar, di\u015flilerin nas\u0131l \u00e7al\u0131\u015ft\u0131\u011f\u0131n\u0131 g\u00f6zlemleyebilir ve uygulamal\u0131 deneyimlerle basit fizik kurallar\u0131n\u0131 \u00f6\u011frenebilirler.<\/p>\n<p>Etkinlik sayfas\u0131 ve montaj videolar\u0131 internette mevcuttur. Kit, kolay saklama ve ta\u015f\u0131ma i\u00e7in bir \u00e7antada gelir.<\/p>\n<\/p>\n<p dir=\"ltr\" style=\"text-align:center\"><span xml:lang=\"el\" lang=\"el\">Manuel<\/span><\/p>\n<p dir=\"ltr\"><span xml:lang=\"el\" lang=\"el\"><a href=\"https:\/\/issuu.com\/gigotoys\/docs\/_7142-en\" rel=\"noopener\"><img decoding=\"async\" src=\"https:\/\/stem-eshop.gr\/img\/cms\/manual.png\" alt=\"\" width=\"40\" height=\"31\" style=\"margin-left:auto;margin-right:auto\" \/><\/a><\/span><\/p>","protected":false},"excerpt":{"rendered":"<p>STEAM \u00f6\u011frenimine yeni ba\u015flayanlar i\u00e7in harika bir set! Yarat\u0131c\u0131 etkile\u015fim!<\/p>\n<p>\u0130\u00e7erisinde 27 par\u00e7a bile\u015fen bulunuyor ancak basit yap\u0131lardan basit makinelere kadar 30 farkl\u0131 model olu\u015fturulabiliyor.<\/p>","protected":false},"featured_media":3537,"comment_status":"open","ping_status":"closed","template":"","meta":{"site-sidebar-layout":"default","site-content-layout":"","ast-site-content-layout":"default","site-content-style":"default","site-sidebar-style":"default","ast-global-header-display":"","ast-banner-title-visibility":"","ast-main-header-display":"","ast-hfb-above-header-display":"","ast-hfb-below-header-display":"","ast-hfb-mobile-header-display":"","site-post-title":"","ast-breadcrumbs-content":"","ast-featured-img":"","footer-sml-layout":"","ast-disable-related-posts":"","theme-transparent-header-meta":"","adv-header-id-meta":"","stick-header-meta":"","header-above-stick-meta":"","header-main-stick-meta":"","header-below-stick-meta":"","astra-migrate-meta-layouts":"default","ast-page-background-enabled":"default","ast-page-background-meta":{"desktop":{"background-color":"var(--ast-global-color-5)","background-image":"","background-repeat":"repeat","background-position":"center center","background-size":"auto","background-attachment":"scroll","background-type":"","background-media":"","overlay-type":"","overlay-color":"","overlay-opacity":"","overlay-gradient":""},"tablet":{"background-color":"","background-image":"","background-repeat":"repeat","background-position":"center center","background-size":"auto","background-attachment":"scroll","background-type":"","background-media":"","overlay-type":"","overlay-color":"","overlay-opacity":"","overlay-gradient":""},"mobile":{"background-color":"","background-image":"","background-repeat":"repeat","background-position":"center center","background-size":"auto","background-attachment":"scroll","background-type":"","background-media":"","overlay-type":"","overlay-color":"","overlay-opacity":"","overlay-gradient":""}},"ast-content-background-meta":{"desktop":{"background-color":"var(--ast-global-color-4)","background-image":"","background-repeat":"repeat","background-position":"center center","background-size":"auto","background-attachment":"scroll","background-type":"","background-media":"","overlay-type":"","overlay-color":"","overlay-opacity":"","overlay-gradient":""},"tablet":{"background-color":"var(--ast-global-color-4)","background-image":"","background-repeat":"repeat","background-position":"center center","background-size":"auto","background-attachment":"scroll","background-type":"","background-media":"","overlay-type":"","overlay-color":"","overlay-opacity":"","overlay-gradient":""},"mobile":{"background-color":"var(--ast-global-color-4)","background-image":"","background-repeat":"repeat","background-position":"center center","background-size":"auto","background-attachment":"scroll","background-type":"","background-media":"","overlay-type":"","overlay-color":"","overlay-opacity":"","overlay-gradient":""}}},"product_brand":[104],"product_cat":[43,38,29,32,57,30,26,59],"product_tag":[],"class_list":{"0":"post-6276","1":"product","2":"type-product","3":"status-publish","4":"has-post-thumbnail","6":"product_brand-gigo","7":"product_cat-43","8":"product_cat-38","9":"product_cat-29","10":"product_cat-32","11":"product_cat-57","12":"product_cat--6-9-","13":"product_cat-26","14":"product_cat-59","15":"desktop-align-left","16":"tablet-align-left","17":"mobile-align-left","19":"first","20":"instock","21":"taxable","22":"shipping-taxable","23":"purchasable","24":"product-type-simple"},"_links":{"self":[{"href":"https:\/\/stem-eshop.gr\/tr\/wp-json\/wp\/v2\/product\/6276","targetHints":{"allow":["GET"]}}],"collection":[{"href":"https:\/\/stem-eshop.gr\/tr\/wp-json\/wp\/v2\/product"}],"about":[{"href":"https:\/\/stem-eshop.gr\/tr\/wp-json\/wp\/v2\/types\/product"}],"replies":[{"embeddable":true,"href":"https:\/\/stem-eshop.gr\/tr\/wp-json\/wp\/v2\/comments?post=6276"}],"wp:featuredmedia":[{"embeddable":true,"href":"https:\/\/stem-eshop.gr\/tr\/wp-json\/wp\/v2\/media\/3537"}],"wp:attachment":[{"href":"https:\/\/stem-eshop.gr\/tr\/wp-json\/wp\/v2\/media?parent=6276"}],"wp:term":[{"taxonomy":"product_brand","embeddable":true,"href":"https:\/\/stem-eshop.gr\/tr\/wp-json\/wp\/v2\/product_brand?post=6276"},{"taxonomy":"product_cat","embeddable":true,"href":"https:\/\/stem-eshop.gr\/tr\/wp-json\/wp\/v2\/product_cat?post=6276"},{"taxonomy":"product_tag","embeddable":true,"href":"https:\/\/stem-eshop.gr\/tr\/wp-json\/wp\/v2\/product_tag?post=6276"}],"curies":[{"name":"wp","href":"https:\/\/api.w.org\/{rel}","templated":true}]}}