{"id":5804,"date":"2025-05-09T10:35:00","date_gmt":"2025-05-09T10:35:00","guid":{"rendered":"https:\/\/stem-eshop.gr\/?page_id=5804"},"modified":"2025-12-08T13:50:22","modified_gmt":"2025-12-08T10:50:22","slug":"%cf%84%cf%81%cf%8c%cf%80%ce%bf%ce%b9-%cf%80%ce%bb%ce%b7%cf%81%cf%89%ce%bc%ce%ae%cf%82","status":"publish","type":"page","link":"https:\/\/stem-eshop.gr\/tr\/%cf%84%cf%81%cf%8c%cf%80%ce%bf%ce%b9-%cf%80%ce%bb%ce%b7%cf%81%cf%89%ce%bc%ce%ae%cf%82\/","title":{"rendered":"\u00d6deme y\u00f6ntemleri"},"content":{"rendered":"<div data-elementor-type=\"wp-page\" data-elementor-id=\"5804\" class=\"elementor elementor-5804\" data-elementor-post-type=\"page\">\n\t\t\t\t<div class=\"elementor-element elementor-element-467620d e-flex e-con-boxed e-con e-parent\" data-id=\"467620d\" data-element_type=\"container\" data-e-type=\"container\">\n\t\t\t\t\t<div class=\"e-con-inner\">\n\t\t\t\t<div class=\"elementor-element elementor-element-9ec33bd elementor-widget elementor-widget-text-editor\" data-id=\"9ec33bd\" data-element_type=\"widget\" data-e-type=\"widget\" data-widget_type=\"text-editor.default\">\n\t\t\t\t<div class=\"elementor-widget-container\">\n\t\t\t\t\t\t\t\t\t<p style=\"font-weight: 400;\">Sat\u0131n almak istedi\u011finiz \u00fcr\u00fcnlerin \u00f6demesini yapmak i\u00e7in firmam\u0131z\u0131n sundu\u011fu \u00f6deme y\u00f6ntemlerinden birini se\u00e7ebilirsiniz. \u00d6ncelikle size uygun \u00f6deme y\u00f6ntemine karar verin. Ard\u0131ndan, sipari\u015f talebinizin ilgili b\u00f6l\u00fcm\u00fcnde ilgili \u00f6deme y\u00f6ntemini se\u00e7in ve son olarak gerekli bilgileri girin. \u015eirketimizin ki\u015fisel verilerinizin korunmas\u0131 konusunda s\u0131k\u0131 bir politika izledi\u011fini ve bize g\u00f6nderdi\u011finiz t\u00fcm \u00f6deme bilgilerinin, sipari\u015f talebinizi g\u00f6nderirken verdi\u011finiz onaydan sonra, tam bir g\u00fcvenlik ve \u00f6zenle toplan\u0131p i\u015flendi\u011fini hat\u0131rlat\u0131r\u0131z. Kredi kart\u0131yla yap\u0131lan \u00f6demelerde, firmam\u0131z, i\u015f birli\u011fi i\u00e7inde oldu\u011fu finans kurulu\u015flar\u0131yla i\u015f birli\u011fi yaparak, elektronik i\u015flemlerinizde m\u00fcmk\u00fcn olan en y\u00fcksek g\u00fcvenli\u011fi sa\u011flamak i\u00e7in gerekli t\u00fcm g\u00fcvenlik \u00f6nlemlerini almaktad\u0131r.<\/p><p style=\"font-weight: 400;\">Sipari\u015fleriniz i\u00e7in \u00f6deme y\u00f6ntemleri a\u015fa\u011f\u0131dad\u0131r:<\/p><p style=\"font-weight: 400;\"><b><strong>Banka hesab\u0131na yat\u0131r\u0131larak:\u00a0<\/strong><\/b>Bu durumda, sipari\u015f tutar\u0131n\u0131n tam olarak yat\u0131r\u0131lmas\u0131n\u0131n onaylanmas\u0131 veya nominal tutar\u0131n e-posta ile g\u00f6nderilmesinin ard\u0131ndan sipari\u015finiz kargoya verilir. Teslimat s\u00fcresi, kaporan\u0131n onayland\u0131\u011f\u0131 veya kaporan\u0131n g\u00f6nderildi\u011fi tarihten itibaren ba\u015flar.<\/p><p style=\"font-weight: 400;\"><b><strong>Kredi kart\u0131, banka kart\u0131 veya \u00f6n \u00f6demeli kart ile \u00f6deme:\u00a0<\/strong><\/b>Kabul edilen kartlar: Visa, MasterCard, Maestro, Electron ve t\u00fcm banka kartlar\u0131. Kart bilgileri (kart numaras\u0131, CVV2, son kullanma tarihi) internet \u00fczerinden \u015fifreli olarak iletilir\/aktar\u0131l\u0131r ve \u00e7evrimi\u00e7i ma\u011fazadan eri\u015filemez. Yunanistan Merkez Bankas\u0131&#039;n\u0131n kulland\u0131\u011f\u0131 sistem ve prosed\u00fcrler, yetkisiz \u00fc\u00e7\u00fcnc\u00fc taraflar\u0131n veri ve bilgi sistemlerine eri\u015fmesini engeller.<\/p><p><strong>VIVA \u00d6demeleri:<\/strong> \u03a4\u03bf Viva Payments \u03b5\u03af\u03bd\u03b1\u03b9 \u03bc\u03b9\u03b1 \u03b5\u03bb\u03bb\u03b7\u03bd\u03b9\u03ba\u03ae \u03b5\u03c4\u03b1\u03b9\u03c1\u03b5\u03af\u03b1 \u03c0\u03bf\u03c5 \u03c0\u03c1\u03bf\u03c3\u03c6\u03ad\u03c1\u03b5\u03b9 \u03bb\u03cd\u03c3\u03b5\u03b9\u03c2 \u03b7\u03bb\u03b5\u03ba\u03c4\u03c1\u03bf\u03bd\u03b9\u03ba\u03ce\u03bd \u03c0\u03bb\u03b7\u03c1\u03c9\u03bc\u03ce\u03bd. \u039c\u03b5 \u03b1\u03c0\u03bb\u03ac \u03bb\u03cc\u03b3\u03b9\u03b1, \u03b5\u03af\u03bd\u03b1\u03b9 \u03bc\u03b9\u03b1 \u03c0\u03bb\u03b1\u03c4\u03c6\u03cc\u03c1\u03bc\u03b1 \u03c0\u03bf\u03c5 \u03b5\u03c0\u03b9\u03c4\u03c1\u03ad\u03c0\u03b5\u03b9 \u03c3\u03b5 \u03b5\u03c0\u03b9\u03c7\u03b5\u03b9\u03c1\u03ae\u03c3\u03b5\u03b9\u03c2 (\u03ba\u03b1\u03b9 \u03b9\u03b4\u03b9\u03ce\u03c4\u03b5\u03c2) \u03bd\u03b1 \u03b4\u03ad\u03c7\u03bf\u03bd\u03c4\u03b1\u03b9 \u03c0\u03bb\u03b7\u03c1\u03c9\u03bc\u03ad\u03c2 online, \u03bc\u03ad\u03c3\u03c9 \u03c0\u03b9\u03c3\u03c4\u03c9\u03c4\u03b9\u03ba\u03ce\u03bd\/\u03c7\u03c1\u03b5\u03c9\u03c3\u03c4\u03b9\u03ba\u03ce\u03bd \u03ba\u03b1\u03c1\u03c4\u03ce\u03bd, IRIS \u03ba\u03b1\u03b9 \u03ac\u03bb\u03bb\u03c9\u03bd \u03bc\u03b5\u03b8\u03cc\u03b4\u03c9\u03bd \u03c0\u03bb\u03b7\u03c1\u03c9\u03bc\u03ae\u03c2.<\/p><p style=\"font-weight: 400;\"><b><strong>Kap\u0131da \u00d6deme Y\u00f6ntemi:\u00a0<\/strong><\/b>Sipari\u015finiz teslim al\u0131nd\u0131\u011f\u0131nda nakit \u00f6deme yapabilirsiniz. Kap\u0131da \u00f6deme \u00fccreti kargo se\u00e7eneklerinde belirtilmi\u015ftir.<\/p><p><strong>Apple Pay ve Google Pay<\/strong><\/p><p style=\"font-weight: 400;\"><b><strong>Sipari\u015f Faturaland\u0131rmas\u0131<\/strong><\/b><\/p><p style=\"font-weight: 400;\">Sipari\u015finiz i\u00e7in d\u00fczenlenen belge, perakende sat\u0131\u015f fi\u015fi veya sat\u0131\u015f faturas\u0131 olabilir. \u015eirketlere ve serbest \u00e7al\u0131\u015fanlara, sipari\u015f s\u0131ras\u0131nda a\u015fa\u011f\u0131daki bilgileri doldurmalar\u0131 halinde sat\u0131\u015f faturalar\u0131 d\u00fczenlenir: \u015eirket ad\u0131, meslek, adres, KDV numaras\u0131 ve yetkili vergi dairesi.<\/p>\t\t\t\t\t\t\t\t<\/div>\n\t\t\t\t<\/div>\n\t\t\t\t\t<\/div>\n\t\t\t\t<\/div>\n\t\t\t\t<\/div>","protected":false},"excerpt":{"rendered":"<p>\u0393\u03b9\u03b1 \u03c4\u03b7\u03bd \u03c0\u03bb\u03b7\u03c1\u03c9\u03bc\u03ae \u03c4\u03c9\u03bd \u03c0\u03c1\u03bf\u03ca\u03cc\u03bd\u03c4\u03c9\u03bd \u03c0\u03bf\u03c5 \u03c3\u03b1\u03c2 \u03b5\u03bd\u03b4\u03b9\u03b1\u03c6\u03ad\u03c1\u03bf\u03c5\u03bd \u03bd\u03b1 \u03b1\u03b3\u03bf\u03c1\u03ac\u03c3\u03b5\u03c4\u03b5, \u03bc\u03c0\u03bf\u03c1\u03b5\u03af\u03c4\u03b5 \u03bd\u03b1 \u03b5\u03c0\u03b9\u03bb\u03ad\u03be\u03b5\u03c4\u03b5 \u03b1\u03bd\u03ac\u03bc\u03b5\u03c3\u03b1 \u03c3\u03c4\u03bf\u03c5\u03c2 \u03c0\u03c1\u03bf\u03c4\u03b5\u03b9\u03bd\u03cc\u03bc\u03b5\u03bd\u03bf\u03c5\u03c2 \u03b1\u03c0\u03cc \u03c4\u03b7\u03bd \u03b5\u03c4\u03b1\u03b9\u03c1\u03af\u03b1 \u03bc\u03b1\u03c2 [&hellip;]<\/p>\n","protected":false},"author":1,"featured_media":0,"parent":0,"menu_order":0,"comment_status":"closed","ping_status":"closed","template":"","meta":{"site-sidebar-layout":"no-sidebar","site-content-layout":"","ast-site-content-layout":"full-width-container","site-content-style":"default","site-sidebar-style":"default","ast-global-header-display":"","ast-banner-title-visibility":"","ast-main-header-display":"","ast-hfb-above-header-display":"","ast-hfb-below-header-display":"","ast-hfb-mobile-header-display":"","site-post-title":"disabled","ast-breadcrumbs-content":"","ast-featured-img":"disabled","footer-sml-layout":"","ast-disable-related-posts":"","theme-transparent-header-meta":"","adv-header-id-meta":"","stick-header-meta":"","header-above-stick-meta":"","header-main-stick-meta":"","header-below-stick-meta":"","astra-migrate-meta-layouts":"default","ast-page-background-enabled":"default","ast-page-background-meta":{"desktop":{"background-color":"var(--ast-global-color-5)","background-image":"","background-repeat":"repeat","background-position":"center center","background-size":"auto","background-attachment":"scroll","background-type":"","background-media":"","overlay-type":"","overlay-color":"","overlay-opacity":"","overlay-gradient":""},"tablet":{"background-color":"","background-image":"","background-repeat":"repeat","background-position":"center center","background-size":"auto","background-attachment":"scroll","background-type":"","background-media":"","overlay-type":"","overlay-color":"","overlay-opacity":"","overlay-gradient":""},"mobile":{"background-color":"","background-image":"","background-repeat":"repeat","background-position":"center center","background-size":"auto","background-attachment":"scroll","background-type":"","background-media":"","overlay-type":"","overlay-color":"","overlay-opacity":"","overlay-gradient":""}},"ast-content-background-meta":{"desktop":{"background-color":"var(--ast-global-color-4)","background-image":"","background-repeat":"repeat","background-position":"center center","background-size":"auto","background-attachment":"scroll","background-type":"","background-media":"","overlay-type":"","overlay-color":"","overlay-opacity":"","overlay-gradient":""},"tablet":{"background-color":"var(--ast-global-color-4)","background-image":"","background-repeat":"repeat","background-position":"center center","background-size":"auto","background-attachment":"scroll","background-type":"","background-media":"","overlay-type":"","overlay-color":"","overlay-opacity":"","overlay-gradient":""},"mobile":{"background-color":"var(--ast-global-color-4)","background-image":"","background-repeat":"repeat","background-position":"center center","background-size":"auto","background-attachment":"scroll","background-type":"","background-media":"","overlay-type":"","overlay-color":"","overlay-opacity":"","overlay-gradient":""}},"footnotes":""},"class_list":["post-5804","page","type-page","status-publish","hentry"],"_links":{"self":[{"href":"https:\/\/stem-eshop.gr\/tr\/wp-json\/wp\/v2\/pages\/5804","targetHints":{"allow":["GET"]}}],"collection":[{"href":"https:\/\/stem-eshop.gr\/tr\/wp-json\/wp\/v2\/pages"}],"about":[{"href":"https:\/\/stem-eshop.gr\/tr\/wp-json\/wp\/v2\/types\/page"}],"author":[{"embeddable":true,"href":"https:\/\/stem-eshop.gr\/tr\/wp-json\/wp\/v2\/users\/1"}],"replies":[{"embeddable":true,"href":"https:\/\/stem-eshop.gr\/tr\/wp-json\/wp\/v2\/comments?post=5804"}],"version-history":[{"count":13,"href":"https:\/\/stem-eshop.gr\/tr\/wp-json\/wp\/v2\/pages\/5804\/revisions"}],"predecessor-version":[{"id":10429,"href":"https:\/\/stem-eshop.gr\/tr\/wp-json\/wp\/v2\/pages\/5804\/revisions\/10429"}],"wp:attachment":[{"href":"https:\/\/stem-eshop.gr\/tr\/wp-json\/wp\/v2\/media?parent=5804"}],"curies":[{"name":"wp","href":"https:\/\/api.w.org\/{rel}","templated":true}]}}