{"id":8359,"date":"2025-05-23T13:31:48","date_gmt":"2025-05-23T10:31:48","guid":{"rendered":"https:\/\/stem-eshop.gr\/?post_type=product&#038;p=8359"},"modified":"2025-06-24T11:22:24","modified_gmt":"2025-06-24T08:22:24","slug":"30-models-motorized-set-multi-model-set","status":"publish","type":"product","link":"https:\/\/stem-eshop.gr\/sq\/produkt\/30-models-motorized-set-multi-model-set\/","title":{"rendered":"SET ME 30 MODELE T\u00cb MOTORIZUARA \u2013 SET ME SHUM\u00cb MODELE"},"content":{"rendered":"<p>P\u00ebrdoret sistemi klasik i nd\u00ebrtimit, duke i b\u00ebr\u00eb setet t\u00eb p\u00ebrshtatshme p\u00ebr f\u00ebmij\u00eb t\u00eb mosh\u00ebs 6 vje\u00e7 e lart, duke ofruar nj\u00eb ur\u00eb lidh\u00ebse midis linjave Qboidz dhe Mechanics. Zhvillimi i kreativitetit \u00ebsht\u00eb fokusi kryesor i k\u00ebsaj linje, duke filluar me sete me 10 modele dhe duke shkuar deri n\u00eb sete me 120 modele!<\/p>\n<p>T\u00eb gjitha setet me 30 modele e m\u00eb shum\u00eb p\u00ebrfshijn\u00eb motorin e ri ENGINO\u00ae me 2 shpejt\u00ebsi p\u00ebr l\u00ebvizjen e nd\u00ebrtimeve, nga makinat te vin\u00e7at, dinosaur\u00ebt dhe helikopter\u00ebt. I vetmi kufizim \u00ebsht\u00eb imagjinata e f\u00ebmij\u00ebs!<\/p>","protected":false},"excerpt":{"rendered":"<p>Seria e re CREATIVE BUILDER \u2013 Multimodel \u00ebsht\u00eb p\u00ebrmir\u00ebsimi m\u00eb i fundit i linj\u00ebs s\u00eb suksesshme INVENTOR 2017, duke shfaqur m\u00eb t\u00eb mir\u00ebn e ENGINO\u00ae: aft\u00ebsin\u00eb p\u00ebr t\u00eb nd\u00ebrtuar shpejt dhe leht\u00eb sa m\u00eb shum\u00eb modele t\u00eb jet\u00eb e mundur!<\/p>","protected":false},"featured_media":8367,"comment_status":"open","ping_status":"closed","template":"","meta":{"site-sidebar-layout":"default","site-content-layout":"","ast-site-content-layout":"default","site-content-style":"default","site-sidebar-style":"default","ast-global-header-display":"","ast-banner-title-visibility":"","ast-main-header-display":"","ast-hfb-above-header-display":"","ast-hfb-below-header-display":"","ast-hfb-mobile-header-display":"","site-post-title":"","ast-breadcrumbs-content":"","ast-featured-img":"","footer-sml-layout":"","ast-disable-related-posts":"","theme-transparent-header-meta":"default","adv-header-id-meta":"","stick-header-meta":"","header-above-stick-meta":"","header-main-stick-meta":"","header-below-stick-meta":"","astra-migrate-meta-layouts":"set","ast-page-background-enabled":"default","ast-page-background-meta":{"desktop":{"background-color":"var(--ast-global-color-5)","background-image":"","background-repeat":"repeat","background-position":"center center","background-size":"auto","background-attachment":"scroll","background-type":"","background-media":"","overlay-type":"","overlay-color":"","overlay-opacity":"","overlay-gradient":""},"tablet":{"background-color":"","background-image":"","background-repeat":"repeat","background-position":"center center","background-size":"auto","background-attachment":"scroll","background-type":"","background-media":"","overlay-type":"","overlay-color":"","overlay-opacity":"","overlay-gradient":""},"mobile":{"background-color":"","background-image":"","background-repeat":"repeat","background-position":"center center","background-size":"auto","background-attachment":"scroll","background-type":"","background-media":"","overlay-type":"","overlay-color":"","overlay-opacity":"","overlay-gradient":""}},"ast-content-background-meta":{"desktop":{"background-color":"var(--ast-global-color-4)","background-image":"","background-repeat":"repeat","background-position":"center center","background-size":"auto","background-attachment":"scroll","background-type":"","background-media":"","overlay-type":"","overlay-color":"","overlay-opacity":"","overlay-gradient":""},"tablet":{"background-color":"var(--ast-global-color-4)","background-image":"","background-repeat":"repeat","background-position":"center center","background-size":"auto","background-attachment":"scroll","background-type":"","background-media":"","overlay-type":"","overlay-color":"","overlay-opacity":"","overlay-gradient":""},"mobile":{"background-color":"var(--ast-global-color-4)","background-image":"","background-repeat":"repeat","background-position":"center center","background-size":"auto","background-attachment":"scroll","background-type":"","background-media":"","overlay-type":"","overlay-color":"","overlay-opacity":"","overlay-gradient":""}}},"product_brand":[95],"product_cat":[43,52,29,32,57,35,30,34,59],"product_tag":[],"class_list":{"0":"post-8359","1":"product","2":"type-product","3":"status-publish","4":"has-post-thumbnail","6":"product_brand-engino","7":"product_cat-43","8":"product_cat-52","9":"product_cat-29","10":"product_cat-32","11":"product_cat-57","12":"product_cat--10-12-","13":"product_cat--6-9-","14":"product_cat-34","15":"product_cat-59","16":"desktop-align-left","17":"tablet-align-left","18":"mobile-align-left","20":"first","21":"instock","22":"taxable","23":"shipping-taxable","24":"purchasable","25":"product-type-simple"},"_links":{"self":[{"href":"https:\/\/stem-eshop.gr\/sq\/wp-json\/wp\/v2\/product\/8359","targetHints":{"allow":["GET"]}}],"collection":[{"href":"https:\/\/stem-eshop.gr\/sq\/wp-json\/wp\/v2\/product"}],"about":[{"href":"https:\/\/stem-eshop.gr\/sq\/wp-json\/wp\/v2\/types\/product"}],"replies":[{"embeddable":true,"href":"https:\/\/stem-eshop.gr\/sq\/wp-json\/wp\/v2\/comments?post=8359"}],"wp:featuredmedia":[{"embeddable":true,"href":"https:\/\/stem-eshop.gr\/sq\/wp-json\/wp\/v2\/media\/8367"}],"wp:attachment":[{"href":"https:\/\/stem-eshop.gr\/sq\/wp-json\/wp\/v2\/media?parent=8359"}],"wp:term":[{"taxonomy":"product_brand","embeddable":true,"href":"https:\/\/stem-eshop.gr\/sq\/wp-json\/wp\/v2\/product_brand?post=8359"},{"taxonomy":"product_cat","embeddable":true,"href":"https:\/\/stem-eshop.gr\/sq\/wp-json\/wp\/v2\/product_cat?post=8359"},{"taxonomy":"product_tag","embeddable":true,"href":"https:\/\/stem-eshop.gr\/sq\/wp-json\/wp\/v2\/product_tag?post=8359"}],"curies":[{"name":"wp","href":"https:\/\/api.w.org\/{rel}","templated":true}]}}