{"id":6866,"date":"2025-05-19T08:54:46","date_gmt":"2025-05-19T08:54:46","guid":{"rendered":"https:\/\/stem-eshop.gr\/product\/100-%ce%b1%cf%80%ce%bb%ce%ad%cf%82-%ce%b4%cf%81%ce%b1%cf%83%cf%84%ce%b7%cf%81%ce%b9%cf%8c%cf%84%ce%b7%cf%84%ce%b5%cf%82-steam-%ce%b3%ce%b9%ce%b1-%ce%bc%ce%b9%ce%ba%cf%81%ce%bf%cf%8d%cf%82-%ce%b5%cf%80\/"},"modified":"2026-04-15T19:15:10","modified_gmt":"2026-04-15T16:15:10","slug":"100-%ce%b1%cf%80%ce%bb%ce%ad%cf%82-%ce%b4%cf%81%ce%b1%cf%83%cf%84%ce%b7%cf%81%ce%b9%cf%8c%cf%84%ce%b7%cf%84%ce%b5%cf%82-steam-%ce%b3%ce%b9%ce%b1-%ce%bc%ce%b9%ce%ba%cf%81%ce%bf%cf%8d%cf%82-%ce%b5%cf%80","status":"publish","type":"product","link":"https:\/\/stem-eshop.gr\/sq\/produkt\/100-%ce%b1%cf%80%ce%bb%ce%ad%cf%82-%ce%b4%cf%81%ce%b1%cf%83%cf%84%ce%b7%cf%81%ce%b9%cf%8c%cf%84%ce%b7%cf%84%ce%b5%cf%82-steam-%ce%b3%ce%b9%ce%b1-%ce%bc%ce%b9%ce%ba%cf%81%ce%bf%cf%8d%cf%82-%ce%b5%cf%80\/","title":{"rendered":"100 aktivitete t\u00eb thjeshta STEAM p\u00ebr shkenc\u00ebtar\u00eb dhe artist\u00eb t\u00eb vegj\u00ebl"},"content":{"rendered":"<p><span style=\"color:#222222;font-family:Commissioner, sans-serif;font-size:16px;background-color:#ffffff\">\u0392\u03c1\u03ad\u03c7\u03b5\u03b9 \u03ba\u03b1\u03b9 \u03b2\u03b1\u03c1\u03b9\u03ad\u03c3\u03c4\u03b5; \u039a\u03bf\u03c5\u03c1\u03b1\u03c3\u03c4\u03ae\u03ba\u03b1\u03c4\u03b5 \u03bd\u03b1 \u03b1\u03c3\u03c7\u03bf\u03bb\u03b5\u03af\u03c3\u03c4\u03b5 \u00b5\u03b5 \u03c4\u03b1 \u03af\u03b4\u03b9\u03b1 \u03c0\u03b1\u03b9\u03c7\u03bd\u03af\u03b4\u03b9\u03b1; \u0395\u03c0\u03b9\u03bb\u03ad\u03be\u03c4\u03b5 \u00b5\u03b9\u03b1 \u03b1\u03c0\u03cc \u03c4\u03b9\u03c2 \u03b4\u03c1\u03b1\u03c3\u03c4\u03b7\u03c1\u03b9\u03cc\u03c4\u03b7\u03c4\u03b5\u03c2 \u03c4\u03bf\u03c5 \u03b2\u03b9\u03b2\u03bb\u03af\u03bf\u03c5, \u03c3\u03c5\u03b3\u03ba\u03b5\u03bd\u03c4\u03c1\u03ce\u03c3\u03c4\u03b5 \u03c4\u03b1 \u03c5\u03bb\u03b9\u03ba\u03ac \u03ba\u03b1\u03b9\u2026 \u03be\u03b5\u03ba\u03b9\u03bd\u03ae\u03c3\u03c4\u03b5! \u039a\u03ac\u03bd\u03c4\u03b5 \u03b1\u03c0\u03af\u03b8\u03b1\u03bd\u03b1 \u03c0\u03b5\u03b9\u03c1\u03ac\u00b5\u03b1\u03c4\u03b1, \u03cc\u03c0\u03c9\u03c2 \u03c4\u03b1 \u03a3\u03cd\u03bd\u03bd\u03b5\u03c6\u03b1 \u0392\u03c1\u03bf\u03c7\u03ae\u03c2 \u03ae \u03c4\u03b9\u03c2 \u039b\u03ac\u00b5\u03c0\u03b5\u03c2 \u039b\u03ac\u03b2\u03b1\u03c2. \u039c\u03b5\u03c4\u03b1\u03c4\u03c1\u03ad\u03c8\u03c4\u03b5 \u03c4\u03b7\u03bd \u03ce\u03c1\u03b1 \u03c4\u03c9\u03bd \u00b5\u03b1\u03b8\u03b7\u00b5\u03b1\u03c4\u03b9\u03ba\u03ce\u03bd \u03c3\u03b5 \u03ce\u03c1\u03b1 \u03b3\u03b9\u03b1 \u03c3\u03bd\u03b1\u03ba \u00b5\u03b5 \u03c4\u03b1 \u03bd\u03cc\u03c3\u03c4\u03b9\u00b5\u03b1 \u039c\u03c0\u03b9\u03c3\u03ba\u03bf\u03c4\u03ad\u03bd\u03b9\u03b1 \u039a\u03bb\u03ac\u03c3\u00b5\u03b1\u03c4\u03b1. \u039e\u03b5\u03b4\u03b9\u03c0\u03bb\u03ce\u03c3\u03c4\u03b5 \u03c4\u03bf \u03c4\u03b1\u03bb\u03ad\u03bd\u03c4\u03bf \u03c3\u03b1\u03c2 \u00b5\u03b5 \u03ba\u03b1\u03bb\u03bb\u03b9\u03c4\u03b5\u03c7\u03bd\u03b9\u03ba\u03ad\u03c2 \u03b4\u03c1\u03b1\u03c3\u03c4\u03b7\u03c1\u03b9\u03cc\u03c4\u03b7\u03c4\u03b5\u03c2, \u03cc\u03c0\u03c9\u03c2 \u03c4\u03bf \u039c\u03b1\u03c1\u00b5\u03ac\u03c1\u03b9\u03bd\u03bf \u03a7\u03b1\u03c1\u03c4\u03af \u03ae \u03c4\u03b1 \u0396\u03bf\u03c5\u03b6\u03bf\u03c5\u03bd\u03bf\u03c4\u03b5\u03c1\u03b1\u03c4\u03ac\u03ba\u03b9\u03b1. \u0398\u03b1 \u03b2\u03c1\u03b5\u03af\u03c4\u03b5 \u03b4\u03c1\u03b1\u03c3\u03c4\u03b7\u03c1\u03b9\u03cc\u03c4\u03b7\u03c4\u03b5\u03c2 \u03b3\u03b9\u03b1 \u03ba\u03ac\u03b8\u03b5 \u03b5\u03c0\u03bf\u03c7\u03ae, \u03cc\u03c0\u03c9\u03c2 \u03c4\u03bf\u03bd \u03ba\u03b1\u03bb\u03bf\u03ba\u03b1\u03b9\u03c1\u03b9\u03bd\u03cc \u03a3\u03c4\u03af\u03b2\u03bf \u00b5\u03b5 \u039c\u03b1\u03ba\u03b1\u03c1\u03cc\u03bd\u03b9\u03b1 \u039a\u03bf\u03bb\u03cd\u00b5\u03b2\u03b7\u03c3\u03b7\u03c2 \u03ba\u03b1\u03b9 \u03c4\u03b9\u03c2 \u03c6\u03b8\u03b9\u03bd\u03bf\u03c0\u03c9\u03c1\u03b9\u03bd\u03ad\u03c2 \u0395\u03ba\u03c1\u03b7\u03ba\u03c4\u03b9\u03ba\u03ad\u03c2 \u039a\u03bf\u03bb\u03bf\u03ba\u03cd\u03b8\u03b5\u03c2. \u0391\u03c0\u03bf\u03ba\u03c4\u03ae\u03c3\u03c4\u03b5 \u03c4\u03b9\u03c2 \u03c0\u03c1\u03ce\u03c4\u03b5\u03c2 \u03b3\u03bd\u03ce\u03c3\u03b5\u03b9\u03c2 \u03c3\u03c4\u03b7 \u03c7\u03b7\u00b5\u03b5\u03af\u03b1, \u03c4\u03b7 \u03c6\u03c5\u03c3\u03b9\u03ba\u03ae, \u03c4\u03bf\u03bd \u03c0\u03c1\u03bf\u03b3\u03c1\u03b1\u00b5\u00b5\u03b1\u03c4\u03b9\u03c3\u00b5\u03cc, \u03c4\u03b7\u03bd \u03b1\u03bd\u03ac\u00b5\u03b5\u03b9\u03be\u03b7 \u03c7\u03c1\u03c9\u00b5\u03ac\u03c4\u03c9\u03bd \u03ba\u03b1\u03b9 \u03c0\u03bf\u03bb\u03bb\u03ac \u03b1\u03ba\u03cc\u00b5\u03b1, \u03ba\u03b1\u03b9 \u03b1\u03bd\u03b1\u03c0\u03c4\u03cd\u03be\u03c4\u03b5 \u03b4\u03b5\u03be\u03b9\u03cc\u03c4\u03b7\u03c4\u03b5\u03c2 \u03b5\u03c0\u03af\u03bb\u03c5\u03c3\u03b7\u03c2 \u03c0\u03c1\u03bf\u03b2\u03bb\u03b7\u00b5\u03ac\u03c4\u03c9\u03bd \u03ba\u03b1\u03b9 \u03c3\u03c5\u03bd\u03b5\u03c1\u03b3\u03b1\u03c3\u03af\u03b1\u03c2. \u0393\u03b5\u00b5\u03ac\u03c4\u03bf \u03b4\u03c1\u03b1\u03c3\u03c4\u03b7\u03c1\u03b9\u03cc\u03c4\u03b7\u03c4\u03b5\u03c2 \u03c0\u03bf\u03c5 \u03c7\u03c1\u03b7\u03c3\u03b9\u00b5\u03bf\u03c0\u03bf\u03b9\u03bf\u03cd\u03bd \u03b1\u03c0\u03bb\u03ac, \u03ba\u03b1\u03b8\u03b7\u00b5\u03b5\u03c1\u03b9\u03bd\u03ac \u03b1\u03bd\u03c4\u03b9\u03ba\u03b5\u03af\u00b5\u03b5\u03bd\u03b1 \u03ba\u03b1\u03b9 \u03b1\u03c0\u03b1\u03b9\u03c4\u03bf\u03cd\u03bd \u03bb\u03af\u03b3\u03b7 \u03b5\u03c0\u03af\u03b2\u03bb\u03b5\u03c8\u03b7, \u03c4\u03bf \u03b2\u03b9\u03b2\u03bb\u03af\u03bf\u00a0<\/span><i style=\"margin:0px;padding:0px;font-family:Commissioner, sans-serif;line-height:normal;color:#222222;font-size:16px;background-color:#ffffff\">100 \u03b1\u03c0\u03bb\u03ad\u03c2 \u03b4\u03c1\u03b1\u03c3\u03c4\u03b7\u03c1\u03b9\u03cc\u03c4\u03b7\u03c4\u03b5\u03c2 STEAM<\/i><span style=\"color:#222222;font-family:Commissioner, sans-serif;font-size:16px;background-color:#ffffff\">\u00a0\u03b5\u03af\u03bd\u03b1\u03b9 \u03bf \u03b1\u03c0\u03cc\u03bb\u03c5\u03c4\u03bf\u03c2 \u03bf\u03b4\u03b7\u03b3\u03cc\u03c2 \u03b3\u03b9\u03b1 \u03c7\u03b1\u03c1\u03bf\u03cd\u00b5\u03b5\u03bd\u03b5\u03c2 \u03ba\u03b1\u03b9 \u03b4\u03b7\u00b5\u03b9\u03bf\u03c5\u03c1\u03b3\u03b9\u03ba\u03ad\u03c2 \u03b7\u00b5\u03ad\u03c1\u03b5\u03c2!<\/span><br style=\"margin:0px;padding:0px;font-family:Commissioner, sans-serif;line-height:normal;color:#222222;font-size:16px;background-color:#ffffff\" \/><br style=\"margin:0px;padding:0px;font-family:Commissioner, sans-serif;line-height:normal;color:#222222;font-size:16px;background-color:#ffffff\" \/><span style=\"color:#222222;font-family:Commissioner, sans-serif;font-size:16px;background-color:#ffffff\">\u039c\u03b5 \u03c0\u03bb\u03bf\u03cd\u03c3\u03b9\u03bf\u00a0<\/span>\u03c6\u03c9\u03c4\u03bf\u03b3\u03c1\u03b1\u03c6\u03b9\u03ba\u03cc \u03c5\u03bb\u03b9\u03ba\u03cc<span style=\"color:#222222;font-family:Commissioner, sans-serif;font-size:16px;background-color:#ffffff\">\u00a0\u03b3\u03b9\u03b1 \u03c4\u03b7\u03bd \u03ba\u03b1\u03bb\u03cd\u03c4\u03b5\u03c1\u03b7 \u03ba\u03b1\u03c4\u03b1\u03bd\u03cc\u03b7\u03c3\u03b7 \u03c4\u03c9\u03bd \u03c3\u03c4\u03b1\u03b4\u03af\u03c9\u03bd \u03c5\u03bb\u03bf\u03c0\u03bf\u03af\u03b7\u03c3\u03b7\u03c2 \u03ba\u03ac\u03b8\u03b5 \u03b4\u03c1\u03b1\u03c3\u03c4\u03b7\u03c1\u03b9\u03cc\u03c4\u03b7\u03c4\u03b1\u03c2!<\/span><\/p>\n<p><span style=\"color:#222222;font-family:Commissioner, sans-serif;font-size:16px;background-color:#ffffff\">Informacion<\/span><\/p>\n<p class=\"MsoNormal\">ISBN: 978-618-03-2541-6<\/p>\n<\/p>\n<p class=\"MsoNormal\">\u0397\u03bc\u03b5\u03c1\u03bf\u03bc\u03b7\u03bd\u03af\u03b1 \u03ad\u03ba\u03b4\u03bf\u03c3\u03b7\u03c2: 8\/4\/2021<\/p>\n<\/p>\n<p class=\"MsoNormal\">\u03a3\u03c5\u03b3\u03b3\u03c1\u03b1\u03c6\u03ad\u03b1\u03c2: <a href=\"https:\/\/www.metaixmio.gr\/el\/contributor\/andrea-scalzo-yi?code=author\" rel=\"noopener\"><span>Andrea\u00a0Scalzo Yi<\/span><\/a><\/p>\n<\/p>\n<p class=\"MsoNormal\">\u039c\u03b5\u03c4\u03ac\u03c6\u03c1\u03b1\u03c3\u03b7: \u03a3\u03bf\u03c6\u03af\u03b1\u00a0\u0393\u03c1\u03b7\u03b3\u03bf\u03c1\u03af\u03bf\u03c5<\/p>\n<\/p>\n<p class=\"MsoNormal\">\u0397\u03bb\u03b9\u03ba\u03b9\u03b1\u03ba\u03ae \u03ba\u03b1\u03c4\u03b7\u03b3\u03bf\u03c1\u03af\u03b1: <a href=\"https:\/\/www.metaixmio.gr\/categories\/catalog?q=attr:%CE%97%CE%BB%CE%B9%CE%BA%CE%B9%CE%B1%CE%BA%CE%AE%20%CE%BA%CE%B1%CF%84%CE%B7%CE%B3%CE%BF%CF%81%CE%AF%CE%B1;%CE%93%CE%B9%CE%B1%20%CF%80%CE%B1%CE%B9%CE%B4%CE%B9%CE%AC%20%CE%B1%CF%80%CF%8C%204%20%CE%B5%CF%84%CF%8E%CE%BD\" rel=\"noopener\"><span>\u0393\u03b9\u03b1 \u03c0\u03b1\u03b9\u03b4\u03b9\u03ac \u03b1\u03c0\u03cc 4 \u03b5\u03c4\u03ce\u03bd<\/span><\/a><\/p>\n<\/p>\n<p class=\"MsoNormal\">\u03a3\u03b5\u03bb\u03af\u03b4\u03b5\u03c2: 192<\/p>\n<\/p>\n<p class=\"MsoNormal\">\u03a4\u03cd\u03c0\u03bf\u03c2 \u03b5\u03be\u03c9\u03c6\u03cd\u03bb\u03bb\u03bf\u03c5: \u039c\u03b1\u03bb\u03b1\u03ba\u03cc<\/p>\n<\/p>\n<p class=\"MsoNormal\">\n<p class=\"MsoNormal\">\u0394\u03b9\u03b1\u03c3\u03c4\u03ac\u03c3\u03b5\u03b9\u03c2: 21 x 23<\/p>\n<\/p>\n<p><span style=\"color:#222222;font-family:Commissioner, sans-serif;font-size:16px;background-color:#ffffff\"><\/span><\/p>","protected":false},"excerpt":{"rendered":"<p><span style=\"color:#222222;font-family:Commissioner, sans-serif;font-size:16px;background-color:#ffffff\">\u0388\u03bd\u03b1 \u03c0\u03c1\u03c9\u03c4\u03cc\u03c4\u03c5\u03c0\u03bf \u03b2\u03b9\u03b2\u03bb\u03af\u03bf \u03bc\u03b5 \u03c6\u03b1\u03bd\u03c4\u03b1\u03c3\u03c4\u03b9\u03ba\u03ad\u03c2\u00a0<\/span>\u03b4\u03c1\u03b1\u03c3\u03c4\u03b7\u03c1\u03b9\u03cc\u03c4\u03b7\u03c4\u03b5\u03c2 \u03ba\u03b1\u03b9 \u03c0\u03b5\u03b9\u03c1\u03ac\u03bc\u03b1\u03c4\u03b1 STEAM (Science, Technology, Engineering, Arts, Mathematics)<span style=\"color:#222222;font-family:Commissioner, sans-serif;font-size:16px;background-color:#ffffff\"> \u03b3\u03b9\u03b1 \u03c0\u03b1\u03b9\u03b4\u03b9\u03ac \u03c0\u03c1\u03bf\u03c3\u03c7\u03bf\u03bb\u03b9\u03ba\u03ae\u03c2 \u03b7\u03bb\u03b9\u03ba\u03af\u03b1\u03c2.<\/span><\/p>","protected":false},"featured_media":5027,"comment_status":"open","ping_status":"closed","template":"","meta":{"site-sidebar-layout":"default","site-content-layout":"","ast-site-content-layout":"default","site-content-style":"default","site-sidebar-style":"default","ast-global-header-display":"","ast-banner-title-visibility":"","ast-main-header-display":"","ast-hfb-above-header-display":"","ast-hfb-below-header-display":"","ast-hfb-mobile-header-display":"","site-post-title":"","ast-breadcrumbs-content":"","ast-featured-img":"","footer-sml-layout":"","ast-disable-related-posts":"","theme-transparent-header-meta":"","adv-header-id-meta":"","stick-header-meta":"","header-above-stick-meta":"","header-main-stick-meta":"","header-below-stick-meta":"","astra-migrate-meta-layouts":"default","ast-page-background-enabled":"default","ast-page-background-meta":{"desktop":{"background-color":"var(--ast-global-color-5)","background-image":"","background-repeat":"repeat","background-position":"center center","background-size":"auto","background-attachment":"scroll","background-type":"","background-media":"","overlay-type":"","overlay-color":"","overlay-opacity":"","overlay-gradient":""},"tablet":{"background-color":"","background-image":"","background-repeat":"repeat","background-position":"center center","background-size":"auto","background-attachment":"scroll","background-type":"","background-media":"","overlay-type":"","overlay-color":"","overlay-opacity":"","overlay-gradient":""},"mobile":{"background-color":"","background-image":"","background-repeat":"repeat","background-position":"center center","background-size":"auto","background-attachment":"scroll","background-type":"","background-media":"","overlay-type":"","overlay-color":"","overlay-opacity":"","overlay-gradient":""}},"ast-content-background-meta":{"desktop":{"background-color":"var(--ast-global-color-4)","background-image":"","background-repeat":"repeat","background-position":"center center","background-size":"auto","background-attachment":"scroll","background-type":"","background-media":"","overlay-type":"","overlay-color":"","overlay-opacity":"","overlay-gradient":""},"tablet":{"background-color":"var(--ast-global-color-4)","background-image":"","background-repeat":"repeat","background-position":"center center","background-size":"auto","background-attachment":"scroll","background-type":"","background-media":"","overlay-type":"","overlay-color":"","overlay-opacity":"","overlay-gradient":""},"mobile":{"background-color":"var(--ast-global-color-4)","background-image":"","background-repeat":"repeat","background-position":"center center","background-size":"auto","background-attachment":"scroll","background-type":"","background-media":"","overlay-type":"","overlay-color":"","overlay-opacity":"","overlay-gradient":""}}},"product_brand":[115],"product_cat":[25],"product_tag":[],"class_list":{"0":"post-6866","1":"product","2":"type-product","3":"status-publish","4":"has-post-thumbnail","6":"product_brand-metaixmio","7":"product_cat--steam","8":"desktop-align-left","9":"tablet-align-left","10":"mobile-align-left","12":"first","13":"instock","14":"taxable","15":"shipping-taxable","16":"purchasable","17":"product-type-simple"},"_links":{"self":[{"href":"https:\/\/stem-eshop.gr\/sq\/wp-json\/wp\/v2\/product\/6866","targetHints":{"allow":["GET"]}}],"collection":[{"href":"https:\/\/stem-eshop.gr\/sq\/wp-json\/wp\/v2\/product"}],"about":[{"href":"https:\/\/stem-eshop.gr\/sq\/wp-json\/wp\/v2\/types\/product"}],"replies":[{"embeddable":true,"href":"https:\/\/stem-eshop.gr\/sq\/wp-json\/wp\/v2\/comments?post=6866"}],"wp:featuredmedia":[{"embeddable":true,"href":"https:\/\/stem-eshop.gr\/sq\/wp-json\/wp\/v2\/media\/5027"}],"wp:attachment":[{"href":"https:\/\/stem-eshop.gr\/sq\/wp-json\/wp\/v2\/media?parent=6866"}],"wp:term":[{"taxonomy":"product_brand","embeddable":true,"href":"https:\/\/stem-eshop.gr\/sq\/wp-json\/wp\/v2\/product_brand?post=6866"},{"taxonomy":"product_cat","embeddable":true,"href":"https:\/\/stem-eshop.gr\/sq\/wp-json\/wp\/v2\/product_cat?post=6866"},{"taxonomy":"product_tag","embeddable":true,"href":"https:\/\/stem-eshop.gr\/sq\/wp-json\/wp\/v2\/product_tag?post=6866"}],"curies":[{"name":"wp","href":"https:\/\/api.w.org\/{rel}","templated":true}]}}