{"id":6864,"date":"2025-05-19T08:54:45","date_gmt":"2025-05-19T08:54:45","guid":{"rendered":"https:\/\/stem-eshop.gr\/product\/%ce%b4%ce%b9%ce%b4%ce%b1%ce%ba%cf%84%ce%b9%ce%ba%ce%b7-%cf%83%cf%87%ce%b5%ce%b4%ce%b9%ce%b1%cf%83%ce%bc%ce%bf%cf%83-%ce%b5%ce%ba%cf%80%ce%b1%ce%b9%ce%b4%ce%b5%cf%85%cf%84%ce%b9%ce%ba%cf%89%ce%bd\/"},"modified":"2025-05-22T21:13:35","modified_gmt":"2025-05-22T18:13:35","slug":"%ce%b4%ce%b9%ce%b4%ce%b1%ce%ba%cf%84%ce%b9%ce%ba%ce%b7-%cf%83%cf%87%ce%b5%ce%b4%ce%b9%ce%b1%cf%83%ce%bc%ce%bf%cf%83-%ce%b5%ce%ba%cf%80%ce%b1%ce%b9%ce%b4%ce%b5%cf%85%cf%84%ce%b9%ce%ba%cf%89%ce%bd","status":"publish","type":"product","link":"https:\/\/stem-eshop.gr\/sq\/produkt\/%ce%b4%ce%b9%ce%b4%ce%b1%ce%ba%cf%84%ce%b9%ce%ba%ce%b7-%cf%83%cf%87%ce%b5%ce%b4%ce%b9%ce%b1%cf%83%ce%bc%ce%bf%cf%83-%ce%b5%ce%ba%cf%80%ce%b1%ce%b9%ce%b4%ce%b5%cf%85%cf%84%ce%b9%ce%ba%cf%89%ce%bd\/","title":{"rendered":"M\u00cbSIMDH\u00cbNIA DHE DIZAJNIMI I AKTIVITETEVE ARSIMORE N\u00cb STEM DHE TIK"},"content":{"rendered":"<p><span style=\"font-family:'Open Sans';font-size:14px;text-align:justify;background-color:#ffffff\">\u03a4\u03bf \u201ccomputing\u201d \u03ba\u03b1\u03b9 \u03c4\u03bf STEM \u03b5\u03af\u03bd\u03b1\u03b9 \u03ba\u03ac\u03c4\u03b9 \u03c0\u03bf\u03bb\u03cd \u03c0\u03b1\u03c1\u03b1\u03c0\u03ac\u03bd\u03c9 \u03b1\u03c0\u03cc \u03c4\u03b7\u03bd \u03b5\u03c0\u03b9\u03c3\u03c4\u03ae\u03bc\u03b7 \u03c4\u03c9\u03bd \u03c5\u03c0\u03bf\u03bb\u03bf\u03b3\u03b9\u03c3\u03c4\u03ce\u03bd (computer science) \u03ba\u03b1\u03b9 \u03bf\u03c5\u03c3\u03b9\u03b1\u03c3\u03c4\u03b9\u03ba\u03ac \u03b5\u03af\u03bd\u03b1\u03b9 \u03bc\u03b9\u03b1 \u03bc\u03ad\u03b8\u03bf\u03b4\u03bf\u03c2 \u03c0\u03bf\u03c5 \u03b5\u03bc\u03c0\u03bb\u03ad\u03ba\u03b5\u03b9 \u03c4\u03bf\u03c5\u03c2 \u03b5\u03ba\u03c0\u03b1\u03b9\u03b4\u03b5\u03c5\u03bf\u03bc\u03ad\u03bd\u03bf\u03c5\u03c2-\u03c3\u03b5 \u03cc\u03bb\u03b5\u03c2 \u03c4\u03b9\u03c2 \u03b2\u03b1\u03b8\u03bc\u03af\u03b4\u03b5\u03c2 \u03b5\u03ba\u03c0\u03b1\u03af\u03b4\u03b5\u03c5\u03c3\u03b7\u03c2- \u03c3\u03c4\u03bf\u03bd \u03b5\u03c0\u03b9\u03c3\u03c4\u03b7\u03bc\u03bf\u03bd\u03b9\u03ba\u03cc \u03c4\u03c1\u03cc\u03c0\u03bf \u03c3\u03ba\u03ad\u03c8\u03b7\u03c2, \u03b5\u03bd\u03ce \u03c0\u03b1\u03c1\u03ac\u03bb\u03bb\u03b7\u03bb\u03b1 \u03b8\u03b5\u03c9\u03c1\u03b5\u03af\u03c4\u03b1\u03b9 \u03bc\u03b9\u03b1 \u03b4\u03b9\u03b4\u03b1\u03ba\u03c4\u03b9\u03ba\u03ae \u03c0\u03b1\u03c1\u03ad\u03bc\u03b2\u03b1\u03c3\u03b7 \u03b3\u03b9\u03b1 \u03c4\u03b7\u03bd \u03b5\u03c0\u03af\u03bb\u03c5\u03c3\u03b7 \u03c0\u03c1\u03bf\u03b2\u03bb\u03ae\u03bc\u03b1\u03c4\u03bf\u03c2 \u03b5\u03bc\u03c0\u03bb\u03ad\u03ba\u03bf\u03bd\u03c4\u03b1\u03c2 \u03c4\u03b7\u03bd \u03c5\u03c0\u03bf\u03bb\u03bf\u03b3\u03b9\u03c3\u03c4\u03b9\u03ba\u03ae \u03b5\u03c0\u03b9\u03c3\u03c4\u03ae\u03bc\u03b7. \u0394\u03b5\u03bd \u03b5\u03af\u03bd\u03b1\u03b9 \u03c4\u03c5\u03c7\u03b1\u03af\u03bf \u03cc\u03c4\u03b9 \u03c4\u03b1 \u03b9\u03bd\u03c3\u03c4\u03b9\u03c4\u03bf\u03cd\u03c4\u03b1 \u03b5\u03ba\u03c0\u03b1\u03b9\u03b4\u03b5\u03c5\u03c4\u03b9\u03ba\u03ae\u03c2 \u03c0\u03bf\u03bb\u03b9\u03c4\u03b9\u03ba\u03ae\u03c2 \u03c3\u03b5 \u03c0\u03c1\u03bf\u03b7\u03b3\u03bc\u03ad\u03bd\u03b5\u03c2 \u03c7\u03ce\u03c1\u03b5\u03c2, \u03c3\u03c5\u03bd\u03b5\u03c1\u03b3\u03ac\u03b6\u03bf\u03bd\u03c4\u03b1\u03b9 \u03bc\u03b5 \u03c4\u03b1 \u03a0\u03b1\u03bd\u03b5\u03c0\u03b9\u03c3\u03c4\u03ae\u03bc\u03b9\u03b1, \u03b1\u03bb\u03bb\u03ac \u03ba\u03b1\u03b9 \u03bc\u03b5 \u03c4\u03b7\u03bd Google \u03ba\u03b1\u03b9 \u03c4\u03b7\u03bd Microsoft, \u03ce\u03c3\u03c4\u03b5 \u03bd\u03b1 \u03b4\u03b7\u03bc\u03b9\u03bf\u03c5\u03c1\u03b3\u03b7\u03b8\u03bf\u03cd\u03bd \u03bd\u03ad\u03b1 \u03b1\u03bd\u03b1\u03bb\u03c5\u03c4\u03b9\u03ba\u03ac \u03c0\u03c1\u03bf\u03b3\u03c1\u03ac\u03bc\u03bc\u03b1\u03c4\u03b1 \u03b3\u03b9\u03b1 \u03c4\u03b7\u03bd \u03b5\u03c0\u03cc\u03bc\u03b5\u03bd\u03b7 \u03b3\u03b5\u03bd\u03b9\u03ac \u03c4\u03c9\u03bd \u03bc\u03b1\u03b8\u03b7\u03c4\u03ce\u03bd, \u03b5\u03bd\u03ce \u03ad\u03bd\u03b1\u03c2 \u03bc\u03b5\u03b3\u03ac\u03bb\u03bf\u03c2 \u03b1\u03c1\u03b9\u03b8\u03bc\u03cc\u03c2 \u03c0\u03c1\u03bf\u03c0\u03c4\u03c5\u03c7\u03b9\u03b1\u03ba\u03ce\u03bd \u03ba\u03b1\u03b9 \u03bc\u03b5\u03c4\u03b1\u03c0\u03c4\u03c5\u03c7\u03b9\u03b1\u03ba\u03ce\u03bd \u03c4\u03bc\u03b7\u03bc\u03ac\u03c4\u03c9\u03bd \u03b1\u03bd\u03b1\u03c6\u03ad\u03c1\u03bf\u03bd\u03c4\u03b1\u03b9 \u03c0\u03bb\u03ad\u03bf\u03bd \u03c3\u03c4\u03b7\u03bd \u03a5\u03c0\u03bf\u03bb\u03bf\u03b3\u03b9\u03c3\u03c4\u03b9\u03ba\u03ae \u0395\u03c0\u03b9\u03c3\u03c4\u03ae\u03bc\u03b7 (computational science). \u03a4\u03bf \u03b2\u03b9\u03b2\u03bb\u03af\u03bf \u03b1\u03c5\u03c4\u03cc \u03b5\u03af\u03bd\u03b1\u03b9 \u03c7\u03c1\u03ae\u03c3\u03b9\u03bc\u03bf \u03c3\u03b5 \u03c0\u03c1\u03bf\u03c0\u03c4\u03c5\u03c7\u03b9\u03b1\u03ba\u03bf\u03cd\u03c2 \u03ba\u03b1\u03b9 \u03bc\u03b5\u03c4\u03b1\u03c0\u03c4\u03c5\u03c7\u03b9\u03b1\u03ba\u03bf\u03cd\u03c2 \u03c6\u03bf\u03b9\u03c4\u03b7\u03c4\u03ad\u03c2 \u03c0\u03b1\u03b9\u03b4\u03b1\u03b3\u03c9\u03b3\u03b9\u03ba\u03ce\u03bd \u03c4\u03bc\u03b7\u03bc\u03ac\u03c4\u03c9\u03bd \u03c0\u03bf\u03c5 \u03b1\u03c3\u03c7\u03bf\u03bb\u03bf\u03cd\u03bd\u03c4\u03b1\u03b9 \u03bc\u03b5 \u03c4\u03b9\u03c2 \u03bd\u03ad\u03b5\u03c2 \u03c4\u03b5\u03c7\u03bd\u03bf\u03bb\u03bf\u03b3\u03af\u03b5\u03c2 \u03ba\u03b1\u03b9 \u03b8\u03ad\u03bb\u03bf\u03c5\u03bd \u03bd\u03b1 \u03b5\u03bc\u03b2\u03b1\u03b8\u03cd\u03bd\u03bf\u03c5\u03bd \u03c3\u03b5 \u03b8\u03ad\u03bc\u03b1\u03c4\u03b1 \u03cc\u03c0\u03c9\u03c2 \u03b7 \u03c5\u03c0\u03bf\u03bb\u03bf\u03b3\u03b9\u03c3\u03c4\u03b9\u03ba\u03ae \u03c3\u03ba\u03ad\u03c8\u03b7, \u03c4\u03bf STEM, \u03b7 \u03c5\u03c0\u03bf\u03bb\u03bf\u03b3\u03b9\u03c3\u03c4\u03b9\u03ba\u03ae \u03b5\u03c0\u03b9\u03c3\u03c4\u03ae\u03bc\u03b7, \u03b7 \u03ad\u03bd\u03bd\u03bf\u03b9\u03b1 \u03c4\u03bf\u03c5 \u03bc\u03bf\u03bd\u03c4\u03ad\u03bb\u03bf\u03c5, \u03ba\u03bb\u03c0.. \u0391\u03c0\u03b5\u03c5\u03b8\u03cd\u03bd\u03b5\u03c4\u03b1\u03b9 \u03b5\u03c0\u03af\u03c3\u03b7\u03c2 \u03c3\u03b5 \u03c0\u03c1\u03bf\u03c0\u03c4\u03c5\u03c7\u03b9\u03b1\u03ba\u03bf\u03cd\u03c2 \u03ba\u03b1\u03b9 \u03bc\u03b5\u03c4\u03b1\u03c0\u03c4\u03c5\u03c7\u03b9\u03b1\u03ba\u03bf\u03cd\u03c2 \u03c6\u03bf\u03b9\u03c4\u03b7\u03c4\u03ad\u03c2 \u03c4\u03c9\u03bd \u03b8\u03b5\u03c4\u03b9\u03ba\u03ce\u03bd \u03b5\u03c0\u03b9\u03c3\u03c4\u03b7\u03bc\u03ce\u03bd \u03ba\u03b1\u03b9 \u03c4\u03b7\u03c2 \u03b5\u03c0\u03b9\u03c3\u03c4\u03ae\u03bc\u03b7\u03c2 \u03c4\u03b7\u03c2 \u03bc\u03b7\u03c7\u03b1\u03bd\u03b9\u03ba\u03ae\u03c2 (engineering), \u03bf\u03b9 \u03bf\u03c0\u03bf\u03af\u03bf\u03b9 \u03b8\u03b1 \u03c0\u03c1\u03ad\u03c0\u03b5\u03b9 \u03bd\u03b1 \u03b3\u03bd\u03c9\u03c1\u03af\u03c3\u03bf\u03c5\u03bd \u03c4\u03b7\u03bd \u03c5\u03c0\u03bf\u03bb\u03bf\u03b3\u03b9\u03c3\u03c4\u03b9\u03ba\u03ae \u03c3\u03ba\u03ad\u03c8\u03b7 \u03ba\u03b1\u03b9 \u03c4\u03b1 \u03c7\u03b1\u03c1\u03b1\u03ba\u03c4\u03b7\u03c1\u03b9\u03c3\u03c4\u03b9\u03ba\u03ac \u03c4\u03b7\u03c2, \u03ba\u03b1\u03b8\u03ce\u03c2 \u03b5\u03af\u03c4\u03b5 \u03c9\u03c2 \u03b5\u03ba\u03c0\u03b1\u03b9\u03b4\u03b5\u03c5\u03c4\u03b9\u03ba\u03bf\u03af, \u03b5\u03af\u03c4\u03b5 \u03c9\u03c2 \u03b5\u03c0\u03b9\u03c3\u03c4\u03ae\u03bc\u03bf\u03bd\u03b5\u03c2\/\u03bc\u03b7\u03c7\u03b1\u03bd\u03b9\u03ba\u03bf\u03af, \u03b8\u03b1 \u03ba\u03bb\u03b7\u03b8\u03bf\u03cd\u03bd \u03bd\u03b1 \u03b1\u03c3\u03c7\u03bf\u03bb\u03b7\u03b8\u03bf\u03cd\u03bd \u03bc\u03b5 \u03b1\u03c5\u03c4\u03ae\u03bd \u03ba\u03b1\u03b9 \u03bd\u03b1 \u03c4\u03b7\u03bd \u03b5\u03c6\u03b1\u03c1\u03bc\u03cc\u03c3\u03bf\u03c5\u03bd \u03ac\u03bc\u03b5\u03c3\u03b1 \u03ae \u03ad\u03bc\u03bc\u03b5\u03c3\u03b1. \u03a4\u03ad\u03bb\u03bf\u03c2 \u03b1\u03c0\u03b5\u03c5\u03b8\u03cd\u03bd\u03b5\u03c4\u03b1\u03b9 \u03b5\u03c0\u03af\u03c3\u03b7\u03c2 \u03c3\u03b5 \u03b5\u03ba\u03c0\u03b1\u03b9\u03b4\u03b5\u03c5\u03c4\u03b9\u03ba\u03bf\u03cd\u03c2 \u03c0\u03bf\u03c5 \u03b8\u03ad\u03bb\u03bf\u03c5\u03bd \u03bd\u03b1 \u03b1\u03c5\u03c4\u03bf\u03b5\u03c0\u03b9\u03bc\u03bf\u03c1\u03c6\u03c9\u03b8\u03bf\u03cd\u03bd \u03c3\u03b5 \u03b8\u03ad\u03bc\u03b1\u03c4\u03b1 \u03c5\u03c0\u03bf\u03bb\u03bf\u03b3\u03b9\u03c3\u03c4\u03b9\u03ba\u03ae\u03c2 \u03c3\u03ba\u03ad\u03c8\u03b7\u03c2 \u03ba\u03b1\u03b9 \u03bd\u03b1 \u03b1\u03bd\u03b1\u03c0\u03c4\u03cd\u03be\u03bf\u03c5\u03bd \u03bc\u03cc\u03bd\u03bf\u03b9 \u03c4\u03bf\u03c5\u03c2 \u03bc\u03bf\u03bd\u03c4\u03ad\u03bb\u03b1 \u03c0\u03c1\u03bf\u03c3\u03bf\u03bc\u03bf\u03af\u03c9\u03c3\u03b7\u03c2, \u03ce\u03c3\u03c4\u03b5 \u03bd\u03b1 \u03bc\u03b7\u03bd \u03b8\u03b5\u03c9\u03c1\u03b5\u03af\u03c4\u03b1\u03b9 \u03b7 \u03b1\u03bd\u03ac\u03c0\u03c4\u03c5\u03be\u03b7 \u03bc\u03bf\u03bd\u03c4\u03ad\u03bb\u03c9\u03bd \u03c9\u03c2 \u03bc\u03b1\u03cd\u03c1\u03bf \u03ba\u03bf\u03c5\u03c4\u03af.<\/span><\/p>\n<p><span style=\"font-family:'Open Sans';font-size:14px;text-align:justify;background-color:#ffffff\"><\/span><\/p>\n<p>\u03a0\u03b5\u03c1\u03b9\u03ad\u03c7\u03b5\u03b9:<span style=\"font-family:'Open Sans';font-size:14px;text-align:justify;background-color:#ffffff\">\u00a0\u039c\u0395\u03a1\u039f\u03a3 \u0399: \u0394\u0399\u0394\u0391\u039a\u03a4\u0399\u039a\u0397, \u0398\u03b5\u03c9\u03c1\u03af\u03b5\u03c2 \u039c\u03ac\u03b8\u03b7\u03c3\u03b7\u03c2, \u0394\u03b9\u03b4\u03b1\u03ba\u03c4\u03b9\u03ba\u03ac \u039c\u03bf\u03bd\u03c4\u03ad\u03bb\u03b1, \u039c\u0395\u03a1\u039f\u03a3 \u0399\u0399: \u03a5\u03a0\u039f\u039b\u039f\u0393\u0399\u03a3\u03a4\u0399\u039a\u0397 \u03a3\u039a\u0395\u03a8\u0397, STEM \u039a\u0391\u0399 \u0394\u0399\u0394\u0391\u039a\u03a4\u0399\u039a\u0391 \u03a3\u0395\u039d\u0391\u03a1\u0399\u0391, \u0397 \u03a5\u03c0\u03bf\u03bb\u03bf\u03b3\u03b9\u03c3\u03c4\u03b9\u03ba\u03ae \u0395\u03c0\u03b9\u03c3\u03c4\u03ae\u03bc\u03b7 \u03ba\u03b1\u03b9 \u03b7 \u03a5\u03c0\u03bf\u03bb\u03bf\u03b3\u03b9\u03c3\u03c4\u03b9\u03ba\u03ae \u03a3\u03ba\u03ad\u03c8\u03b7 \u03c3\u03c4\u03b7\u03bd \u0395\u03ba\u03c0\u03b1\u03af\u03b4\u03b5\u03c5\u03c3\u03b7 \/ \u0395\u03c0\u03b9\u03c3\u03c4\u03b7\u03bc\u03bf\u03bb\u03bf\u03b3\u03b9\u03ba\u03ae \u03ba\u03b1\u03b9 \u039c\u03b5\u03b8\u03bf\u03b4\u03bf\u03bb\u03bf\u03b3\u03b9\u03ba\u03ae \u0398\u03b5\u03ce\u03c1\u03b7\u03c3\u03b7, \u03a4\u03bf STEM\u00a0 \u03ba\u03b1\u03b9 \u03b7 \u03c5\u03c0\u03bf\u03bb\u03bf\u03b3\u03b9\u03c3\u03c4\u03b9\u03ba\u03ae \u03a3\u03ba\u03ad\u03c8\u03b7 \u03c3\u03c4\u03b7 \u0394\u03b9\u03b4\u03b1\u03ba\u03c4\u03b9\u03ba\u03ae \/ \u0395\u03b9\u03c3\u03b1\u03b3\u03c9\u03b3\u03ae \u03c3\u03c4\u03b7 \u0398\u03b5\u03c9\u03c1\u03af\u03b1 &amp; \u039c\u03b5\u03b8\u03bf\u03b4\u03bf\u03bb\u03bf\u03b3\u03af\u03b1 \u03c4\u03bf\u03c5 STEM, \u03a3\u03c7\u03b5\u03b4\u03b9\u03b1\u03c3\u03bc\u03cc\u03c2 \u0394\u03b9\u03b4\u03b1\u03ba\u03c4\u03b9\u03ba\u03ce\u03bd \u03a3\u03b5\u03bd\u03b1\u03c1\u03af\u03c9\u03bd STEM \u03ba\u03b1\u03b9 \u03a4\u03a0\u0395, STEM \u03b4\u03af\u03c7\u03c9\u03c2 \u03a5\u03c0\u03bf\u03bb\u03bf\u03b3\u03b9\u03c3\u03c4\u03ae, \u0395\u03b9\u03b4\u03b9\u03ba\u03ad\u03c2\u00a0 \u0395\u03ba\u03c0\u03b1\u03b9\u03b4\u03b5\u03c5\u03c4\u03b9\u03ba\u03ad\u03c2 \u0394\u03c1\u03b1\u03c3\u03c4\u03b7\u03c1\u03b9\u03cc\u03c4\u03b7\u03c4\u03b5\u03c2 \u03ba\u03b1\u03b9 STEM, \u039c\u0395\u03a1\u039f\u03a3 \u0399\u0399\u0399: \u03a5\u039b\u0399\u039a\u0391, \u03a5\u03bb\u03b9\u03ba\u03ac \u03b3\u03b9\u03b1 \u0395\u03ba\u03c0\u03b1\u03b9\u03b4\u03b5\u03c5\u03c4\u03b9\u03ba\u03ad\u03c2 \u0394\u03c1\u03b1\u03c3\u03c4\u03b7\u03c1\u03b9\u03cc\u03c4\u03b7\u03c4\u03b5\u03c2 STEM, \u039b\u03bf\u03b3\u03b9\u03c3\u03bc\u03b9\u03ba\u03ac \u03a5\u03c0\u03bf\u03c3\u03c4\u03ae\u03c1\u03b9\u03be\u03b7\u03c2 STEM, \u039c\u0395\u03a1\u039f\u03a3 IV: \u03a0\u039b\u0391\u03a4\u03a6\u039f\u03a1\u039c\u0395\u03a3 \u0393\u0399\u0391 \u0391\u039d\u0391\u03a0\u03a4\u03a5\u039e\u0397 \u0395\u039a\u03a0\u0391\u0399\u0394\u0395\u03a5\u03a4\u0399\u039a\u03a9\u039d \u0394\u03a1\u0391\u03a3\u03a4\u0397\u03a1\u0399\u039f\u03a4\u0397\u03a4\u03a9\u039d STEM, \u03a0\u03bb\u03b1\u03c4\u03c6\u03cc\u03c1\u03bc\u03b1 ARDUINO \u03b3\u03b9\u03b1 \u03b5\u03ba\u03c0\u03b1\u03b9\u03b4\u03b5\u03c5\u03c4\u03b9\u03ba\u03ad\u03c2 \u03b4\u03c1\u03b1\u03c3\u03c4\u03b7\u03c1\u03b9\u03cc\u03c4\u03b7\u03c4\u03b5\u03c2 STEM, \u03a0\u03bb\u03b1\u03c4\u03c6\u03cc\u03c1\u03bc\u03b1 Raspberry Pi \u03b3\u03b9\u03b1 \u0391\u03bd\u03ac\u03c0\u03c4\u03c5\u03be\u03b7 \u0394\u03c1\u03b1\u03c3\u03c4\u03b7\u03c1\u03b9\u03bf\u03c4\u03ae\u03c4\u03c9\u03bd STEM \u03bc\u03b5 Scratch \u03ba\u03b1\u03b9 Python, \u0395\u03ba\u03c0\u03b1\u03b9\u03b4\u03b5\u03c5\u03c4\u03b9\u03ba\u03ae \u03a1\u03bf\u03bc\u03c0\u03bf\u03c4\u03b9\u03ba\u03ae, LabVIEW \u03b3\u03b9\u03b1 \u0395\u03ba\u03c0\u03b1\u03b9\u03b4\u03b5\u03c5\u03c4\u03b9\u03ba\u03ad\u03c2 \u0394\u03c1\u03b1\u03c3\u03c4\u03b7\u03c1\u03b9\u03cc\u03c4\u03b7\u03c4\u03b5\u03c2 STEM, \u0391\u03bd\u03ac\u03c0\u03c4\u03c5\u03be\u03b7 \u0395\u03ba\u03c0\u03b1\u03b9\u03b4\u03b5\u03c5\u03c4\u03b9\u03ba\u03ce\u03bd \u0395\u03c6\u03b1\u03c1\u03bc\u03bf\u03b3\u03ce\u03bd \u03bc\u03b5 Ejs, \u0392\u03b9\u03b2\u03bb\u03b9\u03bf\u03b3\u03c1\u03b1\u03c6\u03af\u03b1, \u0395\u03c5\u03c1\u03b5\u03c4\u03ae\u03c1\u03b9\u03bf.<\/span><span style=\"font-family:'Open Sans';font-size:14px;text-align:justify;background-color:#ffffff\"><\/span><\/p>\n<p><span style=\"font-family:'Open Sans';font-size:14px;text-align:justify;background-color:#ffffff\"><\/span><\/p>\n<p>ISBN<span style=\"font-family:'Open Sans';font-size:14px;background-color:#ffffff\">: 978-960-418-706-5<\/span><br style=\"font-family:'Open Sans';font-size:14px;background-color:#ffffff\" \/>\u039a\u03c9\u03b4\u03b9\u03ba\u03cc\u03c2 \u0395\u03c5\u03b4\u03cc\u03be\u03bf\u03c5<span style=\"font-family:'Open Sans';font-size:14px;background-color:#ffffff\">: 68374254<\/span><br style=\"font-family:'Open Sans';font-size:14px;background-color:#ffffff\" \/>\u0388\u03ba\u03b4\u03bf\u03c3\u03b7<span style=\"font-family:'Open Sans';font-size:14px;background-color:#ffffff\">: 1\u03b7 \u0388\u03ba\u03b4\u03bf\u03c3\u03b7<\/span><br style=\"font-family:'Open Sans';font-size:14px;background-color:#ffffff\" \/>\u0388\u03c4\u03bf\u03c2 \u03ad\u03ba\u03b4\u03bf\u03c3\u03b7\u03c2<span style=\"font-family:'Open Sans';font-size:14px;background-color:#ffffff\">: 2017<\/span><br style=\"font-family:'Open Sans';font-size:14px;background-color:#ffffff\" \/>\u03a3\u03b5\u03bb\u03af\u03b4\u03b5\u03c2<span style=\"font-family:'Open Sans';font-size:14px;background-color:#ffffff\">: 608<\/span><br style=\"font-family:'Open Sans';font-size:14px;background-color:#ffffff\" \/>\u0395\u03ba\u03c4\u03cd\u03c0\u03c9\u03c3\u03b7<span style=\"font-family:'Open Sans';font-size:14px;background-color:#ffffff\">: \u03a4\u03b5\u03c4\u03c1\u03ac\u03c7\u03c1\u03c9\u03bc\u03bf<\/span><br style=\"font-family:'Open Sans';font-size:14px;background-color:#ffffff\" \/>\u0394\u03b9\u03b1\u03c3\u03c4\u03ac\u03c3\u03b5\u03b9\u03c2<span style=\"font-family:'Open Sans';font-size:14px;background-color:#ffffff\">: 21 x 29<\/span><br style=\"font-family:'Open Sans';font-size:14px;background-color:#ffffff\" \/>\u0395\u03be\u03ce\u03c6\u03c5\u03bb\u03bb\u03bf<span style=\"font-family:'Open Sans';font-size:14px;background-color:#ffffff\">: \u03a3\u03ba\u03bb\u03b7\u03c1\u03cc<\/span><br style=\"font-family:'Open Sans';font-size:14px;background-color:#ffffff\" \/>\u0395\u03ba\u03b4\u03cc\u03c4\u03b7\u03c2<span style=\"font-family:'Open Sans';font-size:14px;background-color:#ffffff\">: \u0395\u03ba\u03b4\u03cc\u03c3\u03b5\u03b9\u03c2 \u03a4\u0396\u0399\u039f\u039b\u0391<\/span><span style=\"font-family:'Open Sans';font-size:14px;text-align:justify;background-color:#ffffff\"><\/span><\/p>","protected":false},"excerpt":{"rendered":"<p><span style=\"font-family:'Open Sans';font-size:14px;text-align:justify;background-color:#ffffff\">\u03a4\u03bf \u03c0\u03b1\u03c1\u03cc\u03bd \u03b2\u03b9\u03b2\u03bb\u03af\u03bf \u03b3\u03c1\u03ac\u03c6\u03c4\u03b7\u03ba\u03b5 \u03bc\u03b5 \u03c3\u03ba\u03bf\u03c0\u03cc \u03bd\u03b1 \u03b1\u03c0\u03bf\u03c4\u03b5\u03bb\u03ad\u03c3\u03b5\u03b9, \u03b3\u03b9\u03b1 \u03c4\u03bf\u03bd \u03c6\u03bf\u03b9\u03c4\u03b7\u03c4\u03ae \u03c4\u03c9\u03bd \u03a0\u03b1\u03b9\u03b4\u03b1\u03b3\u03c9\u03b3\u03b9\u03ba\u03ce\u03bd \u03a4\u03bc\u03b7\u03bc\u03ac\u03c4\u03c9\u03bd \u03ba\u03b1\u03b9 \u03ac\u03bb\u03bb\u03c9\u03bd \u03a4\u03bc\u03b7\u03bc\u03ac\u03c4\u03c9\u03bd \u0398\u03b5\u03c4\u03b9\u03ba\u03ae\u03c2 \u03ba\u03b1\u03c4\u03b5\u03cd\u03b8\u03c5\u03bd\u03c3\u03b7\u03c2 \u03c0\u03bf\u03c5 \u03b1\u03c3\u03c7\u03bf\u03bb\u03bf\u03cd\u03bd\u03c4\u03b1\u03b9 \u03bc\u03b5 \u03c4\u03b7\u03bd \u0394\u03b9\u03b4\u03b1\u03ba\u03c4\u03b9\u03ba\u03ae, \u03ba\u03b1\u03b9 \u03c4\u03bf\u03bd \u03c3\u03cd\u03b3\u03c7\u03c1\u03bf\u03bd\u03bf \u03b5\u03ba\u03c0\u03b1\u03b9\u03b4\u03b5\u03c5\u03c4\u03b9\u03ba\u03cc, \u03ad\u03bd\u03b1\u03bd \u03c0\u03bb\u03ae\u03c1\u03b7 \u03bf\u03b4\u03b7\u03b3\u03cc \u03b3\u03b9\u03b1 \u03c4\u03b7\u03bd \u03b1\u03bd\u03ac\u03c0\u03c4\u03c5\u03be\u03b7 \u03b5\u03ba\u03c0\u03b1\u03b9\u03b4\u03b5\u03c5\u03c4\u03b9\u03ba\u03ce\u03bd \u03b4\u03c1\u03b1\u03c3\u03c4\u03b7\u03c1\u03b9\u03bf\u03c4\u03ae\u03c4\u03c9\u03bd \u03c0\u03bf\u03c5 \u00ab\u03bf\u03bb\u03bf\u03ba\u03bb\u03b7\u03c1\u03ce\u03bd\u03bf\u03c5\u03bd\u00bb \u03b4\u03b9\u03b5-\u03b5\u03c0\u03b9\u03c3\u03c4\u03b7\u03bc\u03bf\u03bd\u03b9\u03ba\u03ac \u03c4\u03bf STEM \u03bc\u03b5 \u03c4\u03b7\u03bd \u03b5\u03ba\u03c0\u03b1\u03af\u03b4\u03b5\u03c5\u03c3\u03b7. \u03a4\u03bf \u03b2\u03b9\u03b2\u03bb\u03af\u03bf \u03b1\u03c5\u03c4\u03cc \u03b5\u03af\u03bd\u03b1\u03b9 \u03bf\u03c5\u03c3\u03b9\u03b1\u03c3\u03c4\u03b9\u03ba\u03ac \u03c4\u03bf \u03c0\u03c1\u03ce\u03c4\u03bf \u03b2\u03b9\u03b2\u03bb\u03af\u03bf \u03c0\u03bf\u03c5 \u03b1\u03bd\u03b1\u03bb\u03cd\u03b5\u03b9 \u03c4\u03b7 \u0398\u03b5\u03c9\u03c1\u03af\u03b1 \u03ba\u03b1\u03b9 \u039c\u03b5\u03b8\u03bf\u03b4\u03bf\u03bb\u03bf\u03b3\u03af\u03b1 \u03c4\u03bf\u03c5 STEM, \u03b5\u03bd\u03ce \u03bc\u03ad\u03c3\u03c9 \u03c0\u03b1\u03c1\u03b1\u03b4\u03b5\u03b9\u03b3\u03bc\u03ac\u03c4\u03c9\u03bd, \u03c5\u03bb\u03bf\u03c0\u03bf\u03b9\u03b5\u03af\u03c4\u03b1\u03b9 \u03c4\u03bf \u03bb\u03b5\u03b3\u03cc\u03bc\u03b5\u03bd\u03bf \u201ccomputing\u201d, \u03c4\u03bf \u03bf\u03c0\u03bf\u03af\u03bf \u03b4\u03b9\u03b1\u03c0\u03b5\u03c1\u03bd\u03ac \u03c4\u03b9\u03c2 \u03a4\u03b5\u03c7\u03bd\u03bf\u03bb\u03bf\u03b3\u03af\u03b5\u03c2 \u03a0\u03bb\u03b7\u03c1\u03bf\u03c6\u03bf\u03c1\u03af\u03b1\u03c2 \u03ba\u03b1\u03b9 \u0395\u03c0\u03b9\u03ba\u03bf\u03b9\u03bd\u03c9\u03bd\u03af\u03b1\u03c2 (\u03a4.\u03a0.\u0395.) \u03c3\u03cd\u03bc\u03c6\u03c9\u03bd\u03b1 \u03bc\u03b5 \u03c4\u03b9\u03c2 \u03c4\u03c1\u03ad\u03c7\u03bf\u03c5\u03c3\u03b5\u03c2 \u03c4\u03ac\u03c3\u03b5\u03b9\u03c2 \u03c3\u03c4\u03b7\u03bd \u0395\u03c5\u03c1\u03ce\u03c0\u03b7 \u03ba\u03b1\u03b9 \u03c3\u03c4\u03b7\u03bd \u0391\u03bc\u03b5\u03c1\u03b9\u03ba\u03ae.<\/span><\/p>","protected":false},"featured_media":5021,"comment_status":"open","ping_status":"closed","template":"","meta":{"site-sidebar-layout":"default","site-content-layout":"","ast-site-content-layout":"default","site-content-style":"default","site-sidebar-style":"default","ast-global-header-display":"","ast-banner-title-visibility":"","ast-main-header-display":"","ast-hfb-above-header-display":"","ast-hfb-below-header-display":"","ast-hfb-mobile-header-display":"","site-post-title":"","ast-breadcrumbs-content":"","ast-featured-img":"","footer-sml-layout":"","ast-disable-related-posts":"","theme-transparent-header-meta":"","adv-header-id-meta":"","stick-header-meta":"","header-above-stick-meta":"","header-main-stick-meta":"","header-below-stick-meta":"","astra-migrate-meta-layouts":"default","ast-page-background-enabled":"default","ast-page-background-meta":{"desktop":{"background-color":"var(--ast-global-color-5)","background-image":"","background-repeat":"repeat","background-position":"center center","background-size":"auto","background-attachment":"scroll","background-type":"","background-media":"","overlay-type":"","overlay-color":"","overlay-opacity":"","overlay-gradient":""},"tablet":{"background-color":"","background-image":"","background-repeat":"repeat","background-position":"center center","background-size":"auto","background-attachment":"scroll","background-type":"","background-media":"","overlay-type":"","overlay-color":"","overlay-opacity":"","overlay-gradient":""},"mobile":{"background-color":"","background-image":"","background-repeat":"repeat","background-position":"center center","background-size":"auto","background-attachment":"scroll","background-type":"","background-media":"","overlay-type":"","overlay-color":"","overlay-opacity":"","overlay-gradient":""}},"ast-content-background-meta":{"desktop":{"background-color":"var(--ast-global-color-4)","background-image":"","background-repeat":"repeat","background-position":"center center","background-size":"auto","background-attachment":"scroll","background-type":"","background-media":"","overlay-type":"","overlay-color":"","overlay-opacity":"","overlay-gradient":""},"tablet":{"background-color":"var(--ast-global-color-4)","background-image":"","background-repeat":"repeat","background-position":"center center","background-size":"auto","background-attachment":"scroll","background-type":"","background-media":"","overlay-type":"","overlay-color":"","overlay-opacity":"","overlay-gradient":""},"mobile":{"background-color":"var(--ast-global-color-4)","background-image":"","background-repeat":"repeat","background-position":"center center","background-size":"auto","background-attachment":"scroll","background-type":"","background-media":"","overlay-type":"","overlay-color":"","overlay-opacity":"","overlay-gradient":""}}},"product_brand":[110],"product_cat":[25],"product_tag":[],"class_list":{"0":"post-6864","1":"product","2":"type-product","3":"status-publish","4":"has-post-thumbnail","6":"product_brand-tziola","7":"product_cat--steam","8":"desktop-align-left","9":"tablet-align-left","10":"mobile-align-left","12":"first","13":"instock","14":"taxable","15":"shipping-taxable","16":"purchasable","17":"product-type-simple"},"_links":{"self":[{"href":"https:\/\/stem-eshop.gr\/sq\/wp-json\/wp\/v2\/product\/6864","targetHints":{"allow":["GET"]}}],"collection":[{"href":"https:\/\/stem-eshop.gr\/sq\/wp-json\/wp\/v2\/product"}],"about":[{"href":"https:\/\/stem-eshop.gr\/sq\/wp-json\/wp\/v2\/types\/product"}],"replies":[{"embeddable":true,"href":"https:\/\/stem-eshop.gr\/sq\/wp-json\/wp\/v2\/comments?post=6864"}],"wp:featuredmedia":[{"embeddable":true,"href":"https:\/\/stem-eshop.gr\/sq\/wp-json\/wp\/v2\/media\/5021"}],"wp:attachment":[{"href":"https:\/\/stem-eshop.gr\/sq\/wp-json\/wp\/v2\/media?parent=6864"}],"wp:term":[{"taxonomy":"product_brand","embeddable":true,"href":"https:\/\/stem-eshop.gr\/sq\/wp-json\/wp\/v2\/product_brand?post=6864"},{"taxonomy":"product_cat","embeddable":true,"href":"https:\/\/stem-eshop.gr\/sq\/wp-json\/wp\/v2\/product_cat?post=6864"},{"taxonomy":"product_tag","embeddable":true,"href":"https:\/\/stem-eshop.gr\/sq\/wp-json\/wp\/v2\/product_tag?post=6864"}],"curies":[{"name":"wp","href":"https:\/\/api.w.org\/{rel}","templated":true}]}}